{"id":2303,"date":"2025-07-22T22:35:14","date_gmt":"2025-07-22T22:35:14","guid":{"rendered":"https:\/\/tecplan.com.es\/?post_type=product&#038;p=2303"},"modified":"2025-07-22T22:44:26","modified_gmt":"2025-07-22T22:44:26","slug":"punto-de-acceso-inalambrico-cnpilot-e410-wi-fi-5","status":"publish","type":"product","link":"https:\/\/tecplan.com.es\/en\/product\/punto-de-acceso-inalambrico-cnpilot-e410-wi-fi-5\/","title":{"rendered":"Punto de acceso inal\u00e1mbrico cnPilot e410"},"content":{"rendered":"<h4 class=\"hero-title\" style=\"text-align: justify;\">Punto de acceso inal\u00e1mbrico para interiores cnPilot e410 Wi-Fi 5<\/h4>\n<h6 style=\"text-align: justify;\">Gesti\u00f3n de cnmaestro<\/h6>\n<p style=\"text-align: justify;\"><span style=\"font-size: 16px;\">Gesti\u00f3n del ciclo de vida de la red de extremo a extremo para gesti\u00f3n de inventario, incorporaci\u00f3n de dispositivos, operaciones diarias y mantenimiento.<\/span><\/p>\n<div class=\"load-hidden cnscrollreveal content-features__card\" style=\"text-align: justify;\" data-when=\"enter\" data-from=\"1\" data-to=\"0\" data-opacity=\"0\" data-translatey=\"350\" data-sr-id=\"3\">\n<header class=\"content-features__title-container\">\n<h6 class=\"content-features__title\">Alto rendimiento sin licencia<\/h6>\n<\/header>\n<div class=\"content-features__entry-content\">\n<p>Las soluciones cnPilot 802.11ac wave 2 vienen con un controlador gratuito y sin tarifas de licencia de administraci\u00f3n de AP. No hay cargos ocultos.<\/p>\n<\/div>\n<\/div>\n<div class=\"load-hidden cnscrollreveal content-features__card\" style=\"text-align: justify;\" data-when=\"enter\" data-from=\"1\" data-to=\"0\" data-opacity=\"0\" data-translatey=\"550\" data-sr-id=\"4\">\n<header class=\"content-features__title-container\">\n<h6 class=\"content-features__title\">Security<\/h6>\n<\/header>\n<div class=\"content-features__entry-content\">\n<p>Admite WPA2 Enterprise y WPA2 PSK<\/p>\n<\/div>\n<\/div>\n<div class=\"load-hidden cnscrollreveal content-features__card\" data-when=\"enter\" data-from=\"1\" data-to=\"0\" data-opacity=\"0\" data-translatey=\"750\" data-sr-id=\"5\">\n<header class=\"content-features__title-container\">\n<h6 class=\"content-features__title\">SSID<\/h6>\n<\/header>\n<div class=\"content-features__entry-content\">\n<p style=\"text-align: justify;\">16 SSID que admiten 256 usuarios simult\u00e1neos<\/p>\n<\/div>\n<\/div>\n<p style=\"text-align: justify;\"><strong>Caracter\u00edsticas principales:<\/strong><\/p>\n<ul>\n<li style=\"text-align: justify;\">Est\u00e1ndar 802.11 a\/b\/g\/n\/ac Wave 2.<\/li>\n<li style=\"text-align: justify;\">Doble banda simultanea 2.4 y 5 GHz.<\/li>\n<li style=\"text-align: justify;\">MU-MIMO 2X2.<\/li>\n<li style=\"text-align: justify;\">Hasta 400 Mbps en 2.4 GHz.<\/li>\n<li style=\"text-align: justify;\">Hasta 867 Mbps en 5 GHz.<\/li>\n<li style=\"text-align: justify;\">Antena Beamforming para incrementar desempe\u00f1o en la comunicaci\u00f3n con los dispositivos.<\/li>\n<li style=\"text-align: justify;\">Antenas Omnidireccionales: 5.25 dBi en 2.4 GHz y 5.5 dBi en 5 GHz.<\/li>\n<li style=\"text-align: justify;\">Potencia: 24dBm en 2.4 GHz y 25 dBm en 5 GHz.<\/li>\n<\/ul>\n<h6 class=\"hero-title\"><!--more--><\/h6>\n<h5 style=\"text-align: justify;\"><span style=\"text-decoration: underline;\"><strong>DOWNLOADS<\/strong><\/span><\/h5>\n<ul style=\"text-align: justify;\">\n<li><a href=\"https:\/\/brandcentral.cambiumnetworks.com\/m\/19d5d960541a39ff\/original\/Cambium_Networks_data_sheet_cnPilot_e410_e600_family.pdf\">\u2192 Technical specifications<\/a><\/li>\n<\/ul>","protected":false},"excerpt":{"rendered":"<p style=\"text-align: justify;\">El cnPilot\u2122 e410 con clasificaci\u00f3n plenum con 2\u00d72 MU-MIMO incluye una potencia de transmisi\u00f3n m\u00e1xima de 25 dBm y canales de hasta 80 MHz de ancho en 5 GHz, lo que ofrece m\u00e1s flexibilidad que nunca tanto para la cobertura como para la capacidad.<\/p>\n<p><img decoding=\"async\" class=\"wp-image-2286 aligncenter\" src=\"https:\/\/tecplan.com.es\/wp-content\/uploads\/2025\/07\/Logo-Cambium-300x99.png\" alt=\"\" width=\"218\" height=\"72\" srcset=\"https:\/\/tecplan.com.es\/wp-content\/uploads\/2025\/07\/Logo-Cambium-300x99.png 300w, https:\/\/tecplan.com.es\/wp-content\/uploads\/2025\/07\/Logo-Cambium-768x253.png 768w, https:\/\/tecplan.com.es\/wp-content\/uploads\/2025\/07\/Logo-Cambium-18x6.png 18w, https:\/\/tecplan.com.es\/wp-content\/uploads\/2025\/07\/Logo-Cambium-600x198.png 600w, https:\/\/tecplan.com.es\/wp-content\/uploads\/2025\/07\/Logo-Cambium.png 826w\" sizes=\"(max-width: 218px) 100vw, 218px\" \/><\/p>","protected":false},"featured_media":2305,"comment_status":"open","ping_status":"closed","template":"","meta":{"site-sidebar-layout":"default","site-content-layout":"","ast-site-content-layout":"default","site-content-style":"default","site-sidebar-style":"default","ast-global-header-display":"","ast-banner-title-visibility":"","ast-main-header-display":"","ast-hfb-above-header-display":"","ast-hfb-below-header-display":"","ast-hfb-mobile-header-display":"","site-post-title":"","ast-breadcrumbs-content":"","ast-featured-img":"","footer-sml-layout":"","ast-disable-related-posts":"","theme-transparent-header-meta":"default","adv-header-id-meta":"","stick-header-meta":"","header-above-stick-meta":"","header-main-stick-meta":"","header-below-stick-meta":"","astra-migrate-meta-layouts":"set","ast-page-background-enabled":"default","ast-page-background-meta":{"desktop":{"background-color":"var(--ast-global-color-5)","background-image":"","background-repeat":"repeat","background-position":"center center","background-size":"auto","background-attachment":"scroll","background-type":"","background-media":"","overlay-type":"","overlay-color":"","overlay-opacity":"","overlay-gradient":""},"tablet":{"background-color":"","background-image":"","background-repeat":"repeat","background-position":"center center","background-size":"auto","background-attachment":"scroll","background-type":"","background-media":"","overlay-type":"","overlay-color":"","overlay-opacity":"","overlay-gradient":""},"mobile":{"background-color":"","background-image":"","background-repeat":"repeat","background-position":"center center","background-size":"auto","background-attachment":"scroll","background-type":"","background-media":"","overlay-type":"","overlay-color":"","overlay-opacity":"","overlay-gradient":""}},"ast-content-background-meta":{"desktop":{"background-color":"var(--ast-global-color-4)","background-image":"","background-repeat":"repeat","background-position":"center center","background-size":"auto","background-attachment":"scroll","background-type":"","background-media":"","overlay-type":"","overlay-color":"","overlay-opacity":"","overlay-gradient":""},"tablet":{"background-color":"var(--ast-global-color-4)","background-image":"","background-repeat":"repeat","background-position":"center center","background-size":"auto","background-attachment":"scroll","background-type":"","background-media":"","overlay-type":"","overlay-color":"","overlay-opacity":"","overlay-gradient":""},"mobile":{"background-color":"var(--ast-global-color-4)","background-image":"","background-repeat":"repeat","background-position":"center center","background-size":"auto","background-attachment":"scroll","background-type":"","background-media":"","overlay-type":"","overlay-color":"","overlay-opacity":"","overlay-gradient":""}}},"product_brand":[245],"product_cat":[137,134],"product_tag":[210],"class_list":{"0":"post-2303","1":"product","2":"type-product","3":"status-publish","4":"has-post-thumbnail","6":"product_brand-cambium-networks","7":"product_cat-access-point-cambium-networks","8":"product_cat-cambium-networks","9":"product_tag-cambium-networks","10":"desktop-align-left","11":"tablet-align-left","12":"mobile-align-left","14":"first","15":"instock","16":"shipping-taxable","17":"product-type-simple"},"yoast_head":"<!-- This site is optimized with the Yoast SEO plugin v25.3 - https:\/\/yoast.com\/wordpress\/plugins\/seo\/ -->\n<title>Punto de acceso inal\u00e1mbrico cnPilot e410 - Tecplan<\/title>\n<meta name=\"robots\" content=\"index, follow, max-snippet:-1, max-image-preview:large, max-video-preview:-1\" \/>\n<link rel=\"canonical\" href=\"https:\/\/tecplan.com.es\/en\/product\/punto-de-acceso-inalambrico-cnpilot-e410-wi-fi-5\/\" \/>\n<meta property=\"og:locale\" content=\"en_US\" \/>\n<meta property=\"og:type\" content=\"article\" \/>\n<meta property=\"og:title\" content=\"Punto de acceso inal\u00e1mbrico cnPilot e410 - Tecplan\" \/>\n<meta property=\"og:description\" content=\"El cnPilot\u2122 e410 con clasificaci\u00f3n plenum con 2\u00d72 MU-MIMO incluye una potencia de transmisi\u00f3n m\u00e1xima de 25 dBm y canales de hasta 80 MHz de ancho en 5 GHz, lo que ofrece m\u00e1s flexibilidad que nunca tanto para la cobertura como para la capacidad.\" \/>\n<meta property=\"og:url\" content=\"https:\/\/tecplan.com.es\/en\/product\/punto-de-acceso-inalambrico-cnpilot-e410-wi-fi-5\/\" \/>\n<meta property=\"og:site_name\" content=\"Tecplan\" \/>\n<meta property=\"article:modified_time\" content=\"2025-07-22T22:44:26+00:00\" \/>\n<meta property=\"og:image\" content=\"https:\/\/tecplan.com.es\/wp-content\/uploads\/2025\/07\/cnPilot-e410-Indoor-01.jpg\" \/>\n\t<meta property=\"og:image:width\" content=\"2000\" \/>\n\t<meta property=\"og:image:height\" content=\"2000\" \/>\n\t<meta property=\"og:image:type\" content=\"image\/jpeg\" \/>\n<meta name=\"twitter:card\" content=\"summary_large_image\" \/>\n<meta name=\"twitter:label1\" content=\"Est. reading time\" \/>\n\t<meta name=\"twitter:data1\" content=\"1 minute\" \/>\n<script type=\"application\/ld+json\" class=\"yoast-schema-graph\">{\"@context\":\"https:\/\/schema.org\",\"@graph\":[{\"@type\":\"WebPage\",\"@id\":\"https:\/\/tecplan.com.es\/product\/punto-de-acceso-inalambrico-cnpilot-e410-wi-fi-5\/\",\"url\":\"https:\/\/tecplan.com.es\/product\/punto-de-acceso-inalambrico-cnpilot-e410-wi-fi-5\/\",\"name\":\"Punto de acceso inal\u00e1mbrico cnPilot e410 - Tecplan\",\"isPartOf\":{\"@id\":\"https:\/\/tecplan.com.es\/#website\"},\"primaryImageOfPage\":{\"@id\":\"https:\/\/tecplan.com.es\/product\/punto-de-acceso-inalambrico-cnpilot-e410-wi-fi-5\/#primaryimage\"},\"image\":{\"@id\":\"https:\/\/tecplan.com.es\/product\/punto-de-acceso-inalambrico-cnpilot-e410-wi-fi-5\/#primaryimage\"},\"thumbnailUrl\":\"https:\/\/tecplan.com.es\/wp-content\/uploads\/2025\/07\/cnPilot-e410-Indoor-01.jpg\",\"datePublished\":\"2025-07-22T22:35:14+00:00\",\"dateModified\":\"2025-07-22T22:44:26+00:00\",\"breadcrumb\":{\"@id\":\"https:\/\/tecplan.com.es\/product\/punto-de-acceso-inalambrico-cnpilot-e410-wi-fi-5\/#breadcrumb\"},\"inLanguage\":\"en-US\",\"potentialAction\":[{\"@type\":\"ReadAction\",\"target\":[\"https:\/\/tecplan.com.es\/product\/punto-de-acceso-inalambrico-cnpilot-e410-wi-fi-5\/\"]}]},{\"@type\":\"ImageObject\",\"inLanguage\":\"en-US\",\"@id\":\"https:\/\/tecplan.com.es\/product\/punto-de-acceso-inalambrico-cnpilot-e410-wi-fi-5\/#primaryimage\",\"url\":\"https:\/\/tecplan.com.es\/wp-content\/uploads\/2025\/07\/cnPilot-e410-Indoor-01.jpg\",\"contentUrl\":\"https:\/\/tecplan.com.es\/wp-content\/uploads\/2025\/07\/cnPilot-e410-Indoor-01.jpg\",\"width\":2000,\"height\":2000},{\"@type\":\"BreadcrumbList\",\"@id\":\"https:\/\/tecplan.com.es\/product\/punto-de-acceso-inalambrico-cnpilot-e410-wi-fi-5\/#breadcrumb\",\"itemListElement\":[{\"@type\":\"ListItem\",\"position\":1,\"name\":\"Home\",\"item\":\"https:\/\/tecplan.com.es\/\"},{\"@type\":\"ListItem\",\"position\":2,\"name\":\"Shop\",\"item\":\"https:\/\/tecplan.com.es\/shop\/\"},{\"@type\":\"ListItem\",\"position\":3,\"name\":\"Punto de acceso inal\u00e1mbrico cnPilot e410\"}]},{\"@type\":\"WebSite\",\"@id\":\"https:\/\/tecplan.com.es\/#website\",\"url\":\"https:\/\/tecplan.com.es\/\",\"name\":\"Tecplan\",\"description\":\"\",\"potentialAction\":[{\"@type\":\"SearchAction\",\"target\":{\"@type\":\"EntryPoint\",\"urlTemplate\":\"https:\/\/tecplan.com.es\/?s={search_term_string}\"},\"query-input\":{\"@type\":\"PropertyValueSpecification\",\"valueRequired\":true,\"valueName\":\"search_term_string\"}}],\"inLanguage\":\"en-US\"}]}<\/script>\n<!-- \/ Yoast SEO plugin. -->","yoast_head_json":{"title":"Punto de acceso inal\u00e1mbrico cnPilot e410 - Tecplan","robots":{"index":"index","follow":"follow","max-snippet":"max-snippet:-1","max-image-preview":"max-image-preview:large","max-video-preview":"max-video-preview:-1"},"canonical":"https:\/\/tecplan.com.es\/en\/product\/punto-de-acceso-inalambrico-cnpilot-e410-wi-fi-5\/","og_locale":"en_US","og_type":"article","og_title":"Punto de acceso inal\u00e1mbrico cnPilot e410 - Tecplan","og_description":"El cnPilot\u2122 e410 con clasificaci\u00f3n plenum con 2\u00d72 MU-MIMO incluye una potencia de transmisi\u00f3n m\u00e1xima de 25 dBm y canales de hasta 80 MHz de ancho en 5 GHz, lo que ofrece m\u00e1s flexibilidad que nunca tanto para la cobertura como para la capacidad.","og_url":"https:\/\/tecplan.com.es\/en\/product\/punto-de-acceso-inalambrico-cnpilot-e410-wi-fi-5\/","og_site_name":"Tecplan","article_modified_time":"2025-07-22T22:44:26+00:00","og_image":[{"width":2000,"height":2000,"url":"https:\/\/tecplan.com.es\/wp-content\/uploads\/2025\/07\/cnPilot-e410-Indoor-01.jpg","type":"image\/jpeg"}],"twitter_card":"summary_large_image","twitter_misc":{"Est. reading time":"1 minute"},"schema":{"@context":"https:\/\/schema.org","@graph":[{"@type":"WebPage","@id":"https:\/\/tecplan.com.es\/product\/punto-de-acceso-inalambrico-cnpilot-e410-wi-fi-5\/","url":"https:\/\/tecplan.com.es\/product\/punto-de-acceso-inalambrico-cnpilot-e410-wi-fi-5\/","name":"Punto de acceso inal\u00e1mbrico cnPilot e410 - Tecplan","isPartOf":{"@id":"https:\/\/tecplan.com.es\/#website"},"primaryImageOfPage":{"@id":"https:\/\/tecplan.com.es\/product\/punto-de-acceso-inalambrico-cnpilot-e410-wi-fi-5\/#primaryimage"},"image":{"@id":"https:\/\/tecplan.com.es\/product\/punto-de-acceso-inalambrico-cnpilot-e410-wi-fi-5\/#primaryimage"},"thumbnailUrl":"https:\/\/tecplan.com.es\/wp-content\/uploads\/2025\/07\/cnPilot-e410-Indoor-01.jpg","datePublished":"2025-07-22T22:35:14+00:00","dateModified":"2025-07-22T22:44:26+00:00","breadcrumb":{"@id":"https:\/\/tecplan.com.es\/product\/punto-de-acceso-inalambrico-cnpilot-e410-wi-fi-5\/#breadcrumb"},"inLanguage":"en-US","potentialAction":[{"@type":"ReadAction","target":["https:\/\/tecplan.com.es\/product\/punto-de-acceso-inalambrico-cnpilot-e410-wi-fi-5\/"]}]},{"@type":"ImageObject","inLanguage":"en-US","@id":"https:\/\/tecplan.com.es\/product\/punto-de-acceso-inalambrico-cnpilot-e410-wi-fi-5\/#primaryimage","url":"https:\/\/tecplan.com.es\/wp-content\/uploads\/2025\/07\/cnPilot-e410-Indoor-01.jpg","contentUrl":"https:\/\/tecplan.com.es\/wp-content\/uploads\/2025\/07\/cnPilot-e410-Indoor-01.jpg","width":2000,"height":2000},{"@type":"BreadcrumbList","@id":"https:\/\/tecplan.com.es\/product\/punto-de-acceso-inalambrico-cnpilot-e410-wi-fi-5\/#breadcrumb","itemListElement":[{"@type":"ListItem","position":1,"name":"Home","item":"https:\/\/tecplan.com.es\/"},{"@type":"ListItem","position":2,"name":"Shop","item":"https:\/\/tecplan.com.es\/shop\/"},{"@type":"ListItem","position":3,"name":"Punto de acceso inal\u00e1mbrico cnPilot e410"}]},{"@type":"WebSite","@id":"https:\/\/tecplan.com.es\/#website","url":"https:\/\/tecplan.com.es\/","name":"Tecplan","description":"","potentialAction":[{"@type":"SearchAction","target":{"@type":"EntryPoint","urlTemplate":"https:\/\/tecplan.com.es\/?s={search_term_string}"},"query-input":{"@type":"PropertyValueSpecification","valueRequired":true,"valueName":"search_term_string"}}],"inLanguage":"en-US"}]}},"_links":{"self":[{"href":"https:\/\/tecplan.com.es\/en\/wp-json\/wp\/v2\/product\/2303","targetHints":{"allow":["GET"]}}],"collection":[{"href":"https:\/\/tecplan.com.es\/en\/wp-json\/wp\/v2\/product"}],"about":[{"href":"https:\/\/tecplan.com.es\/en\/wp-json\/wp\/v2\/types\/product"}],"replies":[{"embeddable":true,"href":"https:\/\/tecplan.com.es\/en\/wp-json\/wp\/v2\/comments?post=2303"}],"version-history":[{"count":5,"href":"https:\/\/tecplan.com.es\/en\/wp-json\/wp\/v2\/product\/2303\/revisions"}],"predecessor-version":[{"id":2310,"href":"https:\/\/tecplan.com.es\/en\/wp-json\/wp\/v2\/product\/2303\/revisions\/2310"}],"wp:featuredmedia":[{"embeddable":true,"href":"https:\/\/tecplan.com.es\/en\/wp-json\/wp\/v2\/media\/2305"}],"wp:attachment":[{"href":"https:\/\/tecplan.com.es\/en\/wp-json\/wp\/v2\/media?parent=2303"}],"wp:term":[{"taxonomy":"product_brand","embeddable":true,"href":"https:\/\/tecplan.com.es\/en\/wp-json\/wp\/v2\/product_brand?post=2303"},{"taxonomy":"product_cat","embeddable":true,"href":"https:\/\/tecplan.com.es\/en\/wp-json\/wp\/v2\/product_cat?post=2303"},{"taxonomy":"product_tag","embeddable":true,"href":"https:\/\/tecplan.com.es\/en\/wp-json\/wp\/v2\/product_tag?post=2303"}],"curies":[{"name":"wp","href":"https:\/\/api.w.org\/{rel}","templated":true}]}}