{"id":2294,"date":"2025-07-22T22:23:57","date_gmt":"2025-07-22T22:23:57","guid":{"rendered":"https:\/\/tecplan.com.es\/?post_type=product&#038;p=2294"},"modified":"2025-07-22T22:26:06","modified_gmt":"2025-07-22T22:26:06","slug":"puntos-de-acceso-wi-fi-para-exteriores-con-antena-interna","status":"publish","type":"product","link":"https:\/\/tecplan.com.es\/en\/product\/puntos-de-acceso-wi-fi-para-exteriores-con-antena-interna\/","title":{"rendered":"Outdoor Wi-Fi access points"},"content":{"rendered":"<div id=\"chatllm-main-answer-content\" class=\"chatllm-content svelte-1nnast3\">\n<div class=\"llm-output svelte-1nnast3 desktop-large-regular llm-output-complete\">\n<p class=\"svelte-1sntxl4\" style=\"text-align: justify;\"><span class=\"svelte-1sntxl4\">Los puntos de acceso Wi-Fi al aire libre cnPilot\u2122 e505, e510 y e700 son\u00a0<\/span><span class=\"\"><span class=\"qa-highlight svelte-1sntxl4\"><span class=\"svelte-1sntxl4\">Dise\u00f1ado para comunidades al aire libre, Wi-Fi p\u00fablico o aplicaciones Wi-Fi empresariales<\/span><\/span><span class=\"svelte-1sntxl4\">, ofreciendo cobertura omnidireccional adecuada para entornos de baja, media y alta densidad.<\/span><\/span>\u00a0<span class=\"svelte-1sntxl4\">Estos puntos de acceso est\u00e1n construidos para soportar duras condiciones exteriores y cuentan con una clasificaci\u00f3n IP67 que los hace a prueba de polvo y capaces de soportar la inmersi\u00f3n en hasta 1 metro de agua.<\/span>\u00a0<span class=\"svelte-1sntxl4\">Operan dentro de un amplio rango de temperaturas, de -40\u00b0C a 65\u00b0C, lo que garantiza un rendimiento confiable en diversos climas.<\/span><\/p>\n<p class=\"svelte-1sntxl4\" style=\"text-align: justify;\"><span class=\"svelte-1sntxl4\">El cnPilot e505 es especialmente adecuado para zonas est\u00e9ticamente sensibles, como piscinas de hoteles, debido a su dise\u00f1o discreto y su antena interna de cobertura omnidireccional con un soporte de montaje integrado.<\/span>\u00a0<span class=\"svelte-1sntxl4\">El e510 est\u00e1 certificado para golpes y vibraciones en rieles e incluye protecci\u00f3n contra sobretensiones extendidas y ESD, junto con un filtro LTE integrado para reducir la interferencia de frecuencias LTE cercanas.<\/span>\u00a0<span class=\"svelte-1sntxl4\">El e700 proporciona servicios inteligentes de borde y un conjunto de antenas MU-MIMO 4&#215;4 para brindar estos servicios, con puertos Ethernet de doble gigabit que admiten agregaci\u00f3n de enlaces (LAG) para un mayor rendimiento.<\/span><\/p>\n<p class=\"svelte-1sntxl4\" style=\"text-align: justify;\"><span class=\"svelte-1sntxl4\">Todos estos modelos\u00a0<\/span><span class=\"qa-highlight svelte-1sntxl4\"><span class=\"svelte-1sntxl4\">Admite tecnolog\u00eda Wi-Fi 5 Wave 2, proporcionando velocidades de hasta 1,7 Gbps<\/span><\/span><span class=\"svelte-1sntxl4\">, y est\u00e1n equipados con MU-MIMO y tecnolog\u00edas de formaci\u00f3n de haz para mejorar el rendimiento y la eficiencia en entornos de alta densidad.<\/span>\u00a0<span class=\"svelte-1sntxl4\">Tambi\u00e9n se integran con la plataforma de gesti\u00f3n en la nube cnMaestro de Cambium, lo que permite una f\u00e1cil configuraci\u00f3n, monitoreo y optimizaci\u00f3n de la red desde una sola consola.<\/span>\u00a0<span class=\"svelte-1sntxl4\">Adem\u00e1s, estos puntos de acceso admiten capacidades de red en malla, lo que permite la extensi\u00f3n de la cobertura Wi-Fi a \u00e1reas remotas sin la necesidad de cableado adicional.<\/span><\/p>\n<\/div>\n<\/div>\n<p><!--more--><\/p>\n<h5 style=\"text-align: justify;\"><span style=\"text-decoration: underline;\"><strong>DOWNLOADS<\/strong><\/span><\/h5>\n<ul style=\"text-align: justify;\">\n<li style=\"text-align: left;\"><a href=\"https:\/\/www.cambiumnetworks.com\/wp-content\/uploads\/2019\/10\/CN_data_sheet_cnPilot_e505_e510_e700_family-1.pdf\">\u2192 Technical specifications<\/a><\/li>\n<\/ul>","protected":false},"excerpt":{"rendered":"<p style=\"text-align: justify;\">Ideal para comunidades al aire libre, Wi-Fi p\u00fablico o empresarial Wi-Fi, estos puntos de acceso omnidireccionales se adaptan para aplicaciones de baja, media y alta densidad. cada uno es dise\u00f1ado con un soporte de montaje integrado y antenas para que la instalaci\u00f3n sea r\u00e1pida y repetible desde un sitio al siguiente.<\/p>\n<p style=\"text-align: justify;\">Puntos de acceso Wi-Fi para exteriores cnPilot\u2122 e505, e510, e700 Puntos de acceso Wi-Fi para exteriores con antena interna 802.11ac Wave 2<\/p>\n<p><!--more--><\/p>\n<p><img decoding=\"async\" class=\"wp-image-2286 aligncenter\" src=\"https:\/\/tecplan.com.es\/wp-content\/uploads\/2025\/07\/Logo-Cambium-300x99.png\" alt=\"\" width=\"133\" height=\"44\" srcset=\"https:\/\/tecplan.com.es\/wp-content\/uploads\/2025\/07\/Logo-Cambium-300x99.png 300w, https:\/\/tecplan.com.es\/wp-content\/uploads\/2025\/07\/Logo-Cambium-768x253.png 768w, https:\/\/tecplan.com.es\/wp-content\/uploads\/2025\/07\/Logo-Cambium-18x6.png 18w, https:\/\/tecplan.com.es\/wp-content\/uploads\/2025\/07\/Logo-Cambium-600x198.png 600w, https:\/\/tecplan.com.es\/wp-content\/uploads\/2025\/07\/Logo-Cambium.png 826w\" sizes=\"(max-width: 133px) 100vw, 133px\" \/><\/p>","protected":false},"featured_media":2298,"comment_status":"open","ping_status":"closed","template":"","meta":{"site-sidebar-layout":"default","site-content-layout":"","ast-site-content-layout":"default","site-content-style":"default","site-sidebar-style":"default","ast-global-header-display":"","ast-banner-title-visibility":"","ast-main-header-display":"","ast-hfb-above-header-display":"","ast-hfb-below-header-display":"","ast-hfb-mobile-header-display":"","site-post-title":"","ast-breadcrumbs-content":"","ast-featured-img":"","footer-sml-layout":"","ast-disable-related-posts":"","theme-transparent-header-meta":"default","adv-header-id-meta":"","stick-header-meta":"","header-above-stick-meta":"","header-main-stick-meta":"","header-below-stick-meta":"","astra-migrate-meta-layouts":"set","ast-page-background-enabled":"default","ast-page-background-meta":{"desktop":{"background-color":"var(--ast-global-color-5)","background-image":"","background-repeat":"repeat","background-position":"center center","background-size":"auto","background-attachment":"scroll","background-type":"","background-media":"","overlay-type":"","overlay-color":"","overlay-opacity":"","overlay-gradient":""},"tablet":{"background-color":"","background-image":"","background-repeat":"repeat","background-position":"center center","background-size":"auto","background-attachment":"scroll","background-type":"","background-media":"","overlay-type":"","overlay-color":"","overlay-opacity":"","overlay-gradient":""},"mobile":{"background-color":"","background-image":"","background-repeat":"repeat","background-position":"center center","background-size":"auto","background-attachment":"scroll","background-type":"","background-media":"","overlay-type":"","overlay-color":"","overlay-opacity":"","overlay-gradient":""}},"ast-content-background-meta":{"desktop":{"background-color":"var(--ast-global-color-4)","background-image":"","background-repeat":"repeat","background-position":"center center","background-size":"auto","background-attachment":"scroll","background-type":"","background-media":"","overlay-type":"","overlay-color":"","overlay-opacity":"","overlay-gradient":""},"tablet":{"background-color":"var(--ast-global-color-4)","background-image":"","background-repeat":"repeat","background-position":"center center","background-size":"auto","background-attachment":"scroll","background-type":"","background-media":"","overlay-type":"","overlay-color":"","overlay-opacity":"","overlay-gradient":""},"mobile":{"background-color":"var(--ast-global-color-4)","background-image":"","background-repeat":"repeat","background-position":"center center","background-size":"auto","background-attachment":"scroll","background-type":"","background-media":"","overlay-type":"","overlay-color":"","overlay-opacity":"","overlay-gradient":""}}},"product_brand":[245],"product_cat":[137,134,96],"product_tag":[210],"class_list":{"0":"post-2294","1":"product","2":"type-product","3":"status-publish","4":"has-post-thumbnail","6":"product_brand-cambium-networks","7":"product_cat-access-point-cambium-networks","8":"product_cat-cambium-networks","9":"product_cat-networking","10":"product_tag-cambium-networks","11":"desktop-align-left","12":"tablet-align-left","13":"mobile-align-left","15":"first","16":"instock","17":"shipping-taxable","18":"product-type-simple"},"yoast_head":"<!-- This site is optimized with the Yoast SEO plugin v25.3 - https:\/\/yoast.com\/wordpress\/plugins\/seo\/ -->\n<title>Puntos de acceso Wi-Fi para exteriores - Tecplan<\/title>\n<meta name=\"robots\" content=\"index, follow, max-snippet:-1, max-image-preview:large, max-video-preview:-1\" \/>\n<link rel=\"canonical\" href=\"https:\/\/tecplan.com.es\/en\/product\/puntos-de-acceso-wi-fi-para-exteriores-con-antena-interna\/\" \/>\n<meta property=\"og:locale\" content=\"en_US\" \/>\n<meta property=\"og:type\" content=\"article\" \/>\n<meta property=\"og:title\" content=\"Puntos de acceso Wi-Fi para exteriores - Tecplan\" \/>\n<meta property=\"og:description\" content=\"Ideal para comunidades al aire libre, Wi-Fi p\u00fablico o empresarial Wi-Fi, estos puntos de acceso omnidireccionales se adaptan para aplicaciones de baja, media y alta densidad. cada uno es dise\u00f1ado con un soporte de montaje integrado y antenas para que la instalaci\u00f3n sea r\u00e1pida y repetible desde un sitio al siguiente. Puntos de acceso Wi-Fi para exteriores cnPilot\u2122 e505, e510, e700 Puntos de acceso Wi-Fi para exteriores con antena interna 802.11ac Wave 2\" \/>\n<meta property=\"og:url\" content=\"https:\/\/tecplan.com.es\/en\/product\/puntos-de-acceso-wi-fi-para-exteriores-con-antena-interna\/\" \/>\n<meta property=\"og:site_name\" content=\"Tecplan\" \/>\n<meta property=\"article:modified_time\" content=\"2025-07-22T22:26:06+00:00\" \/>\n<meta property=\"og:image\" content=\"https:\/\/tecplan.com.es\/wp-content\/uploads\/2025\/07\/cnPilot\u2122-e505-01.jpg\" \/>\n\t<meta property=\"og:image:width\" content=\"2000\" \/>\n\t<meta property=\"og:image:height\" content=\"2000\" \/>\n\t<meta property=\"og:image:type\" content=\"image\/jpeg\" \/>\n<meta name=\"twitter:card\" content=\"summary_large_image\" \/>\n<meta name=\"twitter:label1\" content=\"Est. reading time\" \/>\n\t<meta name=\"twitter:data1\" content=\"2 minutes\" \/>\n<script type=\"application\/ld+json\" class=\"yoast-schema-graph\">{\"@context\":\"https:\/\/schema.org\",\"@graph\":[{\"@type\":\"WebPage\",\"@id\":\"https:\/\/tecplan.com.es\/product\/puntos-de-acceso-wi-fi-para-exteriores-con-antena-interna\/\",\"url\":\"https:\/\/tecplan.com.es\/product\/puntos-de-acceso-wi-fi-para-exteriores-con-antena-interna\/\",\"name\":\"Puntos de acceso Wi-Fi para exteriores - Tecplan\",\"isPartOf\":{\"@id\":\"https:\/\/tecplan.com.es\/#website\"},\"primaryImageOfPage\":{\"@id\":\"https:\/\/tecplan.com.es\/product\/puntos-de-acceso-wi-fi-para-exteriores-con-antena-interna\/#primaryimage\"},\"image\":{\"@id\":\"https:\/\/tecplan.com.es\/product\/puntos-de-acceso-wi-fi-para-exteriores-con-antena-interna\/#primaryimage\"},\"thumbnailUrl\":\"https:\/\/tecplan.com.es\/wp-content\/uploads\/2025\/07\/cnPilot\u2122-e505-01.jpg\",\"datePublished\":\"2025-07-22T22:23:57+00:00\",\"dateModified\":\"2025-07-22T22:26:06+00:00\",\"breadcrumb\":{\"@id\":\"https:\/\/tecplan.com.es\/product\/puntos-de-acceso-wi-fi-para-exteriores-con-antena-interna\/#breadcrumb\"},\"inLanguage\":\"en-US\",\"potentialAction\":[{\"@type\":\"ReadAction\",\"target\":[\"https:\/\/tecplan.com.es\/product\/puntos-de-acceso-wi-fi-para-exteriores-con-antena-interna\/\"]}]},{\"@type\":\"ImageObject\",\"inLanguage\":\"en-US\",\"@id\":\"https:\/\/tecplan.com.es\/product\/puntos-de-acceso-wi-fi-para-exteriores-con-antena-interna\/#primaryimage\",\"url\":\"https:\/\/tecplan.com.es\/wp-content\/uploads\/2025\/07\/cnPilot\u2122-e505-01.jpg\",\"contentUrl\":\"https:\/\/tecplan.com.es\/wp-content\/uploads\/2025\/07\/cnPilot\u2122-e505-01.jpg\",\"width\":2000,\"height\":2000},{\"@type\":\"BreadcrumbList\",\"@id\":\"https:\/\/tecplan.com.es\/product\/puntos-de-acceso-wi-fi-para-exteriores-con-antena-interna\/#breadcrumb\",\"itemListElement\":[{\"@type\":\"ListItem\",\"position\":1,\"name\":\"Home\",\"item\":\"https:\/\/tecplan.com.es\/\"},{\"@type\":\"ListItem\",\"position\":2,\"name\":\"Shop\",\"item\":\"https:\/\/tecplan.com.es\/shop\/\"},{\"@type\":\"ListItem\",\"position\":3,\"name\":\"Puntos de acceso Wi-Fi para exteriores\"}]},{\"@type\":\"WebSite\",\"@id\":\"https:\/\/tecplan.com.es\/#website\",\"url\":\"https:\/\/tecplan.com.es\/\",\"name\":\"Tecplan\",\"description\":\"\",\"potentialAction\":[{\"@type\":\"SearchAction\",\"target\":{\"@type\":\"EntryPoint\",\"urlTemplate\":\"https:\/\/tecplan.com.es\/?s={search_term_string}\"},\"query-input\":{\"@type\":\"PropertyValueSpecification\",\"valueRequired\":true,\"valueName\":\"search_term_string\"}}],\"inLanguage\":\"en-US\"}]}<\/script>\n<!-- \/ Yoast SEO plugin. -->","yoast_head_json":{"title":"Puntos de acceso Wi-Fi para exteriores - Tecplan","robots":{"index":"index","follow":"follow","max-snippet":"max-snippet:-1","max-image-preview":"max-image-preview:large","max-video-preview":"max-video-preview:-1"},"canonical":"https:\/\/tecplan.com.es\/en\/product\/puntos-de-acceso-wi-fi-para-exteriores-con-antena-interna\/","og_locale":"en_US","og_type":"article","og_title":"Puntos de acceso Wi-Fi para exteriores - Tecplan","og_description":"Ideal para comunidades al aire libre, Wi-Fi p\u00fablico o empresarial Wi-Fi, estos puntos de acceso omnidireccionales se adaptan para aplicaciones de baja, media y alta densidad. cada uno es dise\u00f1ado con un soporte de montaje integrado y antenas para que la instalaci\u00f3n sea r\u00e1pida y repetible desde un sitio al siguiente. Puntos de acceso Wi-Fi para exteriores cnPilot\u2122 e505, e510, e700 Puntos de acceso Wi-Fi para exteriores con antena interna 802.11ac Wave 2","og_url":"https:\/\/tecplan.com.es\/en\/product\/puntos-de-acceso-wi-fi-para-exteriores-con-antena-interna\/","og_site_name":"Tecplan","article_modified_time":"2025-07-22T22:26:06+00:00","og_image":[{"width":2000,"height":2000,"url":"https:\/\/tecplan.com.es\/wp-content\/uploads\/2025\/07\/cnPilot\u2122-e505-01.jpg","type":"image\/jpeg"}],"twitter_card":"summary_large_image","twitter_misc":{"Est. reading time":"2 minutes"},"schema":{"@context":"https:\/\/schema.org","@graph":[{"@type":"WebPage","@id":"https:\/\/tecplan.com.es\/product\/puntos-de-acceso-wi-fi-para-exteriores-con-antena-interna\/","url":"https:\/\/tecplan.com.es\/product\/puntos-de-acceso-wi-fi-para-exteriores-con-antena-interna\/","name":"Puntos de acceso Wi-Fi para exteriores - Tecplan","isPartOf":{"@id":"https:\/\/tecplan.com.es\/#website"},"primaryImageOfPage":{"@id":"https:\/\/tecplan.com.es\/product\/puntos-de-acceso-wi-fi-para-exteriores-con-antena-interna\/#primaryimage"},"image":{"@id":"https:\/\/tecplan.com.es\/product\/puntos-de-acceso-wi-fi-para-exteriores-con-antena-interna\/#primaryimage"},"thumbnailUrl":"https:\/\/tecplan.com.es\/wp-content\/uploads\/2025\/07\/cnPilot\u2122-e505-01.jpg","datePublished":"2025-07-22T22:23:57+00:00","dateModified":"2025-07-22T22:26:06+00:00","breadcrumb":{"@id":"https:\/\/tecplan.com.es\/product\/puntos-de-acceso-wi-fi-para-exteriores-con-antena-interna\/#breadcrumb"},"inLanguage":"en-US","potentialAction":[{"@type":"ReadAction","target":["https:\/\/tecplan.com.es\/product\/puntos-de-acceso-wi-fi-para-exteriores-con-antena-interna\/"]}]},{"@type":"ImageObject","inLanguage":"en-US","@id":"https:\/\/tecplan.com.es\/product\/puntos-de-acceso-wi-fi-para-exteriores-con-antena-interna\/#primaryimage","url":"https:\/\/tecplan.com.es\/wp-content\/uploads\/2025\/07\/cnPilot\u2122-e505-01.jpg","contentUrl":"https:\/\/tecplan.com.es\/wp-content\/uploads\/2025\/07\/cnPilot\u2122-e505-01.jpg","width":2000,"height":2000},{"@type":"BreadcrumbList","@id":"https:\/\/tecplan.com.es\/product\/puntos-de-acceso-wi-fi-para-exteriores-con-antena-interna\/#breadcrumb","itemListElement":[{"@type":"ListItem","position":1,"name":"Home","item":"https:\/\/tecplan.com.es\/"},{"@type":"ListItem","position":2,"name":"Shop","item":"https:\/\/tecplan.com.es\/shop\/"},{"@type":"ListItem","position":3,"name":"Puntos de acceso Wi-Fi para exteriores"}]},{"@type":"WebSite","@id":"https:\/\/tecplan.com.es\/#website","url":"https:\/\/tecplan.com.es\/","name":"Tecplan","description":"","potentialAction":[{"@type":"SearchAction","target":{"@type":"EntryPoint","urlTemplate":"https:\/\/tecplan.com.es\/?s={search_term_string}"},"query-input":{"@type":"PropertyValueSpecification","valueRequired":true,"valueName":"search_term_string"}}],"inLanguage":"en-US"}]}},"_links":{"self":[{"href":"https:\/\/tecplan.com.es\/en\/wp-json\/wp\/v2\/product\/2294","targetHints":{"allow":["GET"]}}],"collection":[{"href":"https:\/\/tecplan.com.es\/en\/wp-json\/wp\/v2\/product"}],"about":[{"href":"https:\/\/tecplan.com.es\/en\/wp-json\/wp\/v2\/types\/product"}],"replies":[{"embeddable":true,"href":"https:\/\/tecplan.com.es\/en\/wp-json\/wp\/v2\/comments?post=2294"}],"version-history":[{"count":4,"href":"https:\/\/tecplan.com.es\/en\/wp-json\/wp\/v2\/product\/2294\/revisions"}],"predecessor-version":[{"id":2302,"href":"https:\/\/tecplan.com.es\/en\/wp-json\/wp\/v2\/product\/2294\/revisions\/2302"}],"wp:featuredmedia":[{"embeddable":true,"href":"https:\/\/tecplan.com.es\/en\/wp-json\/wp\/v2\/media\/2298"}],"wp:attachment":[{"href":"https:\/\/tecplan.com.es\/en\/wp-json\/wp\/v2\/media?parent=2294"}],"wp:term":[{"taxonomy":"product_brand","embeddable":true,"href":"https:\/\/tecplan.com.es\/en\/wp-json\/wp\/v2\/product_brand?post=2294"},{"taxonomy":"product_cat","embeddable":true,"href":"https:\/\/tecplan.com.es\/en\/wp-json\/wp\/v2\/product_cat?post=2294"},{"taxonomy":"product_tag","embeddable":true,"href":"https:\/\/tecplan.com.es\/en\/wp-json\/wp\/v2\/product_tag?post=2294"}],"curies":[{"name":"wp","href":"https:\/\/api.w.org\/{rel}","templated":true}]}}