{"id":2285,"date":"2025-07-22T22:07:05","date_gmt":"2025-07-22T22:07:05","guid":{"rendered":"https:\/\/tecplan.com.es\/?post_type=product&#038;p=2285"},"modified":"2025-07-22T22:13:54","modified_gmt":"2025-07-22T22:13:54","slug":"radio-inalambrica-epmp-force-300-25","status":"publish","type":"product","link":"https:\/\/tecplan.com.es\/en\/product\/radio-inalambrica-epmp-force-300-25\/","title":{"rendered":"Radio inal\u00e1mbrica ePMP Force 300-25"},"content":{"rendered":"<p style=\"text-align: justify;\"><span class=\"svelte-1sntxl4\">La fuerza ePMP\u2122 300-25 para 5 GHz es\u00a0<\/span><span class=\"\"><span class=\"qa-highlight svelte-1sntxl4\"><span class=\"svelte-1sntxl4\">Una radio inal\u00e1mbrica de alto rendimiento dise\u00f1ada por Cambium Networks para una conectividad confiable en entornos de alta interferencia<\/span><\/span><span class=\"svelte-1sntxl4\">.<\/span><\/span>\u00a0<span class=\"svelte-1sntxl4\">Proporciona un rendimiento superior de m\u00e1s de 500 Mbps de datos de usuario reales y admite tama\u00f1os de canal de 20 MHz a 80 MHz, modulando hasta 256 QAM.<\/span>\u00a0<span class=\"svelte-1sntxl4\">El dispositivo cuenta con una antena parab\u00f3lica integrada de 25dBi, que ofrece una intensidad de se\u00f1al mejorada y una cobertura extendida, lo que lo hace adecuado para implementaciones desafiantes al aire libre.<\/span>\u00a0<span class=\"svelte-1sntxl4\">Tambi\u00e9n incluye una conexi\u00f3n Wi-Fi local para una f\u00e1cil instalaci\u00f3n, configuraci\u00f3n y monitoreo desde cualquier dispositivo con Wi-Fi habilitado.<\/span>\u00a0<span class=\"svelte-1sntxl4\">El ePMP Force 300-25 es compatible con los puntos de acceso ePMP 3000 y ePMP 3000L, lo que permite redes escalables y confiables para hasta 120 usuarios finales.<\/span>\u00a0<span class=\"svelte-1sntxl4\">Adem\u00e1s, admite an\u00e1lisis de espectro siempre activo y tiene un rango de potencia de transmisi\u00f3n de 0 a +28 dBm (combinado, hasta el l\u00edmite EIRP regional).<\/span>\u00a0<span class=\"svelte-1sntxl4\">El dispositivo est\u00e1 disponible en varias configuraciones, incluidas unidades individuales y paquetes de 4, y es adecuado para aplicaciones como conectividad.<\/span><\/p>\n<table class=\"table-data-sheet\">\n<tbody>\n<tr class=\"odd\">\n<td>MIMO y modulaci\u00f3n<\/td>\n<td>2\u00d72 MIMO\/OFDM<\/td>\n<\/tr>\n<tr class=\"even\">\n<td>Rango de frecuencias<\/td>\n<td>4910 \u2013 5970 GHz (definido por pa\u00eds de operaci\u00f3n)<\/td>\n<\/tr>\n<tr class=\"odd\">\n<td>Potencia m\u00e1xima output<\/td>\n<td>0 a +27 dB<\/td>\n<\/tr>\n<tr class=\"even\">\n<td>Ganancia<\/td>\n<td>25 dBi<\/td>\n<\/tr>\n<tr class=\"odd\">\n<td>Consumo de potencia m\u00e1ximo<\/td>\n<td>12 Watts<\/td>\n<\/tr>\n<tr class=\"even\">\n<td>Protecci\u00f3n exterior<\/td>\n<td>IP55<\/td>\n<\/tr>\n<tr class=\"odd\">\n<td>Gesti\u00f3n<\/td>\n<td>HTTPs, SSH, SNMPv2c<\/td>\n<\/tr>\n<tr class=\"even\">\n<td>Espacios de canales<\/td>\n<td>Configurable\u00a0en incrementos de 5 MHz<\/td>\n<\/tr>\n<tr class=\"odd\">\n<td>MAC Layer<\/td>\n<td>Cambium Proprietary<\/td>\n<\/tr>\n<tr class=\"even\">\n<td>Estructura Ethernet<\/td>\n<td>10\/100\/1000BaseT, rate auto negotiated Cambium PoE (Incluido)<\/td>\n<\/tr>\n<tr class=\"odd\">\n<td>Protocolos usados<\/td>\n<td>IPv4, UDP, TCP, IP, ICMP, SSH, SNMPv2c, HTTPs, STP, SSH, IGMP Snooping<\/td>\n<\/tr>\n<tr class=\"even\">\n<td>VLAN<\/td>\n<td>802.1Q with 802.1p priority<\/td>\n<\/tr>\n<tr class=\"odd\">\n<td>Voltaje de entrada<\/td>\n<td>30 V (PoE Incluido)<\/td>\n<\/tr>\n<tr class=\"even\">\n<td>Encriptaci\u00f3n<\/td>\n<td>128-bit AES (CCMP mode)<\/td>\n<\/tr>\n<tr class=\"odd\">\n<td>Tipo de Antena<\/td>\n<td>Integrada parab\u00f3lica con montaje<\/td>\n<\/tr>\n<tr class=\"even\">\n<td>Ancho de canal<\/td>\n<td>\u00a0(1\u00d720,1\u00d740,1\u00d780 Mhz)<\/td>\n<\/tr>\n<\/tbody>\n<\/table>\n<p><!--more--><\/p>\n<h5 style=\"text-align: justify;\"><span style=\"text-decoration: underline;\"><strong>DOWNLOADS<\/strong><\/span><\/h5>\n<ul style=\"text-align: justify;\">\n<li><a href=\"https:\/\/brandcentral.cambiumnetworks.com\/m\/55baab53b1cbaf60\/original\/Cambium_Networks_data_sheet_ePMP_Force_300_Series.pdf\">\u2192 Technical specifications<\/a><\/li>\n<\/ul>","protected":false},"excerpt":{"rendered":"<p style=\"text-align: justify;\">ePMP\u2122 Force 300-25 de Cambium Networks est\u00e1 dise\u00f1ado para operar en entornos de alta interferencia y proporciona un rendimiento superior de m\u00e1s de 500 Mbps de datos de usuario reales.<\/p>\n<p><!--more--><\/p>\n<p><img decoding=\"async\" class=\"wp-image-2286 aligncenter\" src=\"https:\/\/tecplan.com.es\/wp-content\/uploads\/2025\/07\/Logo-Cambium-300x99.png\" alt=\"\" width=\"170\" height=\"56\" srcset=\"https:\/\/tecplan.com.es\/wp-content\/uploads\/2025\/07\/Logo-Cambium-300x99.png 300w, https:\/\/tecplan.com.es\/wp-content\/uploads\/2025\/07\/Logo-Cambium-768x253.png 768w, https:\/\/tecplan.com.es\/wp-content\/uploads\/2025\/07\/Logo-Cambium-18x6.png 18w, https:\/\/tecplan.com.es\/wp-content\/uploads\/2025\/07\/Logo-Cambium-600x198.png 600w, https:\/\/tecplan.com.es\/wp-content\/uploads\/2025\/07\/Logo-Cambium.png 826w\" sizes=\"(max-width: 170px) 100vw, 170px\" \/><\/p>","protected":false},"featured_media":2288,"comment_status":"open","ping_status":"closed","template":"","meta":{"site-sidebar-layout":"default","site-content-layout":"","ast-site-content-layout":"default","site-content-style":"default","site-sidebar-style":"default","ast-global-header-display":"","ast-banner-title-visibility":"","ast-main-header-display":"","ast-hfb-above-header-display":"","ast-hfb-below-header-display":"","ast-hfb-mobile-header-display":"","site-post-title":"","ast-breadcrumbs-content":"","ast-featured-img":"","footer-sml-layout":"","ast-disable-related-posts":"","theme-transparent-header-meta":"default","adv-header-id-meta":"","stick-header-meta":"","header-above-stick-meta":"","header-main-stick-meta":"","header-below-stick-meta":"","astra-migrate-meta-layouts":"set","ast-page-background-enabled":"default","ast-page-background-meta":{"desktop":{"background-color":"var(--ast-global-color-5)","background-image":"","background-repeat":"repeat","background-position":"center center","background-size":"auto","background-attachment":"scroll","background-type":"","background-media":"","overlay-type":"","overlay-color":"","overlay-opacity":"","overlay-gradient":""},"tablet":{"background-color":"","background-image":"","background-repeat":"repeat","background-position":"center center","background-size":"auto","background-attachment":"scroll","background-type":"","background-media":"","overlay-type":"","overlay-color":"","overlay-opacity":"","overlay-gradient":""},"mobile":{"background-color":"","background-image":"","background-repeat":"repeat","background-position":"center center","background-size":"auto","background-attachment":"scroll","background-type":"","background-media":"","overlay-type":"","overlay-color":"","overlay-opacity":"","overlay-gradient":""}},"ast-content-background-meta":{"desktop":{"background-color":"var(--ast-global-color-4)","background-image":"","background-repeat":"repeat","background-position":"center center","background-size":"auto","background-attachment":"scroll","background-type":"","background-media":"","overlay-type":"","overlay-color":"","overlay-opacity":"","overlay-gradient":""},"tablet":{"background-color":"var(--ast-global-color-4)","background-image":"","background-repeat":"repeat","background-position":"center center","background-size":"auto","background-attachment":"scroll","background-type":"","background-media":"","overlay-type":"","overlay-color":"","overlay-opacity":"","overlay-gradient":""},"mobile":{"background-color":"var(--ast-global-color-4)","background-image":"","background-repeat":"repeat","background-position":"center center","background-size":"auto","background-attachment":"scroll","background-type":"","background-media":"","overlay-type":"","overlay-color":"","overlay-opacity":"","overlay-gradient":""}}},"product_brand":[245],"product_cat":[134,96,246],"product_tag":[210],"class_list":{"0":"post-2285","1":"product","2":"type-product","3":"status-publish","4":"has-post-thumbnail","6":"product_brand-cambium-networks","7":"product_cat-cambium-networks","8":"product_cat-networking","9":"product_cat-otros-cambium-networks","10":"product_tag-cambium-networks","11":"desktop-align-left","12":"tablet-align-left","13":"mobile-align-left","15":"first","16":"instock","17":"shipping-taxable","18":"product-type-simple"},"yoast_head":"<!-- This site is optimized with the Yoast SEO plugin v25.3 - https:\/\/yoast.com\/wordpress\/plugins\/seo\/ -->\n<title>Radio inal\u00e1mbrica ePMP Force 300-25 - Tecplan<\/title>\n<meta name=\"robots\" content=\"index, follow, max-snippet:-1, max-image-preview:large, max-video-preview:-1\" \/>\n<link rel=\"canonical\" href=\"https:\/\/tecplan.com.es\/en\/product\/radio-inalambrica-epmp-force-300-25\/\" \/>\n<meta property=\"og:locale\" content=\"en_US\" \/>\n<meta property=\"og:type\" content=\"article\" \/>\n<meta property=\"og:title\" content=\"Radio inal\u00e1mbrica ePMP Force 300-25 - Tecplan\" \/>\n<meta property=\"og:description\" content=\"ePMP\u2122 Force 300-25 de Cambium Networks est\u00e1 dise\u00f1ado para operar en entornos de alta interferencia y proporciona un rendimiento superior de m\u00e1s de 500 Mbps de datos de usuario reales.\" \/>\n<meta property=\"og:url\" content=\"https:\/\/tecplan.com.es\/en\/product\/radio-inalambrica-epmp-force-300-25\/\" \/>\n<meta property=\"og:site_name\" content=\"Tecplan\" \/>\n<meta property=\"article:modified_time\" content=\"2025-07-22T22:13:54+00:00\" \/>\n<meta property=\"og:image\" content=\"https:\/\/tecplan.com.es\/wp-content\/uploads\/2025\/07\/ePMP\u2122-Force-300-2-01.jpg\" \/>\n\t<meta property=\"og:image:width\" content=\"2000\" \/>\n\t<meta property=\"og:image:height\" content=\"2000\" \/>\n\t<meta property=\"og:image:type\" content=\"image\/jpeg\" \/>\n<meta name=\"twitter:card\" content=\"summary_large_image\" \/>\n<meta name=\"twitter:label1\" content=\"Est. reading time\" \/>\n\t<meta name=\"twitter:data1\" content=\"2 minutes\" \/>\n<script type=\"application\/ld+json\" class=\"yoast-schema-graph\">{\"@context\":\"https:\/\/schema.org\",\"@graph\":[{\"@type\":\"WebPage\",\"@id\":\"https:\/\/tecplan.com.es\/product\/radio-inalambrica-epmp-force-300-25\/\",\"url\":\"https:\/\/tecplan.com.es\/product\/radio-inalambrica-epmp-force-300-25\/\",\"name\":\"Radio inal\u00e1mbrica ePMP Force 300-25 - Tecplan\",\"isPartOf\":{\"@id\":\"https:\/\/tecplan.com.es\/#website\"},\"primaryImageOfPage\":{\"@id\":\"https:\/\/tecplan.com.es\/product\/radio-inalambrica-epmp-force-300-25\/#primaryimage\"},\"image\":{\"@id\":\"https:\/\/tecplan.com.es\/product\/radio-inalambrica-epmp-force-300-25\/#primaryimage\"},\"thumbnailUrl\":\"https:\/\/tecplan.com.es\/wp-content\/uploads\/2025\/07\/ePMP\u2122-Force-300-2-01.jpg\",\"datePublished\":\"2025-07-22T22:07:05+00:00\",\"dateModified\":\"2025-07-22T22:13:54+00:00\",\"breadcrumb\":{\"@id\":\"https:\/\/tecplan.com.es\/product\/radio-inalambrica-epmp-force-300-25\/#breadcrumb\"},\"inLanguage\":\"en-US\",\"potentialAction\":[{\"@type\":\"ReadAction\",\"target\":[\"https:\/\/tecplan.com.es\/product\/radio-inalambrica-epmp-force-300-25\/\"]}]},{\"@type\":\"ImageObject\",\"inLanguage\":\"en-US\",\"@id\":\"https:\/\/tecplan.com.es\/product\/radio-inalambrica-epmp-force-300-25\/#primaryimage\",\"url\":\"https:\/\/tecplan.com.es\/wp-content\/uploads\/2025\/07\/ePMP\u2122-Force-300-2-01.jpg\",\"contentUrl\":\"https:\/\/tecplan.com.es\/wp-content\/uploads\/2025\/07\/ePMP\u2122-Force-300-2-01.jpg\",\"width\":2000,\"height\":2000},{\"@type\":\"BreadcrumbList\",\"@id\":\"https:\/\/tecplan.com.es\/product\/radio-inalambrica-epmp-force-300-25\/#breadcrumb\",\"itemListElement\":[{\"@type\":\"ListItem\",\"position\":1,\"name\":\"Home\",\"item\":\"https:\/\/tecplan.com.es\/\"},{\"@type\":\"ListItem\",\"position\":2,\"name\":\"Shop\",\"item\":\"https:\/\/tecplan.com.es\/shop\/\"},{\"@type\":\"ListItem\",\"position\":3,\"name\":\"Radio inal\u00e1mbrica ePMP Force 300-25\"}]},{\"@type\":\"WebSite\",\"@id\":\"https:\/\/tecplan.com.es\/#website\",\"url\":\"https:\/\/tecplan.com.es\/\",\"name\":\"Tecplan\",\"description\":\"\",\"potentialAction\":[{\"@type\":\"SearchAction\",\"target\":{\"@type\":\"EntryPoint\",\"urlTemplate\":\"https:\/\/tecplan.com.es\/?s={search_term_string}\"},\"query-input\":{\"@type\":\"PropertyValueSpecification\",\"valueRequired\":true,\"valueName\":\"search_term_string\"}}],\"inLanguage\":\"en-US\"}]}<\/script>\n<!-- \/ Yoast SEO plugin. -->","yoast_head_json":{"title":"Radio inal\u00e1mbrica ePMP Force 300-25 - Tecplan","robots":{"index":"index","follow":"follow","max-snippet":"max-snippet:-1","max-image-preview":"max-image-preview:large","max-video-preview":"max-video-preview:-1"},"canonical":"https:\/\/tecplan.com.es\/en\/product\/radio-inalambrica-epmp-force-300-25\/","og_locale":"en_US","og_type":"article","og_title":"Radio inal\u00e1mbrica ePMP Force 300-25 - Tecplan","og_description":"ePMP\u2122 Force 300-25 de Cambium Networks est\u00e1 dise\u00f1ado para operar en entornos de alta interferencia y proporciona un rendimiento superior de m\u00e1s de 500 Mbps de datos de usuario reales.","og_url":"https:\/\/tecplan.com.es\/en\/product\/radio-inalambrica-epmp-force-300-25\/","og_site_name":"Tecplan","article_modified_time":"2025-07-22T22:13:54+00:00","og_image":[{"width":2000,"height":2000,"url":"https:\/\/tecplan.com.es\/wp-content\/uploads\/2025\/07\/ePMP\u2122-Force-300-2-01.jpg","type":"image\/jpeg"}],"twitter_card":"summary_large_image","twitter_misc":{"Est. reading time":"2 minutes"},"schema":{"@context":"https:\/\/schema.org","@graph":[{"@type":"WebPage","@id":"https:\/\/tecplan.com.es\/product\/radio-inalambrica-epmp-force-300-25\/","url":"https:\/\/tecplan.com.es\/product\/radio-inalambrica-epmp-force-300-25\/","name":"Radio inal\u00e1mbrica ePMP Force 300-25 - Tecplan","isPartOf":{"@id":"https:\/\/tecplan.com.es\/#website"},"primaryImageOfPage":{"@id":"https:\/\/tecplan.com.es\/product\/radio-inalambrica-epmp-force-300-25\/#primaryimage"},"image":{"@id":"https:\/\/tecplan.com.es\/product\/radio-inalambrica-epmp-force-300-25\/#primaryimage"},"thumbnailUrl":"https:\/\/tecplan.com.es\/wp-content\/uploads\/2025\/07\/ePMP\u2122-Force-300-2-01.jpg","datePublished":"2025-07-22T22:07:05+00:00","dateModified":"2025-07-22T22:13:54+00:00","breadcrumb":{"@id":"https:\/\/tecplan.com.es\/product\/radio-inalambrica-epmp-force-300-25\/#breadcrumb"},"inLanguage":"en-US","potentialAction":[{"@type":"ReadAction","target":["https:\/\/tecplan.com.es\/product\/radio-inalambrica-epmp-force-300-25\/"]}]},{"@type":"ImageObject","inLanguage":"en-US","@id":"https:\/\/tecplan.com.es\/product\/radio-inalambrica-epmp-force-300-25\/#primaryimage","url":"https:\/\/tecplan.com.es\/wp-content\/uploads\/2025\/07\/ePMP\u2122-Force-300-2-01.jpg","contentUrl":"https:\/\/tecplan.com.es\/wp-content\/uploads\/2025\/07\/ePMP\u2122-Force-300-2-01.jpg","width":2000,"height":2000},{"@type":"BreadcrumbList","@id":"https:\/\/tecplan.com.es\/product\/radio-inalambrica-epmp-force-300-25\/#breadcrumb","itemListElement":[{"@type":"ListItem","position":1,"name":"Home","item":"https:\/\/tecplan.com.es\/"},{"@type":"ListItem","position":2,"name":"Shop","item":"https:\/\/tecplan.com.es\/shop\/"},{"@type":"ListItem","position":3,"name":"Radio inal\u00e1mbrica ePMP Force 300-25"}]},{"@type":"WebSite","@id":"https:\/\/tecplan.com.es\/#website","url":"https:\/\/tecplan.com.es\/","name":"Tecplan","description":"","potentialAction":[{"@type":"SearchAction","target":{"@type":"EntryPoint","urlTemplate":"https:\/\/tecplan.com.es\/?s={search_term_string}"},"query-input":{"@type":"PropertyValueSpecification","valueRequired":true,"valueName":"search_term_string"}}],"inLanguage":"en-US"}]}},"_links":{"self":[{"href":"https:\/\/tecplan.com.es\/en\/wp-json\/wp\/v2\/product\/2285","targetHints":{"allow":["GET"]}}],"collection":[{"href":"https:\/\/tecplan.com.es\/en\/wp-json\/wp\/v2\/product"}],"about":[{"href":"https:\/\/tecplan.com.es\/en\/wp-json\/wp\/v2\/types\/product"}],"replies":[{"embeddable":true,"href":"https:\/\/tecplan.com.es\/en\/wp-json\/wp\/v2\/comments?post=2285"}],"version-history":[{"count":2,"href":"https:\/\/tecplan.com.es\/en\/wp-json\/wp\/v2\/product\/2285\/revisions"}],"predecessor-version":[{"id":2292,"href":"https:\/\/tecplan.com.es\/en\/wp-json\/wp\/v2\/product\/2285\/revisions\/2292"}],"wp:featuredmedia":[{"embeddable":true,"href":"https:\/\/tecplan.com.es\/en\/wp-json\/wp\/v2\/media\/2288"}],"wp:attachment":[{"href":"https:\/\/tecplan.com.es\/en\/wp-json\/wp\/v2\/media?parent=2285"}],"wp:term":[{"taxonomy":"product_brand","embeddable":true,"href":"https:\/\/tecplan.com.es\/en\/wp-json\/wp\/v2\/product_brand?post=2285"},{"taxonomy":"product_cat","embeddable":true,"href":"https:\/\/tecplan.com.es\/en\/wp-json\/wp\/v2\/product_cat?post=2285"},{"taxonomy":"product_tag","embeddable":true,"href":"https:\/\/tecplan.com.es\/en\/wp-json\/wp\/v2\/product_tag?post=2285"}],"curies":[{"name":"wp","href":"https:\/\/api.w.org\/{rel}","templated":true}]}}