{"id":2278,"date":"2025-07-21T22:49:35","date_gmt":"2025-07-21T22:49:35","guid":{"rendered":"https:\/\/tecplan.com.es\/?post_type=product&#038;p=2278"},"modified":"2026-01-02T21:56:21","modified_gmt":"2026-01-02T21:56:21","slug":"radio-integrada-epmp-force-180","status":"publish","type":"product","link":"https:\/\/tecplan.com.es\/en\/product\/radio-integrada-epmp-force-180\/","title":{"rendered":"ePMP\u2122 Force 180 Integrated Radio"},"content":{"rendered":"<p style=\"text-align: justify;\">El m\u00f3dulo de abonado ePMP\u2122 Force 180 de 5 GHz es la pr\u00f3xima generaci\u00f3n de la radio integrada ePMP de 5 GHz y ofrece una antena de parche integrada de 16 dBi y mayor ganancia.<\/p>\n<p style=\"text-align: justify;\">La instalaci\u00f3n y alineaci\u00f3n son f\u00e1ciles con el soporte de montaje ajustable, y el Force 180 es peque\u00f1o, elegante y est\u00e1 equipado con un puerto Gigabit Ethernet para ofrecer el m\u00e1ximo rendimiento.<\/p>\n<table class=\"table table-bordered table-hover table-responsive\">\n<tbody>\n<tr>\n<th colspan=\"2\">ePMP Force 180 Especificaciones<\/th>\n<\/tr>\n<tr class=\"row-header\">\n<td colspan=\"2\">Espectro<\/td>\n<\/tr>\n<tr>\n<td><strong>Espaciado de canales<\/strong><\/td>\n<td>Configurable en incrementos de 5 MHz<\/td>\n<\/tr>\n<tr>\n<td><strong>Rango de frecuencia<\/strong><\/td>\n<td>5 GHz 4910 \u2013 5970 MHz (frecuencias exactas permitidas por las regulaciones locales)<\/td>\n<\/tr>\n<tr>\n<td><strong>Ancho de banda<\/strong><\/td>\n<td>5 |\u00a010 |\u00a020 |\u00a040 MHz<\/td>\n<\/tr>\n<tr class=\"row-header\">\n<td colspan=\"2\">Interfaz<\/td>\n<\/tr>\n<tr>\n<td><strong>Capa MAC (control de acceso a medios)<\/strong><\/td>\n<td>Propietario de Cambium<\/td>\n<\/tr>\n<tr>\n<td><strong>Capa fisica<\/strong><\/td>\n<td>2\u00d72 MIMO\/OFDM<\/td>\n<\/tr>\n<tr>\n<td><strong>Interfaz Ethernet<\/strong><\/td>\n<td>10\/100\/1000BaseT, compatible con pines PoE de Cambium (V+ = 7 y 8, Retorno = 4 y 5) y pines PoE est\u00e1ndar (V + = 4 y 5, Retorno = 7 y 8)<\/td>\n<\/tr>\n<tr>\n<td><strong>Protocolos utilizados<\/strong><\/td>\n<td>IPv4, UDP, TCP, IP, ICMP, SNMPv2c, HTTPs, STP, SSH, IGMP Snooping<\/td>\n<\/tr>\n<tr>\n<td><strong>Administraci\u00f3n de redes<\/strong><\/td>\n<td>HTTP, SNMPv2c, SSH<\/td>\n<\/tr>\n<tr>\n<td><strong>VLAN<\/strong><\/td>\n<td>802.1Q con prioridad 802.1p<\/td>\n<\/tr>\n<tr class=\"row-header\">\n<td colspan=\"2\">Actuaci\u00f3n<\/td>\n<\/tr>\n<tr>\n<td><strong>ARQ<\/strong><\/td>\n<td>S\u00ed<\/td>\n<\/tr>\n<tr>\n<td><strong>Sensibilidad de recepci\u00f3n nominal (con FEC) a canal de 20 MHz<\/strong><\/td>\n<td>MCS0 = -93 dBm a MCS15 = -72 dBm (por rama)<\/td>\n<\/tr>\n<tr>\n<td><strong>Sensibilidad de recepci\u00f3n nominal (con FEC) a 40 MHz de canal<\/strong><\/td>\n<td>MCS0 = -90 dBm a MCS15 = -69 dBm (por rama)<\/td>\n<\/tr>\n<tr>\n<td><strong>Niveles de modulaci\u00f3n (adaptable)<\/strong><\/td>\n<td>MCS0 (BPSK) a MCS15 (64QAM 5\/6)<\/td>\n<\/tr>\n<tr>\n<td><strong>Calidad de servicio<\/strong><\/td>\n<td>Prioridad de tres niveles (voz, alta, baja) con clasificaci\u00f3n de paquetes por DSCP, COS, ID de VLAN, direcciones IP y MAC, difusi\u00f3n, multidifusi\u00f3n y prioridad de estaci\u00f3n<\/td>\n<\/tr>\n<tr class=\"row-header\">\n<td colspan=\"2\">Presupuesto de enlace<\/td>\n<\/tr>\n<tr>\n<td><strong>Rango de potencia de transmisi\u00f3n<\/strong><\/td>\n<td>-17 a +30 dBm (combinado, hasta el l\u00edmite EIRP regional) (intervalo de 1 dB)<\/td>\n<\/tr>\n<tr>\n<td><strong>Ganancia m\u00e1xima de antena integrada<\/strong><\/td>\n<td>16 dBi<\/td>\n<\/tr>\n<tr>\n<td><strong>Potencia m\u00e1xima de transmisi\u00f3n<\/strong><\/td>\n<td>Combinaci\u00f3n de 30 dBm (sujeto a las restricciones de los reguladores regionales)<\/td>\n<\/tr>\n<tr class=\"row-header\">\n<td colspan=\"2\">F\u00edsico<\/td>\n<\/tr>\n<tr>\n<td><strong>Conexi\u00f3n de antena<\/strong><\/td>\n<td>Antena integrada<\/td>\n<\/tr>\n<tr>\n<td><strong>Supresi\u00f3n de sobretensiones<\/strong><\/td>\n<td>2 julios integrado<\/td>\n<\/tr>\n<tr>\n<td><strong>Ambiental<\/strong><\/td>\n<td>IP55<\/td>\n<\/tr>\n<tr>\n<td><strong>Temperatura<\/strong><\/td>\n<td>-30 \u00b0C a +60 \u00b0C (-22 \u00b0F a +140 \u00b0F)<\/td>\n<\/tr>\n<tr>\n<td><strong>Supervivencia al viento<\/strong><\/td>\n<td>145 km\/hora (90 mi\/hora) con antena<\/td>\n<\/tr>\n<tr>\n<td><strong>Peso<\/strong><\/td>\n<td>0,50 kg (1,1 libras) (incluye soporte de montaje)<\/td>\n<\/tr>\n<tr>\n<td><strong>Dimensiones (Al. x An. x Pr.)<\/strong><\/td>\n<td>12,4 x 25,1 x 11,9 cm (4,9 x 9,9 x 4,7 pulgadas), con soporte de montaje adjunto<\/td>\n<\/tr>\n<tr>\n<td><strong>Rango de di\u00e1metro de poste<\/strong><\/td>\n<td>1 \u2013 1,6 in (2,5 \u2013 4,1 cm) con abrazadera incluida;\u00a0hasta 2,25 in (5,7 cm) con abrazadera m\u00e1s grande<\/td>\n<\/tr>\n<tr>\n<td><strong>El consumo de energ\u00eda<\/strong><\/td>\n<td>10 W m\u00e1ximo, 5 W t\u00edpico<\/td>\n<\/tr>\n<tr>\n<td><strong>Voltaje de entrada<\/strong><\/td>\n<td>10 a 30 V<\/td>\n<\/tr>\n<tr class=\"row-header\">\n<td colspan=\"2\">Security<\/td>\n<\/tr>\n<tr>\n<td><strong>Cifrado<\/strong><\/td>\n<td>AES de 128 bits (modo CCMP)<\/td>\n<\/tr>\n<tr class=\"row-header\">\n<td colspan=\"2\">Certificaciones<\/td>\n<\/tr>\n<tr>\n<td><strong>ID DE LA FCC<\/strong><\/td>\n<td>Z8H89FT0015<\/td>\n<\/tr>\n<tr>\n<td><strong>Certificado de Industria de Canad\u00e1<\/strong><\/td>\n<td>109W-0015<\/td>\n<\/tr>\n<tr>\n<td><strong>CE<\/strong><\/td>\n<td>5 GHz EN 302 502 v1.2.1<br \/>\n5 GHz: EN 301 893 v1.7.1<\/td>\n<\/tr>\n<\/tbody>\n<\/table>\n<p><!--more--><\/p>\n<h5 style=\"text-align: justify;\"><span style=\"text-decoration: underline;\"><strong>DOWNLOADS<\/strong><\/span><\/h5>\n<ul style=\"text-align: justify;\">\n<li style=\"list-style-type: none;\">\n<ul style=\"text-align: justify;\">\n<li><a href=\"https:\/\/tecplan.com.sv\/wp-content\/uploads\/2023\/06\/PMP-Force-180.pdf\">\u2192 Technical specifications\u00a0<\/a><\/li>\n<\/ul>\n<\/li>\n<\/ul>","protected":false},"excerpt":{"rendered":"<p style=\"text-align: justify;\">La instalaci\u00f3n y la alineaci\u00f3n son f\u00e1ciles con el soporte de montaje ajustable, y la Force 180 es peque\u00f1a, elegante y est\u00e1 equipada con un puerto Gigabit Ethernet para brindar el m\u00e1ximo rendimiento.<\/p>\n<p><img decoding=\"async\" class=\"wp-image-2261 aligncenter\" src=\"https:\/\/tecplan.com.es\/wp-content\/uploads\/2025\/07\/cambium_category__18006.original-300x131.png\" alt=\"\" width=\"153\" height=\"67\" srcset=\"https:\/\/tecplan.com.es\/wp-content\/uploads\/2025\/07\/cambium_category__18006.original-300x131.png 300w, https:\/\/tecplan.com.es\/wp-content\/uploads\/2025\/07\/cambium_category__18006.original-18x8.png 18w, https:\/\/tecplan.com.es\/wp-content\/uploads\/2025\/07\/cambium_category__18006.original.png 430w\" sizes=\"(max-width: 153px) 100vw, 153px\" \/><\/p>","protected":false},"featured_media":2281,"comment_status":"open","ping_status":"closed","template":"","meta":{"site-sidebar-layout":"default","site-content-layout":"","ast-site-content-layout":"default","site-content-style":"default","site-sidebar-style":"default","ast-global-header-display":"","ast-banner-title-visibility":"","ast-main-header-display":"","ast-hfb-above-header-display":"","ast-hfb-below-header-display":"","ast-hfb-mobile-header-display":"","site-post-title":"","ast-breadcrumbs-content":"","ast-featured-img":"","footer-sml-layout":"","ast-disable-related-posts":"","theme-transparent-header-meta":"default","adv-header-id-meta":"","stick-header-meta":"","header-above-stick-meta":"","header-main-stick-meta":"","header-below-stick-meta":"","astra-migrate-meta-layouts":"set","ast-page-background-enabled":"default","ast-page-background-meta":{"desktop":{"background-color":"var(--ast-global-color-5)","background-image":"","background-repeat":"repeat","background-position":"center center","background-size":"auto","background-attachment":"scroll","background-type":"","background-media":"","overlay-type":"","overlay-color":"","overlay-opacity":"","overlay-gradient":""},"tablet":{"background-color":"","background-image":"","background-repeat":"repeat","background-position":"center center","background-size":"auto","background-attachment":"scroll","background-type":"","background-media":"","overlay-type":"","overlay-color":"","overlay-opacity":"","overlay-gradient":""},"mobile":{"background-color":"","background-image":"","background-repeat":"repeat","background-position":"center center","background-size":"auto","background-attachment":"scroll","background-type":"","background-media":"","overlay-type":"","overlay-color":"","overlay-opacity":"","overlay-gradient":""}},"ast-content-background-meta":{"desktop":{"background-color":"var(--ast-global-color-4)","background-image":"","background-repeat":"repeat","background-position":"center center","background-size":"auto","background-attachment":"scroll","background-type":"","background-media":"","overlay-type":"","overlay-color":"","overlay-opacity":"","overlay-gradient":""},"tablet":{"background-color":"var(--ast-global-color-4)","background-image":"","background-repeat":"repeat","background-position":"center center","background-size":"auto","background-attachment":"scroll","background-type":"","background-media":"","overlay-type":"","overlay-color":"","overlay-opacity":"","overlay-gradient":""},"mobile":{"background-color":"var(--ast-global-color-4)","background-image":"","background-repeat":"repeat","background-position":"center center","background-size":"auto","background-attachment":"scroll","background-type":"","background-media":"","overlay-type":"","overlay-color":"","overlay-opacity":"","overlay-gradient":""}}},"product_brand":[245],"product_cat":[137,134,96],"product_tag":[210],"class_list":{"0":"post-2278","1":"product","2":"type-product","3":"status-publish","4":"has-post-thumbnail","6":"product_brand-cambium-networks","7":"product_cat-access-point-cambium-networks","8":"product_cat-cambium-networks","9":"product_cat-networking","10":"product_tag-cambium-networks","11":"desktop-align-left","12":"tablet-align-left","13":"mobile-align-left","15":"first","16":"instock","17":"shipping-taxable","18":"product-type-simple"},"yoast_head":"<!-- This site is optimized with the Yoast SEO plugin v25.3 - https:\/\/yoast.com\/wordpress\/plugins\/seo\/ -->\n<title>Radio integrada ePMP\u2122 Force 180 - Tecplan<\/title>\n<meta name=\"robots\" content=\"index, follow, max-snippet:-1, max-image-preview:large, max-video-preview:-1\" \/>\n<link rel=\"canonical\" href=\"https:\/\/tecplan.com.es\/en\/product\/radio-integrada-epmp-force-180\/\" \/>\n<meta property=\"og:locale\" content=\"en_US\" \/>\n<meta property=\"og:type\" content=\"article\" \/>\n<meta property=\"og:title\" content=\"Radio integrada ePMP\u2122 Force 180 - Tecplan\" \/>\n<meta property=\"og:description\" content=\"La instalaci\u00f3n y la alineaci\u00f3n son f\u00e1ciles con el soporte de montaje ajustable, y la Force 180 es peque\u00f1a, elegante y est\u00e1 equipada con un puerto Gigabit Ethernet para brindar el m\u00e1ximo rendimiento.\" \/>\n<meta property=\"og:url\" content=\"https:\/\/tecplan.com.es\/en\/product\/radio-integrada-epmp-force-180\/\" \/>\n<meta property=\"og:site_name\" content=\"Tecplan\" \/>\n<meta property=\"article:modified_time\" content=\"2026-01-02T21:56:21+00:00\" \/>\n<meta property=\"og:image\" content=\"https:\/\/tecplan.com.es\/wp-content\/uploads\/2025\/07\/ePMP\u2122-Force-180-01.jpg\" \/>\n\t<meta property=\"og:image:width\" content=\"2000\" \/>\n\t<meta property=\"og:image:height\" content=\"2000\" \/>\n\t<meta property=\"og:image:type\" content=\"image\/jpeg\" \/>\n<meta name=\"twitter:card\" content=\"summary_large_image\" \/>\n<meta name=\"twitter:label1\" content=\"Est. reading time\" \/>\n\t<meta name=\"twitter:data1\" content=\"3 minutes\" \/>\n<script type=\"application\/ld+json\" class=\"yoast-schema-graph\">{\"@context\":\"https:\/\/schema.org\",\"@graph\":[{\"@type\":\"WebPage\",\"@id\":\"https:\/\/tecplan.com.es\/product\/radio-integrada-epmp-force-180\/\",\"url\":\"https:\/\/tecplan.com.es\/product\/radio-integrada-epmp-force-180\/\",\"name\":\"Radio integrada ePMP\u2122 Force 180 - Tecplan\",\"isPartOf\":{\"@id\":\"https:\/\/tecplan.com.es\/#website\"},\"primaryImageOfPage\":{\"@id\":\"https:\/\/tecplan.com.es\/product\/radio-integrada-epmp-force-180\/#primaryimage\"},\"image\":{\"@id\":\"https:\/\/tecplan.com.es\/product\/radio-integrada-epmp-force-180\/#primaryimage\"},\"thumbnailUrl\":\"https:\/\/tecplan.com.es\/wp-content\/uploads\/2025\/07\/ePMP\u2122-Force-180-01.jpg\",\"datePublished\":\"2025-07-21T22:49:35+00:00\",\"dateModified\":\"2026-01-02T21:56:21+00:00\",\"breadcrumb\":{\"@id\":\"https:\/\/tecplan.com.es\/product\/radio-integrada-epmp-force-180\/#breadcrumb\"},\"inLanguage\":\"en-US\",\"potentialAction\":[{\"@type\":\"ReadAction\",\"target\":[\"https:\/\/tecplan.com.es\/product\/radio-integrada-epmp-force-180\/\"]}]},{\"@type\":\"ImageObject\",\"inLanguage\":\"en-US\",\"@id\":\"https:\/\/tecplan.com.es\/product\/radio-integrada-epmp-force-180\/#primaryimage\",\"url\":\"https:\/\/tecplan.com.es\/wp-content\/uploads\/2025\/07\/ePMP\u2122-Force-180-01.jpg\",\"contentUrl\":\"https:\/\/tecplan.com.es\/wp-content\/uploads\/2025\/07\/ePMP\u2122-Force-180-01.jpg\",\"width\":2000,\"height\":2000},{\"@type\":\"BreadcrumbList\",\"@id\":\"https:\/\/tecplan.com.es\/product\/radio-integrada-epmp-force-180\/#breadcrumb\",\"itemListElement\":[{\"@type\":\"ListItem\",\"position\":1,\"name\":\"Home\",\"item\":\"https:\/\/tecplan.com.es\/\"},{\"@type\":\"ListItem\",\"position\":2,\"name\":\"Shop\",\"item\":\"https:\/\/tecplan.com.es\/shop\/\"},{\"@type\":\"ListItem\",\"position\":3,\"name\":\"Radio integrada ePMP\u2122 Force 180\"}]},{\"@type\":\"WebSite\",\"@id\":\"https:\/\/tecplan.com.es\/#website\",\"url\":\"https:\/\/tecplan.com.es\/\",\"name\":\"Tecplan\",\"description\":\"\",\"potentialAction\":[{\"@type\":\"SearchAction\",\"target\":{\"@type\":\"EntryPoint\",\"urlTemplate\":\"https:\/\/tecplan.com.es\/?s={search_term_string}\"},\"query-input\":{\"@type\":\"PropertyValueSpecification\",\"valueRequired\":true,\"valueName\":\"search_term_string\"}}],\"inLanguage\":\"en-US\"}]}<\/script>\n<!-- \/ Yoast SEO plugin. -->","yoast_head_json":{"title":"Radio integrada ePMP\u2122 Force 180 - Tecplan","robots":{"index":"index","follow":"follow","max-snippet":"max-snippet:-1","max-image-preview":"max-image-preview:large","max-video-preview":"max-video-preview:-1"},"canonical":"https:\/\/tecplan.com.es\/en\/product\/radio-integrada-epmp-force-180\/","og_locale":"en_US","og_type":"article","og_title":"Radio integrada ePMP\u2122 Force 180 - Tecplan","og_description":"La instalaci\u00f3n y la alineaci\u00f3n son f\u00e1ciles con el soporte de montaje ajustable, y la Force 180 es peque\u00f1a, elegante y est\u00e1 equipada con un puerto Gigabit Ethernet para brindar el m\u00e1ximo rendimiento.","og_url":"https:\/\/tecplan.com.es\/en\/product\/radio-integrada-epmp-force-180\/","og_site_name":"Tecplan","article_modified_time":"2026-01-02T21:56:21+00:00","og_image":[{"width":2000,"height":2000,"url":"https:\/\/tecplan.com.es\/wp-content\/uploads\/2025\/07\/ePMP\u2122-Force-180-01.jpg","type":"image\/jpeg"}],"twitter_card":"summary_large_image","twitter_misc":{"Est. reading time":"3 minutes"},"schema":{"@context":"https:\/\/schema.org","@graph":[{"@type":"WebPage","@id":"https:\/\/tecplan.com.es\/product\/radio-integrada-epmp-force-180\/","url":"https:\/\/tecplan.com.es\/product\/radio-integrada-epmp-force-180\/","name":"Radio integrada ePMP\u2122 Force 180 - Tecplan","isPartOf":{"@id":"https:\/\/tecplan.com.es\/#website"},"primaryImageOfPage":{"@id":"https:\/\/tecplan.com.es\/product\/radio-integrada-epmp-force-180\/#primaryimage"},"image":{"@id":"https:\/\/tecplan.com.es\/product\/radio-integrada-epmp-force-180\/#primaryimage"},"thumbnailUrl":"https:\/\/tecplan.com.es\/wp-content\/uploads\/2025\/07\/ePMP\u2122-Force-180-01.jpg","datePublished":"2025-07-21T22:49:35+00:00","dateModified":"2026-01-02T21:56:21+00:00","breadcrumb":{"@id":"https:\/\/tecplan.com.es\/product\/radio-integrada-epmp-force-180\/#breadcrumb"},"inLanguage":"en-US","potentialAction":[{"@type":"ReadAction","target":["https:\/\/tecplan.com.es\/product\/radio-integrada-epmp-force-180\/"]}]},{"@type":"ImageObject","inLanguage":"en-US","@id":"https:\/\/tecplan.com.es\/product\/radio-integrada-epmp-force-180\/#primaryimage","url":"https:\/\/tecplan.com.es\/wp-content\/uploads\/2025\/07\/ePMP\u2122-Force-180-01.jpg","contentUrl":"https:\/\/tecplan.com.es\/wp-content\/uploads\/2025\/07\/ePMP\u2122-Force-180-01.jpg","width":2000,"height":2000},{"@type":"BreadcrumbList","@id":"https:\/\/tecplan.com.es\/product\/radio-integrada-epmp-force-180\/#breadcrumb","itemListElement":[{"@type":"ListItem","position":1,"name":"Home","item":"https:\/\/tecplan.com.es\/"},{"@type":"ListItem","position":2,"name":"Shop","item":"https:\/\/tecplan.com.es\/shop\/"},{"@type":"ListItem","position":3,"name":"Radio integrada ePMP\u2122 Force 180"}]},{"@type":"WebSite","@id":"https:\/\/tecplan.com.es\/#website","url":"https:\/\/tecplan.com.es\/","name":"Tecplan","description":"","potentialAction":[{"@type":"SearchAction","target":{"@type":"EntryPoint","urlTemplate":"https:\/\/tecplan.com.es\/?s={search_term_string}"},"query-input":{"@type":"PropertyValueSpecification","valueRequired":true,"valueName":"search_term_string"}}],"inLanguage":"en-US"}]}},"_links":{"self":[{"href":"https:\/\/tecplan.com.es\/en\/wp-json\/wp\/v2\/product\/2278","targetHints":{"allow":["GET"]}}],"collection":[{"href":"https:\/\/tecplan.com.es\/en\/wp-json\/wp\/v2\/product"}],"about":[{"href":"https:\/\/tecplan.com.es\/en\/wp-json\/wp\/v2\/types\/product"}],"replies":[{"embeddable":true,"href":"https:\/\/tecplan.com.es\/en\/wp-json\/wp\/v2\/comments?post=2278"}],"version-history":[{"count":3,"href":"https:\/\/tecplan.com.es\/en\/wp-json\/wp\/v2\/product\/2278\/revisions"}],"predecessor-version":[{"id":2283,"href":"https:\/\/tecplan.com.es\/en\/wp-json\/wp\/v2\/product\/2278\/revisions\/2283"}],"wp:featuredmedia":[{"embeddable":true,"href":"https:\/\/tecplan.com.es\/en\/wp-json\/wp\/v2\/media\/2281"}],"wp:attachment":[{"href":"https:\/\/tecplan.com.es\/en\/wp-json\/wp\/v2\/media?parent=2278"}],"wp:term":[{"taxonomy":"product_brand","embeddable":true,"href":"https:\/\/tecplan.com.es\/en\/wp-json\/wp\/v2\/product_brand?post=2278"},{"taxonomy":"product_cat","embeddable":true,"href":"https:\/\/tecplan.com.es\/en\/wp-json\/wp\/v2\/product_cat?post=2278"},{"taxonomy":"product_tag","embeddable":true,"href":"https:\/\/tecplan.com.es\/en\/wp-json\/wp\/v2\/product_tag?post=2278"}],"curies":[{"name":"wp","href":"https:\/\/api.w.org\/{rel}","templated":true}]}}