{"id":2273,"date":"2025-07-21T22:16:27","date_gmt":"2025-07-21T22:16:27","guid":{"rendered":"https:\/\/tecplan.com.es\/?post_type=product&#038;p=2273"},"modified":"2025-07-21T22:30:59","modified_gmt":"2025-07-21T22:30:59","slug":"serie-670-de-punto-a-punto-multibanda","status":"publish","type":"product","link":"https:\/\/tecplan.com.es\/en\/product\/serie-670-de-punto-a-punto-multibanda\/","title":{"rendered":"Serie 670 de punto a punto multibanda"},"content":{"rendered":"<p style=\"text-align: justify;\">PTP\u2122 670 Connectorized, los proveedores de servicios, las agencias gubernamentales de seguridad p\u00fablica y los operadores de infraestructura cr\u00edtica, como las empresas de servicios p\u00fablicos y de energ\u00eda, han experimentado un crecimiento masivo en las demandas de ancho de banda para una conectividad de banda ancha confiable y segura.La naturaleza de estas implementaciones para backhaul de celdas peque\u00f1as, recuperaci\u00f3n de desastres, videovigilancia y back -ul Wi-Fi es una variedad de topolog\u00edas de implementaci\u00f3n.<\/p>\n<p style=\"text-align: justify;\">Ahora, con la soluci\u00f3n de la serie 670 de punto a punto (PTP\u2122), Cambium Networks combina la mejor eficiencia y confiabilidad espectral de su clase con la flexibilidad de implementaci\u00f3n multipunto de alta capacidad (HCMP). Con un rendimiento agregado de hasta 450 Mbps, los sistemas PTP\u2122 670 le permiten manejar de manera flexible, confiable y segura las necesidades actuales.<\/p>\n<p style=\"text-align: justify;\"><strong>ALTA CAPACIDAD MULTIPUNTO Y UNA SOLA SOLUCI\u00d3N PUNTO A PUNTO.<\/strong><br \/>\nCon el PTP\u2122 670, los operadores ahora tienen la flexibilidad de implementar no solo en topolog\u00edas de punto a punto sino tambi\u00e9n en aplicaciones multipunto de alta capacidad (HCMP). HCMP permite que hasta ocho nodos remotos se conecten a una sola radio maestra. Esto abre nuevos modelos de implementaci\u00f3n que permiten una implementaci\u00f3n r\u00e1pida, simplifican la planificaci\u00f3n y al usar el mismo hardware, independientemente de la topolog\u00eda, un r\u00e1pido retorno de la inversi\u00f3n en equipos y capacitaci\u00f3n. Ya sea que su organizaci\u00f3n sea una empresa, una agencia gubernamental o un proveedor de servicios, los sistemas PTP\u2122 670 son soluciones ideales para una amplia gama de aplicaciones como T1 \/ E1 y reemplazos o extensiones de fibra, backhaul de vigilancia de video, LTE, macro-cell y backhaul de celda peque\u00f1a, acceso de \u00faltima milla, recuperaci\u00f3n de desastres, redundancia de red y conectividad de campus a edificio.<\/p>\n<p style=\"text-align: justify;\"><strong>PRUEBAS DE CAMPO Y SEGURIDAD PARA EL DESEMPE\u00d1O EN EL MUNDO REAL<\/strong><br \/>\nLas radios PTP\u2122 670 cumplen con los est\u00e1ndares de la industria con un cumplimiento comprobado para garantizarle la interoperabilidad, la seguridad y la resistencia.<\/p>\n<p style=\"text-align: justify;\">FIPS-197 128\/256-bit de cifrado AES.<br \/>\nIEEE 1588v2 y Ethernet s\u00edncrona (SyncE).<br \/>\nSoporte de gesti\u00f3n de doble pila IPv6 \/ IPv4.<br \/>\nCajas de radio protectoras de aluminio con protecci\u00f3n contra la entrada (IP66\/67).<\/p>\n<p><!--more--><\/p>\n<h5 style=\"text-align: justify;\"><span style=\"text-decoration: underline;\"><strong>DOWNLOADS<\/strong><\/span><\/h5>\n<ul style=\"text-align: justify;\">\n<li style=\"list-style-type: none;\">\n<ul style=\"text-align: justify;\">\n<li><a href=\"https:\/\/tecplan.com.sv\/wp-content\/uploads\/2023\/06\/PTP-670.pdf\">\u2192 Technical specifications\u00a0<\/a><\/li>\n<\/ul>\n<\/li>\n<\/ul>","protected":false},"excerpt":{"rendered":"<p style=\"text-align: justify;\">Los sistemas PTP 670 brindan flexibilidad multibanda de 4,9 a 6,05 GHz en una sola radio y funcionan en tama\u00f1os de canal de 5 a 45 MHz.<\/p>\n<header class=\"row row-720\"><\/header>\n<p><img decoding=\"async\" class=\"wp-image-2261 aligncenter\" src=\"https:\/\/tecplan.com.es\/wp-content\/uploads\/2025\/07\/cambium_category__18006.original-300x131.png\" alt=\"\" width=\"119\" height=\"52\" srcset=\"https:\/\/tecplan.com.es\/wp-content\/uploads\/2025\/07\/cambium_category__18006.original-300x131.png 300w, https:\/\/tecplan.com.es\/wp-content\/uploads\/2025\/07\/cambium_category__18006.original-18x8.png 18w, https:\/\/tecplan.com.es\/wp-content\/uploads\/2025\/07\/cambium_category__18006.original.png 430w\" sizes=\"(max-width: 119px) 100vw, 119px\" \/><\/p>","protected":false},"featured_media":2274,"comment_status":"open","ping_status":"closed","template":"","meta":{"site-sidebar-layout":"default","site-content-layout":"","ast-site-content-layout":"default","site-content-style":"default","site-sidebar-style":"default","ast-global-header-display":"","ast-banner-title-visibility":"","ast-main-header-display":"","ast-hfb-above-header-display":"","ast-hfb-below-header-display":"","ast-hfb-mobile-header-display":"","site-post-title":"","ast-breadcrumbs-content":"","ast-featured-img":"","footer-sml-layout":"","ast-disable-related-posts":"","theme-transparent-header-meta":"default","adv-header-id-meta":"","stick-header-meta":"","header-above-stick-meta":"","header-main-stick-meta":"","header-below-stick-meta":"","astra-migrate-meta-layouts":"set","ast-page-background-enabled":"default","ast-page-background-meta":{"desktop":{"background-color":"var(--ast-global-color-5)","background-image":"","background-repeat":"repeat","background-position":"center center","background-size":"auto","background-attachment":"scroll","background-type":"","background-media":"","overlay-type":"","overlay-color":"","overlay-opacity":"","overlay-gradient":""},"tablet":{"background-color":"","background-image":"","background-repeat":"repeat","background-position":"center center","background-size":"auto","background-attachment":"scroll","background-type":"","background-media":"","overlay-type":"","overlay-color":"","overlay-opacity":"","overlay-gradient":""},"mobile":{"background-color":"","background-image":"","background-repeat":"repeat","background-position":"center center","background-size":"auto","background-attachment":"scroll","background-type":"","background-media":"","overlay-type":"","overlay-color":"","overlay-opacity":"","overlay-gradient":""}},"ast-content-background-meta":{"desktop":{"background-color":"var(--ast-global-color-4)","background-image":"","background-repeat":"repeat","background-position":"center center","background-size":"auto","background-attachment":"scroll","background-type":"","background-media":"","overlay-type":"","overlay-color":"","overlay-opacity":"","overlay-gradient":""},"tablet":{"background-color":"var(--ast-global-color-4)","background-image":"","background-repeat":"repeat","background-position":"center center","background-size":"auto","background-attachment":"scroll","background-type":"","background-media":"","overlay-type":"","overlay-color":"","overlay-opacity":"","overlay-gradient":""},"mobile":{"background-color":"var(--ast-global-color-4)","background-image":"","background-repeat":"repeat","background-position":"center center","background-size":"auto","background-attachment":"scroll","background-type":"","background-media":"","overlay-type":"","overlay-color":"","overlay-opacity":"","overlay-gradient":""}}},"product_brand":[245],"product_cat":[134,135,96],"product_tag":[210],"class_list":{"0":"post-2273","1":"product","2":"type-product","3":"status-publish","4":"has-post-thumbnail","6":"product_brand-cambium-networks","7":"product_cat-cambium-networks","8":"product_cat-enlace-punto-multi-punto-cambium-networks","9":"product_cat-networking","10":"product_tag-cambium-networks","11":"desktop-align-left","12":"tablet-align-left","13":"mobile-align-left","15":"first","16":"instock","17":"shipping-taxable","18":"product-type-simple"},"yoast_head":"<!-- This site is optimized with the Yoast SEO plugin v25.3 - https:\/\/yoast.com\/wordpress\/plugins\/seo\/ -->\n<title>Serie 670 de punto a punto multibanda - Tecplan<\/title>\n<meta name=\"robots\" content=\"index, follow, max-snippet:-1, max-image-preview:large, max-video-preview:-1\" \/>\n<link rel=\"canonical\" href=\"https:\/\/tecplan.com.es\/en\/product\/serie-670-de-punto-a-punto-multibanda\/\" \/>\n<meta property=\"og:locale\" content=\"en_US\" \/>\n<meta property=\"og:type\" content=\"article\" \/>\n<meta property=\"og:title\" content=\"Serie 670 de punto a punto multibanda - Tecplan\" \/>\n<meta property=\"og:description\" content=\"Los sistemas PTP 670 brindan flexibilidad multibanda de 4,9 a 6,05 GHz en una sola radio y funcionan en tama\u00f1os de canal de 5 a 45 MHz.\" \/>\n<meta property=\"og:url\" content=\"https:\/\/tecplan.com.es\/en\/product\/serie-670-de-punto-a-punto-multibanda\/\" \/>\n<meta property=\"og:site_name\" content=\"Tecplan\" \/>\n<meta property=\"article:modified_time\" content=\"2025-07-21T22:30:59+00:00\" \/>\n<meta property=\"og:image\" content=\"https:\/\/tecplan.com.es\/wp-content\/uploads\/2025\/07\/PTP-670-03.jpg\" \/>\n\t<meta property=\"og:image:width\" content=\"2000\" \/>\n\t<meta property=\"og:image:height\" content=\"2000\" \/>\n\t<meta property=\"og:image:type\" content=\"image\/jpeg\" \/>\n<meta name=\"twitter:card\" content=\"summary_large_image\" \/>\n<meta name=\"twitter:label1\" content=\"Est. reading time\" \/>\n\t<meta name=\"twitter:data1\" content=\"2 minutes\" \/>\n<script type=\"application\/ld+json\" class=\"yoast-schema-graph\">{\"@context\":\"https:\/\/schema.org\",\"@graph\":[{\"@type\":\"WebPage\",\"@id\":\"https:\/\/tecplan.com.es\/product\/serie-670-de-punto-a-punto-multibanda\/\",\"url\":\"https:\/\/tecplan.com.es\/product\/serie-670-de-punto-a-punto-multibanda\/\",\"name\":\"Serie 670 de punto a punto multibanda - Tecplan\",\"isPartOf\":{\"@id\":\"https:\/\/tecplan.com.es\/#website\"},\"primaryImageOfPage\":{\"@id\":\"https:\/\/tecplan.com.es\/product\/serie-670-de-punto-a-punto-multibanda\/#primaryimage\"},\"image\":{\"@id\":\"https:\/\/tecplan.com.es\/product\/serie-670-de-punto-a-punto-multibanda\/#primaryimage\"},\"thumbnailUrl\":\"https:\/\/tecplan.com.es\/wp-content\/uploads\/2025\/07\/PTP-670-03.jpg\",\"datePublished\":\"2025-07-21T22:16:27+00:00\",\"dateModified\":\"2025-07-21T22:30:59+00:00\",\"breadcrumb\":{\"@id\":\"https:\/\/tecplan.com.es\/product\/serie-670-de-punto-a-punto-multibanda\/#breadcrumb\"},\"inLanguage\":\"en-US\",\"potentialAction\":[{\"@type\":\"ReadAction\",\"target\":[\"https:\/\/tecplan.com.es\/product\/serie-670-de-punto-a-punto-multibanda\/\"]}]},{\"@type\":\"ImageObject\",\"inLanguage\":\"en-US\",\"@id\":\"https:\/\/tecplan.com.es\/product\/serie-670-de-punto-a-punto-multibanda\/#primaryimage\",\"url\":\"https:\/\/tecplan.com.es\/wp-content\/uploads\/2025\/07\/PTP-670-03.jpg\",\"contentUrl\":\"https:\/\/tecplan.com.es\/wp-content\/uploads\/2025\/07\/PTP-670-03.jpg\",\"width\":2000,\"height\":2000},{\"@type\":\"BreadcrumbList\",\"@id\":\"https:\/\/tecplan.com.es\/product\/serie-670-de-punto-a-punto-multibanda\/#breadcrumb\",\"itemListElement\":[{\"@type\":\"ListItem\",\"position\":1,\"name\":\"Home\",\"item\":\"https:\/\/tecplan.com.es\/\"},{\"@type\":\"ListItem\",\"position\":2,\"name\":\"Shop\",\"item\":\"https:\/\/tecplan.com.es\/shop\/\"},{\"@type\":\"ListItem\",\"position\":3,\"name\":\"Serie 670 de punto a punto multibanda\"}]},{\"@type\":\"WebSite\",\"@id\":\"https:\/\/tecplan.com.es\/#website\",\"url\":\"https:\/\/tecplan.com.es\/\",\"name\":\"Tecplan\",\"description\":\"\",\"potentialAction\":[{\"@type\":\"SearchAction\",\"target\":{\"@type\":\"EntryPoint\",\"urlTemplate\":\"https:\/\/tecplan.com.es\/?s={search_term_string}\"},\"query-input\":{\"@type\":\"PropertyValueSpecification\",\"valueRequired\":true,\"valueName\":\"search_term_string\"}}],\"inLanguage\":\"en-US\"}]}<\/script>\n<!-- \/ Yoast SEO plugin. -->","yoast_head_json":{"title":"Serie 670 de punto a punto multibanda - Tecplan","robots":{"index":"index","follow":"follow","max-snippet":"max-snippet:-1","max-image-preview":"max-image-preview:large","max-video-preview":"max-video-preview:-1"},"canonical":"https:\/\/tecplan.com.es\/en\/product\/serie-670-de-punto-a-punto-multibanda\/","og_locale":"en_US","og_type":"article","og_title":"Serie 670 de punto a punto multibanda - Tecplan","og_description":"Los sistemas PTP 670 brindan flexibilidad multibanda de 4,9 a 6,05 GHz en una sola radio y funcionan en tama\u00f1os de canal de 5 a 45 MHz.","og_url":"https:\/\/tecplan.com.es\/en\/product\/serie-670-de-punto-a-punto-multibanda\/","og_site_name":"Tecplan","article_modified_time":"2025-07-21T22:30:59+00:00","og_image":[{"width":2000,"height":2000,"url":"https:\/\/tecplan.com.es\/wp-content\/uploads\/2025\/07\/PTP-670-03.jpg","type":"image\/jpeg"}],"twitter_card":"summary_large_image","twitter_misc":{"Est. reading time":"2 minutes"},"schema":{"@context":"https:\/\/schema.org","@graph":[{"@type":"WebPage","@id":"https:\/\/tecplan.com.es\/product\/serie-670-de-punto-a-punto-multibanda\/","url":"https:\/\/tecplan.com.es\/product\/serie-670-de-punto-a-punto-multibanda\/","name":"Serie 670 de punto a punto multibanda - Tecplan","isPartOf":{"@id":"https:\/\/tecplan.com.es\/#website"},"primaryImageOfPage":{"@id":"https:\/\/tecplan.com.es\/product\/serie-670-de-punto-a-punto-multibanda\/#primaryimage"},"image":{"@id":"https:\/\/tecplan.com.es\/product\/serie-670-de-punto-a-punto-multibanda\/#primaryimage"},"thumbnailUrl":"https:\/\/tecplan.com.es\/wp-content\/uploads\/2025\/07\/PTP-670-03.jpg","datePublished":"2025-07-21T22:16:27+00:00","dateModified":"2025-07-21T22:30:59+00:00","breadcrumb":{"@id":"https:\/\/tecplan.com.es\/product\/serie-670-de-punto-a-punto-multibanda\/#breadcrumb"},"inLanguage":"en-US","potentialAction":[{"@type":"ReadAction","target":["https:\/\/tecplan.com.es\/product\/serie-670-de-punto-a-punto-multibanda\/"]}]},{"@type":"ImageObject","inLanguage":"en-US","@id":"https:\/\/tecplan.com.es\/product\/serie-670-de-punto-a-punto-multibanda\/#primaryimage","url":"https:\/\/tecplan.com.es\/wp-content\/uploads\/2025\/07\/PTP-670-03.jpg","contentUrl":"https:\/\/tecplan.com.es\/wp-content\/uploads\/2025\/07\/PTP-670-03.jpg","width":2000,"height":2000},{"@type":"BreadcrumbList","@id":"https:\/\/tecplan.com.es\/product\/serie-670-de-punto-a-punto-multibanda\/#breadcrumb","itemListElement":[{"@type":"ListItem","position":1,"name":"Home","item":"https:\/\/tecplan.com.es\/"},{"@type":"ListItem","position":2,"name":"Shop","item":"https:\/\/tecplan.com.es\/shop\/"},{"@type":"ListItem","position":3,"name":"Serie 670 de punto a punto multibanda"}]},{"@type":"WebSite","@id":"https:\/\/tecplan.com.es\/#website","url":"https:\/\/tecplan.com.es\/","name":"Tecplan","description":"","potentialAction":[{"@type":"SearchAction","target":{"@type":"EntryPoint","urlTemplate":"https:\/\/tecplan.com.es\/?s={search_term_string}"},"query-input":{"@type":"PropertyValueSpecification","valueRequired":true,"valueName":"search_term_string"}}],"inLanguage":"en-US"}]}},"_links":{"self":[{"href":"https:\/\/tecplan.com.es\/en\/wp-json\/wp\/v2\/product\/2273","targetHints":{"allow":["GET"]}}],"collection":[{"href":"https:\/\/tecplan.com.es\/en\/wp-json\/wp\/v2\/product"}],"about":[{"href":"https:\/\/tecplan.com.es\/en\/wp-json\/wp\/v2\/types\/product"}],"replies":[{"embeddable":true,"href":"https:\/\/tecplan.com.es\/en\/wp-json\/wp\/v2\/comments?post=2273"}],"version-history":[{"count":1,"href":"https:\/\/tecplan.com.es\/en\/wp-json\/wp\/v2\/product\/2273\/revisions"}],"predecessor-version":[{"id":2277,"href":"https:\/\/tecplan.com.es\/en\/wp-json\/wp\/v2\/product\/2273\/revisions\/2277"}],"wp:featuredmedia":[{"embeddable":true,"href":"https:\/\/tecplan.com.es\/en\/wp-json\/wp\/v2\/media\/2274"}],"wp:attachment":[{"href":"https:\/\/tecplan.com.es\/en\/wp-json\/wp\/v2\/media?parent=2273"}],"wp:term":[{"taxonomy":"product_brand","embeddable":true,"href":"https:\/\/tecplan.com.es\/en\/wp-json\/wp\/v2\/product_brand?post=2273"},{"taxonomy":"product_cat","embeddable":true,"href":"https:\/\/tecplan.com.es\/en\/wp-json\/wp\/v2\/product_cat?post=2273"},{"taxonomy":"product_tag","embeddable":true,"href":"https:\/\/tecplan.com.es\/en\/wp-json\/wp\/v2\/product_tag?post=2273"}],"curies":[{"name":"wp","href":"https:\/\/api.w.org\/{rel}","templated":true}]}}