{"id":2255,"date":"2025-07-18T22:11:07","date_gmt":"2025-07-18T22:11:07","guid":{"rendered":"https:\/\/tecplan.com.es\/?post_type=product&#038;p=2255"},"modified":"2026-01-02T22:05:11","modified_gmt":"2026-01-02T22:05:11","slug":"switches-cnmatrix-series-ex1000","status":"publish","type":"product","link":"https:\/\/tecplan.com.es\/en\/product\/switches-cnmatrix-series-ex1000\/","title":{"rendered":"cnMatrix\u2122 EX1000 Series Switches"},"content":{"rendered":"<h6><strong>Interruptores de la serie cnMatrix\u2122 EX1000<\/strong><\/h6>\n<p style=\"text-align: justify;\">La plataforma de conmutaci\u00f3n de pr\u00f3xima generaci\u00f3n de Cambium Networks ofrece una soluci\u00f3n de conmutaci\u00f3n Ethernet de nivel empresarial, gestionada en la nube, de alto rendimiento y con numerosas funciones.<\/p>\n<p style=\"text-align: justify;\">Los equipos de TI, los MSP y los ISP deben proporcionar r\u00e1pidamente una experiencia de red \u00f3ptima para usuarios y dispositivos. Los operadores de red buscan simplicidad, flexibilidad y automatizaci\u00f3n para mejorar el rendimiento de la red, proporcionar una red confiable y confiable, y brindar una experiencia sin contacto al implementar nuevos servicios y\/o cambios en la red. Las soluciones de redes en la nube con Wi-Fi cnPilot\u2122, conmutaci\u00f3n cnMatrix\u2122 y administraci\u00f3n en la nube cnMaestro\u2122 de Cambium Networks brindan una experiencia de cliente \u00f3ptima mientras mantienen una seguridad s\u00f3lida y reducen los costos.<\/p>\n<p style=\"text-align: justify;\">Los conmutadores cnMatrix simplifican la implementaci\u00f3n y el funcionamiento de la red. Cuando se implementa con los puntos de acceso WLAhttps:\/\/crear.wa.link\/N cnPilot y el sistema de gesti\u00f3n cnMaestro, los operadores de red tienen una red de nivel empresarial unificada al\u00e1mbrica\/inal\u00e1mbrica asequible, rica en funciones y de alta calidad. cnMatrix de Cambium Networks mejora el rendimiento, la seguridad y la satisfacci\u00f3n del usuario final al mismo tiempo que reduce los costos.<\/p>\n<p><!--more--><\/p>\n<h5 style=\"text-align: justify;\"><span style=\"text-decoration: underline;\"><strong>DOWNLOADS<\/strong><\/span><\/h5>\n<ul style=\"text-align: justify;\">\n<li><a href=\"https:\/\/tecplan.com.sv\/wp-content\/uploads\/2023\/06\/CN_data_sheet_cnMatrix_EX1000_series-1-1.pdf\">\u2192 Technical specifications\u00a0\u00a0<\/a><\/li>\n<\/ul>","protected":false},"excerpt":{"rendered":"<p style=\"text-align: justify;\">Mejore el rendimiento de la red mientras reduce el tiempo y el costo de aprovisionamiento y administraci\u00f3n.<\/p>\n<p style=\"text-align: justify;\">\u2022 Implementaciones sin intervenci\u00f3n.<br \/>\n\u2022 Automatizaci\u00f3n basada en pol\u00edticas.<br \/>\n\u2022 Perfilado y segmentaci\u00f3n autom\u00e1tica de dispositivos.<br \/>\n\u2022 Arquitectura sin bloqueos y de velocidad de l\u00ednea con conmutaci\u00f3n L2 completa.<\/p>\n<p><img decoding=\"async\" class=\"wp-image-2261 aligncenter\" src=\"https:\/\/tecplan.com.es\/wp-content\/uploads\/2025\/07\/cambium_category__18006.original-300x131.png\" alt=\"\" width=\"153\" height=\"67\" srcset=\"https:\/\/tecplan.com.es\/wp-content\/uploads\/2025\/07\/cambium_category__18006.original-300x131.png 300w, https:\/\/tecplan.com.es\/wp-content\/uploads\/2025\/07\/cambium_category__18006.original-18x8.png 18w, https:\/\/tecplan.com.es\/wp-content\/uploads\/2025\/07\/cambium_category__18006.original.png 430w\" sizes=\"(max-width: 153px) 100vw, 153px\" \/><\/p>","protected":false},"featured_media":2258,"comment_status":"open","ping_status":"closed","template":"","meta":{"site-sidebar-layout":"default","site-content-layout":"","ast-site-content-layout":"default","site-content-style":"default","site-sidebar-style":"default","ast-global-header-display":"","ast-banner-title-visibility":"","ast-main-header-display":"","ast-hfb-above-header-display":"","ast-hfb-below-header-display":"","ast-hfb-mobile-header-display":"","site-post-title":"","ast-breadcrumbs-content":"","ast-featured-img":"","footer-sml-layout":"","ast-disable-related-posts":"","theme-transparent-header-meta":"default","adv-header-id-meta":"","stick-header-meta":"","header-above-stick-meta":"","header-main-stick-meta":"","header-below-stick-meta":"","astra-migrate-meta-layouts":"set","ast-page-background-enabled":"default","ast-page-background-meta":{"desktop":{"background-color":"var(--ast-global-color-5)","background-image":"","background-repeat":"repeat","background-position":"center center","background-size":"auto","background-attachment":"scroll","background-type":"","background-media":"","overlay-type":"","overlay-color":"","overlay-opacity":"","overlay-gradient":""},"tablet":{"background-color":"","background-image":"","background-repeat":"repeat","background-position":"center center","background-size":"auto","background-attachment":"scroll","background-type":"","background-media":"","overlay-type":"","overlay-color":"","overlay-opacity":"","overlay-gradient":""},"mobile":{"background-color":"","background-image":"","background-repeat":"repeat","background-position":"center center","background-size":"auto","background-attachment":"scroll","background-type":"","background-media":"","overlay-type":"","overlay-color":"","overlay-opacity":"","overlay-gradient":""}},"ast-content-background-meta":{"desktop":{"background-color":"var(--ast-global-color-4)","background-image":"","background-repeat":"repeat","background-position":"center center","background-size":"auto","background-attachment":"scroll","background-type":"","background-media":"","overlay-type":"","overlay-color":"","overlay-opacity":"","overlay-gradient":""},"tablet":{"background-color":"var(--ast-global-color-4)","background-image":"","background-repeat":"repeat","background-position":"center center","background-size":"auto","background-attachment":"scroll","background-type":"","background-media":"","overlay-type":"","overlay-color":"","overlay-opacity":"","overlay-gradient":""},"mobile":{"background-color":"var(--ast-global-color-4)","background-image":"","background-repeat":"repeat","background-position":"center center","background-size":"auto","background-attachment":"scroll","background-type":"","background-media":"","overlay-type":"","overlay-color":"","overlay-opacity":"","overlay-gradient":""}}},"product_brand":[245],"product_cat":[134,96,138],"product_tag":[210],"class_list":{"0":"post-2255","1":"product","2":"type-product","3":"status-publish","4":"has-post-thumbnail","6":"product_brand-cambium-networks","7":"product_cat-cambium-networks","8":"product_cat-networking","9":"product_cat-switch-cambium-networks","10":"product_tag-cambium-networks","11":"desktop-align-left","12":"tablet-align-left","13":"mobile-align-left","15":"first","16":"instock","17":"shipping-taxable","18":"product-type-simple"},"yoast_head":"<!-- This site is optimized with the Yoast SEO plugin v25.3 - https:\/\/yoast.com\/wordpress\/plugins\/seo\/ -->\n<title>Switches cnMatrix\u2122 Series EX1000 - Tecplan<\/title>\n<meta name=\"robots\" content=\"index, follow, max-snippet:-1, max-image-preview:large, max-video-preview:-1\" \/>\n<link rel=\"canonical\" href=\"https:\/\/tecplan.com.es\/en\/product\/switches-cnmatrix-series-ex1000\/\" \/>\n<meta property=\"og:locale\" content=\"en_US\" \/>\n<meta property=\"og:type\" content=\"article\" \/>\n<meta property=\"og:title\" content=\"Switches cnMatrix\u2122 Series EX1000 - Tecplan\" \/>\n<meta property=\"og:description\" content=\"Mejore el rendimiento de la red mientras reduce el tiempo y el costo de aprovisionamiento y administraci\u00f3n. \u2022 Implementaciones sin intervenci\u00f3n. \u2022 Automatizaci\u00f3n basada en pol\u00edticas. \u2022 Perfilado y segmentaci\u00f3n autom\u00e1tica de dispositivos. \u2022 Arquitectura sin bloqueos y de velocidad de l\u00ednea con conmutaci\u00f3n L2 completa.\" \/>\n<meta property=\"og:url\" content=\"https:\/\/tecplan.com.es\/en\/product\/switches-cnmatrix-series-ex1000\/\" \/>\n<meta property=\"og:site_name\" content=\"Tecplan\" \/>\n<meta property=\"article:modified_time\" content=\"2026-01-02T22:05:11+00:00\" \/>\n<meta property=\"og:image\" content=\"https:\/\/tecplan.com.es\/wp-content\/uploads\/2025\/07\/cnMatrix\u2122-EX1000-01.jpg\" \/>\n\t<meta property=\"og:image:width\" content=\"2000\" \/>\n\t<meta property=\"og:image:height\" content=\"2000\" \/>\n\t<meta property=\"og:image:type\" content=\"image\/jpeg\" \/>\n<meta name=\"twitter:card\" content=\"summary_large_image\" \/>\n<meta name=\"twitter:label1\" content=\"Est. reading time\" \/>\n\t<meta name=\"twitter:data1\" content=\"2 minutes\" \/>\n<script type=\"application\/ld+json\" class=\"yoast-schema-graph\">{\"@context\":\"https:\/\/schema.org\",\"@graph\":[{\"@type\":\"WebPage\",\"@id\":\"https:\/\/tecplan.com.es\/product\/switches-cnmatrix-series-ex1000\/\",\"url\":\"https:\/\/tecplan.com.es\/product\/switches-cnmatrix-series-ex1000\/\",\"name\":\"Switches cnMatrix\u2122 Series EX1000 - Tecplan\",\"isPartOf\":{\"@id\":\"https:\/\/tecplan.com.es\/#website\"},\"primaryImageOfPage\":{\"@id\":\"https:\/\/tecplan.com.es\/product\/switches-cnmatrix-series-ex1000\/#primaryimage\"},\"image\":{\"@id\":\"https:\/\/tecplan.com.es\/product\/switches-cnmatrix-series-ex1000\/#primaryimage\"},\"thumbnailUrl\":\"https:\/\/tecplan.com.es\/wp-content\/uploads\/2025\/07\/cnMatrix\u2122-EX1000-01.jpg\",\"datePublished\":\"2025-07-18T22:11:07+00:00\",\"dateModified\":\"2026-01-02T22:05:11+00:00\",\"breadcrumb\":{\"@id\":\"https:\/\/tecplan.com.es\/product\/switches-cnmatrix-series-ex1000\/#breadcrumb\"},\"inLanguage\":\"en-US\",\"potentialAction\":[{\"@type\":\"ReadAction\",\"target\":[\"https:\/\/tecplan.com.es\/product\/switches-cnmatrix-series-ex1000\/\"]}]},{\"@type\":\"ImageObject\",\"inLanguage\":\"en-US\",\"@id\":\"https:\/\/tecplan.com.es\/product\/switches-cnmatrix-series-ex1000\/#primaryimage\",\"url\":\"https:\/\/tecplan.com.es\/wp-content\/uploads\/2025\/07\/cnMatrix\u2122-EX1000-01.jpg\",\"contentUrl\":\"https:\/\/tecplan.com.es\/wp-content\/uploads\/2025\/07\/cnMatrix\u2122-EX1000-01.jpg\",\"width\":2000,\"height\":2000},{\"@type\":\"BreadcrumbList\",\"@id\":\"https:\/\/tecplan.com.es\/product\/switches-cnmatrix-series-ex1000\/#breadcrumb\",\"itemListElement\":[{\"@type\":\"ListItem\",\"position\":1,\"name\":\"Home\",\"item\":\"https:\/\/tecplan.com.es\/\"},{\"@type\":\"ListItem\",\"position\":2,\"name\":\"Shop\",\"item\":\"https:\/\/tecplan.com.es\/shop\/\"},{\"@type\":\"ListItem\",\"position\":3,\"name\":\"Switches cnMatrix\u2122 Series EX1000\"}]},{\"@type\":\"WebSite\",\"@id\":\"https:\/\/tecplan.com.es\/#website\",\"url\":\"https:\/\/tecplan.com.es\/\",\"name\":\"Tecplan\",\"description\":\"\",\"potentialAction\":[{\"@type\":\"SearchAction\",\"target\":{\"@type\":\"EntryPoint\",\"urlTemplate\":\"https:\/\/tecplan.com.es\/?s={search_term_string}\"},\"query-input\":{\"@type\":\"PropertyValueSpecification\",\"valueRequired\":true,\"valueName\":\"search_term_string\"}}],\"inLanguage\":\"en-US\"}]}<\/script>\n<!-- \/ Yoast SEO plugin. -->","yoast_head_json":{"title":"Switches cnMatrix\u2122 Series EX1000 - Tecplan","robots":{"index":"index","follow":"follow","max-snippet":"max-snippet:-1","max-image-preview":"max-image-preview:large","max-video-preview":"max-video-preview:-1"},"canonical":"https:\/\/tecplan.com.es\/en\/product\/switches-cnmatrix-series-ex1000\/","og_locale":"en_US","og_type":"article","og_title":"Switches cnMatrix\u2122 Series EX1000 - Tecplan","og_description":"Mejore el rendimiento de la red mientras reduce el tiempo y el costo de aprovisionamiento y administraci\u00f3n. \u2022 Implementaciones sin intervenci\u00f3n. \u2022 Automatizaci\u00f3n basada en pol\u00edticas. \u2022 Perfilado y segmentaci\u00f3n autom\u00e1tica de dispositivos. \u2022 Arquitectura sin bloqueos y de velocidad de l\u00ednea con conmutaci\u00f3n L2 completa.","og_url":"https:\/\/tecplan.com.es\/en\/product\/switches-cnmatrix-series-ex1000\/","og_site_name":"Tecplan","article_modified_time":"2026-01-02T22:05:11+00:00","og_image":[{"width":2000,"height":2000,"url":"https:\/\/tecplan.com.es\/wp-content\/uploads\/2025\/07\/cnMatrix\u2122-EX1000-01.jpg","type":"image\/jpeg"}],"twitter_card":"summary_large_image","twitter_misc":{"Est. reading time":"2 minutes"},"schema":{"@context":"https:\/\/schema.org","@graph":[{"@type":"WebPage","@id":"https:\/\/tecplan.com.es\/product\/switches-cnmatrix-series-ex1000\/","url":"https:\/\/tecplan.com.es\/product\/switches-cnmatrix-series-ex1000\/","name":"Switches cnMatrix\u2122 Series EX1000 - Tecplan","isPartOf":{"@id":"https:\/\/tecplan.com.es\/#website"},"primaryImageOfPage":{"@id":"https:\/\/tecplan.com.es\/product\/switches-cnmatrix-series-ex1000\/#primaryimage"},"image":{"@id":"https:\/\/tecplan.com.es\/product\/switches-cnmatrix-series-ex1000\/#primaryimage"},"thumbnailUrl":"https:\/\/tecplan.com.es\/wp-content\/uploads\/2025\/07\/cnMatrix\u2122-EX1000-01.jpg","datePublished":"2025-07-18T22:11:07+00:00","dateModified":"2026-01-02T22:05:11+00:00","breadcrumb":{"@id":"https:\/\/tecplan.com.es\/product\/switches-cnmatrix-series-ex1000\/#breadcrumb"},"inLanguage":"en-US","potentialAction":[{"@type":"ReadAction","target":["https:\/\/tecplan.com.es\/product\/switches-cnmatrix-series-ex1000\/"]}]},{"@type":"ImageObject","inLanguage":"en-US","@id":"https:\/\/tecplan.com.es\/product\/switches-cnmatrix-series-ex1000\/#primaryimage","url":"https:\/\/tecplan.com.es\/wp-content\/uploads\/2025\/07\/cnMatrix\u2122-EX1000-01.jpg","contentUrl":"https:\/\/tecplan.com.es\/wp-content\/uploads\/2025\/07\/cnMatrix\u2122-EX1000-01.jpg","width":2000,"height":2000},{"@type":"BreadcrumbList","@id":"https:\/\/tecplan.com.es\/product\/switches-cnmatrix-series-ex1000\/#breadcrumb","itemListElement":[{"@type":"ListItem","position":1,"name":"Home","item":"https:\/\/tecplan.com.es\/"},{"@type":"ListItem","position":2,"name":"Shop","item":"https:\/\/tecplan.com.es\/shop\/"},{"@type":"ListItem","position":3,"name":"Switches cnMatrix\u2122 Series EX1000"}]},{"@type":"WebSite","@id":"https:\/\/tecplan.com.es\/#website","url":"https:\/\/tecplan.com.es\/","name":"Tecplan","description":"","potentialAction":[{"@type":"SearchAction","target":{"@type":"EntryPoint","urlTemplate":"https:\/\/tecplan.com.es\/?s={search_term_string}"},"query-input":{"@type":"PropertyValueSpecification","valueRequired":true,"valueName":"search_term_string"}}],"inLanguage":"en-US"}]}},"_links":{"self":[{"href":"https:\/\/tecplan.com.es\/en\/wp-json\/wp\/v2\/product\/2255","targetHints":{"allow":["GET"]}}],"collection":[{"href":"https:\/\/tecplan.com.es\/en\/wp-json\/wp\/v2\/product"}],"about":[{"href":"https:\/\/tecplan.com.es\/en\/wp-json\/wp\/v2\/types\/product"}],"replies":[{"embeddable":true,"href":"https:\/\/tecplan.com.es\/en\/wp-json\/wp\/v2\/comments?post=2255"}],"version-history":[{"count":3,"href":"https:\/\/tecplan.com.es\/en\/wp-json\/wp\/v2\/product\/2255\/revisions"}],"predecessor-version":[{"id":2260,"href":"https:\/\/tecplan.com.es\/en\/wp-json\/wp\/v2\/product\/2255\/revisions\/2260"}],"wp:featuredmedia":[{"embeddable":true,"href":"https:\/\/tecplan.com.es\/en\/wp-json\/wp\/v2\/media\/2258"}],"wp:attachment":[{"href":"https:\/\/tecplan.com.es\/en\/wp-json\/wp\/v2\/media?parent=2255"}],"wp:term":[{"taxonomy":"product_brand","embeddable":true,"href":"https:\/\/tecplan.com.es\/en\/wp-json\/wp\/v2\/product_brand?post=2255"},{"taxonomy":"product_cat","embeddable":true,"href":"https:\/\/tecplan.com.es\/en\/wp-json\/wp\/v2\/product_cat?post=2255"},{"taxonomy":"product_tag","embeddable":true,"href":"https:\/\/tecplan.com.es\/en\/wp-json\/wp\/v2\/product_tag?post=2255"}],"curies":[{"name":"wp","href":"https:\/\/api.w.org\/{rel}","templated":true}]}}