{"id":2248,"date":"2025-07-18T22:01:42","date_gmt":"2025-07-18T22:01:42","guid":{"rendered":"https:\/\/tecplan.com.es\/?post_type=product&#038;p=2248"},"modified":"2025-10-13T22:46:51","modified_gmt":"2025-10-13T22:46:51","slug":"estacion-base-de-largo-alcance-dp750","status":"publish","type":"product","link":"https:\/\/tecplan.com.es\/en\/product\/estacion-base-de-largo-alcance-dp750\/","title":{"rendered":"DP750 Long Range Base Station"},"content":{"rendered":"<p style=\"text-align: justify;\">El DP750 crea una red DECT inmersiva para permitir un movimiento m\u00f3vil y eficiente en su organizaci\u00f3n. Se logra una poderosa soluci\u00f3n m\u00f3vil y flexibilidad para el usuario cuando se combina con hasta cinco tel\u00e9fonos de la serie DECT de Grandstream. El DP750 admite un alcance de hasta 300 metros en exteriores y 50 metros en interiores. Esta estaci\u00f3n base ofrece hasta 10 cuentas SIP y 5 llamadas simult\u00e1neas, al mismo tiempo que ofrece caracter\u00edsticas y funcionalidades esenciales de control de llamadas, como conferencias de 3 v\u00edas, desv\u00edo de llamadas y transferencia de llamadas. Se puede lograr una interacci\u00f3n unificada y fluida a trav\u00e9s del DP750, dando a todos los tel\u00e9fonos una cuenta SIP compartida desde el DP750. El DP750 admite una variedad de m\u00e9todos de aprovisionamiento autom\u00e1tico y seguridad de cifrado TLS\/SRTP\/HTTPS.<\/p>\n<h6><strong>Characteristics:<\/strong><\/h6>\n<ul>\n<li style=\"text-align: justify;\">Hasta 10 cuentas SIP por sistema;\u00a0hasta 10 l\u00edneas por tel\u00e9fono;\u00a0hasta 5 llamadas simult\u00e1neas por sistema DECT<\/li>\n<li style=\"text-align: justify;\">Admite un alcance de hasta 300 metros en exteriores y 50 metros en interiores<\/li>\n<li style=\"text-align: justify;\">Conferencia de voz de 3 v\u00edas, audio Full HD, PoE integrado<\/li>\n<li style=\"text-align: justify;\">Las opciones de aprovisionamiento automatizado incluyen TR-069 y archivos de configuraci\u00f3n XML<\/li>\n<li style=\"text-align: justify;\">Tecnolog\u00eda de cifrado de seguridad TLS y SRTP para proteger llamadas y cuentas<\/li>\n<li style=\"text-align: justify;\">\u00daselo con la serie UCM de IP PBX de Grandstream para el aprovisionamiento Zero Config<\/li>\n<li style=\"text-align: justify;\">Ofrece m\u00faltiples opciones de grupos de timbre, incluidos los modos circular, lineal, paralelo y compartido<\/li>\n<\/ul>\n<p><!--more--><\/p>\n<h5 style=\"text-align: justify;\"><span style=\"text-decoration: underline;\"><strong>DOWNLOADS<\/strong><\/span><\/h5>\n<ul style=\"text-align: justify;\">\n<li><a href=\"https:\/\/tecplan.com.sv\/wp-content\/uploads\/2023\/06\/datasheet_dp750_english.pdf\">\u2192 Technical specifications <\/a><\/li>\n<\/ul>","protected":false},"excerpt":{"rendered":"<p style=\"text-align: justify;\">Implemente un entorno DECT inmersivo que permita a los usuarios comunicarse libremente desde su escritorio utilizando los tel\u00e9fonos inal\u00e1mbricos DECT de Grandstream. El DP750 se empareja con hasta cinco tel\u00e9fonos de la serie DECT para crear una soluci\u00f3n de red potente y m\u00f3vil.<\/p>\n<p><img decoding=\"async\" class=\"wp-image-2022 aligncenter\" src=\"https:\/\/tecplan.com.es\/wp-content\/uploads\/2025\/06\/Grandstream-logo-300x77.png\" alt=\"\" width=\"191\" height=\"49\" srcset=\"https:\/\/tecplan.com.es\/wp-content\/uploads\/2025\/06\/Grandstream-logo-300x77.png 300w, https:\/\/tecplan.com.es\/wp-content\/uploads\/2025\/06\/Grandstream-logo-1024x262.png 1024w, https:\/\/tecplan.com.es\/wp-content\/uploads\/2025\/06\/Grandstream-logo-768x197.png 768w, https:\/\/tecplan.com.es\/wp-content\/uploads\/2025\/06\/Grandstream-logo-18x5.png 18w, https:\/\/tecplan.com.es\/wp-content\/uploads\/2025\/06\/Grandstream-logo-600x154.png 600w, https:\/\/tecplan.com.es\/wp-content\/uploads\/2025\/06\/Grandstream-logo.png 1321w\" sizes=\"(max-width: 191px) 100vw, 191px\" \/><\/p>","protected":false},"featured_media":2249,"comment_status":"open","ping_status":"closed","template":"","meta":{"site-sidebar-layout":"default","site-content-layout":"","ast-site-content-layout":"default","site-content-style":"default","site-sidebar-style":"default","ast-global-header-display":"","ast-banner-title-visibility":"","ast-main-header-display":"","ast-hfb-above-header-display":"","ast-hfb-below-header-display":"","ast-hfb-mobile-header-display":"","site-post-title":"","ast-breadcrumbs-content":"","ast-featured-img":"","footer-sml-layout":"","ast-disable-related-posts":"","theme-transparent-header-meta":"default","adv-header-id-meta":"","stick-header-meta":"","header-above-stick-meta":"","header-main-stick-meta":"","header-below-stick-meta":"","astra-migrate-meta-layouts":"set","ast-page-background-enabled":"default","ast-page-background-meta":{"desktop":{"background-color":"var(--ast-global-color-5)","background-image":"","background-repeat":"repeat","background-position":"center center","background-size":"auto","background-attachment":"scroll","background-type":"","background-media":"","overlay-type":"","overlay-color":"","overlay-opacity":"","overlay-gradient":""},"tablet":{"background-color":"","background-image":"","background-repeat":"repeat","background-position":"center center","background-size":"auto","background-attachment":"scroll","background-type":"","background-media":"","overlay-type":"","overlay-color":"","overlay-opacity":"","overlay-gradient":""},"mobile":{"background-color":"","background-image":"","background-repeat":"repeat","background-position":"center center","background-size":"auto","background-attachment":"scroll","background-type":"","background-media":"","overlay-type":"","overlay-color":"","overlay-opacity":"","overlay-gradient":""}},"ast-content-background-meta":{"desktop":{"background-color":"var(--ast-global-color-4)","background-image":"","background-repeat":"repeat","background-position":"center center","background-size":"auto","background-attachment":"scroll","background-type":"","background-media":"","overlay-type":"","overlay-color":"","overlay-opacity":"","overlay-gradient":""},"tablet":{"background-color":"var(--ast-global-color-4)","background-image":"","background-repeat":"repeat","background-position":"center center","background-size":"auto","background-attachment":"scroll","background-type":"","background-media":"","overlay-type":"","overlay-color":"","overlay-opacity":"","overlay-gradient":""},"mobile":{"background-color":"var(--ast-global-color-4)","background-image":"","background-repeat":"repeat","background-position":"center center","background-size":"auto","background-attachment":"scroll","background-type":"","background-media":"","overlay-type":"","overlay-color":"","overlay-opacity":"","overlay-gradient":""}}},"product_brand":[238],"product_cat":[152,153,142],"product_tag":[220],"class_list":{"0":"post-2248","1":"product","2":"type-product","3":"status-publish","4":"has-post-thumbnail","6":"product_brand-grandstream","7":"product_cat-grandstream","8":"product_cat-otros-grandstream","9":"product_cat-telefonia","10":"product_tag-grandstream","11":"desktop-align-left","12":"tablet-align-left","13":"mobile-align-left","15":"first","16":"instock","17":"shipping-taxable","18":"product-type-simple"},"yoast_head":"<!-- This site is optimized with the Yoast SEO plugin v25.3 - https:\/\/yoast.com\/wordpress\/plugins\/seo\/ -->\n<title>Estaci\u00f3n base de largo alcance DP750 - Tecplan<\/title>\n<meta name=\"robots\" content=\"index, follow, max-snippet:-1, max-image-preview:large, max-video-preview:-1\" \/>\n<link rel=\"canonical\" href=\"https:\/\/tecplan.com.es\/en\/product\/estacion-base-de-largo-alcance-dp750\/\" \/>\n<meta property=\"og:locale\" content=\"en_US\" \/>\n<meta property=\"og:type\" content=\"article\" \/>\n<meta property=\"og:title\" content=\"Estaci\u00f3n base de largo alcance DP750 - Tecplan\" \/>\n<meta property=\"og:description\" content=\"Implemente un entorno DECT inmersivo que permita a los usuarios comunicarse libremente desde su escritorio utilizando los tel\u00e9fonos inal\u00e1mbricos DECT de Grandstream. El DP750 se empareja con hasta cinco tel\u00e9fonos de la serie DECT para crear una soluci\u00f3n de red potente y m\u00f3vil.\" \/>\n<meta property=\"og:url\" content=\"https:\/\/tecplan.com.es\/en\/product\/estacion-base-de-largo-alcance-dp750\/\" \/>\n<meta property=\"og:site_name\" content=\"Tecplan\" \/>\n<meta property=\"article:modified_time\" content=\"2025-10-13T22:46:51+00:00\" \/>\n<meta property=\"og:image\" content=\"https:\/\/tecplan.com.es\/wp-content\/uploads\/2025\/07\/DP750-04-600x600-1.jpg\" \/>\n\t<meta property=\"og:image:width\" content=\"600\" \/>\n\t<meta property=\"og:image:height\" content=\"600\" \/>\n\t<meta property=\"og:image:type\" content=\"image\/jpeg\" \/>\n<meta name=\"twitter:card\" content=\"summary_large_image\" \/>\n<meta name=\"twitter:label1\" content=\"Est. reading time\" \/>\n\t<meta name=\"twitter:data1\" content=\"2 minutes\" \/>\n<script type=\"application\/ld+json\" class=\"yoast-schema-graph\">{\"@context\":\"https:\/\/schema.org\",\"@graph\":[{\"@type\":\"WebPage\",\"@id\":\"https:\/\/tecplan.com.es\/product\/estacion-base-de-largo-alcance-dp750\/\",\"url\":\"https:\/\/tecplan.com.es\/product\/estacion-base-de-largo-alcance-dp750\/\",\"name\":\"Estaci\u00f3n base de largo alcance DP750 - Tecplan\",\"isPartOf\":{\"@id\":\"https:\/\/tecplan.com.es\/#website\"},\"primaryImageOfPage\":{\"@id\":\"https:\/\/tecplan.com.es\/product\/estacion-base-de-largo-alcance-dp750\/#primaryimage\"},\"image\":{\"@id\":\"https:\/\/tecplan.com.es\/product\/estacion-base-de-largo-alcance-dp750\/#primaryimage\"},\"thumbnailUrl\":\"https:\/\/tecplan.com.es\/wp-content\/uploads\/2025\/07\/DP750-04-600x600-1.jpg\",\"datePublished\":\"2025-07-18T22:01:42+00:00\",\"dateModified\":\"2025-10-13T22:46:51+00:00\",\"breadcrumb\":{\"@id\":\"https:\/\/tecplan.com.es\/product\/estacion-base-de-largo-alcance-dp750\/#breadcrumb\"},\"inLanguage\":\"en-US\",\"potentialAction\":[{\"@type\":\"ReadAction\",\"target\":[\"https:\/\/tecplan.com.es\/product\/estacion-base-de-largo-alcance-dp750\/\"]}]},{\"@type\":\"ImageObject\",\"inLanguage\":\"en-US\",\"@id\":\"https:\/\/tecplan.com.es\/product\/estacion-base-de-largo-alcance-dp750\/#primaryimage\",\"url\":\"https:\/\/tecplan.com.es\/wp-content\/uploads\/2025\/07\/DP750-04-600x600-1.jpg\",\"contentUrl\":\"https:\/\/tecplan.com.es\/wp-content\/uploads\/2025\/07\/DP750-04-600x600-1.jpg\",\"width\":600,\"height\":600},{\"@type\":\"BreadcrumbList\",\"@id\":\"https:\/\/tecplan.com.es\/product\/estacion-base-de-largo-alcance-dp750\/#breadcrumb\",\"itemListElement\":[{\"@type\":\"ListItem\",\"position\":1,\"name\":\"Home\",\"item\":\"https:\/\/tecplan.com.es\/\"},{\"@type\":\"ListItem\",\"position\":2,\"name\":\"Shop\",\"item\":\"https:\/\/tecplan.com.es\/shop\/\"},{\"@type\":\"ListItem\",\"position\":3,\"name\":\"Estaci\u00f3n base de largo alcance DP750\"}]},{\"@type\":\"WebSite\",\"@id\":\"https:\/\/tecplan.com.es\/#website\",\"url\":\"https:\/\/tecplan.com.es\/\",\"name\":\"Tecplan\",\"description\":\"\",\"potentialAction\":[{\"@type\":\"SearchAction\",\"target\":{\"@type\":\"EntryPoint\",\"urlTemplate\":\"https:\/\/tecplan.com.es\/?s={search_term_string}\"},\"query-input\":{\"@type\":\"PropertyValueSpecification\",\"valueRequired\":true,\"valueName\":\"search_term_string\"}}],\"inLanguage\":\"en-US\"}]}<\/script>\n<!-- \/ Yoast SEO plugin. -->","yoast_head_json":{"title":"Estaci\u00f3n base de largo alcance DP750 - Tecplan","robots":{"index":"index","follow":"follow","max-snippet":"max-snippet:-1","max-image-preview":"max-image-preview:large","max-video-preview":"max-video-preview:-1"},"canonical":"https:\/\/tecplan.com.es\/en\/product\/estacion-base-de-largo-alcance-dp750\/","og_locale":"en_US","og_type":"article","og_title":"Estaci\u00f3n base de largo alcance DP750 - Tecplan","og_description":"Implemente un entorno DECT inmersivo que permita a los usuarios comunicarse libremente desde su escritorio utilizando los tel\u00e9fonos inal\u00e1mbricos DECT de Grandstream. El DP750 se empareja con hasta cinco tel\u00e9fonos de la serie DECT para crear una soluci\u00f3n de red potente y m\u00f3vil.","og_url":"https:\/\/tecplan.com.es\/en\/product\/estacion-base-de-largo-alcance-dp750\/","og_site_name":"Tecplan","article_modified_time":"2025-10-13T22:46:51+00:00","og_image":[{"width":600,"height":600,"url":"https:\/\/tecplan.com.es\/wp-content\/uploads\/2025\/07\/DP750-04-600x600-1.jpg","type":"image\/jpeg"}],"twitter_card":"summary_large_image","twitter_misc":{"Est. reading time":"2 minutes"},"schema":{"@context":"https:\/\/schema.org","@graph":[{"@type":"WebPage","@id":"https:\/\/tecplan.com.es\/product\/estacion-base-de-largo-alcance-dp750\/","url":"https:\/\/tecplan.com.es\/product\/estacion-base-de-largo-alcance-dp750\/","name":"Estaci\u00f3n base de largo alcance DP750 - Tecplan","isPartOf":{"@id":"https:\/\/tecplan.com.es\/#website"},"primaryImageOfPage":{"@id":"https:\/\/tecplan.com.es\/product\/estacion-base-de-largo-alcance-dp750\/#primaryimage"},"image":{"@id":"https:\/\/tecplan.com.es\/product\/estacion-base-de-largo-alcance-dp750\/#primaryimage"},"thumbnailUrl":"https:\/\/tecplan.com.es\/wp-content\/uploads\/2025\/07\/DP750-04-600x600-1.jpg","datePublished":"2025-07-18T22:01:42+00:00","dateModified":"2025-10-13T22:46:51+00:00","breadcrumb":{"@id":"https:\/\/tecplan.com.es\/product\/estacion-base-de-largo-alcance-dp750\/#breadcrumb"},"inLanguage":"en-US","potentialAction":[{"@type":"ReadAction","target":["https:\/\/tecplan.com.es\/product\/estacion-base-de-largo-alcance-dp750\/"]}]},{"@type":"ImageObject","inLanguage":"en-US","@id":"https:\/\/tecplan.com.es\/product\/estacion-base-de-largo-alcance-dp750\/#primaryimage","url":"https:\/\/tecplan.com.es\/wp-content\/uploads\/2025\/07\/DP750-04-600x600-1.jpg","contentUrl":"https:\/\/tecplan.com.es\/wp-content\/uploads\/2025\/07\/DP750-04-600x600-1.jpg","width":600,"height":600},{"@type":"BreadcrumbList","@id":"https:\/\/tecplan.com.es\/product\/estacion-base-de-largo-alcance-dp750\/#breadcrumb","itemListElement":[{"@type":"ListItem","position":1,"name":"Home","item":"https:\/\/tecplan.com.es\/"},{"@type":"ListItem","position":2,"name":"Shop","item":"https:\/\/tecplan.com.es\/shop\/"},{"@type":"ListItem","position":3,"name":"Estaci\u00f3n base de largo alcance DP750"}]},{"@type":"WebSite","@id":"https:\/\/tecplan.com.es\/#website","url":"https:\/\/tecplan.com.es\/","name":"Tecplan","description":"","potentialAction":[{"@type":"SearchAction","target":{"@type":"EntryPoint","urlTemplate":"https:\/\/tecplan.com.es\/?s={search_term_string}"},"query-input":{"@type":"PropertyValueSpecification","valueRequired":true,"valueName":"search_term_string"}}],"inLanguage":"en-US"}]}},"_links":{"self":[{"href":"https:\/\/tecplan.com.es\/en\/wp-json\/wp\/v2\/product\/2248","targetHints":{"allow":["GET"]}}],"collection":[{"href":"https:\/\/tecplan.com.es\/en\/wp-json\/wp\/v2\/product"}],"about":[{"href":"https:\/\/tecplan.com.es\/en\/wp-json\/wp\/v2\/types\/product"}],"replies":[{"embeddable":true,"href":"https:\/\/tecplan.com.es\/en\/wp-json\/wp\/v2\/comments?post=2248"}],"version-history":[{"count":2,"href":"https:\/\/tecplan.com.es\/en\/wp-json\/wp\/v2\/product\/2248\/revisions"}],"predecessor-version":[{"id":2254,"href":"https:\/\/tecplan.com.es\/en\/wp-json\/wp\/v2\/product\/2248\/revisions\/2254"}],"wp:featuredmedia":[{"embeddable":true,"href":"https:\/\/tecplan.com.es\/en\/wp-json\/wp\/v2\/media\/2249"}],"wp:attachment":[{"href":"https:\/\/tecplan.com.es\/en\/wp-json\/wp\/v2\/media?parent=2248"}],"wp:term":[{"taxonomy":"product_brand","embeddable":true,"href":"https:\/\/tecplan.com.es\/en\/wp-json\/wp\/v2\/product_brand?post=2248"},{"taxonomy":"product_cat","embeddable":true,"href":"https:\/\/tecplan.com.es\/en\/wp-json\/wp\/v2\/product_cat?post=2248"},{"taxonomy":"product_tag","embeddable":true,"href":"https:\/\/tecplan.com.es\/en\/wp-json\/wp\/v2\/product_tag?post=2248"}],"curies":[{"name":"wp","href":"https:\/\/api.w.org\/{rel}","templated":true}]}}