{"id":2240,"date":"2025-07-18T21:23:47","date_gmt":"2025-07-18T21:23:47","guid":{"rendered":"https:\/\/tecplan.com.es\/?post_type=product&#038;p=2240"},"modified":"2025-10-13T22:44:37","modified_gmt":"2025-10-13T22:44:37","slug":"telefono-hd-dect-inalambrico-dp720","status":"publish","type":"product","link":"https:\/\/tecplan.com.es\/en\/product\/telefono-hd-dect-inalambrico-dp720\/","title":{"rendered":"DP720 HD DECT Cordless Phone"},"content":{"rendered":"<p style=\"text-align: justify;\">El DP720 permite al usuario liberarse de su escritorio y moverse libre y eficientemente por el entorno de trabajo.\u00a0Cuando se combina con el DP750 de Grandstream, el DP720 ofrece una soluci\u00f3n VoIP m\u00f3vil para cualquier usuario comercial o residencial.\u00a0Este tel\u00e9fono m\u00f3vil DECT es la opci\u00f3n ideal para los usuarios que buscan ser m\u00f3viles y tener acceso a funciones esenciales de control de llamadas.\u00a0Se pueden emparejar hasta 5 tel\u00e9fonos DP720 con una sola estaci\u00f3n base DECT DP750, y cada uno admite hasta 10 cuentas SIP, audio Full HD, un conector para auriculares de 3,5 mm, compatibilidad con varios idiomas, un altavoz y m\u00e1s.<\/p>\n<h6><strong>Characteristics:<\/strong><\/h6>\n<div class=\"hs-embed-wrapper\" data-service=\"youtube\" data-responsive=\"true\">\n<div class=\"hs-embed-content-wrapper\">\n<ul>\n<li style=\"text-align: justify;\">Compatible con la estaci\u00f3n base DECT DP750 de Grandstream<\/li>\n<li style=\"text-align: justify;\">Cada DP750 admite 5 tel\u00e9fonos DP720<\/li>\n<li style=\"text-align: justify;\">Admite un alcance de 300 metros en exteriores y 50 metros en interiores desde la estaci\u00f3n base DP750<\/li>\n<li style=\"text-align: justify;\">Admite hasta 10 cuentas SIP por tel\u00e9fono<\/li>\n<li style=\"text-align: justify;\">Audio Full HD tanto en el altavoz como en el auricular<\/li>\n<li style=\"text-align: justify;\">Conector para auriculares de 3,5 mm, conferencia de voz de 3 v\u00edas<\/li>\n<li style=\"text-align: justify;\">Las opciones de aprovisionamiento automatizado incluyen TR-069 y archivos de configuraci\u00f3n XML<\/li>\n<li style=\"text-align: justify;\">Tecnolog\u00eda de encriptaci\u00f3n y autenticaci\u00f3n DECT para proteger las llamadas y la cuenta<\/li>\n<\/ul>\n<\/div>\n<\/div>\n<p><!--more--><\/p>\n<h5 style=\"text-align: justify;\"><span style=\"text-decoration: underline;\"><strong>DOWNLOADS<\/strong><\/span><\/h5>\n<ul style=\"text-align: justify;\">\n<li><a href=\"https:\/\/tecplan.com.sv\/wp-content\/uploads\/2023\/06\/DP720-Datasheet-Grandstream.pdf\">\u2192 Technical specifications\u00a0<\/a><\/li>\n<\/ul>","protected":false},"excerpt":{"rendered":"<p style=\"text-align: justify;\">Utilice la movilidad y la eficacia de las llamadas para aumentar la productividad en cualquier red de comunicaciones.\u00a0El tel\u00e9fono m\u00f3vil DECT DP720 es la soluci\u00f3n perfecta para cualquier negocio, almac\u00e9n, tienda minorista o entorno residencial.\u00a0Es compatible con la estaci\u00f3n base VoIP DECT DP750 de Grandstream.<\/p>\n<p><img decoding=\"async\" class=\"wp-image-2022 aligncenter\" src=\"https:\/\/tecplan.com.es\/wp-content\/uploads\/2025\/06\/Grandstream-logo-300x77.png\" alt=\"\" width=\"218\" height=\"56\" srcset=\"https:\/\/tecplan.com.es\/wp-content\/uploads\/2025\/06\/Grandstream-logo-300x77.png 300w, https:\/\/tecplan.com.es\/wp-content\/uploads\/2025\/06\/Grandstream-logo-1024x262.png 1024w, https:\/\/tecplan.com.es\/wp-content\/uploads\/2025\/06\/Grandstream-logo-768x197.png 768w, https:\/\/tecplan.com.es\/wp-content\/uploads\/2025\/06\/Grandstream-logo-18x5.png 18w, https:\/\/tecplan.com.es\/wp-content\/uploads\/2025\/06\/Grandstream-logo-600x154.png 600w, https:\/\/tecplan.com.es\/wp-content\/uploads\/2025\/06\/Grandstream-logo.png 1321w\" sizes=\"(max-width: 218px) 100vw, 218px\" \/><\/p>","protected":false},"featured_media":2241,"comment_status":"open","ping_status":"closed","template":"","meta":{"site-sidebar-layout":"default","site-content-layout":"","ast-site-content-layout":"default","site-content-style":"default","site-sidebar-style":"default","ast-global-header-display":"","ast-banner-title-visibility":"","ast-main-header-display":"","ast-hfb-above-header-display":"","ast-hfb-below-header-display":"","ast-hfb-mobile-header-display":"","site-post-title":"","ast-breadcrumbs-content":"","ast-featured-img":"","footer-sml-layout":"","ast-disable-related-posts":"","theme-transparent-header-meta":"default","adv-header-id-meta":"","stick-header-meta":"","header-above-stick-meta":"","header-main-stick-meta":"","header-below-stick-meta":"","astra-migrate-meta-layouts":"set","ast-page-background-enabled":"default","ast-page-background-meta":{"desktop":{"background-color":"var(--ast-global-color-5)","background-image":"","background-repeat":"repeat","background-position":"center center","background-size":"auto","background-attachment":"scroll","background-type":"","background-media":"","overlay-type":"","overlay-color":"","overlay-opacity":"","overlay-gradient":""},"tablet":{"background-color":"","background-image":"","background-repeat":"repeat","background-position":"center center","background-size":"auto","background-attachment":"scroll","background-type":"","background-media":"","overlay-type":"","overlay-color":"","overlay-opacity":"","overlay-gradient":""},"mobile":{"background-color":"","background-image":"","background-repeat":"repeat","background-position":"center center","background-size":"auto","background-attachment":"scroll","background-type":"","background-media":"","overlay-type":"","overlay-color":"","overlay-opacity":"","overlay-gradient":""}},"ast-content-background-meta":{"desktop":{"background-color":"var(--ast-global-color-4)","background-image":"","background-repeat":"repeat","background-position":"center center","background-size":"auto","background-attachment":"scroll","background-type":"","background-media":"","overlay-type":"","overlay-color":"","overlay-opacity":"","overlay-gradient":""},"tablet":{"background-color":"var(--ast-global-color-4)","background-image":"","background-repeat":"repeat","background-position":"center center","background-size":"auto","background-attachment":"scroll","background-type":"","background-media":"","overlay-type":"","overlay-color":"","overlay-opacity":"","overlay-gradient":""},"mobile":{"background-color":"var(--ast-global-color-4)","background-image":"","background-repeat":"repeat","background-position":"center center","background-size":"auto","background-attachment":"scroll","background-type":"","background-media":"","overlay-type":"","overlay-color":"","overlay-opacity":"","overlay-gradient":""}}},"product_brand":[238],"product_cat":[152,153,142,155],"product_tag":[220],"class_list":{"0":"post-2240","1":"product","2":"type-product","3":"status-publish","4":"has-post-thumbnail","6":"product_brand-grandstream","7":"product_cat-grandstream","8":"product_cat-otros-grandstream","9":"product_cat-telefonia","10":"product_cat-telefonos-ip-grandstream","11":"product_tag-grandstream","12":"desktop-align-left","13":"tablet-align-left","14":"mobile-align-left","16":"first","17":"instock","18":"shipping-taxable","19":"product-type-simple"},"yoast_head":"<!-- This site is optimized with the Yoast SEO plugin v25.3 - https:\/\/yoast.com\/wordpress\/plugins\/seo\/ -->\n<title>Tel\u00e9fono HD DECT Inal\u00e1mbrico DP720 - Tecplan<\/title>\n<meta name=\"robots\" content=\"index, follow, max-snippet:-1, max-image-preview:large, max-video-preview:-1\" \/>\n<link rel=\"canonical\" href=\"https:\/\/tecplan.com.es\/en\/product\/telefono-hd-dect-inalambrico-dp720\/\" \/>\n<meta property=\"og:locale\" content=\"en_US\" \/>\n<meta property=\"og:type\" content=\"article\" \/>\n<meta property=\"og:title\" content=\"Tel\u00e9fono HD DECT Inal\u00e1mbrico DP720 - Tecplan\" \/>\n<meta property=\"og:description\" content=\"Utilice la movilidad y la eficacia de las llamadas para aumentar la productividad en cualquier red de comunicaciones.\u00a0El tel\u00e9fono m\u00f3vil DECT DP720 es la soluci\u00f3n perfecta para cualquier negocio, almac\u00e9n, tienda minorista o entorno residencial.\u00a0Es compatible con la estaci\u00f3n base VoIP DECT DP750 de Grandstream.\" \/>\n<meta property=\"og:url\" content=\"https:\/\/tecplan.com.es\/en\/product\/telefono-hd-dect-inalambrico-dp720\/\" \/>\n<meta property=\"og:site_name\" content=\"Tecplan\" \/>\n<meta property=\"article:modified_time\" content=\"2025-10-13T22:44:37+00:00\" \/>\n<meta property=\"og:image\" content=\"https:\/\/tecplan.com.es\/wp-content\/uploads\/2025\/07\/DP720-04-600x600-1.jpg\" \/>\n\t<meta property=\"og:image:width\" content=\"600\" \/>\n\t<meta property=\"og:image:height\" content=\"600\" \/>\n\t<meta property=\"og:image:type\" content=\"image\/jpeg\" \/>\n<meta name=\"twitter:card\" content=\"summary_large_image\" \/>\n<meta name=\"twitter:label1\" content=\"Est. reading time\" \/>\n\t<meta name=\"twitter:data1\" content=\"2 minutes\" \/>\n<script type=\"application\/ld+json\" class=\"yoast-schema-graph\">{\"@context\":\"https:\/\/schema.org\",\"@graph\":[{\"@type\":\"WebPage\",\"@id\":\"https:\/\/tecplan.com.es\/product\/telefono-hd-dect-inalambrico-dp720\/\",\"url\":\"https:\/\/tecplan.com.es\/product\/telefono-hd-dect-inalambrico-dp720\/\",\"name\":\"Tel\u00e9fono HD DECT Inal\u00e1mbrico DP720 - Tecplan\",\"isPartOf\":{\"@id\":\"https:\/\/tecplan.com.es\/#website\"},\"primaryImageOfPage\":{\"@id\":\"https:\/\/tecplan.com.es\/product\/telefono-hd-dect-inalambrico-dp720\/#primaryimage\"},\"image\":{\"@id\":\"https:\/\/tecplan.com.es\/product\/telefono-hd-dect-inalambrico-dp720\/#primaryimage\"},\"thumbnailUrl\":\"https:\/\/tecplan.com.es\/wp-content\/uploads\/2025\/07\/DP720-04-600x600-1.jpg\",\"datePublished\":\"2025-07-18T21:23:47+00:00\",\"dateModified\":\"2025-10-13T22:44:37+00:00\",\"breadcrumb\":{\"@id\":\"https:\/\/tecplan.com.es\/product\/telefono-hd-dect-inalambrico-dp720\/#breadcrumb\"},\"inLanguage\":\"en-US\",\"potentialAction\":[{\"@type\":\"ReadAction\",\"target\":[\"https:\/\/tecplan.com.es\/product\/telefono-hd-dect-inalambrico-dp720\/\"]}]},{\"@type\":\"ImageObject\",\"inLanguage\":\"en-US\",\"@id\":\"https:\/\/tecplan.com.es\/product\/telefono-hd-dect-inalambrico-dp720\/#primaryimage\",\"url\":\"https:\/\/tecplan.com.es\/wp-content\/uploads\/2025\/07\/DP720-04-600x600-1.jpg\",\"contentUrl\":\"https:\/\/tecplan.com.es\/wp-content\/uploads\/2025\/07\/DP720-04-600x600-1.jpg\",\"width\":600,\"height\":600},{\"@type\":\"BreadcrumbList\",\"@id\":\"https:\/\/tecplan.com.es\/product\/telefono-hd-dect-inalambrico-dp720\/#breadcrumb\",\"itemListElement\":[{\"@type\":\"ListItem\",\"position\":1,\"name\":\"Home\",\"item\":\"https:\/\/tecplan.com.es\/\"},{\"@type\":\"ListItem\",\"position\":2,\"name\":\"Shop\",\"item\":\"https:\/\/tecplan.com.es\/shop\/\"},{\"@type\":\"ListItem\",\"position\":3,\"name\":\"Tel\u00e9fono HD DECT Inal\u00e1mbrico DP720\"}]},{\"@type\":\"WebSite\",\"@id\":\"https:\/\/tecplan.com.es\/#website\",\"url\":\"https:\/\/tecplan.com.es\/\",\"name\":\"Tecplan\",\"description\":\"\",\"potentialAction\":[{\"@type\":\"SearchAction\",\"target\":{\"@type\":\"EntryPoint\",\"urlTemplate\":\"https:\/\/tecplan.com.es\/?s={search_term_string}\"},\"query-input\":{\"@type\":\"PropertyValueSpecification\",\"valueRequired\":true,\"valueName\":\"search_term_string\"}}],\"inLanguage\":\"en-US\"}]}<\/script>\n<!-- \/ Yoast SEO plugin. -->","yoast_head_json":{"title":"Tel\u00e9fono HD DECT Inal\u00e1mbrico DP720 - Tecplan","robots":{"index":"index","follow":"follow","max-snippet":"max-snippet:-1","max-image-preview":"max-image-preview:large","max-video-preview":"max-video-preview:-1"},"canonical":"https:\/\/tecplan.com.es\/en\/product\/telefono-hd-dect-inalambrico-dp720\/","og_locale":"en_US","og_type":"article","og_title":"Tel\u00e9fono HD DECT Inal\u00e1mbrico DP720 - Tecplan","og_description":"Utilice la movilidad y la eficacia de las llamadas para aumentar la productividad en cualquier red de comunicaciones.\u00a0El tel\u00e9fono m\u00f3vil DECT DP720 es la soluci\u00f3n perfecta para cualquier negocio, almac\u00e9n, tienda minorista o entorno residencial.\u00a0Es compatible con la estaci\u00f3n base VoIP DECT DP750 de Grandstream.","og_url":"https:\/\/tecplan.com.es\/en\/product\/telefono-hd-dect-inalambrico-dp720\/","og_site_name":"Tecplan","article_modified_time":"2025-10-13T22:44:37+00:00","og_image":[{"width":600,"height":600,"url":"https:\/\/tecplan.com.es\/wp-content\/uploads\/2025\/07\/DP720-04-600x600-1.jpg","type":"image\/jpeg"}],"twitter_card":"summary_large_image","twitter_misc":{"Est. reading time":"2 minutes"},"schema":{"@context":"https:\/\/schema.org","@graph":[{"@type":"WebPage","@id":"https:\/\/tecplan.com.es\/product\/telefono-hd-dect-inalambrico-dp720\/","url":"https:\/\/tecplan.com.es\/product\/telefono-hd-dect-inalambrico-dp720\/","name":"Tel\u00e9fono HD DECT Inal\u00e1mbrico DP720 - Tecplan","isPartOf":{"@id":"https:\/\/tecplan.com.es\/#website"},"primaryImageOfPage":{"@id":"https:\/\/tecplan.com.es\/product\/telefono-hd-dect-inalambrico-dp720\/#primaryimage"},"image":{"@id":"https:\/\/tecplan.com.es\/product\/telefono-hd-dect-inalambrico-dp720\/#primaryimage"},"thumbnailUrl":"https:\/\/tecplan.com.es\/wp-content\/uploads\/2025\/07\/DP720-04-600x600-1.jpg","datePublished":"2025-07-18T21:23:47+00:00","dateModified":"2025-10-13T22:44:37+00:00","breadcrumb":{"@id":"https:\/\/tecplan.com.es\/product\/telefono-hd-dect-inalambrico-dp720\/#breadcrumb"},"inLanguage":"en-US","potentialAction":[{"@type":"ReadAction","target":["https:\/\/tecplan.com.es\/product\/telefono-hd-dect-inalambrico-dp720\/"]}]},{"@type":"ImageObject","inLanguage":"en-US","@id":"https:\/\/tecplan.com.es\/product\/telefono-hd-dect-inalambrico-dp720\/#primaryimage","url":"https:\/\/tecplan.com.es\/wp-content\/uploads\/2025\/07\/DP720-04-600x600-1.jpg","contentUrl":"https:\/\/tecplan.com.es\/wp-content\/uploads\/2025\/07\/DP720-04-600x600-1.jpg","width":600,"height":600},{"@type":"BreadcrumbList","@id":"https:\/\/tecplan.com.es\/product\/telefono-hd-dect-inalambrico-dp720\/#breadcrumb","itemListElement":[{"@type":"ListItem","position":1,"name":"Home","item":"https:\/\/tecplan.com.es\/"},{"@type":"ListItem","position":2,"name":"Shop","item":"https:\/\/tecplan.com.es\/shop\/"},{"@type":"ListItem","position":3,"name":"Tel\u00e9fono HD DECT Inal\u00e1mbrico DP720"}]},{"@type":"WebSite","@id":"https:\/\/tecplan.com.es\/#website","url":"https:\/\/tecplan.com.es\/","name":"Tecplan","description":"","potentialAction":[{"@type":"SearchAction","target":{"@type":"EntryPoint","urlTemplate":"https:\/\/tecplan.com.es\/?s={search_term_string}"},"query-input":{"@type":"PropertyValueSpecification","valueRequired":true,"valueName":"search_term_string"}}],"inLanguage":"en-US"}]}},"_links":{"self":[{"href":"https:\/\/tecplan.com.es\/en\/wp-json\/wp\/v2\/product\/2240","targetHints":{"allow":["GET"]}}],"collection":[{"href":"https:\/\/tecplan.com.es\/en\/wp-json\/wp\/v2\/product"}],"about":[{"href":"https:\/\/tecplan.com.es\/en\/wp-json\/wp\/v2\/types\/product"}],"replies":[{"embeddable":true,"href":"https:\/\/tecplan.com.es\/en\/wp-json\/wp\/v2\/comments?post=2240"}],"version-history":[{"count":2,"href":"https:\/\/tecplan.com.es\/en\/wp-json\/wp\/v2\/product\/2240\/revisions"}],"predecessor-version":[{"id":2246,"href":"https:\/\/tecplan.com.es\/en\/wp-json\/wp\/v2\/product\/2240\/revisions\/2246"}],"wp:featuredmedia":[{"embeddable":true,"href":"https:\/\/tecplan.com.es\/en\/wp-json\/wp\/v2\/media\/2241"}],"wp:attachment":[{"href":"https:\/\/tecplan.com.es\/en\/wp-json\/wp\/v2\/media?parent=2240"}],"wp:term":[{"taxonomy":"product_brand","embeddable":true,"href":"https:\/\/tecplan.com.es\/en\/wp-json\/wp\/v2\/product_brand?post=2240"},{"taxonomy":"product_cat","embeddable":true,"href":"https:\/\/tecplan.com.es\/en\/wp-json\/wp\/v2\/product_cat?post=2240"},{"taxonomy":"product_tag","embeddable":true,"href":"https:\/\/tecplan.com.es\/en\/wp-json\/wp\/v2\/product_tag?post=2240"}],"curies":[{"name":"wp","href":"https:\/\/api.w.org\/{rel}","templated":true}]}}