{"id":2235,"date":"2025-07-18T21:13:18","date_gmt":"2025-07-18T21:13:18","guid":{"rendered":"https:\/\/tecplan.com.es\/?post_type=product&#038;p=2235"},"modified":"2025-07-18T21:13:18","modified_gmt":"2025-07-18T21:13:18","slug":"conmutadores-ethernet-serie-pt-510","status":"publish","type":"product","link":"https:\/\/tecplan.com.es\/en\/product\/conmutadores-ethernet-serie-pt-510\/","title":{"rendered":"Conmutadores Ethernet Serie PT-510"},"content":{"rendered":"<h6 class=\"hero-banner__heading\" style=\"text-align: justify;\"><span>Serie PT-510<\/span><\/h6>\n<h6 class=\"hero-banner__subheading\" style=\"text-align: justify;\"><span>IEC 61850-3 Conmutadores Ethernet administrados por riel DIN de capa 2 de 10 puertos<\/span><\/h6>\n<p style=\"text-align: justify;\">La serie PowerTrans PT-510 est\u00e1 dise\u00f1ada para satisfacer las demandas de los sistemas de automatizaci\u00f3n de subestaciones el\u00e9ctricas (IEC 61850-3, IEEE 1613). La red troncal Fast Ethernet de fibra \u00f3ptica, el anillo redundante, las entradas de alimentaci\u00f3n redundantes (24 VCC o 48 VCC) y las entradas de alimentaci\u00f3n aisladas (24 VCC, 48 VCC o 110\/220 VCC\/VCA) del PT-510 aumentan la fiabilidad de sus comunicaciones y ahorran en costes de cableado. Adem\u00e1s, el dise\u00f1o de montaje en pared y en riel DIN del PT-510 facilita la planificaci\u00f3n de la red y ofrece mayor flexibilidad, ya que permite instalar hasta 10 puertos Fast Ethernet para aplicaciones de distribuci\u00f3n de energ\u00eda.<\/p>\n<p><span style=\"font-size: 1.3em; font-weight: bold;\">Caracter\u00edsticas y beneficios adicionales<\/span><\/p>\n<div class=\"module-block module-block--white\" style=\"text-align: justify;\">\n<ul class=\"bullet-list\">\n<li class=\"bullet-list__item\">\n<p class=\"module-block__paragraph\">Interfaz de l\u00ednea de comandos (CLI) para configurar r\u00e1pidamente las principales funciones administradas<\/p>\n<\/li>\n<li class=\"bullet-list__item\">\n<p class=\"module-block__paragraph\">VLAN no consciente: Admite marcos etiquetados con prioridad para ser recibidos por IED espec\u00edficos<\/p>\n<\/li>\n<li class=\"bullet-list__item\">\n<p class=\"module-block__paragraph\">Admite protocolos Ethernet industriales EtherNet\/IP y Modbus TCP<\/p>\n<\/li>\n<li class=\"bullet-list__item\">\n<p class=\"module-block__paragraph\">Configurable por navegador web, consola Telnet\/Serial, CLI, utilidad de Windows y configurador de respaldo autom\u00e1tico ABC-01<\/p>\n<\/li>\n<li class=\"bullet-list__item\">\n<p class=\"module-block__paragraph\">Opci\u00f3n DHCP 82 para la asignaci\u00f3n de direcciones IP con diferentes pol\u00edticas<\/p>\n<\/li>\n<li class=\"bullet-list__item\">\n<p class=\"module-block__paragraph\">IGMP snooping y GMRP para filtrar el tr\u00e1fico de multidifusi\u00f3n de los protocolos de Ethernet industrial<\/p>\n<\/li>\n<\/ul>\n<ul class=\"bullet-list\">\n<li class=\"bullet-list__item\">\n<p class=\"module-block__paragraph\">IEEE 802.3ad, LACP para una utilizaci\u00f3n \u00f3ptima del ancho de banda<\/p>\n<\/li>\n<li class=\"bullet-list__item\">\n<p class=\"module-block__paragraph\">Gesti\u00f3n de ancho de banda para evitar estados de red impredecibles<\/p>\n<\/li>\n<li class=\"bullet-list__item\">\n<p class=\"module-block__paragraph\">Duplicaci\u00f3n multipuerto para depuraci\u00f3n en l\u00ednea<\/p>\n<\/li>\n<li class=\"bullet-list__item\">\n<p class=\"module-block__paragraph\">Aviso autom\u00e1tico por excepci\u00f3n a trav\u00e9s de correo electr\u00f3nico y salida de rel\u00e9<\/p>\n<\/li>\n<li class=\"bullet-list__item\">\n<p class=\"module-block__paragraph\">RMON para una supervisi\u00f3n de red proactiva y eficiente<\/p>\n<\/li>\n<li class=\"bullet-list__item\">\n<p class=\"module-block__paragraph\">Recuperaci\u00f3n autom\u00e1tica de las direcciones IP de los dispositivos conectados<\/p>\n<\/li>\n<li class=\"bullet-list__item\">\n<p class=\"module-block__paragraph\">Recuperaci\u00f3n r\u00e1pida de cambio de l\u00ednea<\/p>\n<\/li>\n<\/ul>\n<p class=\"module-block__note\"><span style=\"font-size: 1.3em; font-weight: bold;\">Funciones de ciberseguridad<\/span><\/p>\n<\/div>\n<div class=\"module-block module-block--white\" style=\"text-align: justify;\">\n<ul class=\"bullet-list\">\n<li class=\"bullet-list__item\">\n<p class=\"module-block__paragraph\">Las contrase\u00f1as de usuario con m\u00faltiples niveles de seguridad protegen contra la configuraci\u00f3n no autorizada<\/p>\n<\/li>\n<li class=\"bullet-list__item\">\n<p class=\"module-block__paragraph\">SSH\/HTTPS se utiliza para cifrar contrase\u00f1as y datos<\/p>\n<\/li>\n<li class=\"bullet-list__item\">\n<p class=\"module-block__paragraph\">Bloquee los puertos del conmutador con control de acceso a la red basado en puertos 802.1X para que solo los clientes autorizados puedan acceder al puerto<\/p>\n<\/li>\n<li class=\"bullet-list__item\">\n<p class=\"module-block__paragraph\">RADIUS\/TACACS+ le permite administrar contrase\u00f1as desde una ubicaci\u00f3n central<\/p>\n<\/li>\n<\/ul>\n<ul class=\"bullet-list\">\n<li class=\"bullet-list__item\">\n<p class=\"module-block__paragraph\">La VLAN 802.1Q le permite particionar l\u00f3gicamente el tr\u00e1fico transmitido entre puertos de switch seleccionados<\/p>\n<\/li>\n<li class=\"bullet-list__item\">\n<p class=\"module-block__paragraph\">Asegure los puertos del switch para que solo dispositivos espec\u00edficos y\/o direcciones MAC puedan acceder a los puertos<\/p>\n<\/li>\n<li class=\"bullet-list__item\">\n<p class=\"module-block__paragraph\">Deshabilite uno o m\u00e1s puertos para bloquear el tr\u00e1fico de red<\/p>\n<\/li>\n<li class=\"bullet-list__item\">\n<p class=\"module-block__paragraph\">SNMPv3 proporciona autenticaci\u00f3n cifrada y seguridad de acceso<\/p>\n<\/li>\n<\/ul>\n<\/div>\n<p><!--more--><\/p>\n<h5 style=\"text-align: justify;\"><span style=\"text-decoration: underline;\"><strong>DOWNLOADS<\/strong><\/span><\/h5>\n<ul style=\"text-align: justify;\">\n<li>\u2192<a href=\"https:\/\/tecplan.com.sv\/wp-content\/uploads\/2023\/06\/moxa-pt-510-series-datasheet-v1.1.pdf\">\u00a0 Technical sheet\u00a0<\/a><\/li>\n<\/ul>","protected":false},"excerpt":{"rendered":"<p style=\"text-align: justify;\">La serie PowerTrans PT-510 est\u00e1 dise\u00f1ada para satisfacer las demandas de los sistemas de automatizaci\u00f3n de subestaciones el\u00e9ctricas (IEC 61850-3, IEEE 1613). La red troncal Fast Ethernet de fibra \u00f3ptica del PT-510, el anillo redundante, las entradas de alimentaci\u00f3n redundantes (24 VCC o 48 VCC) y las entradas de alimentaci\u00f3n aisladas (24 VCC, 48 VCC o 110\/220 VCC\/VCA) aumentan la confiabilidad de sus comunicaciones y Ahorre en costos de cableado\/cableado. Adem\u00e1s, el dise\u00f1o de riel DIN y montaje en pared del PT-510 facilita la planificaci\u00f3n de la red y permite una mayor flexibilidad al permitirle instalar hasta 10 puertos Fast Ethernet para aplicaciones de distribuci\u00f3n de energ\u00eda.<\/p>\n<p><img decoding=\"async\" class=\"wp-image-2219 aligncenter\" src=\"https:\/\/tecplan.com.es\/wp-content\/uploads\/2025\/07\/logo_moxa-300x44.png\" alt=\"\" width=\"177\" height=\"26\" srcset=\"https:\/\/tecplan.com.es\/wp-content\/uploads\/2025\/07\/logo_moxa-300x44.png 300w, https:\/\/tecplan.com.es\/wp-content\/uploads\/2025\/07\/logo_moxa-768x113.png 768w, https:\/\/tecplan.com.es\/wp-content\/uploads\/2025\/07\/logo_moxa-18x3.png 18w, https:\/\/tecplan.com.es\/wp-content\/uploads\/2025\/07\/logo_moxa-600x88.png 600w, https:\/\/tecplan.com.es\/wp-content\/uploads\/2025\/07\/logo_moxa.png 862w\" sizes=\"(max-width: 177px) 100vw, 177px\" \/><\/p>","protected":false},"featured_media":2237,"comment_status":"open","ping_status":"closed","template":"","meta":{"site-sidebar-layout":"default","site-content-layout":"","ast-site-content-layout":"default","site-content-style":"default","site-sidebar-style":"default","ast-global-header-display":"","ast-banner-title-visibility":"","ast-main-header-display":"","ast-hfb-above-header-display":"","ast-hfb-below-header-display":"","ast-hfb-mobile-header-display":"","site-post-title":"","ast-breadcrumbs-content":"","ast-featured-img":"","footer-sml-layout":"","ast-disable-related-posts":"","theme-transparent-header-meta":"default","adv-header-id-meta":"","stick-header-meta":"","header-above-stick-meta":"","header-main-stick-meta":"","header-below-stick-meta":"","astra-migrate-meta-layouts":"set","ast-page-background-enabled":"default","ast-page-background-meta":{"desktop":{"background-color":"var(--ast-global-color-5)","background-image":"","background-repeat":"repeat","background-position":"center center","background-size":"auto","background-attachment":"scroll","background-type":"","background-media":"","overlay-type":"","overlay-color":"","overlay-opacity":"","overlay-gradient":""},"tablet":{"background-color":"","background-image":"","background-repeat":"repeat","background-position":"center center","background-size":"auto","background-attachment":"scroll","background-type":"","background-media":"","overlay-type":"","overlay-color":"","overlay-opacity":"","overlay-gradient":""},"mobile":{"background-color":"","background-image":"","background-repeat":"repeat","background-position":"center center","background-size":"auto","background-attachment":"scroll","background-type":"","background-media":"","overlay-type":"","overlay-color":"","overlay-opacity":"","overlay-gradient":""}},"ast-content-background-meta":{"desktop":{"background-color":"var(--ast-global-color-4)","background-image":"","background-repeat":"repeat","background-position":"center center","background-size":"auto","background-attachment":"scroll","background-type":"","background-media":"","overlay-type":"","overlay-color":"","overlay-opacity":"","overlay-gradient":""},"tablet":{"background-color":"var(--ast-global-color-4)","background-image":"","background-repeat":"repeat","background-position":"center center","background-size":"auto","background-attachment":"scroll","background-type":"","background-media":"","overlay-type":"","overlay-color":"","overlay-opacity":"","overlay-gradient":""},"mobile":{"background-color":"var(--ast-global-color-4)","background-image":"","background-repeat":"repeat","background-position":"center center","background-size":"auto","background-attachment":"scroll","background-type":"","background-media":"","overlay-type":"","overlay-color":"","overlay-opacity":"","overlay-gradient":""}}},"product_brand":[244],"product_cat":[118,96,121],"product_tag":[214],"class_list":{"0":"post-2235","1":"product","2":"type-product","3":"status-publish","4":"has-post-thumbnail","6":"product_brand-moxa","7":"product_cat-moxa","8":"product_cat-networking","9":"product_cat-switch-moxa","10":"product_tag-moxa","11":"desktop-align-left","12":"tablet-align-left","13":"mobile-align-left","15":"first","16":"instock","17":"shipping-taxable","18":"product-type-simple"},"yoast_head":"<!-- This site is optimized with the Yoast SEO plugin v25.3 - https:\/\/yoast.com\/wordpress\/plugins\/seo\/ -->\n<title>Conmutadores Ethernet Serie PT-510 - Tecplan<\/title>\n<meta name=\"robots\" content=\"index, follow, max-snippet:-1, max-image-preview:large, max-video-preview:-1\" \/>\n<link rel=\"canonical\" href=\"https:\/\/tecplan.com.es\/en\/product\/conmutadores-ethernet-serie-pt-510\/\" \/>\n<meta property=\"og:locale\" content=\"en_US\" \/>\n<meta property=\"og:type\" content=\"article\" \/>\n<meta property=\"og:title\" content=\"Conmutadores Ethernet Serie PT-510 - Tecplan\" \/>\n<meta property=\"og:description\" content=\"La serie PowerTrans PT-510 est\u00e1 dise\u00f1ada para satisfacer las demandas de los sistemas de automatizaci\u00f3n de subestaciones el\u00e9ctricas (IEC 61850-3, IEEE 1613). La red troncal Fast Ethernet de fibra \u00f3ptica del PT-510, el anillo redundante, las entradas de alimentaci\u00f3n redundantes (24 VCC o 48 VCC) y las entradas de alimentaci\u00f3n aisladas (24 VCC, 48 VCC o 110\/220 VCC\/VCA) aumentan la confiabilidad de sus comunicaciones y Ahorre en costos de cableado\/cableado. Adem\u00e1s, el dise\u00f1o de riel DIN y montaje en pared del PT-510 facilita la planificaci\u00f3n de la red y permite una mayor flexibilidad al permitirle instalar hasta 10 puertos Fast Ethernet para aplicaciones de distribuci\u00f3n de energ\u00eda.\" \/>\n<meta property=\"og:url\" content=\"https:\/\/tecplan.com.es\/en\/product\/conmutadores-ethernet-serie-pt-510\/\" \/>\n<meta property=\"og:site_name\" content=\"Tecplan\" \/>\n<meta property=\"og:image\" content=\"https:\/\/tecplan.com.es\/wp-content\/uploads\/2025\/07\/moxa-pt-510-series-image-1-1.jpg\" \/>\n\t<meta property=\"og:image:width\" content=\"456\" \/>\n\t<meta property=\"og:image:height\" content=\"456\" \/>\n\t<meta property=\"og:image:type\" content=\"image\/jpeg\" \/>\n<meta name=\"twitter:card\" content=\"summary_large_image\" \/>\n<meta name=\"twitter:label1\" content=\"Est. reading time\" \/>\n\t<meta name=\"twitter:data1\" content=\"2 minutes\" \/>\n<script type=\"application\/ld+json\" class=\"yoast-schema-graph\">{\"@context\":\"https:\/\/schema.org\",\"@graph\":[{\"@type\":\"WebPage\",\"@id\":\"https:\/\/tecplan.com.es\/product\/conmutadores-ethernet-serie-pt-510\/\",\"url\":\"https:\/\/tecplan.com.es\/product\/conmutadores-ethernet-serie-pt-510\/\",\"name\":\"Conmutadores Ethernet Serie PT-510 - Tecplan\",\"isPartOf\":{\"@id\":\"https:\/\/tecplan.com.es\/#website\"},\"primaryImageOfPage\":{\"@id\":\"https:\/\/tecplan.com.es\/product\/conmutadores-ethernet-serie-pt-510\/#primaryimage\"},\"image\":{\"@id\":\"https:\/\/tecplan.com.es\/product\/conmutadores-ethernet-serie-pt-510\/#primaryimage\"},\"thumbnailUrl\":\"https:\/\/tecplan.com.es\/wp-content\/uploads\/2025\/07\/moxa-pt-510-series-image-1-1.jpg\",\"datePublished\":\"2025-07-18T21:13:18+00:00\",\"breadcrumb\":{\"@id\":\"https:\/\/tecplan.com.es\/product\/conmutadores-ethernet-serie-pt-510\/#breadcrumb\"},\"inLanguage\":\"en-US\",\"potentialAction\":[{\"@type\":\"ReadAction\",\"target\":[\"https:\/\/tecplan.com.es\/product\/conmutadores-ethernet-serie-pt-510\/\"]}]},{\"@type\":\"ImageObject\",\"inLanguage\":\"en-US\",\"@id\":\"https:\/\/tecplan.com.es\/product\/conmutadores-ethernet-serie-pt-510\/#primaryimage\",\"url\":\"https:\/\/tecplan.com.es\/wp-content\/uploads\/2025\/07\/moxa-pt-510-series-image-1-1.jpg\",\"contentUrl\":\"https:\/\/tecplan.com.es\/wp-content\/uploads\/2025\/07\/moxa-pt-510-series-image-1-1.jpg\",\"width\":456,\"height\":456},{\"@type\":\"BreadcrumbList\",\"@id\":\"https:\/\/tecplan.com.es\/product\/conmutadores-ethernet-serie-pt-510\/#breadcrumb\",\"itemListElement\":[{\"@type\":\"ListItem\",\"position\":1,\"name\":\"Home\",\"item\":\"https:\/\/tecplan.com.es\/\"},{\"@type\":\"ListItem\",\"position\":2,\"name\":\"Shop\",\"item\":\"https:\/\/tecplan.com.es\/shop\/\"},{\"@type\":\"ListItem\",\"position\":3,\"name\":\"Conmutadores Ethernet Serie PT-510\"}]},{\"@type\":\"WebSite\",\"@id\":\"https:\/\/tecplan.com.es\/#website\",\"url\":\"https:\/\/tecplan.com.es\/\",\"name\":\"Tecplan\",\"description\":\"\",\"potentialAction\":[{\"@type\":\"SearchAction\",\"target\":{\"@type\":\"EntryPoint\",\"urlTemplate\":\"https:\/\/tecplan.com.es\/?s={search_term_string}\"},\"query-input\":{\"@type\":\"PropertyValueSpecification\",\"valueRequired\":true,\"valueName\":\"search_term_string\"}}],\"inLanguage\":\"en-US\"}]}<\/script>\n<!-- \/ Yoast SEO plugin. -->","yoast_head_json":{"title":"Conmutadores Ethernet Serie PT-510 - Tecplan","robots":{"index":"index","follow":"follow","max-snippet":"max-snippet:-1","max-image-preview":"max-image-preview:large","max-video-preview":"max-video-preview:-1"},"canonical":"https:\/\/tecplan.com.es\/en\/product\/conmutadores-ethernet-serie-pt-510\/","og_locale":"en_US","og_type":"article","og_title":"Conmutadores Ethernet Serie PT-510 - Tecplan","og_description":"La serie PowerTrans PT-510 est\u00e1 dise\u00f1ada para satisfacer las demandas de los sistemas de automatizaci\u00f3n de subestaciones el\u00e9ctricas (IEC 61850-3, IEEE 1613). La red troncal Fast Ethernet de fibra \u00f3ptica del PT-510, el anillo redundante, las entradas de alimentaci\u00f3n redundantes (24 VCC o 48 VCC) y las entradas de alimentaci\u00f3n aisladas (24 VCC, 48 VCC o 110\/220 VCC\/VCA) aumentan la confiabilidad de sus comunicaciones y Ahorre en costos de cableado\/cableado. Adem\u00e1s, el dise\u00f1o de riel DIN y montaje en pared del PT-510 facilita la planificaci\u00f3n de la red y permite una mayor flexibilidad al permitirle instalar hasta 10 puertos Fast Ethernet para aplicaciones de distribuci\u00f3n de energ\u00eda.","og_url":"https:\/\/tecplan.com.es\/en\/product\/conmutadores-ethernet-serie-pt-510\/","og_site_name":"Tecplan","og_image":[{"width":456,"height":456,"url":"https:\/\/tecplan.com.es\/wp-content\/uploads\/2025\/07\/moxa-pt-510-series-image-1-1.jpg","type":"image\/jpeg"}],"twitter_card":"summary_large_image","twitter_misc":{"Est. reading time":"2 minutes"},"schema":{"@context":"https:\/\/schema.org","@graph":[{"@type":"WebPage","@id":"https:\/\/tecplan.com.es\/product\/conmutadores-ethernet-serie-pt-510\/","url":"https:\/\/tecplan.com.es\/product\/conmutadores-ethernet-serie-pt-510\/","name":"Conmutadores Ethernet Serie PT-510 - Tecplan","isPartOf":{"@id":"https:\/\/tecplan.com.es\/#website"},"primaryImageOfPage":{"@id":"https:\/\/tecplan.com.es\/product\/conmutadores-ethernet-serie-pt-510\/#primaryimage"},"image":{"@id":"https:\/\/tecplan.com.es\/product\/conmutadores-ethernet-serie-pt-510\/#primaryimage"},"thumbnailUrl":"https:\/\/tecplan.com.es\/wp-content\/uploads\/2025\/07\/moxa-pt-510-series-image-1-1.jpg","datePublished":"2025-07-18T21:13:18+00:00","breadcrumb":{"@id":"https:\/\/tecplan.com.es\/product\/conmutadores-ethernet-serie-pt-510\/#breadcrumb"},"inLanguage":"en-US","potentialAction":[{"@type":"ReadAction","target":["https:\/\/tecplan.com.es\/product\/conmutadores-ethernet-serie-pt-510\/"]}]},{"@type":"ImageObject","inLanguage":"en-US","@id":"https:\/\/tecplan.com.es\/product\/conmutadores-ethernet-serie-pt-510\/#primaryimage","url":"https:\/\/tecplan.com.es\/wp-content\/uploads\/2025\/07\/moxa-pt-510-series-image-1-1.jpg","contentUrl":"https:\/\/tecplan.com.es\/wp-content\/uploads\/2025\/07\/moxa-pt-510-series-image-1-1.jpg","width":456,"height":456},{"@type":"BreadcrumbList","@id":"https:\/\/tecplan.com.es\/product\/conmutadores-ethernet-serie-pt-510\/#breadcrumb","itemListElement":[{"@type":"ListItem","position":1,"name":"Home","item":"https:\/\/tecplan.com.es\/"},{"@type":"ListItem","position":2,"name":"Shop","item":"https:\/\/tecplan.com.es\/shop\/"},{"@type":"ListItem","position":3,"name":"Conmutadores Ethernet Serie PT-510"}]},{"@type":"WebSite","@id":"https:\/\/tecplan.com.es\/#website","url":"https:\/\/tecplan.com.es\/","name":"Tecplan","description":"","potentialAction":[{"@type":"SearchAction","target":{"@type":"EntryPoint","urlTemplate":"https:\/\/tecplan.com.es\/?s={search_term_string}"},"query-input":{"@type":"PropertyValueSpecification","valueRequired":true,"valueName":"search_term_string"}}],"inLanguage":"en-US"}]}},"_links":{"self":[{"href":"https:\/\/tecplan.com.es\/en\/wp-json\/wp\/v2\/product\/2235","targetHints":{"allow":["GET"]}}],"collection":[{"href":"https:\/\/tecplan.com.es\/en\/wp-json\/wp\/v2\/product"}],"about":[{"href":"https:\/\/tecplan.com.es\/en\/wp-json\/wp\/v2\/types\/product"}],"replies":[{"embeddable":true,"href":"https:\/\/tecplan.com.es\/en\/wp-json\/wp\/v2\/comments?post=2235"}],"version-history":[{"count":2,"href":"https:\/\/tecplan.com.es\/en\/wp-json\/wp\/v2\/product\/2235\/revisions"}],"predecessor-version":[{"id":2239,"href":"https:\/\/tecplan.com.es\/en\/wp-json\/wp\/v2\/product\/2235\/revisions\/2239"}],"wp:featuredmedia":[{"embeddable":true,"href":"https:\/\/tecplan.com.es\/en\/wp-json\/wp\/v2\/media\/2237"}],"wp:attachment":[{"href":"https:\/\/tecplan.com.es\/en\/wp-json\/wp\/v2\/media?parent=2235"}],"wp:term":[{"taxonomy":"product_brand","embeddable":true,"href":"https:\/\/tecplan.com.es\/en\/wp-json\/wp\/v2\/product_brand?post=2235"},{"taxonomy":"product_cat","embeddable":true,"href":"https:\/\/tecplan.com.es\/en\/wp-json\/wp\/v2\/product_cat?post=2235"},{"taxonomy":"product_tag","embeddable":true,"href":"https:\/\/tecplan.com.es\/en\/wp-json\/wp\/v2\/product_tag?post=2235"}],"curies":[{"name":"wp","href":"https:\/\/api.w.org\/{rel}","templated":true}]}}