{"id":2229,"date":"2025-07-18T21:00:23","date_gmt":"2025-07-18T21:00:23","guid":{"rendered":"https:\/\/tecplan.com.es\/?post_type=product&#038;p=2229"},"modified":"2026-01-02T22:08:20","modified_gmt":"2026-01-02T22:08:20","slug":"serie-pt-7710-conmutadores-ethernet-modulares","status":"publish","type":"product","link":"https:\/\/tecplan.com.es\/en\/product\/serie-pt-7710-conmutadores-ethernet-modulares\/","title":{"rendered":"Conmutadores Ethernet Serie PT-7710"},"content":{"rendered":"<h6>Serie PT-7710<br \/>\nConmutadores Ethernet modulares Gigabit de capa 2, gestionables y montados en rack, IEC 61850-3, de 8+2 puertos<\/h6>\n<p style=\"text-align: justify;\">El PT-7710 est\u00e1 dise\u00f1ado para satisfacer las demandas de los sistemas de automatizaci\u00f3n de subestaciones el\u00e9ctricas (IEC 61850-3, IEEE 1613) y las aplicaciones ferroviarias (EN 50121-4). La red troncal Gigabit y Fast Ethernet, el anillo redundante y las entradas de alimentaci\u00f3n redundantes de 12\/24\/48 VCC del PT-7710 aumentan la fiabilidad de las comunicaciones y reducen los costes de cableado. El dise\u00f1o modular del PT-7710 facilita la planificaci\u00f3n de la red y ofrece mayor flexibilidad, ya que permite instalar hasta 2 puertos Gigabit y 8 puertos Fast Ethernet, o 10 puertos Fast Ethernet.<\/p>\n<p><span style=\"font-size: 1.1em; font-weight: bold; text-align: justify;\">Caracter\u00edsticas y beneficios adicionales<\/span><\/p>\n<div class=\"module-block module-block--white\">\n<ul class=\"bullet-list\" style=\"text-align: justify;\">\n<li class=\"bullet-list__item\">\n<p class=\"module-block__paragraph\">Interfaz de l\u00ednea de comandos (CLI) para configurar r\u00e1pidamente las principales funciones administradas<\/p>\n<\/li>\n<li class=\"bullet-list__item\">\n<p class=\"module-block__paragraph\">VLAN no consciente: Admite marcos etiquetados con prioridad para ser recibidos por IED espec\u00edficos<\/p>\n<\/li>\n<li class=\"bullet-list__item\">\n<p class=\"module-block__paragraph\">Opci\u00f3n DHCP 82 para la asignaci\u00f3n de direcciones IP con diferentes pol\u00edticas<\/p>\n<\/li>\n<li class=\"bullet-list__item\">\n<p class=\"module-block__paragraph\">Admite protocolos Ethernet industriales EtherNet\/IP y Modbus TCP<\/p>\n<\/li>\n<li class=\"bullet-list__item\">\n<p class=\"module-block__paragraph\">Recuperaci\u00f3n autom\u00e1tica de las direcciones IP de los dispositivos conectados<\/p>\n<\/li>\n<li class=\"bullet-list__item\">\n<p class=\"module-block__paragraph\">Recuperaci\u00f3n r\u00e1pida de cambio de l\u00ednea<\/p>\n<\/li>\n<li class=\"bullet-list__item\">\n<p class=\"module-block__paragraph\">IGMP snooping y GMRP para filtrar el tr\u00e1fico de multidifusi\u00f3n de los protocolos de Ethernet industrial<\/p>\n<\/li>\n<li class=\"bullet-list__item\">\n<p class=\"module-block__paragraph\">IEEE 802.3ad, LACP para una utilizaci\u00f3n \u00f3ptima del ancho de banda<\/p>\n<\/li>\n<li class=\"bullet-list__item\">\n<p class=\"module-block__paragraph\">Gesti\u00f3n de ancho de banda para evitar estados de red impredecibles<\/p>\n<\/li>\n<li class=\"bullet-list__item\">\n<p class=\"module-block__paragraph\">Duplicaci\u00f3n multipuerto para depuraci\u00f3n en l\u00ednea<\/p>\n<\/li>\n<li class=\"bullet-list__item\">\n<p class=\"module-block__paragraph\">Aviso autom\u00e1tico por excepci\u00f3n a trav\u00e9s de correo electr\u00f3nico y salida de rel\u00e9<\/p>\n<\/li>\n<li class=\"bullet-list__item\">\n<p class=\"module-block__paragraph\">RMON para una supervisi\u00f3n de red proactiva y eficiente<\/p>\n<\/li>\n<li class=\"bullet-list__item\">\n<p class=\"module-block__paragraph\">Configurable por navegador web, consola Telnet\/Serial, CLI, utilidad de Windows y configurador de respaldo autom\u00e1tico ABC-01<\/p>\n<\/li>\n<li class=\"bullet-list__item\">\n<p class=\"module-block__paragraph\">Turbo Ring y Turbo Chain (tiempo de recuperaci\u00f3n &lt; 20 ms @ 250 interruptores),\u00a0\u00a0RSTP\/STP y MSTP para redundancia de red<\/p>\n<\/li>\n<\/ul>\n<p class=\"module-block__note\" style=\"text-align: justify;\"><span style=\"font-size: 1.3em; font-weight: bold;\">Funciones de ciberseguridad<\/span><\/p>\n<\/div>\n<div class=\"module-block module-block--white\">\n<ul class=\"bullet-list\" style=\"text-align: justify;\">\n<li class=\"bullet-list__item\">\n<p class=\"module-block__paragraph\">Las contrase\u00f1as de usuario con m\u00faltiples niveles de seguridad protegen contra la configuraci\u00f3n no autorizada<\/p>\n<\/li>\n<li class=\"bullet-list__item\">\n<p class=\"module-block__paragraph\">SSH\/HTTPS se utiliza para cifrar contrase\u00f1as y datos<\/p>\n<\/li>\n<li class=\"bullet-list__item\">\n<p class=\"module-block__paragraph\">Bloquee los puertos del conmutador con control de acceso a la red basado en puertos 802.1X para que solo los clientes autorizados puedan acceder al puerto<\/p>\n<\/li>\n<li class=\"bullet-list__item\">\n<p class=\"module-block__paragraph\">RADIUS\/TACACS+ le permite administrar contrase\u00f1as desde una ubicaci\u00f3n central<\/p>\n<\/li>\n<\/ul>\n<ul class=\"bullet-list\">\n<li class=\"bullet-list__item\" style=\"text-align: justify;\">\n<p class=\"module-block__paragraph\">La VLAN 802.1Q le permite particionar l\u00f3gicamente el tr\u00e1fico transmitido entre puertos de switch seleccionados<\/p>\n<\/li>\n<li class=\"bullet-list__item\" style=\"text-align: justify;\">\n<p class=\"module-block__paragraph\">Asegure los puertos del switch para que solo dispositivos espec\u00edficos y\/o direcciones MAC puedan acceder a los puertos<\/p>\n<\/li>\n<li class=\"bullet-list__item\" style=\"text-align: justify;\">\n<p class=\"module-block__paragraph\">Deshabilite uno o m\u00e1s puertos para bloquear el tr\u00e1fico de red<\/p>\n<\/li>\n<li class=\"bullet-list__item\">\n<p class=\"module-block__paragraph\" style=\"text-align: justify;\">SNMPv3 proporciona autenticaci\u00f3n cifrada y seguridad de acceso<\/p>\n<\/li>\n<\/ul>\n<\/div>\n<p><!--more--><\/p>\n<h5 style=\"text-align: justify;\"><span style=\"text-decoration: underline;\"><strong>DOWNLOADS<\/strong><\/span><\/h5>\n<p><a href=\"https:\/\/tecplan.com.sv\/wp-content\/uploads\/2023\/06\/moxa-pt-7710-series-datasheet-v1.3-1.pdf\">\u2192 Technical specifications\u00a0<\/a><\/p>","protected":false},"excerpt":{"rendered":"<p style=\"text-align: justify;\">El PT-7710 est\u00e1 dise\u00f1ado para satisfacer las demandas de los sistemas de automatizaci\u00f3n de subestaciones el\u00e9ctricas (IEC 61850-3, IEEE 1613) y aplicaciones ferroviarias (EN 50121-4).\u00a0La red troncal Gigabit y Fast Ethernet, el anillo redundante y las entradas de alimentaci\u00f3n redundantes de 12\/24\/48 V CC del PT-7710 aumentan la confiabilidad de las comunicaciones y reducen los costos de cableado.\u00a0El dise\u00f1o modular del PT-7710 facilita la planificaci\u00f3n de la red y permite una mayor flexibilidad al permitirle instalar hasta 2 puertos Gigabit y 8 puertos Fast Ethernet o 10 puertos Fast Ethernet.<\/p>\n<p><img decoding=\"async\" class=\"wp-image-2219 aligncenter\" src=\"https:\/\/tecplan.com.es\/wp-content\/uploads\/2025\/07\/logo_moxa-300x44.png\" alt=\"\" width=\"198\" height=\"29\" srcset=\"https:\/\/tecplan.com.es\/wp-content\/uploads\/2025\/07\/logo_moxa-300x44.png 300w, https:\/\/tecplan.com.es\/wp-content\/uploads\/2025\/07\/logo_moxa-768x113.png 768w, https:\/\/tecplan.com.es\/wp-content\/uploads\/2025\/07\/logo_moxa-18x3.png 18w, https:\/\/tecplan.com.es\/wp-content\/uploads\/2025\/07\/logo_moxa-600x88.png 600w, https:\/\/tecplan.com.es\/wp-content\/uploads\/2025\/07\/logo_moxa.png 862w\" sizes=\"(max-width: 198px) 100vw, 198px\" \/><\/p>","protected":false},"featured_media":2230,"comment_status":"open","ping_status":"closed","template":"","meta":{"site-sidebar-layout":"default","site-content-layout":"","ast-site-content-layout":"default","site-content-style":"default","site-sidebar-style":"default","ast-global-header-display":"","ast-banner-title-visibility":"","ast-main-header-display":"","ast-hfb-above-header-display":"","ast-hfb-below-header-display":"","ast-hfb-mobile-header-display":"","site-post-title":"","ast-breadcrumbs-content":"","ast-featured-img":"","footer-sml-layout":"","ast-disable-related-posts":"","theme-transparent-header-meta":"default","adv-header-id-meta":"","stick-header-meta":"","header-above-stick-meta":"","header-main-stick-meta":"","header-below-stick-meta":"","astra-migrate-meta-layouts":"set","ast-page-background-enabled":"default","ast-page-background-meta":{"desktop":{"background-color":"var(--ast-global-color-5)","background-image":"","background-repeat":"repeat","background-position":"center center","background-size":"auto","background-attachment":"scroll","background-type":"","background-media":"","overlay-type":"","overlay-color":"","overlay-opacity":"","overlay-gradient":""},"tablet":{"background-color":"","background-image":"","background-repeat":"repeat","background-position":"center center","background-size":"auto","background-attachment":"scroll","background-type":"","background-media":"","overlay-type":"","overlay-color":"","overlay-opacity":"","overlay-gradient":""},"mobile":{"background-color":"","background-image":"","background-repeat":"repeat","background-position":"center center","background-size":"auto","background-attachment":"scroll","background-type":"","background-media":"","overlay-type":"","overlay-color":"","overlay-opacity":"","overlay-gradient":""}},"ast-content-background-meta":{"desktop":{"background-color":"var(--ast-global-color-4)","background-image":"","background-repeat":"repeat","background-position":"center center","background-size":"auto","background-attachment":"scroll","background-type":"","background-media":"","overlay-type":"","overlay-color":"","overlay-opacity":"","overlay-gradient":""},"tablet":{"background-color":"var(--ast-global-color-4)","background-image":"","background-repeat":"repeat","background-position":"center center","background-size":"auto","background-attachment":"scroll","background-type":"","background-media":"","overlay-type":"","overlay-color":"","overlay-opacity":"","overlay-gradient":""},"mobile":{"background-color":"var(--ast-global-color-4)","background-image":"","background-repeat":"repeat","background-position":"center center","background-size":"auto","background-attachment":"scroll","background-type":"","background-media":"","overlay-type":"","overlay-color":"","overlay-opacity":"","overlay-gradient":""}}},"product_brand":[244],"product_cat":[118,96,121],"product_tag":[214],"class_list":{"0":"post-2229","1":"product","2":"type-product","3":"status-publish","4":"has-post-thumbnail","6":"product_brand-moxa","7":"product_cat-moxa","8":"product_cat-networking","9":"product_cat-switch-moxa","10":"product_tag-moxa","11":"desktop-align-left","12":"tablet-align-left","13":"mobile-align-left","15":"first","16":"instock","17":"shipping-taxable","18":"product-type-simple"},"yoast_head":"<!-- This site is optimized with the Yoast SEO plugin v25.3 - https:\/\/yoast.com\/wordpress\/plugins\/seo\/ -->\n<title>Conmutadores Ethernet Serie PT-7710 - Tecplan<\/title>\n<meta name=\"robots\" content=\"index, follow, max-snippet:-1, max-image-preview:large, max-video-preview:-1\" \/>\n<link rel=\"canonical\" href=\"https:\/\/tecplan.com.es\/en\/product\/serie-pt-7710-conmutadores-ethernet-modulares\/\" \/>\n<meta property=\"og:locale\" content=\"en_US\" \/>\n<meta property=\"og:type\" content=\"article\" \/>\n<meta property=\"og:title\" content=\"Conmutadores Ethernet Serie PT-7710 - Tecplan\" \/>\n<meta property=\"og:description\" content=\"El PT-7710 est\u00e1 dise\u00f1ado para satisfacer las demandas de los sistemas de automatizaci\u00f3n de subestaciones el\u00e9ctricas (IEC 61850-3, IEEE 1613) y aplicaciones ferroviarias (EN 50121-4).\u00a0La red troncal Gigabit y Fast Ethernet, el anillo redundante y las entradas de alimentaci\u00f3n redundantes de 12\/24\/48 V CC del PT-7710 aumentan la confiabilidad de las comunicaciones y reducen los costos de cableado.\u00a0El dise\u00f1o modular del PT-7710 facilita la planificaci\u00f3n de la red y permite una mayor flexibilidad al permitirle instalar hasta 2 puertos Gigabit y 8 puertos Fast Ethernet o 10 puertos Fast Ethernet.\" \/>\n<meta property=\"og:url\" content=\"https:\/\/tecplan.com.es\/en\/product\/serie-pt-7710-conmutadores-ethernet-modulares\/\" \/>\n<meta property=\"og:site_name\" content=\"Tecplan\" \/>\n<meta property=\"article:modified_time\" content=\"2026-01-02T22:08:20+00:00\" \/>\n<meta property=\"og:image\" content=\"https:\/\/tecplan.com.es\/wp-content\/uploads\/2025\/07\/moxa-pt-7710-series-image-1-1.jpg\" \/>\n\t<meta property=\"og:image:width\" content=\"456\" \/>\n\t<meta property=\"og:image:height\" content=\"456\" \/>\n\t<meta property=\"og:image:type\" content=\"image\/jpeg\" \/>\n<meta name=\"twitter:card\" content=\"summary_large_image\" \/>\n<meta name=\"twitter:label1\" content=\"Est. reading time\" \/>\n\t<meta name=\"twitter:data1\" content=\"2 minutes\" \/>\n<script type=\"application\/ld+json\" class=\"yoast-schema-graph\">{\"@context\":\"https:\/\/schema.org\",\"@graph\":[{\"@type\":\"WebPage\",\"@id\":\"https:\/\/tecplan.com.es\/product\/serie-pt-7710-conmutadores-ethernet-modulares\/\",\"url\":\"https:\/\/tecplan.com.es\/product\/serie-pt-7710-conmutadores-ethernet-modulares\/\",\"name\":\"Conmutadores Ethernet Serie PT-7710 - Tecplan\",\"isPartOf\":{\"@id\":\"https:\/\/tecplan.com.es\/#website\"},\"primaryImageOfPage\":{\"@id\":\"https:\/\/tecplan.com.es\/product\/serie-pt-7710-conmutadores-ethernet-modulares\/#primaryimage\"},\"image\":{\"@id\":\"https:\/\/tecplan.com.es\/product\/serie-pt-7710-conmutadores-ethernet-modulares\/#primaryimage\"},\"thumbnailUrl\":\"https:\/\/tecplan.com.es\/wp-content\/uploads\/2025\/07\/moxa-pt-7710-series-image-1-1.jpg\",\"datePublished\":\"2025-07-18T21:00:23+00:00\",\"dateModified\":\"2026-01-02T22:08:20+00:00\",\"breadcrumb\":{\"@id\":\"https:\/\/tecplan.com.es\/product\/serie-pt-7710-conmutadores-ethernet-modulares\/#breadcrumb\"},\"inLanguage\":\"en-US\",\"potentialAction\":[{\"@type\":\"ReadAction\",\"target\":[\"https:\/\/tecplan.com.es\/product\/serie-pt-7710-conmutadores-ethernet-modulares\/\"]}]},{\"@type\":\"ImageObject\",\"inLanguage\":\"en-US\",\"@id\":\"https:\/\/tecplan.com.es\/product\/serie-pt-7710-conmutadores-ethernet-modulares\/#primaryimage\",\"url\":\"https:\/\/tecplan.com.es\/wp-content\/uploads\/2025\/07\/moxa-pt-7710-series-image-1-1.jpg\",\"contentUrl\":\"https:\/\/tecplan.com.es\/wp-content\/uploads\/2025\/07\/moxa-pt-7710-series-image-1-1.jpg\",\"width\":456,\"height\":456},{\"@type\":\"BreadcrumbList\",\"@id\":\"https:\/\/tecplan.com.es\/product\/serie-pt-7710-conmutadores-ethernet-modulares\/#breadcrumb\",\"itemListElement\":[{\"@type\":\"ListItem\",\"position\":1,\"name\":\"Home\",\"item\":\"https:\/\/tecplan.com.es\/\"},{\"@type\":\"ListItem\",\"position\":2,\"name\":\"Shop\",\"item\":\"https:\/\/tecplan.com.es\/shop\/\"},{\"@type\":\"ListItem\",\"position\":3,\"name\":\"Conmutadores Ethernet Serie PT-7710\"}]},{\"@type\":\"WebSite\",\"@id\":\"https:\/\/tecplan.com.es\/#website\",\"url\":\"https:\/\/tecplan.com.es\/\",\"name\":\"Tecplan\",\"description\":\"\",\"potentialAction\":[{\"@type\":\"SearchAction\",\"target\":{\"@type\":\"EntryPoint\",\"urlTemplate\":\"https:\/\/tecplan.com.es\/?s={search_term_string}\"},\"query-input\":{\"@type\":\"PropertyValueSpecification\",\"valueRequired\":true,\"valueName\":\"search_term_string\"}}],\"inLanguage\":\"en-US\"}]}<\/script>\n<!-- \/ Yoast SEO plugin. -->","yoast_head_json":{"title":"Conmutadores Ethernet Serie PT-7710 - Tecplan","robots":{"index":"index","follow":"follow","max-snippet":"max-snippet:-1","max-image-preview":"max-image-preview:large","max-video-preview":"max-video-preview:-1"},"canonical":"https:\/\/tecplan.com.es\/en\/product\/serie-pt-7710-conmutadores-ethernet-modulares\/","og_locale":"en_US","og_type":"article","og_title":"Conmutadores Ethernet Serie PT-7710 - Tecplan","og_description":"El PT-7710 est\u00e1 dise\u00f1ado para satisfacer las demandas de los sistemas de automatizaci\u00f3n de subestaciones el\u00e9ctricas (IEC 61850-3, IEEE 1613) y aplicaciones ferroviarias (EN 50121-4).\u00a0La red troncal Gigabit y Fast Ethernet, el anillo redundante y las entradas de alimentaci\u00f3n redundantes de 12\/24\/48 V CC del PT-7710 aumentan la confiabilidad de las comunicaciones y reducen los costos de cableado.\u00a0El dise\u00f1o modular del PT-7710 facilita la planificaci\u00f3n de la red y permite una mayor flexibilidad al permitirle instalar hasta 2 puertos Gigabit y 8 puertos Fast Ethernet o 10 puertos Fast Ethernet.","og_url":"https:\/\/tecplan.com.es\/en\/product\/serie-pt-7710-conmutadores-ethernet-modulares\/","og_site_name":"Tecplan","article_modified_time":"2026-01-02T22:08:20+00:00","og_image":[{"width":456,"height":456,"url":"https:\/\/tecplan.com.es\/wp-content\/uploads\/2025\/07\/moxa-pt-7710-series-image-1-1.jpg","type":"image\/jpeg"}],"twitter_card":"summary_large_image","twitter_misc":{"Est. reading time":"2 minutes"},"schema":{"@context":"https:\/\/schema.org","@graph":[{"@type":"WebPage","@id":"https:\/\/tecplan.com.es\/product\/serie-pt-7710-conmutadores-ethernet-modulares\/","url":"https:\/\/tecplan.com.es\/product\/serie-pt-7710-conmutadores-ethernet-modulares\/","name":"Conmutadores Ethernet Serie PT-7710 - Tecplan","isPartOf":{"@id":"https:\/\/tecplan.com.es\/#website"},"primaryImageOfPage":{"@id":"https:\/\/tecplan.com.es\/product\/serie-pt-7710-conmutadores-ethernet-modulares\/#primaryimage"},"image":{"@id":"https:\/\/tecplan.com.es\/product\/serie-pt-7710-conmutadores-ethernet-modulares\/#primaryimage"},"thumbnailUrl":"https:\/\/tecplan.com.es\/wp-content\/uploads\/2025\/07\/moxa-pt-7710-series-image-1-1.jpg","datePublished":"2025-07-18T21:00:23+00:00","dateModified":"2026-01-02T22:08:20+00:00","breadcrumb":{"@id":"https:\/\/tecplan.com.es\/product\/serie-pt-7710-conmutadores-ethernet-modulares\/#breadcrumb"},"inLanguage":"en-US","potentialAction":[{"@type":"ReadAction","target":["https:\/\/tecplan.com.es\/product\/serie-pt-7710-conmutadores-ethernet-modulares\/"]}]},{"@type":"ImageObject","inLanguage":"en-US","@id":"https:\/\/tecplan.com.es\/product\/serie-pt-7710-conmutadores-ethernet-modulares\/#primaryimage","url":"https:\/\/tecplan.com.es\/wp-content\/uploads\/2025\/07\/moxa-pt-7710-series-image-1-1.jpg","contentUrl":"https:\/\/tecplan.com.es\/wp-content\/uploads\/2025\/07\/moxa-pt-7710-series-image-1-1.jpg","width":456,"height":456},{"@type":"BreadcrumbList","@id":"https:\/\/tecplan.com.es\/product\/serie-pt-7710-conmutadores-ethernet-modulares\/#breadcrumb","itemListElement":[{"@type":"ListItem","position":1,"name":"Home","item":"https:\/\/tecplan.com.es\/"},{"@type":"ListItem","position":2,"name":"Shop","item":"https:\/\/tecplan.com.es\/shop\/"},{"@type":"ListItem","position":3,"name":"Conmutadores Ethernet Serie PT-7710"}]},{"@type":"WebSite","@id":"https:\/\/tecplan.com.es\/#website","url":"https:\/\/tecplan.com.es\/","name":"Tecplan","description":"","potentialAction":[{"@type":"SearchAction","target":{"@type":"EntryPoint","urlTemplate":"https:\/\/tecplan.com.es\/?s={search_term_string}"},"query-input":{"@type":"PropertyValueSpecification","valueRequired":true,"valueName":"search_term_string"}}],"inLanguage":"en-US"}]}},"_links":{"self":[{"href":"https:\/\/tecplan.com.es\/en\/wp-json\/wp\/v2\/product\/2229","targetHints":{"allow":["GET"]}}],"collection":[{"href":"https:\/\/tecplan.com.es\/en\/wp-json\/wp\/v2\/product"}],"about":[{"href":"https:\/\/tecplan.com.es\/en\/wp-json\/wp\/v2\/types\/product"}],"replies":[{"embeddable":true,"href":"https:\/\/tecplan.com.es\/en\/wp-json\/wp\/v2\/comments?post=2229"}],"version-history":[{"count":3,"href":"https:\/\/tecplan.com.es\/en\/wp-json\/wp\/v2\/product\/2229\/revisions"}],"predecessor-version":[{"id":2232,"href":"https:\/\/tecplan.com.es\/en\/wp-json\/wp\/v2\/product\/2229\/revisions\/2232"}],"wp:featuredmedia":[{"embeddable":true,"href":"https:\/\/tecplan.com.es\/en\/wp-json\/wp\/v2\/media\/2230"}],"wp:attachment":[{"href":"https:\/\/tecplan.com.es\/en\/wp-json\/wp\/v2\/media?parent=2229"}],"wp:term":[{"taxonomy":"product_brand","embeddable":true,"href":"https:\/\/tecplan.com.es\/en\/wp-json\/wp\/v2\/product_brand?post=2229"},{"taxonomy":"product_cat","embeddable":true,"href":"https:\/\/tecplan.com.es\/en\/wp-json\/wp\/v2\/product_cat?post=2229"},{"taxonomy":"product_tag","embeddable":true,"href":"https:\/\/tecplan.com.es\/en\/wp-json\/wp\/v2\/product_tag?post=2229"}],"curies":[{"name":"wp","href":"https:\/\/api.w.org\/{rel}","templated":true}]}}