{"id":2224,"date":"2025-07-18T20:39:11","date_gmt":"2025-07-18T20:39:11","guid":{"rendered":"https:\/\/tecplan.com.es\/?post_type=product&#038;p=2224"},"modified":"2025-07-18T20:43:30","modified_gmt":"2025-07-18T20:43:30","slug":"conmutadores-ethernet-serie-eds-528e","status":"publish","type":"product","link":"https:\/\/tecplan.com.es\/en\/product\/conmutadores-ethernet-serie-eds-528e\/","title":{"rendered":"Conmutadores Ethernet  Serie EDS-528E"},"content":{"rendered":"<h6 class=\"hero-banner__heading\" style=\"text-align: justify;\">Serie EDS-528E<\/h6>\n<h6 class=\"hero-banner__subheading\" style=\"text-align: justify;\">Conmutadores Ethernet administrados por Gigabit de 24+4G puertos<\/h6>\n<p><span style=\"font-size: 16px; text-align: justify;\">Los conmutadores Ethernet independientes y compactos de 28 puertos administrados por EDS-528E tienen 4 puertos Gigabit combinados con ranuras RJ45 o SFP integradas para comunicaci\u00f3n por fibra \u00f3ptica Gigabit. Los 24 puertos Ethernet r\u00e1pidos tienen una variedad de combinaciones de puertos de cobre y fibra que le brindan a la serie EDS-528E una mayor flexibilidad para dise\u00f1ar su red y aplicaci\u00f3n. Las tecnolog\u00edas de redundancia Ethernet, Turbo Ring, Turbo Chain, RSTP\/STP y MSTP, aumentan la confiabilidad del sistema y la disponibilidad de su red troncal. El EDS-528E tambi\u00e9n admite funciones avanzadas de gesti\u00f3n y seguridad.<\/span><\/p>\n<div class=\"module-block module-block--white\">\n<p class=\"module-block__paragraph\" style=\"text-align: justify;\">Adem\u00e1s, la serie EDS-528E est\u00e1 dise\u00f1ada espec\u00edficamente para entornos industriales hostiles con espacio de instalaci\u00f3n limitado y requisitos de alto nivel de protecci\u00f3n, como mar\u00edtimo, ferroviario, petr\u00f3leo y gas, automatizaci\u00f3n de f\u00e1bricas y automatizaci\u00f3n de procesos.<\/p>\n<p class=\"module-block__note\" style=\"text-align: justify;\"><span style=\"font-size: 20.8px;\">Caracter\u00edsticas y beneficios adicionales<\/span><\/p>\n<\/div>\n<div class=\"module-block module-block--white\">\n<ul class=\"bullet-list\" style=\"text-align: justify;\">\n<li class=\"bullet-list__item\">\n<p class=\"module-block__paragraph\">Opci\u00f3n DHCP 82 para asignaci\u00f3n de direcciones IP con diferentes pol\u00edticas<\/p>\n<\/li>\n<li class=\"bullet-list__item\">\n<p class=\"module-block__paragraph\">Admite los protocolos EtherNet\/IP, PROFINET y Modbus TCP para la gesti\u00f3n y supervisi\u00f3n de dispositivos<\/p>\n<\/li>\n<li class=\"bullet-list__item\">\n<p class=\"module-block__paragraph\">Espionaje IGMP y GMRP para filtrar tr\u00e1fico de multidifusi\u00f3n<\/p>\n<\/li>\n<li class=\"bullet-list__item\">\n<p class=\"module-block__paragraph\">VLAN basada en puerto, VLAN IEEE 802.1Q y GVRP para facilitar la planificaci\u00f3n de la red<\/p>\n<\/li>\n<li class=\"bullet-list__item\">\n<p class=\"module-block__paragraph\">QoS (IEEE 802.1p\/1Q y TOS\/DiffServ) para aumentar el determinismo<\/p>\n<\/li>\n<li class=\"bullet-list__item\">\n<p class=\"module-block__paragraph\">Truncado de puertos para una utilizaci\u00f3n \u00f3ptima del ancho de banda<\/p>\n<\/li>\n<\/ul>\n<ul class=\"bullet-list\">\n<li class=\"bullet-list__item\" style=\"text-align: justify;\">\n<p class=\"module-block__paragraph\">SNMPv1\/v2c\/v3 para diferentes niveles de gesti\u00f3n de red<\/p>\n<\/li>\n<li class=\"bullet-list__item\" style=\"text-align: justify;\">\n<p class=\"module-block__paragraph\">RMON para un monitoreo de red proactivo y eficiente<\/p>\n<\/li>\n<li class=\"bullet-list__item\" style=\"text-align: justify;\">\n<p class=\"module-block__paragraph\">Gesti\u00f3n del ancho de banda para evitar estados de red impredecibles<\/p>\n<\/li>\n<li class=\"bullet-list__item\" style=\"text-align: justify;\">\n<p class=\"module-block__paragraph\">Funci\u00f3n de puerto de bloqueo para bloquear el acceso no autorizado seg\u00fan la direcci\u00f3n MAC<\/p>\n<\/li>\n<li class=\"bullet-list__item\" style=\"text-align: justify;\">\n<p class=\"module-block__paragraph\">Advertencia autom\u00e1tica por excepci\u00f3n a trav\u00e9s de correo electr\u00f3nico y salida de retransmisi\u00f3n<\/p>\n<\/li>\n<li class=\"bullet-list__item\">\n<p class=\"module-block__paragraph\" style=\"text-align: justify;\">Admite el ABC-02-USB (Configurador de copia de seguridad autom\u00e1tica) para realizar copias de seguridad\/restauraci\u00f3n de la configuraci\u00f3n del sistema y actualizar el firmware<\/p>\n<\/li>\n<\/ul>\n<\/div>\n<p><!--more--><\/p>\n<h5 style=\"text-align: justify;\"><span style=\"text-decoration: underline;\"><strong>DOWNLOADS<\/strong><\/span><\/h5>\n<ul style=\"text-align: justify;\">\n<li><a href=\"https:\/\/cdn-cms-frontdoor-dfc8ebanh6bkb3hs.a02.azurefd.net\/getmedia\/0bac6e21-4085-4db0-a325-844e1113c1d9\/moxa-eds-528e-series-datasheet-v1.4.pdf\">\u2192 Technical specifications<\/a><\/li>\n<\/ul>","protected":false},"excerpt":{"rendered":"<p style=\"text-align: justify;\">Los switches EDS-528E independientes y compactos de 28 puertos Ethernet administrados tienen 4 puertos Gigabit combinados con ranuras integradas RJ45 o SFP para comunicaci\u00f3n de fibra \u00f3ptica Gigabit. Los 24 puertos Fast Ethernet tienen una variedad de combinaciones de puertos de cobre y fibra que le dan a la serie EDS-528E una mayor flexibilidad para dise\u00f1ar su red y aplicaci\u00f3n.<\/p>\n<p><img decoding=\"async\" class=\"wp-image-2219 aligncenter\" src=\"https:\/\/tecplan.com.es\/wp-content\/uploads\/2025\/07\/logo_moxa-300x44.png\" alt=\"\" width=\"185\" height=\"27\" srcset=\"https:\/\/tecplan.com.es\/wp-content\/uploads\/2025\/07\/logo_moxa-300x44.png 300w, https:\/\/tecplan.com.es\/wp-content\/uploads\/2025\/07\/logo_moxa-768x113.png 768w, https:\/\/tecplan.com.es\/wp-content\/uploads\/2025\/07\/logo_moxa-18x3.png 18w, https:\/\/tecplan.com.es\/wp-content\/uploads\/2025\/07\/logo_moxa-600x88.png 600w, https:\/\/tecplan.com.es\/wp-content\/uploads\/2025\/07\/logo_moxa.png 862w\" sizes=\"(max-width: 185px) 100vw, 185px\" \/><\/p>","protected":false},"featured_media":2225,"comment_status":"open","ping_status":"closed","template":"","meta":{"site-sidebar-layout":"default","site-content-layout":"","ast-site-content-layout":"default","site-content-style":"default","site-sidebar-style":"default","ast-global-header-display":"","ast-banner-title-visibility":"","ast-main-header-display":"","ast-hfb-above-header-display":"","ast-hfb-below-header-display":"","ast-hfb-mobile-header-display":"","site-post-title":"","ast-breadcrumbs-content":"","ast-featured-img":"","footer-sml-layout":"","ast-disable-related-posts":"","theme-transparent-header-meta":"default","adv-header-id-meta":"","stick-header-meta":"","header-above-stick-meta":"","header-main-stick-meta":"","header-below-stick-meta":"","astra-migrate-meta-layouts":"set","ast-page-background-enabled":"default","ast-page-background-meta":{"desktop":{"background-color":"var(--ast-global-color-5)","background-image":"","background-repeat":"repeat","background-position":"center center","background-size":"auto","background-attachment":"scroll","background-type":"","background-media":"","overlay-type":"","overlay-color":"","overlay-opacity":"","overlay-gradient":""},"tablet":{"background-color":"","background-image":"","background-repeat":"repeat","background-position":"center center","background-size":"auto","background-attachment":"scroll","background-type":"","background-media":"","overlay-type":"","overlay-color":"","overlay-opacity":"","overlay-gradient":""},"mobile":{"background-color":"","background-image":"","background-repeat":"repeat","background-position":"center center","background-size":"auto","background-attachment":"scroll","background-type":"","background-media":"","overlay-type":"","overlay-color":"","overlay-opacity":"","overlay-gradient":""}},"ast-content-background-meta":{"desktop":{"background-color":"var(--ast-global-color-4)","background-image":"","background-repeat":"repeat","background-position":"center center","background-size":"auto","background-attachment":"scroll","background-type":"","background-media":"","overlay-type":"","overlay-color":"","overlay-opacity":"","overlay-gradient":""},"tablet":{"background-color":"var(--ast-global-color-4)","background-image":"","background-repeat":"repeat","background-position":"center center","background-size":"auto","background-attachment":"scroll","background-type":"","background-media":"","overlay-type":"","overlay-color":"","overlay-opacity":"","overlay-gradient":""},"mobile":{"background-color":"var(--ast-global-color-4)","background-image":"","background-repeat":"repeat","background-position":"center center","background-size":"auto","background-attachment":"scroll","background-type":"","background-media":"","overlay-type":"","overlay-color":"","overlay-opacity":"","overlay-gradient":""}}},"product_brand":[244],"product_cat":[118,96,121],"product_tag":[214],"class_list":{"0":"post-2224","1":"product","2":"type-product","3":"status-publish","4":"has-post-thumbnail","6":"product_brand-moxa","7":"product_cat-moxa","8":"product_cat-networking","9":"product_cat-switch-moxa","10":"product_tag-moxa","11":"desktop-align-left","12":"tablet-align-left","13":"mobile-align-left","15":"first","16":"instock","17":"shipping-taxable","18":"product-type-simple"},"yoast_head":"<!-- This site is optimized with the Yoast SEO plugin v25.3 - https:\/\/yoast.com\/wordpress\/plugins\/seo\/ -->\n<title>Conmutadores Ethernet Serie EDS-528E - Tecplan<\/title>\n<meta name=\"robots\" content=\"index, follow, max-snippet:-1, max-image-preview:large, max-video-preview:-1\" \/>\n<link rel=\"canonical\" href=\"https:\/\/tecplan.com.es\/en\/product\/conmutadores-ethernet-serie-eds-528e\/\" \/>\n<meta property=\"og:locale\" content=\"en_US\" \/>\n<meta property=\"og:type\" content=\"article\" \/>\n<meta property=\"og:title\" content=\"Conmutadores Ethernet Serie EDS-528E - Tecplan\" \/>\n<meta property=\"og:description\" content=\"Los switches EDS-528E independientes y compactos de 28 puertos Ethernet administrados tienen 4 puertos Gigabit combinados con ranuras integradas RJ45 o SFP para comunicaci\u00f3n de fibra \u00f3ptica Gigabit. Los 24 puertos Fast Ethernet tienen una variedad de combinaciones de puertos de cobre y fibra que le dan a la serie EDS-528E una mayor flexibilidad para dise\u00f1ar su red y aplicaci\u00f3n.\" \/>\n<meta property=\"og:url\" content=\"https:\/\/tecplan.com.es\/en\/product\/conmutadores-ethernet-serie-eds-528e\/\" \/>\n<meta property=\"og:site_name\" content=\"Tecplan\" \/>\n<meta property=\"article:modified_time\" content=\"2025-07-18T20:43:30+00:00\" \/>\n<meta property=\"og:image\" content=\"https:\/\/tecplan.com.es\/wp-content\/uploads\/2025\/07\/moxa-eds-528e-series-image-1-1.jpg\" \/>\n\t<meta property=\"og:image:width\" content=\"456\" \/>\n\t<meta property=\"og:image:height\" content=\"456\" \/>\n\t<meta property=\"og:image:type\" content=\"image\/jpeg\" \/>\n<meta name=\"twitter:card\" content=\"summary_large_image\" \/>\n<meta name=\"twitter:label1\" content=\"Est. reading time\" \/>\n\t<meta name=\"twitter:data1\" content=\"2 minutes\" \/>\n<script type=\"application\/ld+json\" class=\"yoast-schema-graph\">{\"@context\":\"https:\/\/schema.org\",\"@graph\":[{\"@type\":\"WebPage\",\"@id\":\"https:\/\/tecplan.com.es\/product\/conmutadores-ethernet-serie-eds-528e\/\",\"url\":\"https:\/\/tecplan.com.es\/product\/conmutadores-ethernet-serie-eds-528e\/\",\"name\":\"Conmutadores Ethernet Serie EDS-528E - Tecplan\",\"isPartOf\":{\"@id\":\"https:\/\/tecplan.com.es\/#website\"},\"primaryImageOfPage\":{\"@id\":\"https:\/\/tecplan.com.es\/product\/conmutadores-ethernet-serie-eds-528e\/#primaryimage\"},\"image\":{\"@id\":\"https:\/\/tecplan.com.es\/product\/conmutadores-ethernet-serie-eds-528e\/#primaryimage\"},\"thumbnailUrl\":\"https:\/\/tecplan.com.es\/wp-content\/uploads\/2025\/07\/moxa-eds-528e-series-image-1-1.jpg\",\"datePublished\":\"2025-07-18T20:39:11+00:00\",\"dateModified\":\"2025-07-18T20:43:30+00:00\",\"breadcrumb\":{\"@id\":\"https:\/\/tecplan.com.es\/product\/conmutadores-ethernet-serie-eds-528e\/#breadcrumb\"},\"inLanguage\":\"en-US\",\"potentialAction\":[{\"@type\":\"ReadAction\",\"target\":[\"https:\/\/tecplan.com.es\/product\/conmutadores-ethernet-serie-eds-528e\/\"]}]},{\"@type\":\"ImageObject\",\"inLanguage\":\"en-US\",\"@id\":\"https:\/\/tecplan.com.es\/product\/conmutadores-ethernet-serie-eds-528e\/#primaryimage\",\"url\":\"https:\/\/tecplan.com.es\/wp-content\/uploads\/2025\/07\/moxa-eds-528e-series-image-1-1.jpg\",\"contentUrl\":\"https:\/\/tecplan.com.es\/wp-content\/uploads\/2025\/07\/moxa-eds-528e-series-image-1-1.jpg\",\"width\":456,\"height\":456},{\"@type\":\"BreadcrumbList\",\"@id\":\"https:\/\/tecplan.com.es\/product\/conmutadores-ethernet-serie-eds-528e\/#breadcrumb\",\"itemListElement\":[{\"@type\":\"ListItem\",\"position\":1,\"name\":\"Home\",\"item\":\"https:\/\/tecplan.com.es\/\"},{\"@type\":\"ListItem\",\"position\":2,\"name\":\"Shop\",\"item\":\"https:\/\/tecplan.com.es\/shop\/\"},{\"@type\":\"ListItem\",\"position\":3,\"name\":\"Conmutadores Ethernet Serie EDS-528E\"}]},{\"@type\":\"WebSite\",\"@id\":\"https:\/\/tecplan.com.es\/#website\",\"url\":\"https:\/\/tecplan.com.es\/\",\"name\":\"Tecplan\",\"description\":\"\",\"potentialAction\":[{\"@type\":\"SearchAction\",\"target\":{\"@type\":\"EntryPoint\",\"urlTemplate\":\"https:\/\/tecplan.com.es\/?s={search_term_string}\"},\"query-input\":{\"@type\":\"PropertyValueSpecification\",\"valueRequired\":true,\"valueName\":\"search_term_string\"}}],\"inLanguage\":\"en-US\"}]}<\/script>\n<!-- \/ Yoast SEO plugin. -->","yoast_head_json":{"title":"Conmutadores Ethernet Serie EDS-528E - Tecplan","robots":{"index":"index","follow":"follow","max-snippet":"max-snippet:-1","max-image-preview":"max-image-preview:large","max-video-preview":"max-video-preview:-1"},"canonical":"https:\/\/tecplan.com.es\/en\/product\/conmutadores-ethernet-serie-eds-528e\/","og_locale":"en_US","og_type":"article","og_title":"Conmutadores Ethernet Serie EDS-528E - Tecplan","og_description":"Los switches EDS-528E independientes y compactos de 28 puertos Ethernet administrados tienen 4 puertos Gigabit combinados con ranuras integradas RJ45 o SFP para comunicaci\u00f3n de fibra \u00f3ptica Gigabit. Los 24 puertos Fast Ethernet tienen una variedad de combinaciones de puertos de cobre y fibra que le dan a la serie EDS-528E una mayor flexibilidad para dise\u00f1ar su red y aplicaci\u00f3n.","og_url":"https:\/\/tecplan.com.es\/en\/product\/conmutadores-ethernet-serie-eds-528e\/","og_site_name":"Tecplan","article_modified_time":"2025-07-18T20:43:30+00:00","og_image":[{"width":456,"height":456,"url":"https:\/\/tecplan.com.es\/wp-content\/uploads\/2025\/07\/moxa-eds-528e-series-image-1-1.jpg","type":"image\/jpeg"}],"twitter_card":"summary_large_image","twitter_misc":{"Est. reading time":"2 minutes"},"schema":{"@context":"https:\/\/schema.org","@graph":[{"@type":"WebPage","@id":"https:\/\/tecplan.com.es\/product\/conmutadores-ethernet-serie-eds-528e\/","url":"https:\/\/tecplan.com.es\/product\/conmutadores-ethernet-serie-eds-528e\/","name":"Conmutadores Ethernet Serie EDS-528E - Tecplan","isPartOf":{"@id":"https:\/\/tecplan.com.es\/#website"},"primaryImageOfPage":{"@id":"https:\/\/tecplan.com.es\/product\/conmutadores-ethernet-serie-eds-528e\/#primaryimage"},"image":{"@id":"https:\/\/tecplan.com.es\/product\/conmutadores-ethernet-serie-eds-528e\/#primaryimage"},"thumbnailUrl":"https:\/\/tecplan.com.es\/wp-content\/uploads\/2025\/07\/moxa-eds-528e-series-image-1-1.jpg","datePublished":"2025-07-18T20:39:11+00:00","dateModified":"2025-07-18T20:43:30+00:00","breadcrumb":{"@id":"https:\/\/tecplan.com.es\/product\/conmutadores-ethernet-serie-eds-528e\/#breadcrumb"},"inLanguage":"en-US","potentialAction":[{"@type":"ReadAction","target":["https:\/\/tecplan.com.es\/product\/conmutadores-ethernet-serie-eds-528e\/"]}]},{"@type":"ImageObject","inLanguage":"en-US","@id":"https:\/\/tecplan.com.es\/product\/conmutadores-ethernet-serie-eds-528e\/#primaryimage","url":"https:\/\/tecplan.com.es\/wp-content\/uploads\/2025\/07\/moxa-eds-528e-series-image-1-1.jpg","contentUrl":"https:\/\/tecplan.com.es\/wp-content\/uploads\/2025\/07\/moxa-eds-528e-series-image-1-1.jpg","width":456,"height":456},{"@type":"BreadcrumbList","@id":"https:\/\/tecplan.com.es\/product\/conmutadores-ethernet-serie-eds-528e\/#breadcrumb","itemListElement":[{"@type":"ListItem","position":1,"name":"Home","item":"https:\/\/tecplan.com.es\/"},{"@type":"ListItem","position":2,"name":"Shop","item":"https:\/\/tecplan.com.es\/shop\/"},{"@type":"ListItem","position":3,"name":"Conmutadores Ethernet Serie EDS-528E"}]},{"@type":"WebSite","@id":"https:\/\/tecplan.com.es\/#website","url":"https:\/\/tecplan.com.es\/","name":"Tecplan","description":"","potentialAction":[{"@type":"SearchAction","target":{"@type":"EntryPoint","urlTemplate":"https:\/\/tecplan.com.es\/?s={search_term_string}"},"query-input":{"@type":"PropertyValueSpecification","valueRequired":true,"valueName":"search_term_string"}}],"inLanguage":"en-US"}]}},"_links":{"self":[{"href":"https:\/\/tecplan.com.es\/en\/wp-json\/wp\/v2\/product\/2224","targetHints":{"allow":["GET"]}}],"collection":[{"href":"https:\/\/tecplan.com.es\/en\/wp-json\/wp\/v2\/product"}],"about":[{"href":"https:\/\/tecplan.com.es\/en\/wp-json\/wp\/v2\/types\/product"}],"replies":[{"embeddable":true,"href":"https:\/\/tecplan.com.es\/en\/wp-json\/wp\/v2\/comments?post=2224"}],"version-history":[{"count":3,"href":"https:\/\/tecplan.com.es\/en\/wp-json\/wp\/v2\/product\/2224\/revisions"}],"predecessor-version":[{"id":2228,"href":"https:\/\/tecplan.com.es\/en\/wp-json\/wp\/v2\/product\/2224\/revisions\/2228"}],"wp:featuredmedia":[{"embeddable":true,"href":"https:\/\/tecplan.com.es\/en\/wp-json\/wp\/v2\/media\/2225"}],"wp:attachment":[{"href":"https:\/\/tecplan.com.es\/en\/wp-json\/wp\/v2\/media?parent=2224"}],"wp:term":[{"taxonomy":"product_brand","embeddable":true,"href":"https:\/\/tecplan.com.es\/en\/wp-json\/wp\/v2\/product_brand?post=2224"},{"taxonomy":"product_cat","embeddable":true,"href":"https:\/\/tecplan.com.es\/en\/wp-json\/wp\/v2\/product_cat?post=2224"},{"taxonomy":"product_tag","embeddable":true,"href":"https:\/\/tecplan.com.es\/en\/wp-json\/wp\/v2\/product_tag?post=2224"}],"curies":[{"name":"wp","href":"https:\/\/api.w.org\/{rel}","templated":true}]}}