{"id":2182,"date":"2025-07-18T16:09:41","date_gmt":"2025-07-18T16:09:41","guid":{"rendered":"https:\/\/tecplan.com.es\/?post_type=product&#038;p=2182"},"modified":"2025-07-18T16:10:16","modified_gmt":"2025-07-18T16:10:16","slug":"comunicador-satelital-sos-mensajero-inreach","status":"publish","type":"product","link":"https:\/\/tecplan.com.es\/en\/product\/comunicador-satelital-sos-mensajero-inreach\/","title":{"rendered":"SOS inReach\u00ae Satellite Communicator"},"content":{"rendered":"<p class=\"svelte-1sntxl4\" style=\"text-align: justify;\"><span class=\"svelte-1sntxl4\">The inReach\u00ae messenger is\u00a0<\/span><span class=\"qa-highlight svelte-1sntxl4\"><span class=\"svelte-1sntxl4\">A satellite communicator designed to keep users connected when there is no cell phone coverage.<\/span><\/span><span class=\"svelte-1sntxl4\">, ofreciendo mensajer\u00eda de texto bidireccional global y alertas SOS.<\/span>\u00a0<span class=\"svelte-1sntxl4\">Es un dispositivo peque\u00f1o y resistente que permite a los usuarios mantenerse en contacto con amigos y familiares incluso en \u00e1reas remotas.<\/span>\u00a0<span class=\"svelte-1sntxl4\">The device can be paired with the Garmin Messenger\u2122 app on a compatible smartphone to send and receive messages via satellite or cellular networks.<\/span><\/p>\n<p class=\"svelte-1sntxl4\" style=\"text-align: justify;\"><span class=\"svelte-1sntxl4\">Key features of inReach\u00ae Messenger include:<\/span><\/p>\n<ul class=\"svelte-1sntxl4\">\n<li class=\"svelte-1sntxl4\" style=\"text-align: justify;\">\n<p class=\"svelte-1sntxl4\"><strong class=\"svelte-1sntxl4\"><span class=\"svelte-1sntxl4\">Two-way messaging<\/span><\/strong><span class=\"svelte-1sntxl4\">Users can exchange text messages with their loved ones via satellite or cellular networks.<\/span><\/p>\n<\/li>\n<li class=\"svelte-1sntxl4\" style=\"text-align: justify;\">\n<p class=\"svelte-1sntxl4\"><strong class=\"svelte-1sntxl4\"><span class=\"svelte-1sntxl4\">Perfect connection<\/span><\/strong><span class=\"svelte-1sntxl4\">The device uses a cellular connection when available and switches to an Iridium\u00ae global satellite network when there is no cellular coverage.<\/span><\/p>\n<\/li>\n<li class=\"svelte-1sntxl4\" style=\"text-align: justify;\">\n<p class=\"svelte-1sntxl4\"><strong class=\"svelte-1sntxl4\"><span class=\"svelte-1sntxl4\">Group messages<\/span><\/strong><span class=\"svelte-1sntxl4\">The Garmin Messenger app supports threading and group message distribution, allowing users to share adventures with multiple contacts simultaneously.<\/span><\/p>\n<\/li>\n<li class=\"svelte-1sntxl4\" style=\"text-align: justify;\">\n<p class=\"svelte-1sntxl4\"><strong class=\"svelte-1sntxl4\"><span class=\"svelte-1sntxl4\">Interactive SOS alerts<\/span><\/strong><span class=\"svelte-1sntxl4\">In case of emergency, users can activate an interactive SOS message to Garmin Response SM, an emergency response coordination center with staff available 24\/7.<\/span><\/p>\n<\/li>\n<li class=\"svelte-1sntxl4\" style=\"text-align: justify;\">\n<p class=\"svelte-1sntxl4\"><strong class=\"svelte-1sntxl4\"><span class=\"svelte-1sntxl4\">Location sharing<\/span><\/strong><span class=\"svelte-1sntxl4\">Users can share their location with loved ones using a MapShare\u2122 page or by embedding GPS coordinates in messages.<\/span><\/p>\n<\/li>\n<li class=\"svelte-1sntxl4\" style=\"text-align: justify;\">\n<p class=\"svelte-1sntxl4\"><strong class=\"svelte-1sntxl4\"><span class=\"svelte-1sntxl4\">Flexible satellite broadcast time plans<\/span><\/strong><span class=\"svelte-1sntxl4\">An active satellite subscription is required to access the Iridium global network, with annual or monthly plan options.<\/span><\/p>\n<\/li>\n<li class=\"svelte-1sntxl4\" style=\"text-align: justify;\">\n<p class=\"svelte-1sntxl4\"><strong class=\"svelte-1sntxl4\"><span class=\"svelte-1sntxl4\">Compact and resistant design<\/span><\/strong><span class=\"svelte-1sntxl4\">The device is small, durable, and has an IPX7 water rating, making it suitable for outdoor activities.<\/span><\/p>\n<\/li>\n<li class=\"svelte-1sntxl4\" style=\"text-align: justify;\">\n<p class=\"svelte-1sntxl4\"><strong class=\"svelte-1sntxl4\"><span class=\"svelte-1sntxl4\">Safety charge<\/span><\/strong><span class=\"svelte-1sntxl4\">The device can provide enough power to send a personalized text message from a compatible smartphone if its battery is depleted.<\/span><\/p>\n<\/li>\n<li class=\"svelte-1sntxl4\">\n<p class=\"svelte-1sntxl4\" style=\"text-align: justify;\"><strong class=\"svelte-1sntxl4\"><span class=\"svelte-1sntxl4\">Extra long battery life<\/span><\/strong><span class=\"svelte-1sntxl4\">The internal rechargeable lithium battery offers up to 28 days of battery life in 10-minute tracking mode.<\/span><\/p>\n<\/li>\n<\/ul>\n<p><!--more--><\/p>\n<h5 style=\"text-align: justify;\"><span style=\"text-decoration: underline;\"><strong>DOWNLOADS<\/strong><\/span><\/h5>\n<ul style=\"text-align: justify;\">\n<li><a href=\"https:\/\/www8.garmin.com\/manuals\/webhelp\/GUID-5919E4DF-BE2C-4897-AE03-3BF5B0AD3ACA\/EN-US\/inReach_Messenger_OM_EN-US.pdf\">\u2192 Technical specifications<\/a><\/li>\n<\/ul>","protected":false},"excerpt":{"rendered":"<p style=\"text-align: justify;\">When your adventures take you to remote locations, this small and rugged satellite communication device goes beyond the limits of mobile networks to allow you to stay in touch with family and friends through global two-way text messaging.<\/p>\n<p><img decoding=\"async\" class=\"wp-image-2118 aligncenter\" src=\"https:\/\/tecplan.com.es\/wp-content\/uploads\/2025\/07\/garmin-2-logo-e1751925774362-300x117.png\" alt=\"\" width=\"182\" height=\"71\" srcset=\"https:\/\/tecplan.com.es\/wp-content\/uploads\/2025\/07\/garmin-2-logo-e1751925774362-300x117.png 300w, https:\/\/tecplan.com.es\/wp-content\/uploads\/2025\/07\/garmin-2-logo-e1751925774362-18x7.png 18w, https:\/\/tecplan.com.es\/wp-content\/uploads\/2025\/07\/garmin-2-logo-e1751925774362-600x234.png 600w, https:\/\/tecplan.com.es\/wp-content\/uploads\/2025\/07\/garmin-2-logo-e1751925774362.png 675w\" sizes=\"(max-width: 182px) 100vw, 182px\" \/><\/p>","protected":false},"featured_media":2185,"comment_status":"open","ping_status":"closed","template":"","meta":{"site-sidebar-layout":"default","site-content-layout":"","ast-site-content-layout":"default","site-content-style":"default","site-sidebar-style":"default","ast-global-header-display":"","ast-banner-title-visibility":"","ast-main-header-display":"","ast-hfb-above-header-display":"","ast-hfb-below-header-display":"","ast-hfb-mobile-header-display":"","site-post-title":"","ast-breadcrumbs-content":"","ast-featured-img":"","footer-sml-layout":"","ast-disable-related-posts":"","theme-transparent-header-meta":"default","adv-header-id-meta":"","stick-header-meta":"","header-above-stick-meta":"","header-main-stick-meta":"","header-below-stick-meta":"","astra-migrate-meta-layouts":"set","ast-page-background-enabled":"default","ast-page-background-meta":{"desktop":{"background-color":"var(--ast-global-color-5)","background-image":"","background-repeat":"repeat","background-position":"center center","background-size":"auto","background-attachment":"scroll","background-type":"","background-media":"","overlay-type":"","overlay-color":"","overlay-opacity":"","overlay-gradient":""},"tablet":{"background-color":"","background-image":"","background-repeat":"repeat","background-position":"center center","background-size":"auto","background-attachment":"scroll","background-type":"","background-media":"","overlay-type":"","overlay-color":"","overlay-opacity":"","overlay-gradient":""},"mobile":{"background-color":"","background-image":"","background-repeat":"repeat","background-position":"center center","background-size":"auto","background-attachment":"scroll","background-type":"","background-media":"","overlay-type":"","overlay-color":"","overlay-opacity":"","overlay-gradient":""}},"ast-content-background-meta":{"desktop":{"background-color":"var(--ast-global-color-4)","background-image":"","background-repeat":"repeat","background-position":"center center","background-size":"auto","background-attachment":"scroll","background-type":"","background-media":"","overlay-type":"","overlay-color":"","overlay-opacity":"","overlay-gradient":""},"tablet":{"background-color":"var(--ast-global-color-4)","background-image":"","background-repeat":"repeat","background-position":"center center","background-size":"auto","background-attachment":"scroll","background-type":"","background-media":"","overlay-type":"","overlay-color":"","overlay-opacity":"","overlay-gradient":""},"mobile":{"background-color":"var(--ast-global-color-4)","background-image":"","background-repeat":"repeat","background-position":"center center","background-size":"auto","background-attachment":"scroll","background-type":"","background-media":"","overlay-type":"","overlay-color":"","overlay-opacity":"","overlay-gradient":""}}},"product_brand":[241],"product_cat":[36,56],"product_tag":[198],"class_list":{"0":"post-2182","1":"product","2":"type-product","3":"status-publish","4":"has-post-thumbnail","6":"product_brand-garmin","7":"product_cat-comunicacion-satelital","8":"product_cat-gps-portatil","9":"product_tag-garmin","10":"desktop-align-left","11":"tablet-align-left","12":"mobile-align-left","14":"first","15":"instock","16":"shipping-taxable","17":"product-type-simple"},"yoast_head":"<!-- This site is optimized with the Yoast SEO plugin v25.3 - https:\/\/yoast.com\/wordpress\/plugins\/seo\/ -->\n<title>Comunicador satelital SOS inReach\u00ae - Tecplan<\/title>\n<meta name=\"robots\" content=\"index, follow, max-snippet:-1, max-image-preview:large, max-video-preview:-1\" \/>\n<link rel=\"canonical\" href=\"https:\/\/tecplan.com.es\/en\/product\/comunicador-satelital-sos-mensajero-inreach\/\" \/>\n<meta property=\"og:locale\" content=\"en_US\" \/>\n<meta property=\"og:type\" content=\"article\" \/>\n<meta property=\"og:title\" content=\"Comunicador satelital SOS inReach\u00ae - Tecplan\" \/>\n<meta property=\"og:description\" content=\"Cuando tus aventuras te llevan a lugares remotos, este dispositivo de comunicaci\u00f3n por sat\u00e9lite\u00a0peque\u00f1o y robusto va m\u00e1s all\u00e1 de los l\u00edmites de las redes m\u00f3viles para permitirte mantener el contacto con tus familiares y amigos a trav\u00e9s de la mensajer\u00eda global de texto bidireccional.\" \/>\n<meta property=\"og:url\" content=\"https:\/\/tecplan.com.es\/en\/product\/comunicador-satelital-sos-mensajero-inreach\/\" \/>\n<meta property=\"og:site_name\" content=\"Tecplan\" \/>\n<meta property=\"article:modified_time\" content=\"2025-07-18T16:10:16+00:00\" \/>\n<meta property=\"og:image\" content=\"https:\/\/tecplan.com.es\/wp-content\/uploads\/2025\/07\/cf-xl-1.png.webp\" \/>\n\t<meta property=\"og:image:width\" content=\"500\" \/>\n\t<meta property=\"og:image:height\" content=\"500\" \/>\n\t<meta property=\"og:image:type\" content=\"image\/webp\" \/>\n<meta name=\"twitter:card\" content=\"summary_large_image\" \/>\n<meta name=\"twitter:label1\" content=\"Est. reading time\" \/>\n\t<meta name=\"twitter:data1\" content=\"2 minutes\" \/>\n<script type=\"application\/ld+json\" class=\"yoast-schema-graph\">{\"@context\":\"https:\/\/schema.org\",\"@graph\":[{\"@type\":\"WebPage\",\"@id\":\"https:\/\/tecplan.com.es\/product\/comunicador-satelital-sos-mensajero-inreach\/\",\"url\":\"https:\/\/tecplan.com.es\/product\/comunicador-satelital-sos-mensajero-inreach\/\",\"name\":\"Comunicador satelital SOS inReach\u00ae - Tecplan\",\"isPartOf\":{\"@id\":\"https:\/\/tecplan.com.es\/#website\"},\"primaryImageOfPage\":{\"@id\":\"https:\/\/tecplan.com.es\/product\/comunicador-satelital-sos-mensajero-inreach\/#primaryimage\"},\"image\":{\"@id\":\"https:\/\/tecplan.com.es\/product\/comunicador-satelital-sos-mensajero-inreach\/#primaryimage\"},\"thumbnailUrl\":\"https:\/\/tecplan.com.es\/wp-content\/uploads\/2025\/07\/cf-xl-1.png.webp\",\"datePublished\":\"2025-07-18T16:09:41+00:00\",\"dateModified\":\"2025-07-18T16:10:16+00:00\",\"breadcrumb\":{\"@id\":\"https:\/\/tecplan.com.es\/product\/comunicador-satelital-sos-mensajero-inreach\/#breadcrumb\"},\"inLanguage\":\"en-US\",\"potentialAction\":[{\"@type\":\"ReadAction\",\"target\":[\"https:\/\/tecplan.com.es\/product\/comunicador-satelital-sos-mensajero-inreach\/\"]}]},{\"@type\":\"ImageObject\",\"inLanguage\":\"en-US\",\"@id\":\"https:\/\/tecplan.com.es\/product\/comunicador-satelital-sos-mensajero-inreach\/#primaryimage\",\"url\":\"https:\/\/tecplan.com.es\/wp-content\/uploads\/2025\/07\/cf-xl-1.png.webp\",\"contentUrl\":\"https:\/\/tecplan.com.es\/wp-content\/uploads\/2025\/07\/cf-xl-1.png.webp\",\"width\":500,\"height\":500},{\"@type\":\"BreadcrumbList\",\"@id\":\"https:\/\/tecplan.com.es\/product\/comunicador-satelital-sos-mensajero-inreach\/#breadcrumb\",\"itemListElement\":[{\"@type\":\"ListItem\",\"position\":1,\"name\":\"Home\",\"item\":\"https:\/\/tecplan.com.es\/\"},{\"@type\":\"ListItem\",\"position\":2,\"name\":\"Shop\",\"item\":\"https:\/\/tecplan.com.es\/shop\/\"},{\"@type\":\"ListItem\",\"position\":3,\"name\":\"Comunicador satelital SOS inReach\u00ae\"}]},{\"@type\":\"WebSite\",\"@id\":\"https:\/\/tecplan.com.es\/#website\",\"url\":\"https:\/\/tecplan.com.es\/\",\"name\":\"Tecplan\",\"description\":\"\",\"potentialAction\":[{\"@type\":\"SearchAction\",\"target\":{\"@type\":\"EntryPoint\",\"urlTemplate\":\"https:\/\/tecplan.com.es\/?s={search_term_string}\"},\"query-input\":{\"@type\":\"PropertyValueSpecification\",\"valueRequired\":true,\"valueName\":\"search_term_string\"}}],\"inLanguage\":\"en-US\"}]}<\/script>\n<!-- \/ Yoast SEO plugin. -->","yoast_head_json":{"title":"Comunicador satelital SOS inReach\u00ae - Tecplan","robots":{"index":"index","follow":"follow","max-snippet":"max-snippet:-1","max-image-preview":"max-image-preview:large","max-video-preview":"max-video-preview:-1"},"canonical":"https:\/\/tecplan.com.es\/en\/product\/comunicador-satelital-sos-mensajero-inreach\/","og_locale":"en_US","og_type":"article","og_title":"Comunicador satelital SOS inReach\u00ae - Tecplan","og_description":"Cuando tus aventuras te llevan a lugares remotos, este dispositivo de comunicaci\u00f3n por sat\u00e9lite\u00a0peque\u00f1o y robusto va m\u00e1s all\u00e1 de los l\u00edmites de las redes m\u00f3viles para permitirte mantener el contacto con tus familiares y amigos a trav\u00e9s de la mensajer\u00eda global de texto bidireccional.","og_url":"https:\/\/tecplan.com.es\/en\/product\/comunicador-satelital-sos-mensajero-inreach\/","og_site_name":"Tecplan","article_modified_time":"2025-07-18T16:10:16+00:00","og_image":[{"width":500,"height":500,"url":"https:\/\/tecplan.com.es\/wp-content\/uploads\/2025\/07\/cf-xl-1.png.webp","type":"image\/webp"}],"twitter_card":"summary_large_image","twitter_misc":{"Est. reading time":"2 minutes"},"schema":{"@context":"https:\/\/schema.org","@graph":[{"@type":"WebPage","@id":"https:\/\/tecplan.com.es\/product\/comunicador-satelital-sos-mensajero-inreach\/","url":"https:\/\/tecplan.com.es\/product\/comunicador-satelital-sos-mensajero-inreach\/","name":"Comunicador satelital SOS inReach\u00ae - Tecplan","isPartOf":{"@id":"https:\/\/tecplan.com.es\/#website"},"primaryImageOfPage":{"@id":"https:\/\/tecplan.com.es\/product\/comunicador-satelital-sos-mensajero-inreach\/#primaryimage"},"image":{"@id":"https:\/\/tecplan.com.es\/product\/comunicador-satelital-sos-mensajero-inreach\/#primaryimage"},"thumbnailUrl":"https:\/\/tecplan.com.es\/wp-content\/uploads\/2025\/07\/cf-xl-1.png.webp","datePublished":"2025-07-18T16:09:41+00:00","dateModified":"2025-07-18T16:10:16+00:00","breadcrumb":{"@id":"https:\/\/tecplan.com.es\/product\/comunicador-satelital-sos-mensajero-inreach\/#breadcrumb"},"inLanguage":"en-US","potentialAction":[{"@type":"ReadAction","target":["https:\/\/tecplan.com.es\/product\/comunicador-satelital-sos-mensajero-inreach\/"]}]},{"@type":"ImageObject","inLanguage":"en-US","@id":"https:\/\/tecplan.com.es\/product\/comunicador-satelital-sos-mensajero-inreach\/#primaryimage","url":"https:\/\/tecplan.com.es\/wp-content\/uploads\/2025\/07\/cf-xl-1.png.webp","contentUrl":"https:\/\/tecplan.com.es\/wp-content\/uploads\/2025\/07\/cf-xl-1.png.webp","width":500,"height":500},{"@type":"BreadcrumbList","@id":"https:\/\/tecplan.com.es\/product\/comunicador-satelital-sos-mensajero-inreach\/#breadcrumb","itemListElement":[{"@type":"ListItem","position":1,"name":"Home","item":"https:\/\/tecplan.com.es\/"},{"@type":"ListItem","position":2,"name":"Shop","item":"https:\/\/tecplan.com.es\/shop\/"},{"@type":"ListItem","position":3,"name":"Comunicador satelital SOS inReach\u00ae"}]},{"@type":"WebSite","@id":"https:\/\/tecplan.com.es\/#website","url":"https:\/\/tecplan.com.es\/","name":"Tecplan","description":"","potentialAction":[{"@type":"SearchAction","target":{"@type":"EntryPoint","urlTemplate":"https:\/\/tecplan.com.es\/?s={search_term_string}"},"query-input":{"@type":"PropertyValueSpecification","valueRequired":true,"valueName":"search_term_string"}}],"inLanguage":"en-US"}]}},"_links":{"self":[{"href":"https:\/\/tecplan.com.es\/en\/wp-json\/wp\/v2\/product\/2182","targetHints":{"allow":["GET"]}}],"collection":[{"href":"https:\/\/tecplan.com.es\/en\/wp-json\/wp\/v2\/product"}],"about":[{"href":"https:\/\/tecplan.com.es\/en\/wp-json\/wp\/v2\/types\/product"}],"replies":[{"embeddable":true,"href":"https:\/\/tecplan.com.es\/en\/wp-json\/wp\/v2\/comments?post=2182"}],"version-history":[{"count":3,"href":"https:\/\/tecplan.com.es\/en\/wp-json\/wp\/v2\/product\/2182\/revisions"}],"predecessor-version":[{"id":2189,"href":"https:\/\/tecplan.com.es\/en\/wp-json\/wp\/v2\/product\/2182\/revisions\/2189"}],"wp:featuredmedia":[{"embeddable":true,"href":"https:\/\/tecplan.com.es\/en\/wp-json\/wp\/v2\/media\/2185"}],"wp:attachment":[{"href":"https:\/\/tecplan.com.es\/en\/wp-json\/wp\/v2\/media?parent=2182"}],"wp:term":[{"taxonomy":"product_brand","embeddable":true,"href":"https:\/\/tecplan.com.es\/en\/wp-json\/wp\/v2\/product_brand?post=2182"},{"taxonomy":"product_cat","embeddable":true,"href":"https:\/\/tecplan.com.es\/en\/wp-json\/wp\/v2\/product_cat?post=2182"},{"taxonomy":"product_tag","embeddable":true,"href":"https:\/\/tecplan.com.es\/en\/wp-json\/wp\/v2\/product_tag?post=2182"}],"curies":[{"name":"wp","href":"https:\/\/api.w.org\/{rel}","templated":true}]}}