{"id":2173,"date":"2025-07-15T22:49:03","date_gmt":"2025-07-15T22:49:03","guid":{"rendered":"https:\/\/tecplan.com.es\/?post_type=product&#038;p=2173"},"modified":"2025-07-15T22:49:30","modified_gmt":"2025-07-15T22:49:30","slug":"navegador-tactil-gps-montana-700i","status":"publish","type":"product","link":"https:\/\/tecplan.com.es\/en\/product\/navegador-tactil-gps-montana-700i\/","title":{"rendered":"Montana\u00ae 700i GPS Touchscreen Navigator"},"content":{"rendered":"<p style=\"text-align: justify;\"><span class=\"svelte-1sntxl4\">The Garmin Montana 700i is a\u00a0<\/span><span class=\"qa-highlight svelte-1sntxl4\"><span class=\"svelte-1sntxl4\">Rugged handheld GPS device designed for outdoor enthusiasts<\/span><\/span><span class=\"svelte-1sntxl4\">, which offers on- and off-road navigation, global two-way messaging and interactive SOS via inReach satellite technology.<\/span>\u00a0<span class=\"svelte-1sntxl4\">It features a 5\u2033 color touchscreen with a full QWERTY keyboard for messaging and is compatible with multiple GNSS networks, including GPS, GLONASS and Galileo.<\/span>\u00a0<span class=\"svelte-1sntxl4\">The device is MIL-STD 810 rated for its resistance to heat, shock, water, and vibration, making it suitable for extreme conditions.<\/span><\/p>\n<h6 style=\"text-align: justify;\">TWO-WAY MESSAGES<\/h6>\n<p class=\"app__feature__card__description app__feature__card__description--left\" style=\"text-align: justify;\">Exchange SMS messages with loved ones, share on social media, or communicate with another inReach in the same area\u00a0<a href=\"https:\/\/explore.garmin.com\/es-CL\/inreach\/#subscriptions\">(requires an active satellite service subscription).<\/a><\/p>\n<h6 style=\"text-align: justify;\">SOS INTERACTIVE<\/h6>\n<p class=\"app__feature__card__description app__feature__card__description--left\" style=\"text-align: justify;\">In case of emergency, send an interactive SOS message to Garmin Response.<sup>\u2120<\/sup>A professional emergency rescue coordination center with staff available 24 hours a day\u00a0<a href=\"https:\/\/explore.garmin.com\/es-CL\/inreach\/#subscriptions\">(a satellite service subscription is required).<\/a><\/p>\n<h6 style=\"text-align: justify;\">GLOBAL CONNECTIVITY<\/h6>\n<p class=\"app__feature__card__description app__feature__card__description--left\" style=\"text-align: justify;\">You will no longer depend on your cell phone; now your messages, SOS alerts, and tracking options are transferred via the Iridium satellite network.<sup>\u00ae<\/sup>\u00a0con cobertura global\u00a0<a href=\"https:\/\/explore.garmin.com\/es-CL\/inreach\/#subscriptions\">(requires an active satellite service subscription).<\/a><\/p>\n<h6 style=\"text-align: justify;\">CLIMATE WITH INREACH<\/h6>\n<p class=\"app__feature__card__description app__feature__card__description--left\" style=\"text-align: justify;\">inReach's subscription service delivers detailed weather updates directly to your Montana, and to linked equipment, so you know what to expect on the trail.<\/p>\n<p>&nbsp;<\/p>\n<p><!--more--><\/p>\n<h5 style=\"text-align: justify;\"><span style=\"text-decoration: underline;\"><strong>DOWNLOADS<\/strong><\/span><\/h5>\n<ul style=\"text-align: justify;\">\n<li><a href=\"https:\/\/www8.garmin.com\/manuals\/webhelp\/GUID-20A50E5B-3DFB-42C7-A3B4-8D55519B532C\/FR-FR\/Montana_7xx_OM_FR-FR.pdf\">\u2192 Technical specifications<\/a><\/li>\n<\/ul>","protected":false},"excerpt":{"rendered":"<p style=\"text-align: justify;\">To keep adventurers connected and well-located, the Montana 700i handheld combines the flexibility of on- and off-road navigation with global messaging and interactive SOS alerts via inReach satellite communication technology.<\/p>\n<p><img decoding=\"async\" class=\"wp-image-2118 aligncenter\" src=\"https:\/\/tecplan.com.es\/wp-content\/uploads\/2025\/07\/garmin-2-logo-e1751925774362-300x117.png\" alt=\"\" width=\"153\" height=\"60\" srcset=\"https:\/\/tecplan.com.es\/wp-content\/uploads\/2025\/07\/garmin-2-logo-e1751925774362-300x117.png 300w, https:\/\/tecplan.com.es\/wp-content\/uploads\/2025\/07\/garmin-2-logo-e1751925774362-18x7.png 18w, https:\/\/tecplan.com.es\/wp-content\/uploads\/2025\/07\/garmin-2-logo-e1751925774362-600x234.png 600w, https:\/\/tecplan.com.es\/wp-content\/uploads\/2025\/07\/garmin-2-logo-e1751925774362.png 675w\" sizes=\"(max-width: 153px) 100vw, 153px\" \/><\/p>","protected":false},"featured_media":2174,"comment_status":"open","ping_status":"closed","template":"","meta":{"site-sidebar-layout":"default","site-content-layout":"","ast-site-content-layout":"default","site-content-style":"default","site-sidebar-style":"default","ast-global-header-display":"","ast-banner-title-visibility":"","ast-main-header-display":"","ast-hfb-above-header-display":"","ast-hfb-below-header-display":"","ast-hfb-mobile-header-display":"","site-post-title":"","ast-breadcrumbs-content":"","ast-featured-img":"","footer-sml-layout":"","ast-disable-related-posts":"","theme-transparent-header-meta":"default","adv-header-id-meta":"","stick-header-meta":"","header-above-stick-meta":"","header-main-stick-meta":"","header-below-stick-meta":"","astra-migrate-meta-layouts":"set","ast-page-background-enabled":"default","ast-page-background-meta":{"desktop":{"background-color":"var(--ast-global-color-5)","background-image":"","background-repeat":"repeat","background-position":"center center","background-size":"auto","background-attachment":"scroll","background-type":"","background-media":"","overlay-type":"","overlay-color":"","overlay-opacity":"","overlay-gradient":""},"tablet":{"background-color":"","background-image":"","background-repeat":"repeat","background-position":"center center","background-size":"auto","background-attachment":"scroll","background-type":"","background-media":"","overlay-type":"","overlay-color":"","overlay-opacity":"","overlay-gradient":""},"mobile":{"background-color":"","background-image":"","background-repeat":"repeat","background-position":"center center","background-size":"auto","background-attachment":"scroll","background-type":"","background-media":"","overlay-type":"","overlay-color":"","overlay-opacity":"","overlay-gradient":""}},"ast-content-background-meta":{"desktop":{"background-color":"var(--ast-global-color-4)","background-image":"","background-repeat":"repeat","background-position":"center center","background-size":"auto","background-attachment":"scroll","background-type":"","background-media":"","overlay-type":"","overlay-color":"","overlay-opacity":"","overlay-gradient":""},"tablet":{"background-color":"var(--ast-global-color-4)","background-image":"","background-repeat":"repeat","background-position":"center center","background-size":"auto","background-attachment":"scroll","background-type":"","background-media":"","overlay-type":"","overlay-color":"","overlay-opacity":"","overlay-gradient":""},"mobile":{"background-color":"var(--ast-global-color-4)","background-image":"","background-repeat":"repeat","background-position":"center center","background-size":"auto","background-attachment":"scroll","background-type":"","background-media":"","overlay-type":"","overlay-color":"","overlay-opacity":"","overlay-gradient":""}}},"product_brand":[241],"product_cat":[36,53,54],"product_tag":[198],"class_list":{"0":"post-2173","1":"product","2":"type-product","3":"status-publish","4":"has-post-thumbnail","6":"product_brand-garmin","7":"product_cat-comunicacion-satelital","8":"product_cat-garmin","9":"product_cat-gps-navegacion-aerea","10":"product_tag-garmin","11":"desktop-align-left","12":"tablet-align-left","13":"mobile-align-left","15":"first","16":"instock","17":"shipping-taxable","18":"product-type-simple"},"yoast_head":"<!-- This site is optimized with the Yoast SEO plugin v25.3 - https:\/\/yoast.com\/wordpress\/plugins\/seo\/ -->\n<title>Navegador t\u00e1ctil GPS Montana\u00ae 700i - Tecplan<\/title>\n<meta name=\"robots\" content=\"index, follow, max-snippet:-1, max-image-preview:large, max-video-preview:-1\" \/>\n<link rel=\"canonical\" href=\"https:\/\/tecplan.com.es\/en\/product\/navegador-tactil-gps-montana-700i\/\" \/>\n<meta property=\"og:locale\" content=\"en_US\" \/>\n<meta property=\"og:type\" content=\"article\" \/>\n<meta property=\"og:title\" content=\"Navegador t\u00e1ctil GPS Montana\u00ae 700i - Tecplan\" \/>\n<meta property=\"og:description\" content=\"Para mantener a los aventureros conectados y bien ubicados, el port\u00e1til Montana\u00a0700i combina la flexibilidad de la navegaci\u00f3n, en carretera o fuera de ella, con mensajer\u00eda global y alertas SOS interactivas a trav\u00e9s de la tecnolog\u00eda de comunicaci\u00f3n satelital inReach.\" \/>\n<meta property=\"og:url\" content=\"https:\/\/tecplan.com.es\/en\/product\/navegador-tactil-gps-montana-700i\/\" \/>\n<meta property=\"og:site_name\" content=\"Tecplan\" \/>\n<meta property=\"article:modified_time\" content=\"2025-07-15T22:49:30+00:00\" \/>\n<meta property=\"og:image\" content=\"https:\/\/tecplan.com.es\/wp-content\/uploads\/2025\/07\/cf-xl-e49ca799-a631-43c3-afe1-bccd7be3b3a9.png.webp\" \/>\n\t<meta property=\"og:image:width\" content=\"500\" \/>\n\t<meta property=\"og:image:height\" content=\"500\" \/>\n\t<meta property=\"og:image:type\" content=\"image\/webp\" \/>\n<meta name=\"twitter:card\" content=\"summary_large_image\" \/>\n<meta name=\"twitter:label1\" content=\"Est. reading time\" \/>\n\t<meta name=\"twitter:data1\" content=\"2 minutes\" \/>\n<script type=\"application\/ld+json\" class=\"yoast-schema-graph\">{\"@context\":\"https:\/\/schema.org\",\"@graph\":[{\"@type\":\"WebPage\",\"@id\":\"https:\/\/tecplan.com.es\/product\/navegador-tactil-gps-montana-700i\/\",\"url\":\"https:\/\/tecplan.com.es\/product\/navegador-tactil-gps-montana-700i\/\",\"name\":\"Navegador t\u00e1ctil GPS Montana\u00ae 700i - Tecplan\",\"isPartOf\":{\"@id\":\"https:\/\/tecplan.com.es\/#website\"},\"primaryImageOfPage\":{\"@id\":\"https:\/\/tecplan.com.es\/product\/navegador-tactil-gps-montana-700i\/#primaryimage\"},\"image\":{\"@id\":\"https:\/\/tecplan.com.es\/product\/navegador-tactil-gps-montana-700i\/#primaryimage\"},\"thumbnailUrl\":\"https:\/\/tecplan.com.es\/wp-content\/uploads\/2025\/07\/cf-xl-e49ca799-a631-43c3-afe1-bccd7be3b3a9.png.webp\",\"datePublished\":\"2025-07-15T22:49:03+00:00\",\"dateModified\":\"2025-07-15T22:49:30+00:00\",\"breadcrumb\":{\"@id\":\"https:\/\/tecplan.com.es\/product\/navegador-tactil-gps-montana-700i\/#breadcrumb\"},\"inLanguage\":\"en-US\",\"potentialAction\":[{\"@type\":\"ReadAction\",\"target\":[\"https:\/\/tecplan.com.es\/product\/navegador-tactil-gps-montana-700i\/\"]}]},{\"@type\":\"ImageObject\",\"inLanguage\":\"en-US\",\"@id\":\"https:\/\/tecplan.com.es\/product\/navegador-tactil-gps-montana-700i\/#primaryimage\",\"url\":\"https:\/\/tecplan.com.es\/wp-content\/uploads\/2025\/07\/cf-xl-e49ca799-a631-43c3-afe1-bccd7be3b3a9.png.webp\",\"contentUrl\":\"https:\/\/tecplan.com.es\/wp-content\/uploads\/2025\/07\/cf-xl-e49ca799-a631-43c3-afe1-bccd7be3b3a9.png.webp\",\"width\":500,\"height\":500},{\"@type\":\"BreadcrumbList\",\"@id\":\"https:\/\/tecplan.com.es\/product\/navegador-tactil-gps-montana-700i\/#breadcrumb\",\"itemListElement\":[{\"@type\":\"ListItem\",\"position\":1,\"name\":\"Home\",\"item\":\"https:\/\/tecplan.com.es\/\"},{\"@type\":\"ListItem\",\"position\":2,\"name\":\"Shop\",\"item\":\"https:\/\/tecplan.com.es\/shop\/\"},{\"@type\":\"ListItem\",\"position\":3,\"name\":\"Navegador t\u00e1ctil GPS Montana\u00ae 700i\"}]},{\"@type\":\"WebSite\",\"@id\":\"https:\/\/tecplan.com.es\/#website\",\"url\":\"https:\/\/tecplan.com.es\/\",\"name\":\"Tecplan\",\"description\":\"\",\"potentialAction\":[{\"@type\":\"SearchAction\",\"target\":{\"@type\":\"EntryPoint\",\"urlTemplate\":\"https:\/\/tecplan.com.es\/?s={search_term_string}\"},\"query-input\":{\"@type\":\"PropertyValueSpecification\",\"valueRequired\":true,\"valueName\":\"search_term_string\"}}],\"inLanguage\":\"en-US\"}]}<\/script>\n<!-- \/ Yoast SEO plugin. -->","yoast_head_json":{"title":"Navegador t\u00e1ctil GPS Montana\u00ae 700i - Tecplan","robots":{"index":"index","follow":"follow","max-snippet":"max-snippet:-1","max-image-preview":"max-image-preview:large","max-video-preview":"max-video-preview:-1"},"canonical":"https:\/\/tecplan.com.es\/en\/product\/navegador-tactil-gps-montana-700i\/","og_locale":"en_US","og_type":"article","og_title":"Navegador t\u00e1ctil GPS Montana\u00ae 700i - Tecplan","og_description":"Para mantener a los aventureros conectados y bien ubicados, el port\u00e1til Montana\u00a0700i combina la flexibilidad de la navegaci\u00f3n, en carretera o fuera de ella, con mensajer\u00eda global y alertas SOS interactivas a trav\u00e9s de la tecnolog\u00eda de comunicaci\u00f3n satelital inReach.","og_url":"https:\/\/tecplan.com.es\/en\/product\/navegador-tactil-gps-montana-700i\/","og_site_name":"Tecplan","article_modified_time":"2025-07-15T22:49:30+00:00","og_image":[{"width":500,"height":500,"url":"https:\/\/tecplan.com.es\/wp-content\/uploads\/2025\/07\/cf-xl-e49ca799-a631-43c3-afe1-bccd7be3b3a9.png.webp","type":"image\/webp"}],"twitter_card":"summary_large_image","twitter_misc":{"Est. reading time":"2 minutes"},"schema":{"@context":"https:\/\/schema.org","@graph":[{"@type":"WebPage","@id":"https:\/\/tecplan.com.es\/product\/navegador-tactil-gps-montana-700i\/","url":"https:\/\/tecplan.com.es\/product\/navegador-tactil-gps-montana-700i\/","name":"Navegador t\u00e1ctil GPS Montana\u00ae 700i - Tecplan","isPartOf":{"@id":"https:\/\/tecplan.com.es\/#website"},"primaryImageOfPage":{"@id":"https:\/\/tecplan.com.es\/product\/navegador-tactil-gps-montana-700i\/#primaryimage"},"image":{"@id":"https:\/\/tecplan.com.es\/product\/navegador-tactil-gps-montana-700i\/#primaryimage"},"thumbnailUrl":"https:\/\/tecplan.com.es\/wp-content\/uploads\/2025\/07\/cf-xl-e49ca799-a631-43c3-afe1-bccd7be3b3a9.png.webp","datePublished":"2025-07-15T22:49:03+00:00","dateModified":"2025-07-15T22:49:30+00:00","breadcrumb":{"@id":"https:\/\/tecplan.com.es\/product\/navegador-tactil-gps-montana-700i\/#breadcrumb"},"inLanguage":"en-US","potentialAction":[{"@type":"ReadAction","target":["https:\/\/tecplan.com.es\/product\/navegador-tactil-gps-montana-700i\/"]}]},{"@type":"ImageObject","inLanguage":"en-US","@id":"https:\/\/tecplan.com.es\/product\/navegador-tactil-gps-montana-700i\/#primaryimage","url":"https:\/\/tecplan.com.es\/wp-content\/uploads\/2025\/07\/cf-xl-e49ca799-a631-43c3-afe1-bccd7be3b3a9.png.webp","contentUrl":"https:\/\/tecplan.com.es\/wp-content\/uploads\/2025\/07\/cf-xl-e49ca799-a631-43c3-afe1-bccd7be3b3a9.png.webp","width":500,"height":500},{"@type":"BreadcrumbList","@id":"https:\/\/tecplan.com.es\/product\/navegador-tactil-gps-montana-700i\/#breadcrumb","itemListElement":[{"@type":"ListItem","position":1,"name":"Home","item":"https:\/\/tecplan.com.es\/"},{"@type":"ListItem","position":2,"name":"Shop","item":"https:\/\/tecplan.com.es\/shop\/"},{"@type":"ListItem","position":3,"name":"Navegador t\u00e1ctil GPS Montana\u00ae 700i"}]},{"@type":"WebSite","@id":"https:\/\/tecplan.com.es\/#website","url":"https:\/\/tecplan.com.es\/","name":"Tecplan","description":"","potentialAction":[{"@type":"SearchAction","target":{"@type":"EntryPoint","urlTemplate":"https:\/\/tecplan.com.es\/?s={search_term_string}"},"query-input":{"@type":"PropertyValueSpecification","valueRequired":true,"valueName":"search_term_string"}}],"inLanguage":"en-US"}]}},"_links":{"self":[{"href":"https:\/\/tecplan.com.es\/en\/wp-json\/wp\/v2\/product\/2173","targetHints":{"allow":["GET"]}}],"collection":[{"href":"https:\/\/tecplan.com.es\/en\/wp-json\/wp\/v2\/product"}],"about":[{"href":"https:\/\/tecplan.com.es\/en\/wp-json\/wp\/v2\/types\/product"}],"replies":[{"embeddable":true,"href":"https:\/\/tecplan.com.es\/en\/wp-json\/wp\/v2\/comments?post=2173"}],"version-history":[{"count":3,"href":"https:\/\/tecplan.com.es\/en\/wp-json\/wp\/v2\/product\/2173\/revisions"}],"predecessor-version":[{"id":2362,"href":"https:\/\/tecplan.com.es\/en\/wp-json\/wp\/v2\/product\/2173\/revisions\/2362"}],"wp:featuredmedia":[{"embeddable":true,"href":"https:\/\/tecplan.com.es\/en\/wp-json\/wp\/v2\/media\/2174"}],"wp:attachment":[{"href":"https:\/\/tecplan.com.es\/en\/wp-json\/wp\/v2\/media?parent=2173"}],"wp:term":[{"taxonomy":"product_brand","embeddable":true,"href":"https:\/\/tecplan.com.es\/en\/wp-json\/wp\/v2\/product_brand?post=2173"},{"taxonomy":"product_cat","embeddable":true,"href":"https:\/\/tecplan.com.es\/en\/wp-json\/wp\/v2\/product_cat?post=2173"},{"taxonomy":"product_tag","embeddable":true,"href":"https:\/\/tecplan.com.es\/en\/wp-json\/wp\/v2\/product_tag?post=2173"}],"curies":[{"name":"wp","href":"https:\/\/api.w.org\/{rel}","templated":true}]}}