{"id":2168,"date":"2025-07-15T22:32:39","date_gmt":"2025-07-15T22:32:39","guid":{"rendered":"https:\/\/tecplan.com.es\/?post_type=product&#038;p=2168"},"modified":"2025-07-15T22:52:50","modified_gmt":"2025-07-15T22:52:50","slug":"radio-nautica-vhf-215","status":"publish","type":"product","link":"https:\/\/tecplan.com.es\/en\/product\/radio-nautica-vhf-215\/","title":{"rendered":"VHF 215 Marine Radio"},"content":{"rendered":"<p style=\"text-align: justify;\"><span class=\"svelte-1sntxl4\">The VHF 215 marine radio is a\u00a0<\/span><span class=\"qa-highlight svelte-1sntxl4\"><span class=\"svelte-1sntxl4\">communication device designed for use on boats<\/span><\/span><span class=\"svelte-1sntxl4\">Offering essential features for safety and navigation, this model includes a 25-watt transmission power output with built-in GPS, enabling reliable communication on the water.<\/span>\u00a0<span class=\"svelte-1sntxl4\">In addition, it features the standard Class D Digital Selective Calling (DSC) function, which facilitates communication with other ships and the shore.<\/span><\/p>\n<h3 style=\"text-align: justify;\">Stay in contact with the water<\/h3>\n<ul style=\"text-align: justify;\">\n<li>Standard Class D Digital Selective Calling (DSC) function<\/li>\n<li>25 Watt transmission power with built-in GPS<\/li>\n<li>Compatible with the GHS\u2122 11 Second Station Portable Device<\/li>\n<li>Frequency bands: Includes all international marine channels, Canadian and US channels, plus 10 NOAA weather channels<\/li>\n<li>The portable device with a removable microphone base can be located away from the radio.<\/li>\n<li>Easy plug-and-play installation with compatible plotters and MFDs via the NMEA 2000 network<sup>\u00ae<\/sup><\/li>\n<\/ul>\n<h3 style=\"text-align: justify;\">Increase your peace of mind<\/h3>\n<p style=\"text-align: justify;\">During an emergency situation, the VHF 215's 25 Watt transmission power gives fishermen, boaters, and cruise ship crews confidence at their fingertips.<\/p>\n<h3 style=\"text-align: justify;\">Communicate with confidence over water<\/h3>\n<p style=\"text-align: justify;\">The VHF 215 radio is easy to install and use, and features a large, easy-to-read display. Simply plug and play.\u00a0<a href=\"https:\/\/buy.garmin.com\/en-US\/US\/cOnTheWater-c519-p1.html\">Garmin plotters and MFDs<\/a>\u00a0Compatible via the NMEA 2000 network. Provides standard Class D DSC functionality (distress call and direct calling with user-programmed MMSI). The radio also includes frequency bands for all international, Canadian, and US marine channels, plus 10 NOAA weather channels. The VHF 215 radio is NMEA 0183 compatible and its detachable microphone base can be positioned away from the radio. It is compatible with the GHS\u2122 11 second station handheld device.<\/p>\n<h3 style=\"text-align: justify;\">Communicate with style<\/h3>\n<p style=\"text-align: justify;\">Puesto que el tim\u00f3n es una fuente de orgullo, hemos dise\u00f1ado la radio n\u00e1utica VHF 215 para complementar el aspecto de los plotters GPSMAP<sup>\u00ae<\/sup> 7\u00d72\/9\u00d72, 10\u00d72\/12\u00d72, 7400\/7600 series and GPSMAP 8400\/8600 series MFDs<\/p>\n<p><!--more--><\/p>\n<h5 style=\"text-align: justify;\"><span style=\"text-decoration: underline;\"><strong>DOWNLOADS<\/strong><\/span><\/h5>\n<ul style=\"text-align: justify;\">\n<li><a href=\"https:\/\/static.garmin.com\/pumac\/VHF_210_Mounting_Template.pdf\">\u2192 Technical specifications<\/a><\/li>\n<\/ul>","protected":false},"excerpt":{"rendered":"<p style=\"text-align: justify;\">Communication is of utmost importance on the water. The easy-to-install, fixed-mount VHF 215 radio enhances communication to help you stay in touch with shore and other vessels in the area.<\/p>\n<p><img decoding=\"async\" class=\"wp-image-2118 aligncenter\" src=\"https:\/\/tecplan.com.es\/wp-content\/uploads\/2025\/07\/garmin-2-logo-e1751925774362-300x117.png\" alt=\"\" width=\"110\" height=\"43\" srcset=\"https:\/\/tecplan.com.es\/wp-content\/uploads\/2025\/07\/garmin-2-logo-e1751925774362-300x117.png 300w, https:\/\/tecplan.com.es\/wp-content\/uploads\/2025\/07\/garmin-2-logo-e1751925774362-18x7.png 18w, https:\/\/tecplan.com.es\/wp-content\/uploads\/2025\/07\/garmin-2-logo-e1751925774362-600x234.png 600w, https:\/\/tecplan.com.es\/wp-content\/uploads\/2025\/07\/garmin-2-logo-e1751925774362.png 675w\" sizes=\"(max-width: 110px) 100vw, 110px\" \/><\/p>","protected":false},"featured_media":2169,"comment_status":"open","ping_status":"closed","template":"","meta":{"site-sidebar-layout":"default","site-content-layout":"","ast-site-content-layout":"default","site-content-style":"default","site-sidebar-style":"default","ast-global-header-display":"","ast-banner-title-visibility":"","ast-main-header-display":"","ast-hfb-above-header-display":"","ast-hfb-below-header-display":"","ast-hfb-mobile-header-display":"","site-post-title":"","ast-breadcrumbs-content":"","ast-featured-img":"","footer-sml-layout":"","ast-disable-related-posts":"","theme-transparent-header-meta":"default","adv-header-id-meta":"","stick-header-meta":"","header-above-stick-meta":"","header-main-stick-meta":"","header-below-stick-meta":"","astra-migrate-meta-layouts":"set","ast-page-background-enabled":"default","ast-page-background-meta":{"desktop":{"background-color":"var(--ast-global-color-5)","background-image":"","background-repeat":"repeat","background-position":"center center","background-size":"auto","background-attachment":"scroll","background-type":"","background-media":"","overlay-type":"","overlay-color":"","overlay-opacity":"","overlay-gradient":""},"tablet":{"background-color":"","background-image":"","background-repeat":"repeat","background-position":"center center","background-size":"auto","background-attachment":"scroll","background-type":"","background-media":"","overlay-type":"","overlay-color":"","overlay-opacity":"","overlay-gradient":""},"mobile":{"background-color":"","background-image":"","background-repeat":"repeat","background-position":"center center","background-size":"auto","background-attachment":"scroll","background-type":"","background-media":"","overlay-type":"","overlay-color":"","overlay-opacity":"","overlay-gradient":""}},"ast-content-background-meta":{"desktop":{"background-color":"var(--ast-global-color-4)","background-image":"","background-repeat":"repeat","background-position":"center center","background-size":"auto","background-attachment":"scroll","background-type":"","background-media":"","overlay-type":"","overlay-color":"","overlay-opacity":"","overlay-gradient":""},"tablet":{"background-color":"var(--ast-global-color-4)","background-image":"","background-repeat":"repeat","background-position":"center center","background-size":"auto","background-attachment":"scroll","background-type":"","background-media":"","overlay-type":"","overlay-color":"","overlay-opacity":"","overlay-gradient":""},"mobile":{"background-color":"var(--ast-global-color-4)","background-image":"","background-repeat":"repeat","background-position":"center center","background-size":"auto","background-attachment":"scroll","background-type":"","background-media":"","overlay-type":"","overlay-color":"","overlay-opacity":"","overlay-gradient":""}}},"product_brand":[241],"product_cat":[36,53,54],"product_tag":[198],"class_list":{"0":"post-2168","1":"product","2":"type-product","3":"status-publish","4":"has-post-thumbnail","6":"product_brand-garmin","7":"product_cat-comunicacion-satelital","8":"product_cat-garmin","9":"product_cat-gps-navegacion-aerea","10":"product_tag-garmin","11":"desktop-align-left","12":"tablet-align-left","13":"mobile-align-left","15":"first","16":"instock","17":"shipping-taxable","18":"product-type-simple"},"yoast_head":"<!-- This site is optimized with the Yoast SEO plugin v25.3 - https:\/\/yoast.com\/wordpress\/plugins\/seo\/ -->\n<title>Radio N\u00e1utica VHF 215 - Tecplan<\/title>\n<meta name=\"robots\" content=\"index, follow, max-snippet:-1, max-image-preview:large, max-video-preview:-1\" \/>\n<link rel=\"canonical\" href=\"https:\/\/tecplan.com.es\/en\/product\/radio-nautica-vhf-215\/\" \/>\n<meta property=\"og:locale\" content=\"en_US\" \/>\n<meta property=\"og:type\" content=\"article\" \/>\n<meta property=\"og:title\" content=\"Radio N\u00e1utica VHF 215 - Tecplan\" \/>\n<meta property=\"og:description\" content=\"La comunicaci\u00f3n es de suma importancia en el agua. La radio VHF 215 de montaje fijo y f\u00e1cil de instalar mejora la comunicaci\u00f3n para ayudarlo a permanecer en contacto con la costa y otros barcos de la zona.\" \/>\n<meta property=\"og:url\" content=\"https:\/\/tecplan.com.es\/en\/product\/radio-nautica-vhf-215\/\" \/>\n<meta property=\"og:site_name\" content=\"Tecplan\" \/>\n<meta property=\"article:modified_time\" content=\"2025-07-15T22:52:50+00:00\" \/>\n<meta property=\"og:image\" content=\"https:\/\/tecplan.com.es\/wp-content\/uploads\/2025\/07\/cf-lg-7d6bb409-3620-45bd-9069-19fc95c8f258.png.webp\" \/>\n\t<meta property=\"og:image:width\" content=\"500\" \/>\n\t<meta property=\"og:image:height\" content=\"500\" \/>\n\t<meta property=\"og:image:type\" content=\"image\/webp\" \/>\n<meta name=\"twitter:card\" content=\"summary_large_image\" \/>\n<meta name=\"twitter:label1\" content=\"Est. reading time\" \/>\n\t<meta name=\"twitter:data1\" content=\"2 minutes\" \/>\n<script type=\"application\/ld+json\" class=\"yoast-schema-graph\">{\"@context\":\"https:\/\/schema.org\",\"@graph\":[{\"@type\":\"WebPage\",\"@id\":\"https:\/\/tecplan.com.es\/product\/radio-nautica-vhf-215\/\",\"url\":\"https:\/\/tecplan.com.es\/product\/radio-nautica-vhf-215\/\",\"name\":\"Radio N\u00e1utica VHF 215 - Tecplan\",\"isPartOf\":{\"@id\":\"https:\/\/tecplan.com.es\/#website\"},\"primaryImageOfPage\":{\"@id\":\"https:\/\/tecplan.com.es\/product\/radio-nautica-vhf-215\/#primaryimage\"},\"image\":{\"@id\":\"https:\/\/tecplan.com.es\/product\/radio-nautica-vhf-215\/#primaryimage\"},\"thumbnailUrl\":\"https:\/\/tecplan.com.es\/wp-content\/uploads\/2025\/07\/cf-lg-7d6bb409-3620-45bd-9069-19fc95c8f258.png.webp\",\"datePublished\":\"2025-07-15T22:32:39+00:00\",\"dateModified\":\"2025-07-15T22:52:50+00:00\",\"breadcrumb\":{\"@id\":\"https:\/\/tecplan.com.es\/product\/radio-nautica-vhf-215\/#breadcrumb\"},\"inLanguage\":\"en-US\",\"potentialAction\":[{\"@type\":\"ReadAction\",\"target\":[\"https:\/\/tecplan.com.es\/product\/radio-nautica-vhf-215\/\"]}]},{\"@type\":\"ImageObject\",\"inLanguage\":\"en-US\",\"@id\":\"https:\/\/tecplan.com.es\/product\/radio-nautica-vhf-215\/#primaryimage\",\"url\":\"https:\/\/tecplan.com.es\/wp-content\/uploads\/2025\/07\/cf-lg-7d6bb409-3620-45bd-9069-19fc95c8f258.png.webp\",\"contentUrl\":\"https:\/\/tecplan.com.es\/wp-content\/uploads\/2025\/07\/cf-lg-7d6bb409-3620-45bd-9069-19fc95c8f258.png.webp\",\"width\":500,\"height\":500},{\"@type\":\"BreadcrumbList\",\"@id\":\"https:\/\/tecplan.com.es\/product\/radio-nautica-vhf-215\/#breadcrumb\",\"itemListElement\":[{\"@type\":\"ListItem\",\"position\":1,\"name\":\"Home\",\"item\":\"https:\/\/tecplan.com.es\/\"},{\"@type\":\"ListItem\",\"position\":2,\"name\":\"Shop\",\"item\":\"https:\/\/tecplan.com.es\/shop\/\"},{\"@type\":\"ListItem\",\"position\":3,\"name\":\"Radio N\u00e1utica VHF 215\"}]},{\"@type\":\"WebSite\",\"@id\":\"https:\/\/tecplan.com.es\/#website\",\"url\":\"https:\/\/tecplan.com.es\/\",\"name\":\"Tecplan\",\"description\":\"\",\"potentialAction\":[{\"@type\":\"SearchAction\",\"target\":{\"@type\":\"EntryPoint\",\"urlTemplate\":\"https:\/\/tecplan.com.es\/?s={search_term_string}\"},\"query-input\":{\"@type\":\"PropertyValueSpecification\",\"valueRequired\":true,\"valueName\":\"search_term_string\"}}],\"inLanguage\":\"en-US\"}]}<\/script>\n<!-- \/ Yoast SEO plugin. -->","yoast_head_json":{"title":"Radio N\u00e1utica VHF 215 - Tecplan","robots":{"index":"index","follow":"follow","max-snippet":"max-snippet:-1","max-image-preview":"max-image-preview:large","max-video-preview":"max-video-preview:-1"},"canonical":"https:\/\/tecplan.com.es\/en\/product\/radio-nautica-vhf-215\/","og_locale":"en_US","og_type":"article","og_title":"Radio N\u00e1utica VHF 215 - Tecplan","og_description":"La comunicaci\u00f3n es de suma importancia en el agua. La radio VHF 215 de montaje fijo y f\u00e1cil de instalar mejora la comunicaci\u00f3n para ayudarlo a permanecer en contacto con la costa y otros barcos de la zona.","og_url":"https:\/\/tecplan.com.es\/en\/product\/radio-nautica-vhf-215\/","og_site_name":"Tecplan","article_modified_time":"2025-07-15T22:52:50+00:00","og_image":[{"width":500,"height":500,"url":"https:\/\/tecplan.com.es\/wp-content\/uploads\/2025\/07\/cf-lg-7d6bb409-3620-45bd-9069-19fc95c8f258.png.webp","type":"image\/webp"}],"twitter_card":"summary_large_image","twitter_misc":{"Est. reading time":"2 minutes"},"schema":{"@context":"https:\/\/schema.org","@graph":[{"@type":"WebPage","@id":"https:\/\/tecplan.com.es\/product\/radio-nautica-vhf-215\/","url":"https:\/\/tecplan.com.es\/product\/radio-nautica-vhf-215\/","name":"Radio N\u00e1utica VHF 215 - Tecplan","isPartOf":{"@id":"https:\/\/tecplan.com.es\/#website"},"primaryImageOfPage":{"@id":"https:\/\/tecplan.com.es\/product\/radio-nautica-vhf-215\/#primaryimage"},"image":{"@id":"https:\/\/tecplan.com.es\/product\/radio-nautica-vhf-215\/#primaryimage"},"thumbnailUrl":"https:\/\/tecplan.com.es\/wp-content\/uploads\/2025\/07\/cf-lg-7d6bb409-3620-45bd-9069-19fc95c8f258.png.webp","datePublished":"2025-07-15T22:32:39+00:00","dateModified":"2025-07-15T22:52:50+00:00","breadcrumb":{"@id":"https:\/\/tecplan.com.es\/product\/radio-nautica-vhf-215\/#breadcrumb"},"inLanguage":"en-US","potentialAction":[{"@type":"ReadAction","target":["https:\/\/tecplan.com.es\/product\/radio-nautica-vhf-215\/"]}]},{"@type":"ImageObject","inLanguage":"en-US","@id":"https:\/\/tecplan.com.es\/product\/radio-nautica-vhf-215\/#primaryimage","url":"https:\/\/tecplan.com.es\/wp-content\/uploads\/2025\/07\/cf-lg-7d6bb409-3620-45bd-9069-19fc95c8f258.png.webp","contentUrl":"https:\/\/tecplan.com.es\/wp-content\/uploads\/2025\/07\/cf-lg-7d6bb409-3620-45bd-9069-19fc95c8f258.png.webp","width":500,"height":500},{"@type":"BreadcrumbList","@id":"https:\/\/tecplan.com.es\/product\/radio-nautica-vhf-215\/#breadcrumb","itemListElement":[{"@type":"ListItem","position":1,"name":"Home","item":"https:\/\/tecplan.com.es\/"},{"@type":"ListItem","position":2,"name":"Shop","item":"https:\/\/tecplan.com.es\/shop\/"},{"@type":"ListItem","position":3,"name":"Radio N\u00e1utica VHF 215"}]},{"@type":"WebSite","@id":"https:\/\/tecplan.com.es\/#website","url":"https:\/\/tecplan.com.es\/","name":"Tecplan","description":"","potentialAction":[{"@type":"SearchAction","target":{"@type":"EntryPoint","urlTemplate":"https:\/\/tecplan.com.es\/?s={search_term_string}"},"query-input":{"@type":"PropertyValueSpecification","valueRequired":true,"valueName":"search_term_string"}}],"inLanguage":"en-US"}]}},"_links":{"self":[{"href":"https:\/\/tecplan.com.es\/en\/wp-json\/wp\/v2\/product\/2168","targetHints":{"allow":["GET"]}}],"collection":[{"href":"https:\/\/tecplan.com.es\/en\/wp-json\/wp\/v2\/product"}],"about":[{"href":"https:\/\/tecplan.com.es\/en\/wp-json\/wp\/v2\/types\/product"}],"replies":[{"embeddable":true,"href":"https:\/\/tecplan.com.es\/en\/wp-json\/wp\/v2\/comments?post=2168"}],"version-history":[{"count":3,"href":"https:\/\/tecplan.com.es\/en\/wp-json\/wp\/v2\/product\/2168\/revisions"}],"predecessor-version":[{"id":2180,"href":"https:\/\/tecplan.com.es\/en\/wp-json\/wp\/v2\/product\/2168\/revisions\/2180"}],"wp:featuredmedia":[{"embeddable":true,"href":"https:\/\/tecplan.com.es\/en\/wp-json\/wp\/v2\/media\/2169"}],"wp:attachment":[{"href":"https:\/\/tecplan.com.es\/en\/wp-json\/wp\/v2\/media?parent=2168"}],"wp:term":[{"taxonomy":"product_brand","embeddable":true,"href":"https:\/\/tecplan.com.es\/en\/wp-json\/wp\/v2\/product_brand?post=2168"},{"taxonomy":"product_cat","embeddable":true,"href":"https:\/\/tecplan.com.es\/en\/wp-json\/wp\/v2\/product_cat?post=2168"},{"taxonomy":"product_tag","embeddable":true,"href":"https:\/\/tecplan.com.es\/en\/wp-json\/wp\/v2\/product_tag?post=2168"}],"curies":[{"name":"wp","href":"https:\/\/api.w.org\/{rel}","templated":true}]}}