{"id":2161,"date":"2025-07-15T22:17:11","date_gmt":"2025-07-15T22:17:11","guid":{"rendered":"https:\/\/tecplan.com.es\/?post_type=product&#038;p=2161"},"modified":"2025-07-15T22:50:27","modified_gmt":"2025-07-15T22:50:27","slug":"2161","status":"publish","type":"product","link":"https:\/\/tecplan.com.es\/en\/product\/2161\/","title":{"rendered":"VHF 315 marine radio"},"content":{"rendered":"<p style=\"text-align: justify;\"><span class=\"svelte-1sntxl4\">The VHF 315 marine radio\u00a0<\/span><span class=\"qa-highlight svelte-1sntxl4\"><span class=\"svelte-1sntxl4\">It is a modular communication solution that offers reliable communication and NOAA weather alerts on the water.<\/span><\/span><span class=\"svelte-1sntxl4\">, meeting the latest industry standards.<\/span>\u00a0<span class=\"svelte-1sntxl4\">This 25-watt radio with Class D DSC integrates seamlessly into the Garmin onboard system and features a built-in GPS receiver with a connector for the mandatory external antenna.<\/span><\/p>\n<p style=\"text-align: justify;\">It's easy to use and integrates seamlessly with the Garmin onboard system. It has a built-in GPS receiver with a connector for the required external antenna. The VHF 315 includes a\u00a0<a href=\"https:\/\/buy.garmin.com\/en-US\/US\/p\/568161\">GHS 11 device<\/a>\u00a0and a new active speaker for use as an intercom between up to three stations. It also features a 30-watt two-way radio communication system for communicating with other vessels or crew members on deck. NMEA 2000 connectivity allows for easy integration with compatible chartplotters, multifunction displays, and convenient software updates. Simplified device connectors and a user-friendly interface let you quickly set up your radio so you can get back on the water and start communicating.<\/p>\n<p style=\"text-align: justify;\"><strong>Enjoy reliable communication<\/strong><\/p>\n<ul>\n<li style=\"text-align: justify;\">Reliable 25-watt VHF marine radio with Class D DSC<\/li>\n<li style=\"text-align: justify;\">It includes the GHS\u2122 11 handheld device and a new active speaker for use as an intercom between up to 3 stations<\/li>\n<li style=\"text-align: justify;\">Built-in GPS receiver (requires an external antenna)<\/li>\n<li style=\"text-align: justify;\">NMEA 2000\u00ae connectivity for easy integration into compatible multifunction displays and plotters<\/li>\n<li style=\"text-align: justify;\">Pre-programmed with international marine channels from Canada and the United States, plus 10 NOAA weather channels<\/li>\n<\/ul>\n<p><!--more--><\/p>\n<h5 style=\"text-align: justify;\"><span style=\"text-decoration: underline;\"><strong>DOWNLOADS<\/strong><\/span><\/h5>\n<ul style=\"text-align: justify;\">\n<li><a href=\"https:\/\/static.garmin.com\/pumac\/VHF_Active_Speaker_Template.pdf\">\u2192 Technical specifications<\/a><\/li>\n<\/ul>","protected":false},"excerpt":{"rendered":"<p style=\"text-align: justify;\">The 25-watt VHF 315 marine radio with Class D DSC is a modular communication solution. It provides reliable communication and NOAA weather alerts on the water by meeting the latest industry standards.<\/p>\n<p><img decoding=\"async\" class=\"wp-image-2118 aligncenter\" src=\"https:\/\/tecplan.com.es\/wp-content\/uploads\/2025\/07\/garmin-2-logo-e1751925774362-300x117.png\" alt=\"\" width=\"121\" height=\"47\" srcset=\"https:\/\/tecplan.com.es\/wp-content\/uploads\/2025\/07\/garmin-2-logo-e1751925774362-300x117.png 300w, https:\/\/tecplan.com.es\/wp-content\/uploads\/2025\/07\/garmin-2-logo-e1751925774362-18x7.png 18w, https:\/\/tecplan.com.es\/wp-content\/uploads\/2025\/07\/garmin-2-logo-e1751925774362-600x234.png 600w, https:\/\/tecplan.com.es\/wp-content\/uploads\/2025\/07\/garmin-2-logo-e1751925774362.png 675w\" sizes=\"(max-width: 121px) 100vw, 121px\" \/><\/p>","protected":false},"featured_media":2163,"comment_status":"open","ping_status":"closed","template":"","meta":{"site-sidebar-layout":"default","site-content-layout":"","ast-site-content-layout":"default","site-content-style":"default","site-sidebar-style":"default","ast-global-header-display":"","ast-banner-title-visibility":"","ast-main-header-display":"","ast-hfb-above-header-display":"","ast-hfb-below-header-display":"","ast-hfb-mobile-header-display":"","site-post-title":"","ast-breadcrumbs-content":"","ast-featured-img":"","footer-sml-layout":"","ast-disable-related-posts":"","theme-transparent-header-meta":"default","adv-header-id-meta":"","stick-header-meta":"","header-above-stick-meta":"","header-main-stick-meta":"","header-below-stick-meta":"","astra-migrate-meta-layouts":"set","ast-page-background-enabled":"default","ast-page-background-meta":{"desktop":{"background-color":"var(--ast-global-color-5)","background-image":"","background-repeat":"repeat","background-position":"center center","background-size":"auto","background-attachment":"scroll","background-type":"","background-media":"","overlay-type":"","overlay-color":"","overlay-opacity":"","overlay-gradient":""},"tablet":{"background-color":"","background-image":"","background-repeat":"repeat","background-position":"center center","background-size":"auto","background-attachment":"scroll","background-type":"","background-media":"","overlay-type":"","overlay-color":"","overlay-opacity":"","overlay-gradient":""},"mobile":{"background-color":"","background-image":"","background-repeat":"repeat","background-position":"center center","background-size":"auto","background-attachment":"scroll","background-type":"","background-media":"","overlay-type":"","overlay-color":"","overlay-opacity":"","overlay-gradient":""}},"ast-content-background-meta":{"desktop":{"background-color":"var(--ast-global-color-4)","background-image":"","background-repeat":"repeat","background-position":"center center","background-size":"auto","background-attachment":"scroll","background-type":"","background-media":"","overlay-type":"","overlay-color":"","overlay-opacity":"","overlay-gradient":""},"tablet":{"background-color":"var(--ast-global-color-4)","background-image":"","background-repeat":"repeat","background-position":"center center","background-size":"auto","background-attachment":"scroll","background-type":"","background-media":"","overlay-type":"","overlay-color":"","overlay-opacity":"","overlay-gradient":""},"mobile":{"background-color":"var(--ast-global-color-4)","background-image":"","background-repeat":"repeat","background-position":"center center","background-size":"auto","background-attachment":"scroll","background-type":"","background-media":"","overlay-type":"","overlay-color":"","overlay-opacity":"","overlay-gradient":""}}},"product_brand":[241],"product_cat":[36,53,55],"product_tag":[198],"class_list":{"0":"post-2161","1":"product","2":"type-product","3":"status-publish","4":"has-post-thumbnail","6":"product_brand-garmin","7":"product_cat-comunicacion-satelital","8":"product_cat-garmin","9":"product_cat-gps-navegacion-marina","10":"product_tag-garmin","11":"desktop-align-left","12":"tablet-align-left","13":"mobile-align-left","15":"first","16":"instock","17":"shipping-taxable","18":"product-type-simple"},"yoast_head":"<!-- This site is optimized with the Yoast SEO plugin v25.3 - https:\/\/yoast.com\/wordpress\/plugins\/seo\/ -->\n<title>Radio n\u00e1utica VHF 315 - Tecplan<\/title>\n<meta name=\"robots\" content=\"index, follow, max-snippet:-1, max-image-preview:large, max-video-preview:-1\" \/>\n<link rel=\"canonical\" href=\"https:\/\/tecplan.com.es\/en\/product\/2161\/\" \/>\n<meta property=\"og:locale\" content=\"en_US\" \/>\n<meta property=\"og:type\" content=\"article\" \/>\n<meta property=\"og:title\" content=\"Radio n\u00e1utica VHF 315 - Tecplan\" \/>\n<meta property=\"og:description\" content=\"La radio n\u00e1utica VHF 315 de 25\u00a0vatios con DSC clase D es una soluci\u00f3n de comunicaci\u00f3n modular. Proporciona la seguridad de una comunicaci\u00f3n confiable y de las alertas meteorol\u00f3gicas NOAA en el agua mediante el cumplimiento de los \u00faltimos est\u00e1ndares de la industria.\" \/>\n<meta property=\"og:url\" content=\"https:\/\/tecplan.com.es\/en\/product\/2161\/\" \/>\n<meta property=\"og:site_name\" content=\"Tecplan\" \/>\n<meta property=\"article:modified_time\" content=\"2025-07-15T22:50:27+00:00\" \/>\n<meta property=\"og:image\" content=\"https:\/\/tecplan.com.es\/wp-content\/uploads\/2025\/07\/cf-lg-b162fe5f-e60f-4622-bfbf-2e953a36c75a.png.webp\" \/>\n\t<meta property=\"og:image:width\" content=\"500\" \/>\n\t<meta property=\"og:image:height\" content=\"500\" \/>\n\t<meta property=\"og:image:type\" content=\"image\/webp\" \/>\n<meta name=\"twitter:card\" content=\"summary_large_image\" \/>\n<meta name=\"twitter:label1\" content=\"Est. reading time\" \/>\n\t<meta name=\"twitter:data1\" content=\"2 minutes\" \/>\n<script type=\"application\/ld+json\" class=\"yoast-schema-graph\">{\"@context\":\"https:\/\/schema.org\",\"@graph\":[{\"@type\":\"WebPage\",\"@id\":\"https:\/\/tecplan.com.es\/product\/2161\/\",\"url\":\"https:\/\/tecplan.com.es\/product\/2161\/\",\"name\":\"Radio n\u00e1utica VHF 315 - Tecplan\",\"isPartOf\":{\"@id\":\"https:\/\/tecplan.com.es\/#website\"},\"primaryImageOfPage\":{\"@id\":\"https:\/\/tecplan.com.es\/product\/2161\/#primaryimage\"},\"image\":{\"@id\":\"https:\/\/tecplan.com.es\/product\/2161\/#primaryimage\"},\"thumbnailUrl\":\"https:\/\/tecplan.com.es\/wp-content\/uploads\/2025\/07\/cf-lg-b162fe5f-e60f-4622-bfbf-2e953a36c75a.png.webp\",\"datePublished\":\"2025-07-15T22:17:11+00:00\",\"dateModified\":\"2025-07-15T22:50:27+00:00\",\"breadcrumb\":{\"@id\":\"https:\/\/tecplan.com.es\/product\/2161\/#breadcrumb\"},\"inLanguage\":\"en-US\",\"potentialAction\":[{\"@type\":\"ReadAction\",\"target\":[\"https:\/\/tecplan.com.es\/product\/2161\/\"]}]},{\"@type\":\"ImageObject\",\"inLanguage\":\"en-US\",\"@id\":\"https:\/\/tecplan.com.es\/product\/2161\/#primaryimage\",\"url\":\"https:\/\/tecplan.com.es\/wp-content\/uploads\/2025\/07\/cf-lg-b162fe5f-e60f-4622-bfbf-2e953a36c75a.png.webp\",\"contentUrl\":\"https:\/\/tecplan.com.es\/wp-content\/uploads\/2025\/07\/cf-lg-b162fe5f-e60f-4622-bfbf-2e953a36c75a.png.webp\",\"width\":500,\"height\":500},{\"@type\":\"BreadcrumbList\",\"@id\":\"https:\/\/tecplan.com.es\/product\/2161\/#breadcrumb\",\"itemListElement\":[{\"@type\":\"ListItem\",\"position\":1,\"name\":\"Home\",\"item\":\"https:\/\/tecplan.com.es\/\"},{\"@type\":\"ListItem\",\"position\":2,\"name\":\"Shop\",\"item\":\"https:\/\/tecplan.com.es\/shop\/\"},{\"@type\":\"ListItem\",\"position\":3,\"name\":\"Radio n\u00e1utica VHF 315\"}]},{\"@type\":\"WebSite\",\"@id\":\"https:\/\/tecplan.com.es\/#website\",\"url\":\"https:\/\/tecplan.com.es\/\",\"name\":\"Tecplan\",\"description\":\"\",\"potentialAction\":[{\"@type\":\"SearchAction\",\"target\":{\"@type\":\"EntryPoint\",\"urlTemplate\":\"https:\/\/tecplan.com.es\/?s={search_term_string}\"},\"query-input\":{\"@type\":\"PropertyValueSpecification\",\"valueRequired\":true,\"valueName\":\"search_term_string\"}}],\"inLanguage\":\"en-US\"}]}<\/script>\n<!-- \/ Yoast SEO plugin. -->","yoast_head_json":{"title":"Radio n\u00e1utica VHF 315 - Tecplan","robots":{"index":"index","follow":"follow","max-snippet":"max-snippet:-1","max-image-preview":"max-image-preview:large","max-video-preview":"max-video-preview:-1"},"canonical":"https:\/\/tecplan.com.es\/en\/product\/2161\/","og_locale":"en_US","og_type":"article","og_title":"Radio n\u00e1utica VHF 315 - Tecplan","og_description":"La radio n\u00e1utica VHF 315 de 25\u00a0vatios con DSC clase D es una soluci\u00f3n de comunicaci\u00f3n modular. Proporciona la seguridad de una comunicaci\u00f3n confiable y de las alertas meteorol\u00f3gicas NOAA en el agua mediante el cumplimiento de los \u00faltimos est\u00e1ndares de la industria.","og_url":"https:\/\/tecplan.com.es\/en\/product\/2161\/","og_site_name":"Tecplan","article_modified_time":"2025-07-15T22:50:27+00:00","og_image":[{"width":500,"height":500,"url":"https:\/\/tecplan.com.es\/wp-content\/uploads\/2025\/07\/cf-lg-b162fe5f-e60f-4622-bfbf-2e953a36c75a.png.webp","type":"image\/webp"}],"twitter_card":"summary_large_image","twitter_misc":{"Est. reading time":"2 minutes"},"schema":{"@context":"https:\/\/schema.org","@graph":[{"@type":"WebPage","@id":"https:\/\/tecplan.com.es\/product\/2161\/","url":"https:\/\/tecplan.com.es\/product\/2161\/","name":"Radio n\u00e1utica VHF 315 - Tecplan","isPartOf":{"@id":"https:\/\/tecplan.com.es\/#website"},"primaryImageOfPage":{"@id":"https:\/\/tecplan.com.es\/product\/2161\/#primaryimage"},"image":{"@id":"https:\/\/tecplan.com.es\/product\/2161\/#primaryimage"},"thumbnailUrl":"https:\/\/tecplan.com.es\/wp-content\/uploads\/2025\/07\/cf-lg-b162fe5f-e60f-4622-bfbf-2e953a36c75a.png.webp","datePublished":"2025-07-15T22:17:11+00:00","dateModified":"2025-07-15T22:50:27+00:00","breadcrumb":{"@id":"https:\/\/tecplan.com.es\/product\/2161\/#breadcrumb"},"inLanguage":"en-US","potentialAction":[{"@type":"ReadAction","target":["https:\/\/tecplan.com.es\/product\/2161\/"]}]},{"@type":"ImageObject","inLanguage":"en-US","@id":"https:\/\/tecplan.com.es\/product\/2161\/#primaryimage","url":"https:\/\/tecplan.com.es\/wp-content\/uploads\/2025\/07\/cf-lg-b162fe5f-e60f-4622-bfbf-2e953a36c75a.png.webp","contentUrl":"https:\/\/tecplan.com.es\/wp-content\/uploads\/2025\/07\/cf-lg-b162fe5f-e60f-4622-bfbf-2e953a36c75a.png.webp","width":500,"height":500},{"@type":"BreadcrumbList","@id":"https:\/\/tecplan.com.es\/product\/2161\/#breadcrumb","itemListElement":[{"@type":"ListItem","position":1,"name":"Home","item":"https:\/\/tecplan.com.es\/"},{"@type":"ListItem","position":2,"name":"Shop","item":"https:\/\/tecplan.com.es\/shop\/"},{"@type":"ListItem","position":3,"name":"Radio n\u00e1utica VHF 315"}]},{"@type":"WebSite","@id":"https:\/\/tecplan.com.es\/#website","url":"https:\/\/tecplan.com.es\/","name":"Tecplan","description":"","potentialAction":[{"@type":"SearchAction","target":{"@type":"EntryPoint","urlTemplate":"https:\/\/tecplan.com.es\/?s={search_term_string}"},"query-input":{"@type":"PropertyValueSpecification","valueRequired":true,"valueName":"search_term_string"}}],"inLanguage":"en-US"}]}},"_links":{"self":[{"href":"https:\/\/tecplan.com.es\/en\/wp-json\/wp\/v2\/product\/2161","targetHints":{"allow":["GET"]}}],"collection":[{"href":"https:\/\/tecplan.com.es\/en\/wp-json\/wp\/v2\/product"}],"about":[{"href":"https:\/\/tecplan.com.es\/en\/wp-json\/wp\/v2\/types\/product"}],"replies":[{"embeddable":true,"href":"https:\/\/tecplan.com.es\/en\/wp-json\/wp\/v2\/comments?post=2161"}],"version-history":[{"count":5,"href":"https:\/\/tecplan.com.es\/en\/wp-json\/wp\/v2\/product\/2161\/revisions"}],"predecessor-version":[{"id":2179,"href":"https:\/\/tecplan.com.es\/en\/wp-json\/wp\/v2\/product\/2161\/revisions\/2179"}],"wp:featuredmedia":[{"embeddable":true,"href":"https:\/\/tecplan.com.es\/en\/wp-json\/wp\/v2\/media\/2163"}],"wp:attachment":[{"href":"https:\/\/tecplan.com.es\/en\/wp-json\/wp\/v2\/media?parent=2161"}],"wp:term":[{"taxonomy":"product_brand","embeddable":true,"href":"https:\/\/tecplan.com.es\/en\/wp-json\/wp\/v2\/product_brand?post=2161"},{"taxonomy":"product_cat","embeddable":true,"href":"https:\/\/tecplan.com.es\/en\/wp-json\/wp\/v2\/product_cat?post=2161"},{"taxonomy":"product_tag","embeddable":true,"href":"https:\/\/tecplan.com.es\/en\/wp-json\/wp\/v2\/product_tag?post=2161"}],"curies":[{"name":"wp","href":"https:\/\/api.w.org\/{rel}","templated":true}]}}