{"id":2152,"date":"2025-07-07T22:47:03","date_gmt":"2025-07-07T22:47:03","guid":{"rendered":"https:\/\/tecplan.com.es\/?post_type=product&#038;p=2152"},"modified":"2025-07-07T22:49:50","modified_gmt":"2025-07-07T22:49:50","slug":"gmr-434-436-xhd3","status":"publish","type":"product","link":"https:\/\/tecplan.com.es\/en\/product\/gmr-434-436-xhd3\/","title":{"rendered":"GMR\u2122 434\/436 xHD3 Open Array Radar"},"content":{"rendered":"<h5>NEW SCANNING MEDIA TECHNOLOGY<\/h5>\n<p class=\"app__feature__card__description app__feature__card__description--left\">The scan average, a first for Garmin magnetron radars, helps reduce sea filtering and interference to improve the detection and display of consistent targets.<\/p>\n<h5>ANGULAR ADJUSTMENT OF LENS SIZE<\/h5>\n<p class=\"app__feature__card__description app__feature__card__description--left\">The expanded pulse and target size angular processing techniques optimize the shapes of objects on screen to improve interpretation at all range scales.<\/p>\n<h5>HIGH-PERFORMANCE ANTENNAS<\/h5>\n<p class=\"app__feature__card__description app__feature__card__description--left\">Open antennas with a wind rating of 100 knots<sup>1<\/sup>\u00a0They feature rotation speeds of 24 and 48 RPM to increase retrace speed, with a maximum range of up to 96 nautical miles in the 25 kW versions (up to 72 nautical miles in the 4 and 12 kW versions).<\/p>\n<h5>REAL ECHO MONITORING<\/h5>\n<p class=\"app__feature__card__description app__feature__card__description--left\">The screen displays a historical \u201ctrail\u201d of vessels in the water, eliminating the influence of relative motion to help you quickly identify moving targets and potential collision threats.<\/p>\n<h5>DUAL SCALE WITH RADAR OVERLAY<\/h5>\n<p class=\"app__feature__card__description app__feature__card__description--left\">The single radar antenna can provide split-screen images on your compatible chartplotter simultaneously, with independent short- and long-range controls and settings. You can overlay one or both ranges on a chart.<\/p>\n<h5>DYNAMIC AUTOMATIC GAIN<\/h5>\n<p class=\"app__feature__card__description app__feature__card__description--left\">Gain levels are automatically adjusted to the optimal setting for ports, nearshore areas, and the open sea.<\/p>\n<h5 style=\"text-align: justify;\"><span style=\"text-decoration: underline;\"><strong>DOWNLOADS<\/strong><\/span><\/h5>\n<ul style=\"text-align: justify;\">\n<li><a href=\"https:\/\/static.garmin.com\/pumac\/GMR_xHD3_Open-Array_Install_EN-US.pdf\">\u00a0 Technical sheet\u00a0<\/a><\/li>\n<\/ul>","protected":false},"excerpt":{"rendered":"<h6 style=\"text-align: justify;\">Scan with the magnetron power of the GARMIN open array radar<\/h6>\n<p>&nbsp;<\/p>\n<div class=\"app__overview__intro__description\">\n<p style=\"text-align: justify;\">Combining high-definition imaging with the latest Garmin platform technology, these rugged 4\u2019 and 6\u2019 open array radars offer superior detection of weather, obstacles, and traffic for mariners cruising or fishing offshore.<\/p>\n<p><img decoding=\"async\" class=\"wp-image-2118 aligncenter\" src=\"https:\/\/tecplan.com.es\/wp-content\/uploads\/2025\/07\/garmin-2-logo-e1751925774362-300x117.png\" alt=\"\" width=\"171\" height=\"67\" srcset=\"https:\/\/tecplan.com.es\/wp-content\/uploads\/2025\/07\/garmin-2-logo-e1751925774362-300x117.png 300w, https:\/\/tecplan.com.es\/wp-content\/uploads\/2025\/07\/garmin-2-logo-e1751925774362-18x7.png 18w, https:\/\/tecplan.com.es\/wp-content\/uploads\/2025\/07\/garmin-2-logo-e1751925774362-600x234.png 600w, https:\/\/tecplan.com.es\/wp-content\/uploads\/2025\/07\/garmin-2-logo-e1751925774362.png 675w\" sizes=\"(max-width: 171px) 100vw, 171px\" \/><\/p>\n<\/div>","protected":false},"featured_media":2153,"comment_status":"open","ping_status":"closed","template":"","meta":{"site-sidebar-layout":"default","site-content-layout":"","ast-site-content-layout":"default","site-content-style":"default","site-sidebar-style":"default","ast-global-header-display":"","ast-banner-title-visibility":"","ast-main-header-display":"","ast-hfb-above-header-display":"","ast-hfb-below-header-display":"","ast-hfb-mobile-header-display":"","site-post-title":"","ast-breadcrumbs-content":"","ast-featured-img":"","footer-sml-layout":"","ast-disable-related-posts":"","theme-transparent-header-meta":"default","adv-header-id-meta":"","stick-header-meta":"","header-above-stick-meta":"","header-main-stick-meta":"","header-below-stick-meta":"","astra-migrate-meta-layouts":"set","ast-page-background-enabled":"default","ast-page-background-meta":{"desktop":{"background-color":"var(--ast-global-color-5)","background-image":"","background-repeat":"repeat","background-position":"center center","background-size":"auto","background-attachment":"scroll","background-type":"","background-media":"","overlay-type":"","overlay-color":"","overlay-opacity":"","overlay-gradient":""},"tablet":{"background-color":"","background-image":"","background-repeat":"repeat","background-position":"center center","background-size":"auto","background-attachment":"scroll","background-type":"","background-media":"","overlay-type":"","overlay-color":"","overlay-opacity":"","overlay-gradient":""},"mobile":{"background-color":"","background-image":"","background-repeat":"repeat","background-position":"center center","background-size":"auto","background-attachment":"scroll","background-type":"","background-media":"","overlay-type":"","overlay-color":"","overlay-opacity":"","overlay-gradient":""}},"ast-content-background-meta":{"desktop":{"background-color":"var(--ast-global-color-4)","background-image":"","background-repeat":"repeat","background-position":"center center","background-size":"auto","background-attachment":"scroll","background-type":"","background-media":"","overlay-type":"","overlay-color":"","overlay-opacity":"","overlay-gradient":""},"tablet":{"background-color":"var(--ast-global-color-4)","background-image":"","background-repeat":"repeat","background-position":"center center","background-size":"auto","background-attachment":"scroll","background-type":"","background-media":"","overlay-type":"","overlay-color":"","overlay-opacity":"","overlay-gradient":""},"mobile":{"background-color":"var(--ast-global-color-4)","background-image":"","background-repeat":"repeat","background-position":"center center","background-size":"auto","background-attachment":"scroll","background-type":"","background-media":"","overlay-type":"","overlay-color":"","overlay-opacity":"","overlay-gradient":""}}},"product_brand":[241],"product_cat":[36,53,55],"product_tag":[198],"class_list":{"0":"post-2152","1":"product","2":"type-product","3":"status-publish","4":"has-post-thumbnail","6":"product_brand-garmin","7":"product_cat-comunicacion-satelital","8":"product_cat-garmin","9":"product_cat-gps-navegacion-marina","10":"product_tag-garmin","11":"desktop-align-left","12":"tablet-align-left","13":"mobile-align-left","15":"first","16":"instock","17":"shipping-taxable","18":"product-type-simple"},"yoast_head":"<!-- This site is optimized with the Yoast SEO plugin v25.3 - https:\/\/yoast.com\/wordpress\/plugins\/seo\/ -->\n<title>Radar de matriz abierta GMR\u2122 434\/436 xHD3 - Tecplan<\/title>\n<meta name=\"robots\" content=\"index, follow, max-snippet:-1, max-image-preview:large, max-video-preview:-1\" \/>\n<link rel=\"canonical\" href=\"https:\/\/tecplan.com.es\/en\/product\/gmr-434-436-xhd3\/\" \/>\n<meta property=\"og:locale\" content=\"en_US\" \/>\n<meta property=\"og:type\" content=\"article\" \/>\n<meta property=\"og:title\" content=\"Radar de matriz abierta GMR\u2122 434\/436 xHD3 - Tecplan\" \/>\n<meta property=\"og:description\" content=\"Escanee con la potencia magnetr\u00f3nica del radar de matriz abierta GARMIN &nbsp;  Combinando im\u00e1genes de alta definici\u00f3n con la \u00faltima tecnolog\u00eda de plataforma Garmin, estos robustos radares de matriz abierta 4\u2019 y 6\u2019 ofrecen una detecci\u00f3n superior del clima, los obst\u00e1culos y el tr\u00e1fico para los navegantes que navegan o pescan en alta mar.\" \/>\n<meta property=\"og:url\" content=\"https:\/\/tecplan.com.es\/en\/product\/gmr-434-436-xhd3\/\" \/>\n<meta property=\"og:site_name\" content=\"Tecplan\" \/>\n<meta property=\"article:modified_time\" content=\"2025-07-07T22:49:50+00:00\" \/>\n<meta property=\"og:image\" content=\"https:\/\/tecplan.com.es\/wp-content\/uploads\/2025\/07\/cf-xl-2.png.webp\" \/>\n\t<meta property=\"og:image:width\" content=\"500\" \/>\n\t<meta property=\"og:image:height\" content=\"500\" \/>\n\t<meta property=\"og:image:type\" content=\"image\/webp\" \/>\n<meta name=\"twitter:card\" content=\"summary_large_image\" \/>\n<meta name=\"twitter:label1\" content=\"Est. reading time\" \/>\n\t<meta name=\"twitter:data1\" content=\"2 minutes\" \/>\n<script type=\"application\/ld+json\" class=\"yoast-schema-graph\">{\"@context\":\"https:\/\/schema.org\",\"@graph\":[{\"@type\":\"WebPage\",\"@id\":\"https:\/\/tecplan.com.es\/product\/gmr-434-436-xhd3\/\",\"url\":\"https:\/\/tecplan.com.es\/product\/gmr-434-436-xhd3\/\",\"name\":\"Radar de matriz abierta GMR\u2122 434\/436 xHD3 - Tecplan\",\"isPartOf\":{\"@id\":\"https:\/\/tecplan.com.es\/#website\"},\"primaryImageOfPage\":{\"@id\":\"https:\/\/tecplan.com.es\/product\/gmr-434-436-xhd3\/#primaryimage\"},\"image\":{\"@id\":\"https:\/\/tecplan.com.es\/product\/gmr-434-436-xhd3\/#primaryimage\"},\"thumbnailUrl\":\"https:\/\/tecplan.com.es\/wp-content\/uploads\/2025\/07\/cf-xl-2.png.webp\",\"datePublished\":\"2025-07-07T22:47:03+00:00\",\"dateModified\":\"2025-07-07T22:49:50+00:00\",\"breadcrumb\":{\"@id\":\"https:\/\/tecplan.com.es\/product\/gmr-434-436-xhd3\/#breadcrumb\"},\"inLanguage\":\"en-US\",\"potentialAction\":[{\"@type\":\"ReadAction\",\"target\":[\"https:\/\/tecplan.com.es\/product\/gmr-434-436-xhd3\/\"]}]},{\"@type\":\"ImageObject\",\"inLanguage\":\"en-US\",\"@id\":\"https:\/\/tecplan.com.es\/product\/gmr-434-436-xhd3\/#primaryimage\",\"url\":\"https:\/\/tecplan.com.es\/wp-content\/uploads\/2025\/07\/cf-xl-2.png.webp\",\"contentUrl\":\"https:\/\/tecplan.com.es\/wp-content\/uploads\/2025\/07\/cf-xl-2.png.webp\",\"width\":500,\"height\":500},{\"@type\":\"BreadcrumbList\",\"@id\":\"https:\/\/tecplan.com.es\/product\/gmr-434-436-xhd3\/#breadcrumb\",\"itemListElement\":[{\"@type\":\"ListItem\",\"position\":1,\"name\":\"Home\",\"item\":\"https:\/\/tecplan.com.es\/\"},{\"@type\":\"ListItem\",\"position\":2,\"name\":\"Shop\",\"item\":\"https:\/\/tecplan.com.es\/shop\/\"},{\"@type\":\"ListItem\",\"position\":3,\"name\":\"Radar de matriz abierta GMR\u2122 434\/436 xHD3\"}]},{\"@type\":\"WebSite\",\"@id\":\"https:\/\/tecplan.com.es\/#website\",\"url\":\"https:\/\/tecplan.com.es\/\",\"name\":\"Tecplan\",\"description\":\"\",\"potentialAction\":[{\"@type\":\"SearchAction\",\"target\":{\"@type\":\"EntryPoint\",\"urlTemplate\":\"https:\/\/tecplan.com.es\/?s={search_term_string}\"},\"query-input\":{\"@type\":\"PropertyValueSpecification\",\"valueRequired\":true,\"valueName\":\"search_term_string\"}}],\"inLanguage\":\"en-US\"}]}<\/script>\n<!-- \/ Yoast SEO plugin. -->","yoast_head_json":{"title":"Radar de matriz abierta GMR\u2122 434\/436 xHD3 - Tecplan","robots":{"index":"index","follow":"follow","max-snippet":"max-snippet:-1","max-image-preview":"max-image-preview:large","max-video-preview":"max-video-preview:-1"},"canonical":"https:\/\/tecplan.com.es\/en\/product\/gmr-434-436-xhd3\/","og_locale":"en_US","og_type":"article","og_title":"Radar de matriz abierta GMR\u2122 434\/436 xHD3 - Tecplan","og_description":"Escanee con la potencia magnetr\u00f3nica del radar de matriz abierta GARMIN &nbsp;  Combinando im\u00e1genes de alta definici\u00f3n con la \u00faltima tecnolog\u00eda de plataforma Garmin, estos robustos radares de matriz abierta 4\u2019 y 6\u2019 ofrecen una detecci\u00f3n superior del clima, los obst\u00e1culos y el tr\u00e1fico para los navegantes que navegan o pescan en alta mar.","og_url":"https:\/\/tecplan.com.es\/en\/product\/gmr-434-436-xhd3\/","og_site_name":"Tecplan","article_modified_time":"2025-07-07T22:49:50+00:00","og_image":[{"width":500,"height":500,"url":"https:\/\/tecplan.com.es\/wp-content\/uploads\/2025\/07\/cf-xl-2.png.webp","type":"image\/webp"}],"twitter_card":"summary_large_image","twitter_misc":{"Est. reading time":"2 minutes"},"schema":{"@context":"https:\/\/schema.org","@graph":[{"@type":"WebPage","@id":"https:\/\/tecplan.com.es\/product\/gmr-434-436-xhd3\/","url":"https:\/\/tecplan.com.es\/product\/gmr-434-436-xhd3\/","name":"Radar de matriz abierta GMR\u2122 434\/436 xHD3 - Tecplan","isPartOf":{"@id":"https:\/\/tecplan.com.es\/#website"},"primaryImageOfPage":{"@id":"https:\/\/tecplan.com.es\/product\/gmr-434-436-xhd3\/#primaryimage"},"image":{"@id":"https:\/\/tecplan.com.es\/product\/gmr-434-436-xhd3\/#primaryimage"},"thumbnailUrl":"https:\/\/tecplan.com.es\/wp-content\/uploads\/2025\/07\/cf-xl-2.png.webp","datePublished":"2025-07-07T22:47:03+00:00","dateModified":"2025-07-07T22:49:50+00:00","breadcrumb":{"@id":"https:\/\/tecplan.com.es\/product\/gmr-434-436-xhd3\/#breadcrumb"},"inLanguage":"en-US","potentialAction":[{"@type":"ReadAction","target":["https:\/\/tecplan.com.es\/product\/gmr-434-436-xhd3\/"]}]},{"@type":"ImageObject","inLanguage":"en-US","@id":"https:\/\/tecplan.com.es\/product\/gmr-434-436-xhd3\/#primaryimage","url":"https:\/\/tecplan.com.es\/wp-content\/uploads\/2025\/07\/cf-xl-2.png.webp","contentUrl":"https:\/\/tecplan.com.es\/wp-content\/uploads\/2025\/07\/cf-xl-2.png.webp","width":500,"height":500},{"@type":"BreadcrumbList","@id":"https:\/\/tecplan.com.es\/product\/gmr-434-436-xhd3\/#breadcrumb","itemListElement":[{"@type":"ListItem","position":1,"name":"Home","item":"https:\/\/tecplan.com.es\/"},{"@type":"ListItem","position":2,"name":"Shop","item":"https:\/\/tecplan.com.es\/shop\/"},{"@type":"ListItem","position":3,"name":"Radar de matriz abierta GMR\u2122 434\/436 xHD3"}]},{"@type":"WebSite","@id":"https:\/\/tecplan.com.es\/#website","url":"https:\/\/tecplan.com.es\/","name":"Tecplan","description":"","potentialAction":[{"@type":"SearchAction","target":{"@type":"EntryPoint","urlTemplate":"https:\/\/tecplan.com.es\/?s={search_term_string}"},"query-input":{"@type":"PropertyValueSpecification","valueRequired":true,"valueName":"search_term_string"}}],"inLanguage":"en-US"}]}},"_links":{"self":[{"href":"https:\/\/tecplan.com.es\/en\/wp-json\/wp\/v2\/product\/2152","targetHints":{"allow":["GET"]}}],"collection":[{"href":"https:\/\/tecplan.com.es\/en\/wp-json\/wp\/v2\/product"}],"about":[{"href":"https:\/\/tecplan.com.es\/en\/wp-json\/wp\/v2\/types\/product"}],"replies":[{"embeddable":true,"href":"https:\/\/tecplan.com.es\/en\/wp-json\/wp\/v2\/comments?post=2152"}],"version-history":[{"count":4,"href":"https:\/\/tecplan.com.es\/en\/wp-json\/wp\/v2\/product\/2152\/revisions"}],"predecessor-version":[{"id":2157,"href":"https:\/\/tecplan.com.es\/en\/wp-json\/wp\/v2\/product\/2152\/revisions\/2157"}],"wp:featuredmedia":[{"embeddable":true,"href":"https:\/\/tecplan.com.es\/en\/wp-json\/wp\/v2\/media\/2153"}],"wp:attachment":[{"href":"https:\/\/tecplan.com.es\/en\/wp-json\/wp\/v2\/media?parent=2152"}],"wp:term":[{"taxonomy":"product_brand","embeddable":true,"href":"https:\/\/tecplan.com.es\/en\/wp-json\/wp\/v2\/product_brand?post=2152"},{"taxonomy":"product_cat","embeddable":true,"href":"https:\/\/tecplan.com.es\/en\/wp-json\/wp\/v2\/product_cat?post=2152"},{"taxonomy":"product_tag","embeddable":true,"href":"https:\/\/tecplan.com.es\/en\/wp-json\/wp\/v2\/product_tag?post=2152"}],"curies":[{"name":"wp","href":"https:\/\/api.w.org\/{rel}","templated":true}]}}