{"id":2143,"date":"2025-07-07T22:18:07","date_gmt":"2025-07-07T22:18:07","guid":{"rendered":"https:\/\/tecplan.com.es\/?post_type=product&#038;p=2143"},"modified":"2026-01-02T22:20:06","modified_gmt":"2026-01-02T22:20:06","slug":"radar-domo-compacto-y-aerodinamico-gmr-18-hd","status":"publish","type":"product","link":"https:\/\/tecplan.com.es\/en\/product\/radar-domo-compacto-y-aerodinamico-gmr-18-hd\/","title":{"rendered":"GMR\u2122 18 HD+ Aerodynamic Dome Radar"},"content":{"rendered":"<h5 style=\"text-align: justify;\">COMPACT AND POWERFUL<\/h5>\n<p class=\"app__feature__card__description app__feature__card__description--left\" style=\"text-align: justify;\">This 18-inch enclosed antenna radar provides 4 kW of transmit power and clear echo definition at any distance. It has a maximum range of 66 km (36 nautical miles) and a minimum range of 20 meters, as well as a rotation speed of 24 RPM.<\/p>\n<h5 style=\"text-align: justify;\">CLEAR VISUALIZATION<\/h5>\n<p class=\"app__feature__card__description app__feature__card__description--left\" style=\"text-align: justify;\">GMR 18 HD+ offers true 8-bit color resolution for crisp presentation on the plotter screen.<\/p>\n<h5 style=\"text-align: justify;\">INTUITIVE OPERATION<\/h5>\n<p class=\"app__feature__card__description app__feature__card__description--left\" style=\"text-align: justify;\">This radar doesn't have any complex user settings to deal with, so it's easy to install and start using.<\/p>\n<h5 style=\"text-align: justify;\">DYNAMIC AUTOMATIC GAIN<\/h5>\n<p class=\"app__feature__card__description app__feature__card__description--left\" style=\"text-align: justify;\">Gain levels are automatically adjusted to the optimal setting for ports, nearshore areas, and the open sea.<\/p>\n<h5 style=\"text-align: justify;\">DYNAMIC SEA FILTER<\/h5>\n<p class=\"app__feature__card__description app__feature__card__description--left\" style=\"text-align: justify;\">The gain automatically adjusts the sea filter to calm, medium, or choppy sea conditions.<\/p>\n<h5 style=\"text-align: justify;\">RADAR OVERLAY<\/h5>\n<p class=\"app__feature__card__description app__feature__card__description--left\" style=\"text-align: justify;\">Overlay radar images on the chartplotter's map page. You can add an optional autopilot or heading sensor for best results (sold separately).<\/p>\n<h5 style=\"text-align: justify;\">RECORD MARPA TARGETS<\/h5>\n<p class=\"app__feature__card__description app__feature__card__description--left\" style=\"text-align: justify;\">GMR<sup>\u2122<\/sup>\u00a0The 18 HD+ offers MARPA target tracking when combined with a multifunction display and heading sensor (sold separately).<\/p>\n<p><!--more--><\/p>\n<h5 style=\"text-align: justify;\"><span style=\"text-decoration: underline;\"><strong>DOWNLOADS<\/strong><\/span><\/h5>\n<ul style=\"text-align: justify;\">\n<li><a href=\"https:\/\/drive.google.com\/file\/d\/18PWNJEGcMBZ_O4hScNXyJdey-gff9Bao\/view?usp=sharing\">\u2192 Technical specifications<\/a><\/li>\n<\/ul>","protected":false},"excerpt":{"rendered":"<p style=\"text-align: justify;\"><em><strong>The compact, aerodynamic dome radar offers 4 kW of transmission power and clear echo definition across all ranges, making it a good choice for vessels with limited space.<\/strong><\/em><\/p>\n<p style=\"text-align: justify;\"><strong>Key Features<\/strong><\/p>\n<ul style=\"text-align: justify;\">\n<li><strong>Compact:\u00a0<\/strong>The 18\u2033, 4 kW aerodynamic dome radar can be easily mounted on a radar arch or mast.<\/li>\n<li><strong>Color resolution<\/strong> 8-bit real for a clear display on your plotter screen.<\/li>\n<li><strong>Transmission power:\u00a0<\/strong>4kW<\/li>\n<li><strong>Maximum range:\u00a0<\/strong>36 nm<\/li>\n<li><strong>Rango m\u00ednimo:\u00a0<\/strong>65,6&#8242; (20 m)<\/li>\n<li><strong>Horizontal beam width:<\/strong>\u00a05.2\u00b0<\/li>\n<li><strong>Rotation speed:\u00a0<\/strong>24 rpm<\/li>\n<li><strong>Energy consumption:\u00a0<\/strong>3W standby; 18.1-24.4W transmit<\/li>\n<li><strong>Voltage:<\/strong>\u00a011-35 V CC<\/li>\n<li><strong>Dimensions:\u00a0<\/strong>20\u2033 diameter x 9 7\/8\u2033 high<\/li>\n<li><strong>Waterproofing classification: I<\/strong>PX7<\/li>\n<\/ul>\n<p style=\"text-align: justify;\"><img decoding=\"async\" class=\"wp-image-2118 aligncenter\" src=\"https:\/\/tecplan.com.es\/wp-content\/uploads\/2025\/07\/garmin-2-logo-e1751925774362-300x117.png\" alt=\"\" width=\"154\" height=\"60\" srcset=\"https:\/\/tecplan.com.es\/wp-content\/uploads\/2025\/07\/garmin-2-logo-e1751925774362-300x117.png 300w, https:\/\/tecplan.com.es\/wp-content\/uploads\/2025\/07\/garmin-2-logo-e1751925774362-18x7.png 18w, https:\/\/tecplan.com.es\/wp-content\/uploads\/2025\/07\/garmin-2-logo-e1751925774362-600x234.png 600w, https:\/\/tecplan.com.es\/wp-content\/uploads\/2025\/07\/garmin-2-logo-e1751925774362.png 675w\" sizes=\"(max-width: 154px) 100vw, 154px\" \/><\/p>","protected":false},"featured_media":2144,"comment_status":"open","ping_status":"closed","template":"","meta":{"site-sidebar-layout":"default","site-content-layout":"","ast-site-content-layout":"default","site-content-style":"default","site-sidebar-style":"default","ast-global-header-display":"","ast-banner-title-visibility":"","ast-main-header-display":"","ast-hfb-above-header-display":"","ast-hfb-below-header-display":"","ast-hfb-mobile-header-display":"","site-post-title":"","ast-breadcrumbs-content":"","ast-featured-img":"","footer-sml-layout":"","ast-disable-related-posts":"","theme-transparent-header-meta":"default","adv-header-id-meta":"","stick-header-meta":"","header-above-stick-meta":"","header-main-stick-meta":"","header-below-stick-meta":"","astra-migrate-meta-layouts":"set","ast-page-background-enabled":"default","ast-page-background-meta":{"desktop":{"background-color":"var(--ast-global-color-5)","background-image":"","background-repeat":"repeat","background-position":"center center","background-size":"auto","background-attachment":"scroll","background-type":"","background-media":"","overlay-type":"","overlay-color":"","overlay-opacity":"","overlay-gradient":""},"tablet":{"background-color":"","background-image":"","background-repeat":"repeat","background-position":"center center","background-size":"auto","background-attachment":"scroll","background-type":"","background-media":"","overlay-type":"","overlay-color":"","overlay-opacity":"","overlay-gradient":""},"mobile":{"background-color":"","background-image":"","background-repeat":"repeat","background-position":"center center","background-size":"auto","background-attachment":"scroll","background-type":"","background-media":"","overlay-type":"","overlay-color":"","overlay-opacity":"","overlay-gradient":""}},"ast-content-background-meta":{"desktop":{"background-color":"var(--ast-global-color-4)","background-image":"","background-repeat":"repeat","background-position":"center center","background-size":"auto","background-attachment":"scroll","background-type":"","background-media":"","overlay-type":"","overlay-color":"","overlay-opacity":"","overlay-gradient":""},"tablet":{"background-color":"var(--ast-global-color-4)","background-image":"","background-repeat":"repeat","background-position":"center center","background-size":"auto","background-attachment":"scroll","background-type":"","background-media":"","overlay-type":"","overlay-color":"","overlay-opacity":"","overlay-gradient":""},"mobile":{"background-color":"var(--ast-global-color-4)","background-image":"","background-repeat":"repeat","background-position":"center center","background-size":"auto","background-attachment":"scroll","background-type":"","background-media":"","overlay-type":"","overlay-color":"","overlay-opacity":"","overlay-gradient":""}}},"product_brand":[241],"product_cat":[36,54],"product_tag":[198],"class_list":{"0":"post-2143","1":"product","2":"type-product","3":"status-publish","4":"has-post-thumbnail","6":"product_brand-garmin","7":"product_cat-comunicacion-satelital","8":"product_cat-gps-navegacion-aerea","9":"product_tag-garmin","10":"desktop-align-left","11":"tablet-align-left","12":"mobile-align-left","14":"first","15":"instock","16":"shipping-taxable","17":"product-type-simple"},"yoast_head":"<!-- This site is optimized with the Yoast SEO plugin v25.3 - https:\/\/yoast.com\/wordpress\/plugins\/seo\/ -->\n<title>Radar domo aerodin\u00e1mico GMR\u2122 18 HD+ - Tecplan<\/title>\n<meta name=\"robots\" content=\"index, follow, max-snippet:-1, max-image-preview:large, max-video-preview:-1\" \/>\n<link rel=\"canonical\" href=\"https:\/\/tecplan.com.es\/en\/product\/radar-domo-compacto-y-aerodinamico-gmr-18-hd\/\" \/>\n<meta property=\"og:locale\" content=\"en_US\" \/>\n<meta property=\"og:type\" content=\"article\" \/>\n<meta property=\"og:title\" content=\"Radar domo aerodin\u00e1mico GMR\u2122 18 HD+ - Tecplan\" \/>\n<meta property=\"og:description\" content=\"El radar domo compacto y aerodin\u00e1mico ofrece una potencia de transmisi\u00f3n de 4 kW y una definici\u00f3n de eco clara en todos los rangos y es una buena opci\u00f3n para embarcaciones con espacio limitado. Caracter\u00edsticas clave    Compacto:\u00a0El radar domo aerodin\u00e1mico de 18&quot; y 4 kW se puede montar f\u00e1cilmente en un arco de radar o en un m\u00e1stil.  Resoluci\u00f3n de color real de 8 bits para una presentaci\u00f3n clara en la pantalla de su trazador gr\u00e1fico.  Potencia de transmisi\u00f3n:\u00a04kW  Rango m\u00e1ximo:\u00a036 nm  Rango m\u00ednimo:\u00a065,6&#039; (20 m)  Ancho de haz horizontal:\u00a05.2\u00b0  Velocidad de rotaci\u00f3n:\u00a024 rpm  Consumo de energ\u00eda:\u00a03W en espera; 18,1-24,4W de transmisi\u00f3n  Voltaje:\u00a011-35 V CC  Dimensiones:\u00a020&quot; de di\u00e1metro x 9 7\/8&quot; de alto  Clasificaci\u00f3n de impermeabilidad: IPX7\" \/>\n<meta property=\"og:url\" content=\"https:\/\/tecplan.com.es\/en\/product\/radar-domo-compacto-y-aerodinamico-gmr-18-hd\/\" \/>\n<meta property=\"og:site_name\" content=\"Tecplan\" \/>\n<meta property=\"article:modified_time\" content=\"2026-01-02T22:20:06+00:00\" \/>\n<meta property=\"og:image\" content=\"https:\/\/tecplan.com.es\/wp-content\/uploads\/2025\/07\/cf-lg.png.webp\" \/>\n\t<meta property=\"og:image:width\" content=\"500\" \/>\n\t<meta property=\"og:image:height\" content=\"500\" \/>\n\t<meta property=\"og:image:type\" content=\"image\/webp\" \/>\n<meta name=\"twitter:card\" content=\"summary_large_image\" \/>\n<meta name=\"twitter:label1\" content=\"Est. reading time\" \/>\n\t<meta name=\"twitter:data1\" content=\"2 minutes\" \/>\n<script type=\"application\/ld+json\" class=\"yoast-schema-graph\">{\"@context\":\"https:\/\/schema.org\",\"@graph\":[{\"@type\":\"WebPage\",\"@id\":\"https:\/\/tecplan.com.es\/product\/radar-domo-compacto-y-aerodinamico-gmr-18-hd\/\",\"url\":\"https:\/\/tecplan.com.es\/product\/radar-domo-compacto-y-aerodinamico-gmr-18-hd\/\",\"name\":\"Radar domo aerodin\u00e1mico GMR\u2122 18 HD+ - Tecplan\",\"isPartOf\":{\"@id\":\"https:\/\/tecplan.com.es\/#website\"},\"primaryImageOfPage\":{\"@id\":\"https:\/\/tecplan.com.es\/product\/radar-domo-compacto-y-aerodinamico-gmr-18-hd\/#primaryimage\"},\"image\":{\"@id\":\"https:\/\/tecplan.com.es\/product\/radar-domo-compacto-y-aerodinamico-gmr-18-hd\/#primaryimage\"},\"thumbnailUrl\":\"https:\/\/tecplan.com.es\/wp-content\/uploads\/2025\/07\/cf-lg.png.webp\",\"datePublished\":\"2025-07-07T22:18:07+00:00\",\"dateModified\":\"2026-01-02T22:20:06+00:00\",\"breadcrumb\":{\"@id\":\"https:\/\/tecplan.com.es\/product\/radar-domo-compacto-y-aerodinamico-gmr-18-hd\/#breadcrumb\"},\"inLanguage\":\"en-US\",\"potentialAction\":[{\"@type\":\"ReadAction\",\"target\":[\"https:\/\/tecplan.com.es\/product\/radar-domo-compacto-y-aerodinamico-gmr-18-hd\/\"]}]},{\"@type\":\"ImageObject\",\"inLanguage\":\"en-US\",\"@id\":\"https:\/\/tecplan.com.es\/product\/radar-domo-compacto-y-aerodinamico-gmr-18-hd\/#primaryimage\",\"url\":\"https:\/\/tecplan.com.es\/wp-content\/uploads\/2025\/07\/cf-lg.png.webp\",\"contentUrl\":\"https:\/\/tecplan.com.es\/wp-content\/uploads\/2025\/07\/cf-lg.png.webp\",\"width\":500,\"height\":500},{\"@type\":\"BreadcrumbList\",\"@id\":\"https:\/\/tecplan.com.es\/product\/radar-domo-compacto-y-aerodinamico-gmr-18-hd\/#breadcrumb\",\"itemListElement\":[{\"@type\":\"ListItem\",\"position\":1,\"name\":\"Home\",\"item\":\"https:\/\/tecplan.com.es\/\"},{\"@type\":\"ListItem\",\"position\":2,\"name\":\"Shop\",\"item\":\"https:\/\/tecplan.com.es\/shop\/\"},{\"@type\":\"ListItem\",\"position\":3,\"name\":\"Radar domo aerodin\u00e1mico GMR\u2122 18 HD+\"}]},{\"@type\":\"WebSite\",\"@id\":\"https:\/\/tecplan.com.es\/#website\",\"url\":\"https:\/\/tecplan.com.es\/\",\"name\":\"Tecplan\",\"description\":\"\",\"potentialAction\":[{\"@type\":\"SearchAction\",\"target\":{\"@type\":\"EntryPoint\",\"urlTemplate\":\"https:\/\/tecplan.com.es\/?s={search_term_string}\"},\"query-input\":{\"@type\":\"PropertyValueSpecification\",\"valueRequired\":true,\"valueName\":\"search_term_string\"}}],\"inLanguage\":\"en-US\"}]}<\/script>\n<!-- \/ Yoast SEO plugin. -->","yoast_head_json":{"title":"Radar domo aerodin\u00e1mico GMR\u2122 18 HD+ - Tecplan","robots":{"index":"index","follow":"follow","max-snippet":"max-snippet:-1","max-image-preview":"max-image-preview:large","max-video-preview":"max-video-preview:-1"},"canonical":"https:\/\/tecplan.com.es\/en\/product\/radar-domo-compacto-y-aerodinamico-gmr-18-hd\/","og_locale":"en_US","og_type":"article","og_title":"Radar domo aerodin\u00e1mico GMR\u2122 18 HD+ - Tecplan","og_description":"El radar domo compacto y aerodin\u00e1mico ofrece una potencia de transmisi\u00f3n de 4 kW y una definici\u00f3n de eco clara en todos los rangos y es una buena opci\u00f3n para embarcaciones con espacio limitado. Caracter\u00edsticas clave    Compacto:\u00a0El radar domo aerodin\u00e1mico de 18\" y 4 kW se puede montar f\u00e1cilmente en un arco de radar o en un m\u00e1stil.  Resoluci\u00f3n de color real de 8 bits para una presentaci\u00f3n clara en la pantalla de su trazador gr\u00e1fico.  Potencia de transmisi\u00f3n:\u00a04kW  Rango m\u00e1ximo:\u00a036 nm  Rango m\u00ednimo:\u00a065,6' (20 m)  Ancho de haz horizontal:\u00a05.2\u00b0  Velocidad de rotaci\u00f3n:\u00a024 rpm  Consumo de energ\u00eda:\u00a03W en espera; 18,1-24,4W de transmisi\u00f3n  Voltaje:\u00a011-35 V CC  Dimensiones:\u00a020\" de di\u00e1metro x 9 7\/8\" de alto  Clasificaci\u00f3n de impermeabilidad: IPX7","og_url":"https:\/\/tecplan.com.es\/en\/product\/radar-domo-compacto-y-aerodinamico-gmr-18-hd\/","og_site_name":"Tecplan","article_modified_time":"2026-01-02T22:20:06+00:00","og_image":[{"width":500,"height":500,"url":"https:\/\/tecplan.com.es\/wp-content\/uploads\/2025\/07\/cf-lg.png.webp","type":"image\/webp"}],"twitter_card":"summary_large_image","twitter_misc":{"Est. reading time":"2 minutes"},"schema":{"@context":"https:\/\/schema.org","@graph":[{"@type":"WebPage","@id":"https:\/\/tecplan.com.es\/product\/radar-domo-compacto-y-aerodinamico-gmr-18-hd\/","url":"https:\/\/tecplan.com.es\/product\/radar-domo-compacto-y-aerodinamico-gmr-18-hd\/","name":"Radar domo aerodin\u00e1mico GMR\u2122 18 HD+ - Tecplan","isPartOf":{"@id":"https:\/\/tecplan.com.es\/#website"},"primaryImageOfPage":{"@id":"https:\/\/tecplan.com.es\/product\/radar-domo-compacto-y-aerodinamico-gmr-18-hd\/#primaryimage"},"image":{"@id":"https:\/\/tecplan.com.es\/product\/radar-domo-compacto-y-aerodinamico-gmr-18-hd\/#primaryimage"},"thumbnailUrl":"https:\/\/tecplan.com.es\/wp-content\/uploads\/2025\/07\/cf-lg.png.webp","datePublished":"2025-07-07T22:18:07+00:00","dateModified":"2026-01-02T22:20:06+00:00","breadcrumb":{"@id":"https:\/\/tecplan.com.es\/product\/radar-domo-compacto-y-aerodinamico-gmr-18-hd\/#breadcrumb"},"inLanguage":"en-US","potentialAction":[{"@type":"ReadAction","target":["https:\/\/tecplan.com.es\/product\/radar-domo-compacto-y-aerodinamico-gmr-18-hd\/"]}]},{"@type":"ImageObject","inLanguage":"en-US","@id":"https:\/\/tecplan.com.es\/product\/radar-domo-compacto-y-aerodinamico-gmr-18-hd\/#primaryimage","url":"https:\/\/tecplan.com.es\/wp-content\/uploads\/2025\/07\/cf-lg.png.webp","contentUrl":"https:\/\/tecplan.com.es\/wp-content\/uploads\/2025\/07\/cf-lg.png.webp","width":500,"height":500},{"@type":"BreadcrumbList","@id":"https:\/\/tecplan.com.es\/product\/radar-domo-compacto-y-aerodinamico-gmr-18-hd\/#breadcrumb","itemListElement":[{"@type":"ListItem","position":1,"name":"Home","item":"https:\/\/tecplan.com.es\/"},{"@type":"ListItem","position":2,"name":"Shop","item":"https:\/\/tecplan.com.es\/shop\/"},{"@type":"ListItem","position":3,"name":"Radar domo aerodin\u00e1mico GMR\u2122 18 HD+"}]},{"@type":"WebSite","@id":"https:\/\/tecplan.com.es\/#website","url":"https:\/\/tecplan.com.es\/","name":"Tecplan","description":"","potentialAction":[{"@type":"SearchAction","target":{"@type":"EntryPoint","urlTemplate":"https:\/\/tecplan.com.es\/?s={search_term_string}"},"query-input":{"@type":"PropertyValueSpecification","valueRequired":true,"valueName":"search_term_string"}}],"inLanguage":"en-US"}]}},"_links":{"self":[{"href":"https:\/\/tecplan.com.es\/en\/wp-json\/wp\/v2\/product\/2143","targetHints":{"allow":["GET"]}}],"collection":[{"href":"https:\/\/tecplan.com.es\/en\/wp-json\/wp\/v2\/product"}],"about":[{"href":"https:\/\/tecplan.com.es\/en\/wp-json\/wp\/v2\/types\/product"}],"replies":[{"embeddable":true,"href":"https:\/\/tecplan.com.es\/en\/wp-json\/wp\/v2\/comments?post=2143"}],"version-history":[{"count":4,"href":"https:\/\/tecplan.com.es\/en\/wp-json\/wp\/v2\/product\/2143\/revisions"}],"predecessor-version":[{"id":2150,"href":"https:\/\/tecplan.com.es\/en\/wp-json\/wp\/v2\/product\/2143\/revisions\/2150"}],"wp:featuredmedia":[{"embeddable":true,"href":"https:\/\/tecplan.com.es\/en\/wp-json\/wp\/v2\/media\/2144"}],"wp:attachment":[{"href":"https:\/\/tecplan.com.es\/en\/wp-json\/wp\/v2\/media?parent=2143"}],"wp:term":[{"taxonomy":"product_brand","embeddable":true,"href":"https:\/\/tecplan.com.es\/en\/wp-json\/wp\/v2\/product_brand?post=2143"},{"taxonomy":"product_cat","embeddable":true,"href":"https:\/\/tecplan.com.es\/en\/wp-json\/wp\/v2\/product_cat?post=2143"},{"taxonomy":"product_tag","embeddable":true,"href":"https:\/\/tecplan.com.es\/en\/wp-json\/wp\/v2\/product_tag?post=2143"}],"curies":[{"name":"wp","href":"https:\/\/api.w.org\/{rel}","templated":true}]}}