{"id":2114,"date":"2025-07-07T20:05:39","date_gmt":"2025-07-07T20:05:39","guid":{"rendered":"https:\/\/tecplan.com.es\/?post_type=product&#038;p=2114"},"modified":"2025-07-21T17:56:39","modified_gmt":"2025-07-21T17:56:39","slug":"dispositivo-portatil-marino-gpsmap-86sci","status":"publish","type":"product","link":"https:\/\/tecplan.com.es\/en\/product\/dispositivo-portatil-marino-gpsmap-86sci\/","title":{"rendered":"Dispositivo port\u00e1til marino GPSMAP\u00ae 86sci"},"content":{"rendered":"<h5 style=\"text-align: justify;\">GPS PORT\u00c1TIL MARINO DE PRIMERA CALIDAD<\/h5>\n<div class=\"app__overview__intro__description\" style=\"text-align: justify;\">\n<p style=\"text-align: justify;\">Mant\u00e9ngase en el buen camino con el dispositivo port\u00e1til GPSMAP 86sci. Proporciona todas las funciones al aire libre y comunicaciones globales de la serie GPSMAP\u00ae 66 y agrega funciones en el agua \u2014, incluidos gr\u00e1ficos BlueChart g3 y conectividad inal\u00e1mbrica a su sistema marino a bordo.<\/p>\n<\/div>\n<h6 style=\"text-align: justify;\">Datos de la embarcaci\u00f3n:<\/h6>\n<p class=\"app__feature__card__description app__feature__card__description--left\" style=\"text-align: justify;\">Sincron\u00edzalo con plotters Garmin e instrumentos compatibles para ver los datos de la embarcaci\u00f3n en tiempo real directamente en el dispositivo de mano.<\/p>\n<h6 style=\"text-align: justify;\"><strong>Audio de fusi\u00f3n-link<\/strong><\/h6>\n<p class=\"app__feature__card__description app__feature__card__description--left\" style=\"text-align: justify;\">Aprovecha un c\u00f3modo funcionamiento a distancia de determinados productos n\u00e1uticos de Fusion a bordo.<\/p>\n<h5 style=\"text-align: justify;\">Seguimiento preciso<\/h5>\n<p class=\"app__feature__card__description app__feature__card__description--left\" style=\"text-align: justify;\">Cuando est\u00e9s desplaz\u00e1ndote, el filtro GPS ajustable reduce los errores de velocidad y rumbo en caso de oleaje para conseguir un seguimiento m\u00e1s preciso.<\/p>\n<h5 style=\"text-align: justify;\">Cobertura BLUECHART<\/h5>\n<p class=\"app__feature__card__description app__feature__card__description--left\" style=\"text-align: justify;\"><a href=\"https:\/\/www.garmin.com\/es-CL\/MarineChart-MapPurchase\/\">BlueChart g3<\/a>\u00a0A\u00f1ade cartas n\u00e1uticas opcionales, que ofrecen una cobertura, una claridad y un nivel de detalle l\u00edderes en el sector con datos de Garmin y Navionics integrados.<\/p>\n<h5 style=\"text-align: justify;\">Mando a distancia del piloto autom\u00e1tico<\/h5>\n<p class=\"app__feature__card__description app__feature__card__description--left\" style=\"text-align: justify;\">Aunque no est\u00e9s en el puente de mando, podr\u00e1s controlar la embarcaci\u00f3n. Accede a la aplicaci\u00f3n de piloto autom\u00e1tico para cambiar el rumbo, habilitar el patr\u00f3n de navegaci\u00f3n y seguir una ruta con GPS.<\/p>\n<h5 style=\"text-align: justify;\">Navegaci\u00f3n secundaria<\/h5>\n<p class=\"app__feature__card__description app__feature__card__description--left\" style=\"text-align: justify;\">Tanto si vas a pasar el d\u00eda pescando como en una embarcaci\u00f3n a vela o a motor, tendr\u00e1s la tranquilidad de llevar contigo un navegador de reserva.<\/p>\n<h5 style=\"text-align: justify;\">Sensores ABC<\/h5>\n<p class=\"app__feature__card__description app__feature__card__description--left\" style=\"text-align: justify;\">Utiliza los sensores ABC en cada recorrido; incluyen un alt\u00edmetro para obtener datos de altura, un bar\u00f3metro para supervisar los cambios meteorol\u00f3gicos y una br\u00fajula electr\u00f3nica de tres ejes.<\/p>\n<h5 style=\"text-align: justify;\">Two-way messaging<\/h5>\n<p class=\"app__feature__card__description app__feature__card__description--left\" style=\"text-align: justify;\">La red por sat\u00e9lite Iridium<sup>\u00ae<\/sup><sup>1<\/sup>\u00a0te permite enviar y recibir mensajes de texto o correos electr\u00f3nicos tanto predeterminados como personalizados y obtener confirmaci\u00f3n de entrega.<\/p>\n<h5 style=\"text-align: justify;\">Seguimiento de ruta<\/h5>\n<p class=\"app__feature__card__description app__feature__card__description--left\" style=\"text-align: justify;\">Comparte tus aventuras con la p\u00e1gina de uso compartido de viajes de MapShare<sup>\u2122<\/sup>\u00a0basada en web, de forma que tus seres queridos puedan seguir tu progreso o buscar la ubicaci\u00f3n GPS de tu dispositivo.<\/p>\n<h5 style=\"text-align: justify;\">SOS interactivo<\/h5>\n<p class=\"app__feature__card__description app__feature__card__description--left\" style=\"text-align: justify;\">En caso de emergencia, activa un mensaje SOS interactivo al IERCC de Garmin, un centro de coordinaci\u00f3n de rescates de emergencia profesional con personal disponible las 24\u00a0horas mediante la red de sat\u00e9lites Iridium con cobertura global total.<\/p>\n<h5 style=\"text-align: justify;\">Meteorolog\u00eda n\u00e1utica<\/h5>\n<p class=\"app__feature__card__description app__feature__card__description--left\" style=\"text-align: justify;\">Recibe previsiones meteorol\u00f3gicas directamente en tu dispositivo, para que puedas tomar decisiones informadas seg\u00fan las condiciones locales o del destino.<\/p>\n<p><!--more--><\/p>\n<h5 style=\"text-align: justify;\"><span style=\"text-decoration: underline;\"><strong>DOWNLOADS<\/strong><\/span><\/h5>\n<ul style=\"text-align: justify;\">\n<li style=\"list-style-type: none;\">\n<ul style=\"text-align: justify;\">\n<li><a href=\"https:\/\/drive.google.com\/file\/d\/1r69icLwcRHmGKvvllZbI52nj6b5Vxk-s\/view?usp=sharing\">\u2192 Technical specifications\u00a0<\/a><\/li>\n<\/ul>\n<\/li>\n<\/ul>","protected":false},"excerpt":{"rendered":"<p style=\"text-align: justify;\">Mant\u00e9n el rumbo con el dispositivo de mano GPSMAP 86sci. Proporciona todas las funciones de exteriores y comunicaciones globales de la serie GPSMAP.<\/p>\n<div class=\"app__feature__card\" style=\"text-align: justify;\" data-translate=\"\">\n<p class=\"app__feature__card__description app__feature__card__description--left\"><img decoding=\"async\" class=\"alignleft\" src=\"https:\/\/res.garmin.com\/gdc\/Product_Pages\/ICONS\/float.svg\" \/>Es\u00a0<a href=\"https:\/\/www.garmin.com\/en-US\/legal\/waterrating-definitions\/\">resistente al agua<\/a>, y flota, por lo que se siente tan a gusto en el agua como t\u00fa.<\/p>\n<\/div>\n<div class=\"app__feature__card\" style=\"text-align: justify;\" data-translate=\"\">\n<p><img decoding=\"async\" class=\"app__feature__card__image alignleft\" src=\"https:\/\/res.garmin.com\/gdc\/Product_Pages\/ICONS\/Compare_Data.svg\" alt=\"\" \/><\/p>\n<p class=\"app__feature__card__description app__feature__card__description--left\">Vea\u00a0 informaci\u00f3n de su sistema marino con la transmisi\u00f3n de datos de la embarcaci\u00f3n.<\/p>\n<\/div>\n<div class=\"app__feature__card\" style=\"text-align: justify;\" data-translate=\"\">\n<p><img decoding=\"async\" class=\"app__feature__card__image alignleft\" src=\"https:\/\/res.garmin.com\/gdc\/Product_Pages\/ICONS\/SOS.svg\" alt=\"\" \/><\/p>\n<p class=\"app__feature__card__description app__feature__card__description--left\">Navega con tranquilidad. El SOS interactivo inReach.<\/p>\n<\/div>\n<div class=\"app__feature__card\" style=\"text-align: justify;\" data-translate=\"\">\n<p><img decoding=\"async\" class=\"app__feature__card__image alignleft\" src=\"https:\/\/res.garmin.com\/gdc\/Product_Pages\/ICONS\/Messaging.svg\" alt=\"\" \/><\/p>\n<p class=\"app__feature__card__description app__feature__card__description--left\">Env\u00ede y reciba mensajes de texto desde cualquier lugar<sup>2<\/sup>.<\/p>\n<\/div>\n<div class=\"app__feature__card\" style=\"text-align: justify;\" data-translate=\"\">\n<p><img decoding=\"async\" class=\"app__feature__card__image alignleft\" src=\"https:\/\/res.garmin.com\/gdc\/Product_Pages\/ICONS\/Preloaded-Charts_and_Maps.svg\" alt=\"\" \/><\/p>\n<p class=\"app__feature__card__description app__feature__card__description--left\">Obtenga lo mejor de Garmin y Navionics<sup>\u00ae<\/sup>\u00a0datos con cartas costeras BlueChart g3 precargadas.<\/p>\n<\/div>\n<div class=\"app__feature__card\" data-translate=\"\">\n<p style=\"text-align: justify;\"><img decoding=\"async\" class=\"app__feature__card__image alignleft\" src=\"https:\/\/res.garmin.com\/gdc\/Product_Pages\/ICONS\/Battery_Life.svg\" alt=\"\" \/><\/p>\n<p class=\"app__feature__card__description app__feature__card__description--left\" style=\"text-align: justify;\">Mant\u00e9ngase fuera por m\u00e1s tiempo con hasta 35 horas de duraci\u00f3n de bater\u00eda .<\/p>\n<p><img decoding=\"async\" class=\"wp-image-2118 aligncenter\" src=\"https:\/\/tecplan.com.es\/wp-content\/uploads\/2025\/07\/garmin-2-logo-300x225.png\" alt=\"\" width=\"215\" height=\"161\" \/><\/p>\n<\/div>","protected":false},"featured_media":2115,"comment_status":"open","ping_status":"closed","template":"","meta":{"site-sidebar-layout":"default","site-content-layout":"","ast-site-content-layout":"default","site-content-style":"default","site-sidebar-style":"default","ast-global-header-display":"","ast-banner-title-visibility":"","ast-main-header-display":"","ast-hfb-above-header-display":"","ast-hfb-below-header-display":"","ast-hfb-mobile-header-display":"","site-post-title":"","ast-breadcrumbs-content":"","ast-featured-img":"","footer-sml-layout":"","ast-disable-related-posts":"","theme-transparent-header-meta":"default","adv-header-id-meta":"","stick-header-meta":"","header-above-stick-meta":"","header-main-stick-meta":"","header-below-stick-meta":"","astra-migrate-meta-layouts":"set","ast-page-background-enabled":"default","ast-page-background-meta":{"desktop":{"background-color":"var(--ast-global-color-5)","background-image":"","background-repeat":"repeat","background-position":"center center","background-size":"auto","background-attachment":"scroll","background-type":"","background-media":"","overlay-type":"","overlay-color":"","overlay-opacity":"","overlay-gradient":""},"tablet":{"background-color":"","background-image":"","background-repeat":"repeat","background-position":"center center","background-size":"auto","background-attachment":"scroll","background-type":"","background-media":"","overlay-type":"","overlay-color":"","overlay-opacity":"","overlay-gradient":""},"mobile":{"background-color":"","background-image":"","background-repeat":"repeat","background-position":"center center","background-size":"auto","background-attachment":"scroll","background-type":"","background-media":"","overlay-type":"","overlay-color":"","overlay-opacity":"","overlay-gradient":""}},"ast-content-background-meta":{"desktop":{"background-color":"var(--ast-global-color-4)","background-image":"","background-repeat":"repeat","background-position":"center center","background-size":"auto","background-attachment":"scroll","background-type":"","background-media":"","overlay-type":"","overlay-color":"","overlay-opacity":"","overlay-gradient":""},"tablet":{"background-color":"var(--ast-global-color-4)","background-image":"","background-repeat":"repeat","background-position":"center center","background-size":"auto","background-attachment":"scroll","background-type":"","background-media":"","overlay-type":"","overlay-color":"","overlay-opacity":"","overlay-gradient":""},"mobile":{"background-color":"var(--ast-global-color-4)","background-image":"","background-repeat":"repeat","background-position":"center center","background-size":"auto","background-attachment":"scroll","background-type":"","background-media":"","overlay-type":"","overlay-color":"","overlay-opacity":"","overlay-gradient":""}}},"product_brand":[241],"product_cat":[53,56],"product_tag":[198],"class_list":{"0":"post-2114","1":"product","2":"type-product","3":"status-publish","4":"has-post-thumbnail","6":"product_brand-garmin","7":"product_cat-garmin","8":"product_cat-gps-portatil","9":"product_tag-garmin","10":"desktop-align-left","11":"tablet-align-left","12":"mobile-align-left","14":"first","15":"instock","16":"shipping-taxable","17":"product-type-simple"},"yoast_head":"<!-- This site is optimized with the Yoast SEO plugin v25.3 - https:\/\/yoast.com\/wordpress\/plugins\/seo\/ -->\n<title>Dispositivo port\u00e1til marino GPSMAP\u00ae 86sci - Tecplan<\/title>\n<meta name=\"robots\" content=\"index, follow, max-snippet:-1, max-image-preview:large, max-video-preview:-1\" \/>\n<link rel=\"canonical\" href=\"https:\/\/tecplan.com.es\/en\/product\/dispositivo-portatil-marino-gpsmap-86sci\/\" \/>\n<meta property=\"og:locale\" content=\"en_US\" \/>\n<meta property=\"og:type\" content=\"article\" \/>\n<meta property=\"og:title\" content=\"Dispositivo port\u00e1til marino GPSMAP\u00ae 86sci - Tecplan\" \/>\n<meta property=\"og:description\" content=\"Mant\u00e9n el rumbo con el dispositivo de mano GPSMAP 86sci. Proporciona todas las funciones de exteriores y comunicaciones globales de la serie GPSMAP.   Es\u00a0resistente al agua, y flota, por lo que se siente tan a gusto en el agua como t\u00fa.      Vea\u00a0 informaci\u00f3n de su sistema marino con la transmisi\u00f3n de datos de la embarcaci\u00f3n.      Navega con tranquilidad. El SOS interactivo inReach.      Env\u00ede y reciba mensajes de texto desde cualquier lugar2.      Obtenga lo mejor de Garmin y Navionics\u00ae\u00a0datos con cartas costeras BlueChart g3 precargadas.     Mant\u00e9ngase fuera por m\u00e1s tiempo con hasta 35 horas de duraci\u00f3n de bater\u00eda .\" \/>\n<meta property=\"og:url\" content=\"https:\/\/tecplan.com.es\/en\/product\/dispositivo-portatil-marino-gpsmap-86sci\/\" \/>\n<meta property=\"og:site_name\" content=\"Tecplan\" \/>\n<meta property=\"article:modified_time\" content=\"2025-07-21T17:56:39+00:00\" \/>\n<meta property=\"og:image\" content=\"https:\/\/tecplan.com.es\/wp-content\/uploads\/2025\/07\/cf-lg-688ee784-cce8-4266-b428-3f0c43abc2bd.png.webp\" \/>\n\t<meta property=\"og:image:width\" content=\"500\" \/>\n\t<meta property=\"og:image:height\" content=\"500\" \/>\n\t<meta property=\"og:image:type\" content=\"image\/webp\" \/>\n<meta name=\"twitter:card\" content=\"summary_large_image\" \/>\n<meta name=\"twitter:label1\" content=\"Est. reading time\" \/>\n\t<meta name=\"twitter:data1\" content=\"2 minutes\" \/>\n<script type=\"application\/ld+json\" class=\"yoast-schema-graph\">{\"@context\":\"https:\/\/schema.org\",\"@graph\":[{\"@type\":\"WebPage\",\"@id\":\"https:\/\/tecplan.com.es\/product\/dispositivo-portatil-marino-gpsmap-86sci\/\",\"url\":\"https:\/\/tecplan.com.es\/product\/dispositivo-portatil-marino-gpsmap-86sci\/\",\"name\":\"Dispositivo port\u00e1til marino GPSMAP\u00ae 86sci - Tecplan\",\"isPartOf\":{\"@id\":\"https:\/\/tecplan.com.es\/#website\"},\"primaryImageOfPage\":{\"@id\":\"https:\/\/tecplan.com.es\/product\/dispositivo-portatil-marino-gpsmap-86sci\/#primaryimage\"},\"image\":{\"@id\":\"https:\/\/tecplan.com.es\/product\/dispositivo-portatil-marino-gpsmap-86sci\/#primaryimage\"},\"thumbnailUrl\":\"https:\/\/tecplan.com.es\/wp-content\/uploads\/2025\/07\/cf-lg-688ee784-cce8-4266-b428-3f0c43abc2bd.png.webp\",\"datePublished\":\"2025-07-07T20:05:39+00:00\",\"dateModified\":\"2025-07-21T17:56:39+00:00\",\"breadcrumb\":{\"@id\":\"https:\/\/tecplan.com.es\/product\/dispositivo-portatil-marino-gpsmap-86sci\/#breadcrumb\"},\"inLanguage\":\"en-US\",\"potentialAction\":[{\"@type\":\"ReadAction\",\"target\":[\"https:\/\/tecplan.com.es\/product\/dispositivo-portatil-marino-gpsmap-86sci\/\"]}]},{\"@type\":\"ImageObject\",\"inLanguage\":\"en-US\",\"@id\":\"https:\/\/tecplan.com.es\/product\/dispositivo-portatil-marino-gpsmap-86sci\/#primaryimage\",\"url\":\"https:\/\/tecplan.com.es\/wp-content\/uploads\/2025\/07\/cf-lg-688ee784-cce8-4266-b428-3f0c43abc2bd.png.webp\",\"contentUrl\":\"https:\/\/tecplan.com.es\/wp-content\/uploads\/2025\/07\/cf-lg-688ee784-cce8-4266-b428-3f0c43abc2bd.png.webp\",\"width\":500,\"height\":500},{\"@type\":\"BreadcrumbList\",\"@id\":\"https:\/\/tecplan.com.es\/product\/dispositivo-portatil-marino-gpsmap-86sci\/#breadcrumb\",\"itemListElement\":[{\"@type\":\"ListItem\",\"position\":1,\"name\":\"Home\",\"item\":\"https:\/\/tecplan.com.es\/\"},{\"@type\":\"ListItem\",\"position\":2,\"name\":\"Shop\",\"item\":\"https:\/\/tecplan.com.es\/shop\/\"},{\"@type\":\"ListItem\",\"position\":3,\"name\":\"Dispositivo port\u00e1til marino GPSMAP\u00ae 86sci\"}]},{\"@type\":\"WebSite\",\"@id\":\"https:\/\/tecplan.com.es\/#website\",\"url\":\"https:\/\/tecplan.com.es\/\",\"name\":\"Tecplan\",\"description\":\"\",\"potentialAction\":[{\"@type\":\"SearchAction\",\"target\":{\"@type\":\"EntryPoint\",\"urlTemplate\":\"https:\/\/tecplan.com.es\/?s={search_term_string}\"},\"query-input\":{\"@type\":\"PropertyValueSpecification\",\"valueRequired\":true,\"valueName\":\"search_term_string\"}}],\"inLanguage\":\"en-US\"}]}<\/script>\n<!-- \/ Yoast SEO plugin. -->","yoast_head_json":{"title":"Dispositivo port\u00e1til marino GPSMAP\u00ae 86sci - Tecplan","robots":{"index":"index","follow":"follow","max-snippet":"max-snippet:-1","max-image-preview":"max-image-preview:large","max-video-preview":"max-video-preview:-1"},"canonical":"https:\/\/tecplan.com.es\/en\/product\/dispositivo-portatil-marino-gpsmap-86sci\/","og_locale":"en_US","og_type":"article","og_title":"Dispositivo port\u00e1til marino GPSMAP\u00ae 86sci - Tecplan","og_description":"Mant\u00e9n el rumbo con el dispositivo de mano GPSMAP 86sci. Proporciona todas las funciones de exteriores y comunicaciones globales de la serie GPSMAP.   Es\u00a0resistente al agua, y flota, por lo que se siente tan a gusto en el agua como t\u00fa.      Vea\u00a0 informaci\u00f3n de su sistema marino con la transmisi\u00f3n de datos de la embarcaci\u00f3n.      Navega con tranquilidad. El SOS interactivo inReach.      Env\u00ede y reciba mensajes de texto desde cualquier lugar2.      Obtenga lo mejor de Garmin y Navionics\u00ae\u00a0datos con cartas costeras BlueChart g3 precargadas.     Mant\u00e9ngase fuera por m\u00e1s tiempo con hasta 35 horas de duraci\u00f3n de bater\u00eda .","og_url":"https:\/\/tecplan.com.es\/en\/product\/dispositivo-portatil-marino-gpsmap-86sci\/","og_site_name":"Tecplan","article_modified_time":"2025-07-21T17:56:39+00:00","og_image":[{"width":500,"height":500,"url":"https:\/\/tecplan.com.es\/wp-content\/uploads\/2025\/07\/cf-lg-688ee784-cce8-4266-b428-3f0c43abc2bd.png.webp","type":"image\/webp"}],"twitter_card":"summary_large_image","twitter_misc":{"Est. reading time":"2 minutes"},"schema":{"@context":"https:\/\/schema.org","@graph":[{"@type":"WebPage","@id":"https:\/\/tecplan.com.es\/product\/dispositivo-portatil-marino-gpsmap-86sci\/","url":"https:\/\/tecplan.com.es\/product\/dispositivo-portatil-marino-gpsmap-86sci\/","name":"Dispositivo port\u00e1til marino GPSMAP\u00ae 86sci - Tecplan","isPartOf":{"@id":"https:\/\/tecplan.com.es\/#website"},"primaryImageOfPage":{"@id":"https:\/\/tecplan.com.es\/product\/dispositivo-portatil-marino-gpsmap-86sci\/#primaryimage"},"image":{"@id":"https:\/\/tecplan.com.es\/product\/dispositivo-portatil-marino-gpsmap-86sci\/#primaryimage"},"thumbnailUrl":"https:\/\/tecplan.com.es\/wp-content\/uploads\/2025\/07\/cf-lg-688ee784-cce8-4266-b428-3f0c43abc2bd.png.webp","datePublished":"2025-07-07T20:05:39+00:00","dateModified":"2025-07-21T17:56:39+00:00","breadcrumb":{"@id":"https:\/\/tecplan.com.es\/product\/dispositivo-portatil-marino-gpsmap-86sci\/#breadcrumb"},"inLanguage":"en-US","potentialAction":[{"@type":"ReadAction","target":["https:\/\/tecplan.com.es\/product\/dispositivo-portatil-marino-gpsmap-86sci\/"]}]},{"@type":"ImageObject","inLanguage":"en-US","@id":"https:\/\/tecplan.com.es\/product\/dispositivo-portatil-marino-gpsmap-86sci\/#primaryimage","url":"https:\/\/tecplan.com.es\/wp-content\/uploads\/2025\/07\/cf-lg-688ee784-cce8-4266-b428-3f0c43abc2bd.png.webp","contentUrl":"https:\/\/tecplan.com.es\/wp-content\/uploads\/2025\/07\/cf-lg-688ee784-cce8-4266-b428-3f0c43abc2bd.png.webp","width":500,"height":500},{"@type":"BreadcrumbList","@id":"https:\/\/tecplan.com.es\/product\/dispositivo-portatil-marino-gpsmap-86sci\/#breadcrumb","itemListElement":[{"@type":"ListItem","position":1,"name":"Home","item":"https:\/\/tecplan.com.es\/"},{"@type":"ListItem","position":2,"name":"Shop","item":"https:\/\/tecplan.com.es\/shop\/"},{"@type":"ListItem","position":3,"name":"Dispositivo port\u00e1til marino GPSMAP\u00ae 86sci"}]},{"@type":"WebSite","@id":"https:\/\/tecplan.com.es\/#website","url":"https:\/\/tecplan.com.es\/","name":"Tecplan","description":"","potentialAction":[{"@type":"SearchAction","target":{"@type":"EntryPoint","urlTemplate":"https:\/\/tecplan.com.es\/?s={search_term_string}"},"query-input":{"@type":"PropertyValueSpecification","valueRequired":true,"valueName":"search_term_string"}}],"inLanguage":"en-US"}]}},"_links":{"self":[{"href":"https:\/\/tecplan.com.es\/en\/wp-json\/wp\/v2\/product\/2114","targetHints":{"allow":["GET"]}}],"collection":[{"href":"https:\/\/tecplan.com.es\/en\/wp-json\/wp\/v2\/product"}],"about":[{"href":"https:\/\/tecplan.com.es\/en\/wp-json\/wp\/v2\/types\/product"}],"replies":[{"embeddable":true,"href":"https:\/\/tecplan.com.es\/en\/wp-json\/wp\/v2\/comments?post=2114"}],"version-history":[{"count":5,"href":"https:\/\/tecplan.com.es\/en\/wp-json\/wp\/v2\/product\/2114\/revisions"}],"predecessor-version":[{"id":2269,"href":"https:\/\/tecplan.com.es\/en\/wp-json\/wp\/v2\/product\/2114\/revisions\/2269"}],"wp:featuredmedia":[{"embeddable":true,"href":"https:\/\/tecplan.com.es\/en\/wp-json\/wp\/v2\/media\/2115"}],"wp:attachment":[{"href":"https:\/\/tecplan.com.es\/en\/wp-json\/wp\/v2\/media?parent=2114"}],"wp:term":[{"taxonomy":"product_brand","embeddable":true,"href":"https:\/\/tecplan.com.es\/en\/wp-json\/wp\/v2\/product_brand?post=2114"},{"taxonomy":"product_cat","embeddable":true,"href":"https:\/\/tecplan.com.es\/en\/wp-json\/wp\/v2\/product_cat?post=2114"},{"taxonomy":"product_tag","embeddable":true,"href":"https:\/\/tecplan.com.es\/en\/wp-json\/wp\/v2\/product_tag?post=2114"}],"curies":[{"name":"wp","href":"https:\/\/api.w.org\/{rel}","templated":true}]}}