{"id":2102,"date":"2025-06-27T17:11:32","date_gmt":"2025-06-27T17:11:32","guid":{"rendered":"https:\/\/tecplan.com.es\/?post_type=product&#038;p=2102"},"modified":"2026-01-02T22:29:59","modified_gmt":"2026-01-02T22:29:59","slug":"switcher-matriz-hdmi-8x8-4k30hz-4k60hz-2","status":"publish","type":"product","link":"https:\/\/tecplan.com.es\/en\/product\/switcher-matriz-hdmi-8x8-4k30hz-4k60hz-2\/","title":{"rendered":"HDMI Matrix Switcher 8\u00d78 4K30Hz\/ 4K60Hz"},"content":{"rendered":"<h6 id=\"chatllm-title\" class=\"svelte-43tr6t\"><strong>Conmutador HDMI 4&#215;4 4K<\/strong><\/h6>\n<div class=\"chatllm-answer-list svelte-1ug6bbb\">\n<div id=\"chatllm-main-answer-content\" class=\"chatllm-content svelte-1nnast3\">\n<div class=\"llm-output svelte-1nnast3 desktop-large-regular llm-output-complete\">\n<p class=\"svelte-1sntxl4\"><span class=\"svelte-1sntxl4\">Un conmutador de matriz HDMI 4\u00d74 4K con RS232 y multivisor cu\u00e1druple es un\u00a0<\/span><span class=\"qa-highlight svelte-1sntxl4\"><span class=\"svelte-1sntxl4\">dispositivo que permite enrutar hasta 4 fuentes de entrada HDMI a 4 salidas HDMI<\/span><\/span><span class=\"svelte-1sntxl4\">, ofreciendo flexibilidad para mostrar contenido en m\u00faltiples pantallas. Este tipo de conmutador tambi\u00e9n incluye funciones adicionales como el multivisor cu\u00e1druple, que permite mostrar hasta 4 se\u00f1ales de video en una sola pantalla en modo de divisi\u00f3n.<\/span><\/p>\n<p class=\"svelte-1sntxl4\" style=\"text-align: justify;\"><span style=\"font-size: 16px;\">This product also supports Quad Multi-Viewer mode, which can be applied to engineering, security, media, and other scenarios.<\/span><\/p>\n<ul>\n<li>Each HDMI output can share the same input or select a separate input.<\/li>\n<li>It supports resolutions up to 3840\u00d72160@30Hz.<\/li>\n<li>Compatible con HDCP1.4.<\/li>\n<li>Each HDMI output supports Quad Multi-Viewer mode.<\/li>\n<li>It supports two different resolutions in Quad Multi-Viewer mode: 720P60Hz or 1080P60Hz.<\/li>\n<li>Supports PCM, Dolby AC3, DTS5.1 and DSD audio format.<\/li>\n<li>The matrix state can be memorized after power-off and automatically restored to the previous matrix state after the next power-up.<\/li>\n<li>Intelligent EDID management, making it compatible with most display devices.<\/li>\n<li>It supports 4 user-configurable preset connections.<\/li>\n<li>Matrix easy to control via IR receiver, front panel key and PC (via RS232 port).<\/li>\n<\/ul>\n<\/div>\n<\/div>\n<\/div>","protected":false},"excerpt":{"rendered":"<p style=\"text-align: justify;\">An HDMI Matrix can greatly simplify the management of audio and video devices. If you have multiple sources and display devices such as game consoles, streaming boxes, projectors, and monitors, our HDMI Matrix can help you combine your devices as desired.<\/p>\n<p style=\"text-align: justify;\">You can choose which output device to display which input device you want, and you can also display an input device on multiple output devices simultaneously, eliminating the hassle of disconnecting cables and switching devices, and greatly simplifying device management. You can switch input ports using the front panel buttons, IR signals, and the RS232 port.<\/p>\n<p><img decoding=\"async\" class=\"wp-image-2064 aligncenter\" src=\"https:\/\/tecplan.com.es\/wp-content\/uploads\/2025\/06\/testart-300x90.png\" alt=\"\" width=\"163\" height=\"49\" srcset=\"https:\/\/tecplan.com.es\/wp-content\/uploads\/2025\/06\/testart-300x90.png 300w, https:\/\/tecplan.com.es\/wp-content\/uploads\/2025\/06\/testart-768x230.png 768w, https:\/\/tecplan.com.es\/wp-content\/uploads\/2025\/06\/testart-18x5.png 18w, https:\/\/tecplan.com.es\/wp-content\/uploads\/2025\/06\/testart-600x180.png 600w, https:\/\/tecplan.com.es\/wp-content\/uploads\/2025\/06\/testart.png 1021w\" sizes=\"(max-width: 163px) 100vw, 163px\" \/><\/p>","protected":false},"featured_media":2104,"comment_status":"open","ping_status":"closed","template":"","meta":{"site-sidebar-layout":"default","site-content-layout":"","ast-site-content-layout":"default","site-content-style":"default","site-sidebar-style":"default","ast-global-header-display":"","ast-banner-title-visibility":"","ast-main-header-display":"","ast-hfb-above-header-display":"","ast-hfb-below-header-display":"","ast-hfb-mobile-header-display":"","site-post-title":"","ast-breadcrumbs-content":"","ast-featured-img":"","footer-sml-layout":"","ast-disable-related-posts":"","theme-transparent-header-meta":"default","adv-header-id-meta":"","stick-header-meta":"","header-above-stick-meta":"","header-main-stick-meta":"","header-below-stick-meta":"","astra-migrate-meta-layouts":"set","ast-page-background-enabled":"default","ast-page-background-meta":{"desktop":{"background-color":"var(--ast-global-color-5)","background-image":"","background-repeat":"repeat","background-position":"center center","background-size":"auto","background-attachment":"scroll","background-type":"","background-media":"","overlay-type":"","overlay-color":"","overlay-opacity":"","overlay-gradient":""},"tablet":{"background-color":"","background-image":"","background-repeat":"repeat","background-position":"center center","background-size":"auto","background-attachment":"scroll","background-type":"","background-media":"","overlay-type":"","overlay-color":"","overlay-opacity":"","overlay-gradient":""},"mobile":{"background-color":"","background-image":"","background-repeat":"repeat","background-position":"center center","background-size":"auto","background-attachment":"scroll","background-type":"","background-media":"","overlay-type":"","overlay-color":"","overlay-opacity":"","overlay-gradient":""}},"ast-content-background-meta":{"desktop":{"background-color":"var(--ast-global-color-4)","background-image":"","background-repeat":"repeat","background-position":"center center","background-size":"auto","background-attachment":"scroll","background-type":"","background-media":"","overlay-type":"","overlay-color":"","overlay-opacity":"","overlay-gradient":""},"tablet":{"background-color":"var(--ast-global-color-4)","background-image":"","background-repeat":"repeat","background-position":"center center","background-size":"auto","background-attachment":"scroll","background-type":"","background-media":"","overlay-type":"","overlay-color":"","overlay-opacity":"","overlay-gradient":""},"mobile":{"background-color":"var(--ast-global-color-4)","background-image":"","background-repeat":"repeat","background-position":"center center","background-size":"auto","background-attachment":"scroll","background-type":"","background-media":"","overlay-type":"","overlay-color":"","overlay-opacity":"","overlay-gradient":""}}},"product_brand":[240],"product_cat":[117,96,116],"product_tag":[215],"class_list":{"0":"post-2102","1":"product","2":"type-product","3":"status-publish","4":"has-post-thumbnail","6":"product_brand-tesmart","7":"product_cat-hub-hdmi","8":"product_cat-networking","9":"product_cat-tesmart","10":"product_tag-tesmart","11":"desktop-align-left","12":"tablet-align-left","13":"mobile-align-left","15":"first","16":"instock","17":"shipping-taxable","18":"product-type-simple"},"yoast_head":"<!-- This site is optimized with the Yoast SEO plugin v25.3 - https:\/\/yoast.com\/wordpress\/plugins\/seo\/ -->\n<title>Switcher Matriz HDMI 8\u00d78 4K30Hz\/ 4K60Hz - Tecplan<\/title>\n<meta name=\"robots\" content=\"index, follow, max-snippet:-1, max-image-preview:large, max-video-preview:-1\" \/>\n<link rel=\"canonical\" href=\"https:\/\/tecplan.com.es\/en\/product\/switcher-matriz-hdmi-8x8-4k30hz-4k60hz-2\/\" \/>\n<meta property=\"og:locale\" content=\"en_US\" \/>\n<meta property=\"og:type\" content=\"article\" \/>\n<meta property=\"og:title\" content=\"Switcher Matriz HDMI 8\u00d78 4K30Hz\/ 4K60Hz - Tecplan\" \/>\n<meta property=\"og:description\" content=\"HDMI Matrix puede facilitar enormemente la gesti\u00f3n de dispositivos de audio y v\u00eddeo.\u00a0Si tiene m\u00faltiples fuentes y dispositivos de visualizaci\u00f3n como consolas de juegos, cajas de transmisi\u00f3n, proyectores y monitores, nuestra Matriz HDMI puede ayudarlo a combinar sus dispositivos a voluntad. Puede elegir qu\u00e9 dispositivo de salida mostrar qu\u00e9 dispositivo de entrada desea, y tambi\u00e9n puede mostrar un dispositivo de entrada en m\u00faltiples dispositivos de salida al mismo tiempo, eliminando la molestia de desconectar cables y cambiar dispositivos, y simplificando enormemente la administraci\u00f3n de dispositivos.\u00a0Puede cambiar los puertos de entrada con los botones del panel frontal, las se\u00f1ales IR y el puerto RS232.\" \/>\n<meta property=\"og:url\" content=\"https:\/\/tecplan.com.es\/en\/product\/switcher-matriz-hdmi-8x8-4k30hz-4k60hz-2\/\" \/>\n<meta property=\"og:site_name\" content=\"Tecplan\" \/>\n<meta property=\"article:modified_time\" content=\"2026-01-02T22:29:59+00:00\" \/>\n<meta property=\"og:image\" content=\"https:\/\/tecplan.com.es\/wp-content\/uploads\/2025\/06\/tesmart-hdmi-matrix-4k-hdmi-matrix-switcher-4x4-30hz-quad-multi-viewer-hdcp1-4-tesmart-tesmart-ultra.png.webp\" \/>\n\t<meta property=\"og:image:width\" content=\"1000\" \/>\n\t<meta property=\"og:image:height\" content=\"1000\" \/>\n\t<meta property=\"og:image:type\" content=\"image\/webp\" \/>\n<meta name=\"twitter:card\" content=\"summary_large_image\" \/>\n<meta name=\"twitter:label1\" content=\"Est. reading time\" \/>\n\t<meta name=\"twitter:data1\" content=\"2 minutes\" \/>\n<script type=\"application\/ld+json\" class=\"yoast-schema-graph\">{\"@context\":\"https:\/\/schema.org\",\"@graph\":[{\"@type\":\"WebPage\",\"@id\":\"https:\/\/tecplan.com.es\/product\/switcher-matriz-hdmi-8x8-4k30hz-4k60hz-2\/\",\"url\":\"https:\/\/tecplan.com.es\/product\/switcher-matriz-hdmi-8x8-4k30hz-4k60hz-2\/\",\"name\":\"Switcher Matriz HDMI 8\u00d78 4K30Hz\/ 4K60Hz - Tecplan\",\"isPartOf\":{\"@id\":\"https:\/\/tecplan.com.es\/#website\"},\"primaryImageOfPage\":{\"@id\":\"https:\/\/tecplan.com.es\/product\/switcher-matriz-hdmi-8x8-4k30hz-4k60hz-2\/#primaryimage\"},\"image\":{\"@id\":\"https:\/\/tecplan.com.es\/product\/switcher-matriz-hdmi-8x8-4k30hz-4k60hz-2\/#primaryimage\"},\"thumbnailUrl\":\"https:\/\/tecplan.com.es\/wp-content\/uploads\/2025\/06\/tesmart-hdmi-matrix-4k-hdmi-matrix-switcher-4x4-30hz-quad-multi-viewer-hdcp1-4-tesmart-tesmart-ultra.png.webp\",\"datePublished\":\"2025-06-27T17:11:32+00:00\",\"dateModified\":\"2026-01-02T22:29:59+00:00\",\"breadcrumb\":{\"@id\":\"https:\/\/tecplan.com.es\/product\/switcher-matriz-hdmi-8x8-4k30hz-4k60hz-2\/#breadcrumb\"},\"inLanguage\":\"en-US\",\"potentialAction\":[{\"@type\":\"ReadAction\",\"target\":[\"https:\/\/tecplan.com.es\/product\/switcher-matriz-hdmi-8x8-4k30hz-4k60hz-2\/\"]}]},{\"@type\":\"ImageObject\",\"inLanguage\":\"en-US\",\"@id\":\"https:\/\/tecplan.com.es\/product\/switcher-matriz-hdmi-8x8-4k30hz-4k60hz-2\/#primaryimage\",\"url\":\"https:\/\/tecplan.com.es\/wp-content\/uploads\/2025\/06\/tesmart-hdmi-matrix-4k-hdmi-matrix-switcher-4x4-30hz-quad-multi-viewer-hdcp1-4-tesmart-tesmart-ultra.png.webp\",\"contentUrl\":\"https:\/\/tecplan.com.es\/wp-content\/uploads\/2025\/06\/tesmart-hdmi-matrix-4k-hdmi-matrix-switcher-4x4-30hz-quad-multi-viewer-hdcp1-4-tesmart-tesmart-ultra.png.webp\",\"width\":1000,\"height\":1000},{\"@type\":\"BreadcrumbList\",\"@id\":\"https:\/\/tecplan.com.es\/product\/switcher-matriz-hdmi-8x8-4k30hz-4k60hz-2\/#breadcrumb\",\"itemListElement\":[{\"@type\":\"ListItem\",\"position\":1,\"name\":\"Home\",\"item\":\"https:\/\/tecplan.com.es\/\"},{\"@type\":\"ListItem\",\"position\":2,\"name\":\"Shop\",\"item\":\"https:\/\/tecplan.com.es\/shop\/\"},{\"@type\":\"ListItem\",\"position\":3,\"name\":\"Switcher Matriz HDMI 8\u00d78 4K30Hz\/ 4K60Hz\"}]},{\"@type\":\"WebSite\",\"@id\":\"https:\/\/tecplan.com.es\/#website\",\"url\":\"https:\/\/tecplan.com.es\/\",\"name\":\"Tecplan\",\"description\":\"\",\"potentialAction\":[{\"@type\":\"SearchAction\",\"target\":{\"@type\":\"EntryPoint\",\"urlTemplate\":\"https:\/\/tecplan.com.es\/?s={search_term_string}\"},\"query-input\":{\"@type\":\"PropertyValueSpecification\",\"valueRequired\":true,\"valueName\":\"search_term_string\"}}],\"inLanguage\":\"en-US\"}]}<\/script>\n<!-- \/ Yoast SEO plugin. -->","yoast_head_json":{"title":"Switcher Matriz HDMI 8\u00d78 4K30Hz\/ 4K60Hz - Tecplan","robots":{"index":"index","follow":"follow","max-snippet":"max-snippet:-1","max-image-preview":"max-image-preview:large","max-video-preview":"max-video-preview:-1"},"canonical":"https:\/\/tecplan.com.es\/en\/product\/switcher-matriz-hdmi-8x8-4k30hz-4k60hz-2\/","og_locale":"en_US","og_type":"article","og_title":"Switcher Matriz HDMI 8\u00d78 4K30Hz\/ 4K60Hz - Tecplan","og_description":"HDMI Matrix puede facilitar enormemente la gesti\u00f3n de dispositivos de audio y v\u00eddeo.\u00a0Si tiene m\u00faltiples fuentes y dispositivos de visualizaci\u00f3n como consolas de juegos, cajas de transmisi\u00f3n, proyectores y monitores, nuestra Matriz HDMI puede ayudarlo a combinar sus dispositivos a voluntad. Puede elegir qu\u00e9 dispositivo de salida mostrar qu\u00e9 dispositivo de entrada desea, y tambi\u00e9n puede mostrar un dispositivo de entrada en m\u00faltiples dispositivos de salida al mismo tiempo, eliminando la molestia de desconectar cables y cambiar dispositivos, y simplificando enormemente la administraci\u00f3n de dispositivos.\u00a0Puede cambiar los puertos de entrada con los botones del panel frontal, las se\u00f1ales IR y el puerto RS232.","og_url":"https:\/\/tecplan.com.es\/en\/product\/switcher-matriz-hdmi-8x8-4k30hz-4k60hz-2\/","og_site_name":"Tecplan","article_modified_time":"2026-01-02T22:29:59+00:00","og_image":[{"width":1000,"height":1000,"url":"https:\/\/tecplan.com.es\/wp-content\/uploads\/2025\/06\/tesmart-hdmi-matrix-4k-hdmi-matrix-switcher-4x4-30hz-quad-multi-viewer-hdcp1-4-tesmart-tesmart-ultra.png.webp","type":"image\/webp"}],"twitter_card":"summary_large_image","twitter_misc":{"Est. reading time":"2 minutes"},"schema":{"@context":"https:\/\/schema.org","@graph":[{"@type":"WebPage","@id":"https:\/\/tecplan.com.es\/product\/switcher-matriz-hdmi-8x8-4k30hz-4k60hz-2\/","url":"https:\/\/tecplan.com.es\/product\/switcher-matriz-hdmi-8x8-4k30hz-4k60hz-2\/","name":"Switcher Matriz HDMI 8\u00d78 4K30Hz\/ 4K60Hz - Tecplan","isPartOf":{"@id":"https:\/\/tecplan.com.es\/#website"},"primaryImageOfPage":{"@id":"https:\/\/tecplan.com.es\/product\/switcher-matriz-hdmi-8x8-4k30hz-4k60hz-2\/#primaryimage"},"image":{"@id":"https:\/\/tecplan.com.es\/product\/switcher-matriz-hdmi-8x8-4k30hz-4k60hz-2\/#primaryimage"},"thumbnailUrl":"https:\/\/tecplan.com.es\/wp-content\/uploads\/2025\/06\/tesmart-hdmi-matrix-4k-hdmi-matrix-switcher-4x4-30hz-quad-multi-viewer-hdcp1-4-tesmart-tesmart-ultra.png.webp","datePublished":"2025-06-27T17:11:32+00:00","dateModified":"2026-01-02T22:29:59+00:00","breadcrumb":{"@id":"https:\/\/tecplan.com.es\/product\/switcher-matriz-hdmi-8x8-4k30hz-4k60hz-2\/#breadcrumb"},"inLanguage":"en-US","potentialAction":[{"@type":"ReadAction","target":["https:\/\/tecplan.com.es\/product\/switcher-matriz-hdmi-8x8-4k30hz-4k60hz-2\/"]}]},{"@type":"ImageObject","inLanguage":"en-US","@id":"https:\/\/tecplan.com.es\/product\/switcher-matriz-hdmi-8x8-4k30hz-4k60hz-2\/#primaryimage","url":"https:\/\/tecplan.com.es\/wp-content\/uploads\/2025\/06\/tesmart-hdmi-matrix-4k-hdmi-matrix-switcher-4x4-30hz-quad-multi-viewer-hdcp1-4-tesmart-tesmart-ultra.png.webp","contentUrl":"https:\/\/tecplan.com.es\/wp-content\/uploads\/2025\/06\/tesmart-hdmi-matrix-4k-hdmi-matrix-switcher-4x4-30hz-quad-multi-viewer-hdcp1-4-tesmart-tesmart-ultra.png.webp","width":1000,"height":1000},{"@type":"BreadcrumbList","@id":"https:\/\/tecplan.com.es\/product\/switcher-matriz-hdmi-8x8-4k30hz-4k60hz-2\/#breadcrumb","itemListElement":[{"@type":"ListItem","position":1,"name":"Home","item":"https:\/\/tecplan.com.es\/"},{"@type":"ListItem","position":2,"name":"Shop","item":"https:\/\/tecplan.com.es\/shop\/"},{"@type":"ListItem","position":3,"name":"Switcher Matriz HDMI 8\u00d78 4K30Hz\/ 4K60Hz"}]},{"@type":"WebSite","@id":"https:\/\/tecplan.com.es\/#website","url":"https:\/\/tecplan.com.es\/","name":"Tecplan","description":"","potentialAction":[{"@type":"SearchAction","target":{"@type":"EntryPoint","urlTemplate":"https:\/\/tecplan.com.es\/?s={search_term_string}"},"query-input":{"@type":"PropertyValueSpecification","valueRequired":true,"valueName":"search_term_string"}}],"inLanguage":"en-US"}]}},"_links":{"self":[{"href":"https:\/\/tecplan.com.es\/en\/wp-json\/wp\/v2\/product\/2102","targetHints":{"allow":["GET"]}}],"collection":[{"href":"https:\/\/tecplan.com.es\/en\/wp-json\/wp\/v2\/product"}],"about":[{"href":"https:\/\/tecplan.com.es\/en\/wp-json\/wp\/v2\/types\/product"}],"replies":[{"embeddable":true,"href":"https:\/\/tecplan.com.es\/en\/wp-json\/wp\/v2\/comments?post=2102"}],"version-history":[{"count":2,"href":"https:\/\/tecplan.com.es\/en\/wp-json\/wp\/v2\/product\/2102\/revisions"}],"predecessor-version":[{"id":2107,"href":"https:\/\/tecplan.com.es\/en\/wp-json\/wp\/v2\/product\/2102\/revisions\/2107"}],"wp:featuredmedia":[{"embeddable":true,"href":"https:\/\/tecplan.com.es\/en\/wp-json\/wp\/v2\/media\/2104"}],"wp:attachment":[{"href":"https:\/\/tecplan.com.es\/en\/wp-json\/wp\/v2\/media?parent=2102"}],"wp:term":[{"taxonomy":"product_brand","embeddable":true,"href":"https:\/\/tecplan.com.es\/en\/wp-json\/wp\/v2\/product_brand?post=2102"},{"taxonomy":"product_cat","embeddable":true,"href":"https:\/\/tecplan.com.es\/en\/wp-json\/wp\/v2\/product_cat?post=2102"},{"taxonomy":"product_tag","embeddable":true,"href":"https:\/\/tecplan.com.es\/en\/wp-json\/wp\/v2\/product_tag?post=2102"}],"curies":[{"name":"wp","href":"https:\/\/api.w.org\/{rel}","templated":true}]}}