{"id":2096,"date":"2025-06-27T16:40:56","date_gmt":"2025-06-27T16:40:56","guid":{"rendered":"https:\/\/tecplan.com.es\/?post_type=product&#038;p=2096"},"modified":"2026-01-02T22:31:38","modified_gmt":"2026-01-02T22:31:38","slug":"switcher-matriz-hdmi-8x8-4k30hz-4k60hz","status":"publish","type":"product","link":"https:\/\/tecplan.com.es\/en\/product\/switcher-matriz-hdmi-8x8-4k30hz-4k60hz\/","title":{"rendered":"HDMI Matrix Switcher 8\u00d78 4K30Hz\/ 4K60Hz"},"content":{"rendered":"<h5 class=\"product_title entry-title\"><strong>8x8 HDMI Matrix 4K30Hz\/4K60Hz Compatible with RS232\/LAN control<\/strong><\/h5>\n<p>Esta matriz HDMI de 8\u00d78 enruta 8 fuentes Ultra HD a ocho pantallas 4K Ultra HD con entradas HDMI.\u00a0Cada fuente se puede enrutar a cualquier pantalla, usando los botones del panel frontal o el control remoto por infrarrojos.<\/p>\n<p class=\"svelte-1sntxl4\" style=\"text-align: justify;\"><span class=\"svelte-1sntxl4\">An 8x8 HDMI matrix compatible with 4K30Hz and 4K60Hz and with RS232\/LAN control is a\u00a0<\/span><span class=\"qa-highlight svelte-1sntxl4\"><span class=\"svelte-1sntxl4\">Device that allows routing video and audio signals from up to 8 sources to 8 destinations<\/span><\/span><span class=\"svelte-1sntxl4\">offering support for 4K resolutions and technologies such as HDCP. <\/span>\u00a0<span class=\"svelte-1sntxl4\">This type of matrix is \u200b\u200bespecially useful in environments where it is necessary to handle multiple input and output devices, such as in videoconferencing systems, control rooms, or professional display installations.<\/span><\/p>\n<p class=\"svelte-1sntxl4\" style=\"text-align: justify;\"><span class=\"svelte-1sntxl4\">For example, the\u00a0<\/span><span class=\"qa-highlight svelte-1sntxl4\"><span class=\"svelte-1sntxl4\">TESmart HDMI Matrix 8\u00d78 4K Matrix Switcher<\/span><\/span><span class=\"svelte-1sntxl4\">\u00a0It supports 4K at 30Hz, 1080P 3D, HDCP and features IR remote control, RS232 and TCP\/IP control options.<\/span>\u00a0<span class=\"svelte-1sntxl4\">On the other hand, the J-Tech Digital 4k 2\u00d72 4K60Hz HDMI Video Wall Controller Multiviewer Seamless Switching Matrix supports 4K60Hz inputs and 4K30Hz outputs, and is compatible with HDMI, HDCP, RS-232, LAN, Downscale and Upscale.<\/span><\/p>\n<p style=\"text-align: justify;\">","protected":false},"excerpt":{"rendered":"<p style=\"text-align: justify;\">La matriz tambi\u00e9n se puede controlar a trav\u00e9s de RS-232, interfaz IP.\u00a0Con la gesti\u00f3n inteligente de EDID, h\u00e1galo compatible con la mayor\u00eda de los dispositivos fuente y receptor HDMI.<\/p>\n<ul>\n<li style=\"text-align: justify;\">M\u00e1x.\u00a0Resoluci\u00f3n de hasta 3840*2160@30Hz.<\/li>\n<li style=\"text-align: justify;\">Each HDMI output can share the same input or be independent.<\/li>\n<li style=\"text-align: justify;\">Supports PCM, Dolby AC3, DTS5.1, DTS7.1 and DSD audio format.<\/li>\n<li style=\"text-align: justify;\">Intelligent EDID management.<\/li>\n<li style=\"text-align: justify;\">The state of the array can be memorized after power-off.<\/li>\n<li style=\"text-align: justify;\">Matrix easily controlled by IR receiver.<\/li>\n<li style=\"text-align: justify;\">Easy to view the status of entries and exits in real time.<\/li>\n<li style=\"text-align: justify;\">It supports 8 user-preset connections.<\/li>\n<li style=\"text-align: justify;\">Admite fuentes y pantallas de enlace \u00fanico DVI-D con el uso de adaptadores HDMI a DVI<\/li>\n<li style=\"text-align: justify;\">Compatible con HDCP1.4.<\/li>\n<\/ul>\n<p><img decoding=\"async\" class=\"wp-image-2064 aligncenter\" src=\"https:\/\/tecplan.com.es\/wp-content\/uploads\/2025\/06\/testart-300x90.png\" alt=\"\" width=\"147\" height=\"44\" srcset=\"https:\/\/tecplan.com.es\/wp-content\/uploads\/2025\/06\/testart-300x90.png 300w, https:\/\/tecplan.com.es\/wp-content\/uploads\/2025\/06\/testart-768x230.png 768w, https:\/\/tecplan.com.es\/wp-content\/uploads\/2025\/06\/testart-18x5.png 18w, https:\/\/tecplan.com.es\/wp-content\/uploads\/2025\/06\/testart-600x180.png 600w, https:\/\/tecplan.com.es\/wp-content\/uploads\/2025\/06\/testart.png 1021w\" sizes=\"(max-width: 147px) 100vw, 147px\" \/><\/p>","protected":false},"featured_media":2098,"comment_status":"open","ping_status":"closed","template":"","meta":{"site-sidebar-layout":"default","site-content-layout":"","ast-site-content-layout":"default","site-content-style":"default","site-sidebar-style":"default","ast-global-header-display":"","ast-banner-title-visibility":"","ast-main-header-display":"","ast-hfb-above-header-display":"","ast-hfb-below-header-display":"","ast-hfb-mobile-header-display":"","site-post-title":"","ast-breadcrumbs-content":"","ast-featured-img":"","footer-sml-layout":"","ast-disable-related-posts":"","theme-transparent-header-meta":"default","adv-header-id-meta":"","stick-header-meta":"","header-above-stick-meta":"","header-main-stick-meta":"","header-below-stick-meta":"","astra-migrate-meta-layouts":"set","ast-page-background-enabled":"default","ast-page-background-meta":{"desktop":{"background-color":"var(--ast-global-color-5)","background-image":"","background-repeat":"repeat","background-position":"center center","background-size":"auto","background-attachment":"scroll","background-type":"","background-media":"","overlay-type":"","overlay-color":"","overlay-opacity":"","overlay-gradient":""},"tablet":{"background-color":"","background-image":"","background-repeat":"repeat","background-position":"center center","background-size":"auto","background-attachment":"scroll","background-type":"","background-media":"","overlay-type":"","overlay-color":"","overlay-opacity":"","overlay-gradient":""},"mobile":{"background-color":"","background-image":"","background-repeat":"repeat","background-position":"center center","background-size":"auto","background-attachment":"scroll","background-type":"","background-media":"","overlay-type":"","overlay-color":"","overlay-opacity":"","overlay-gradient":""}},"ast-content-background-meta":{"desktop":{"background-color":"var(--ast-global-color-4)","background-image":"","background-repeat":"repeat","background-position":"center center","background-size":"auto","background-attachment":"scroll","background-type":"","background-media":"","overlay-type":"","overlay-color":"","overlay-opacity":"","overlay-gradient":""},"tablet":{"background-color":"var(--ast-global-color-4)","background-image":"","background-repeat":"repeat","background-position":"center center","background-size":"auto","background-attachment":"scroll","background-type":"","background-media":"","overlay-type":"","overlay-color":"","overlay-opacity":"","overlay-gradient":""},"mobile":{"background-color":"var(--ast-global-color-4)","background-image":"","background-repeat":"repeat","background-position":"center center","background-size":"auto","background-attachment":"scroll","background-type":"","background-media":"","overlay-type":"","overlay-color":"","overlay-opacity":"","overlay-gradient":""}}},"product_brand":[240],"product_cat":[117,96,116],"product_tag":[215],"class_list":{"0":"post-2096","1":"product","2":"type-product","3":"status-publish","4":"has-post-thumbnail","6":"product_brand-tesmart","7":"product_cat-hub-hdmi","8":"product_cat-networking","9":"product_cat-tesmart","10":"product_tag-tesmart","11":"desktop-align-left","12":"tablet-align-left","13":"mobile-align-left","15":"first","16":"instock","17":"shipping-taxable","18":"product-type-simple"},"yoast_head":"<!-- This site is optimized with the Yoast SEO plugin v25.3 - https:\/\/yoast.com\/wordpress\/plugins\/seo\/ -->\n<title>Switcher Matriz HDMI 8\u00d78 4K30Hz\/ 4K60Hz - Tecplan<\/title>\n<meta name=\"robots\" content=\"index, follow, max-snippet:-1, max-image-preview:large, max-video-preview:-1\" \/>\n<link rel=\"canonical\" href=\"https:\/\/tecplan.com.es\/en\/product\/switcher-matriz-hdmi-8x8-4k30hz-4k60hz\/\" \/>\n<meta property=\"og:locale\" content=\"en_US\" \/>\n<meta property=\"og:type\" content=\"article\" \/>\n<meta property=\"og:title\" content=\"Switcher Matriz HDMI 8\u00d78 4K30Hz\/ 4K60Hz - Tecplan\" \/>\n<meta property=\"og:description\" content=\"La matriz tambi\u00e9n se puede controlar a trav\u00e9s de RS-232, interfaz IP.\u00a0Con la gesti\u00f3n inteligente de EDID, h\u00e1galo compatible con la mayor\u00eda de los dispositivos fuente y receptor HDMI.    M\u00e1x.\u00a0Resoluci\u00f3n de hasta 3840*2160@30Hz.  Cada salida HDMI puede compartir la misma entrada o ser independiente.  Admite formato de audio PCM, Dolby AC3, DTS5.1, DTS7.1 y DSD.  Gesti\u00f3n inteligente de EDID.  El estado de la matriz se puede memorizar despu\u00e9s del apagado.  Matriz de f\u00e1cil control mediante receptor IR.  F\u00e1cil de ver el estado de las entradas y salidas en tiempo real.  Admite 8 conexiones preestablecidas por el usuario.  Admite fuentes y pantallas de enlace \u00fanico DVI-D con el uso de adaptadores HDMI a DVI  Compatible con HDCP1.4.\" \/>\n<meta property=\"og:url\" content=\"https:\/\/tecplan.com.es\/en\/product\/switcher-matriz-hdmi-8x8-4k30hz-4k60hz\/\" \/>\n<meta property=\"og:site_name\" content=\"Tecplan\" \/>\n<meta property=\"article:modified_time\" content=\"2026-01-02T22:31:38+00:00\" \/>\n<meta property=\"og:image\" content=\"https:\/\/tecplan.com.es\/wp-content\/uploads\/2025\/06\/tesmart-hdmi-matrix-8x8-hdmi-matrix-4k30hz-4k60hz-support-rs232-lan-control-4k-hdmi-matrix-switch-8x.png.webp\" \/>\n\t<meta property=\"og:image:width\" content=\"1600\" \/>\n\t<meta property=\"og:image:height\" content=\"1600\" \/>\n\t<meta property=\"og:image:type\" content=\"image\/webp\" \/>\n<meta name=\"twitter:card\" content=\"summary_large_image\" \/>\n<meta name=\"twitter:label1\" content=\"Est. reading time\" \/>\n\t<meta name=\"twitter:data1\" content=\"2 minutes\" \/>\n<script type=\"application\/ld+json\" class=\"yoast-schema-graph\">{\"@context\":\"https:\/\/schema.org\",\"@graph\":[{\"@type\":\"WebPage\",\"@id\":\"https:\/\/tecplan.com.es\/product\/switcher-matriz-hdmi-8x8-4k30hz-4k60hz\/\",\"url\":\"https:\/\/tecplan.com.es\/product\/switcher-matriz-hdmi-8x8-4k30hz-4k60hz\/\",\"name\":\"Switcher Matriz HDMI 8\u00d78 4K30Hz\/ 4K60Hz - Tecplan\",\"isPartOf\":{\"@id\":\"https:\/\/tecplan.com.es\/#website\"},\"primaryImageOfPage\":{\"@id\":\"https:\/\/tecplan.com.es\/product\/switcher-matriz-hdmi-8x8-4k30hz-4k60hz\/#primaryimage\"},\"image\":{\"@id\":\"https:\/\/tecplan.com.es\/product\/switcher-matriz-hdmi-8x8-4k30hz-4k60hz\/#primaryimage\"},\"thumbnailUrl\":\"https:\/\/tecplan.com.es\/wp-content\/uploads\/2025\/06\/tesmart-hdmi-matrix-8x8-hdmi-matrix-4k30hz-4k60hz-support-rs232-lan-control-4k-hdmi-matrix-switch-8x.png.webp\",\"datePublished\":\"2025-06-27T16:40:56+00:00\",\"dateModified\":\"2026-01-02T22:31:38+00:00\",\"breadcrumb\":{\"@id\":\"https:\/\/tecplan.com.es\/product\/switcher-matriz-hdmi-8x8-4k30hz-4k60hz\/#breadcrumb\"},\"inLanguage\":\"en-US\",\"potentialAction\":[{\"@type\":\"ReadAction\",\"target\":[\"https:\/\/tecplan.com.es\/product\/switcher-matriz-hdmi-8x8-4k30hz-4k60hz\/\"]}]},{\"@type\":\"ImageObject\",\"inLanguage\":\"en-US\",\"@id\":\"https:\/\/tecplan.com.es\/product\/switcher-matriz-hdmi-8x8-4k30hz-4k60hz\/#primaryimage\",\"url\":\"https:\/\/tecplan.com.es\/wp-content\/uploads\/2025\/06\/tesmart-hdmi-matrix-8x8-hdmi-matrix-4k30hz-4k60hz-support-rs232-lan-control-4k-hdmi-matrix-switch-8x.png.webp\",\"contentUrl\":\"https:\/\/tecplan.com.es\/wp-content\/uploads\/2025\/06\/tesmart-hdmi-matrix-8x8-hdmi-matrix-4k30hz-4k60hz-support-rs232-lan-control-4k-hdmi-matrix-switch-8x.png.webp\",\"width\":1600,\"height\":1600},{\"@type\":\"BreadcrumbList\",\"@id\":\"https:\/\/tecplan.com.es\/product\/switcher-matriz-hdmi-8x8-4k30hz-4k60hz\/#breadcrumb\",\"itemListElement\":[{\"@type\":\"ListItem\",\"position\":1,\"name\":\"Home\",\"item\":\"https:\/\/tecplan.com.es\/\"},{\"@type\":\"ListItem\",\"position\":2,\"name\":\"Shop\",\"item\":\"https:\/\/tecplan.com.es\/shop\/\"},{\"@type\":\"ListItem\",\"position\":3,\"name\":\"Switcher Matriz HDMI 8\u00d78 4K30Hz\/ 4K60Hz\"}]},{\"@type\":\"WebSite\",\"@id\":\"https:\/\/tecplan.com.es\/#website\",\"url\":\"https:\/\/tecplan.com.es\/\",\"name\":\"Tecplan\",\"description\":\"\",\"potentialAction\":[{\"@type\":\"SearchAction\",\"target\":{\"@type\":\"EntryPoint\",\"urlTemplate\":\"https:\/\/tecplan.com.es\/?s={search_term_string}\"},\"query-input\":{\"@type\":\"PropertyValueSpecification\",\"valueRequired\":true,\"valueName\":\"search_term_string\"}}],\"inLanguage\":\"en-US\"}]}<\/script>\n<!-- \/ Yoast SEO plugin. -->","yoast_head_json":{"title":"Switcher Matriz HDMI 8\u00d78 4K30Hz\/ 4K60Hz - Tecplan","robots":{"index":"index","follow":"follow","max-snippet":"max-snippet:-1","max-image-preview":"max-image-preview:large","max-video-preview":"max-video-preview:-1"},"canonical":"https:\/\/tecplan.com.es\/en\/product\/switcher-matriz-hdmi-8x8-4k30hz-4k60hz\/","og_locale":"en_US","og_type":"article","og_title":"Switcher Matriz HDMI 8\u00d78 4K30Hz\/ 4K60Hz - Tecplan","og_description":"La matriz tambi\u00e9n se puede controlar a trav\u00e9s de RS-232, interfaz IP.\u00a0Con la gesti\u00f3n inteligente de EDID, h\u00e1galo compatible con la mayor\u00eda de los dispositivos fuente y receptor HDMI.    M\u00e1x.\u00a0Resoluci\u00f3n de hasta 3840*2160@30Hz.  Cada salida HDMI puede compartir la misma entrada o ser independiente.  Admite formato de audio PCM, Dolby AC3, DTS5.1, DTS7.1 y DSD.  Gesti\u00f3n inteligente de EDID.  El estado de la matriz se puede memorizar despu\u00e9s del apagado.  Matriz de f\u00e1cil control mediante receptor IR.  F\u00e1cil de ver el estado de las entradas y salidas en tiempo real.  Admite 8 conexiones preestablecidas por el usuario.  Admite fuentes y pantallas de enlace \u00fanico DVI-D con el uso de adaptadores HDMI a DVI  Compatible con HDCP1.4.","og_url":"https:\/\/tecplan.com.es\/en\/product\/switcher-matriz-hdmi-8x8-4k30hz-4k60hz\/","og_site_name":"Tecplan","article_modified_time":"2026-01-02T22:31:38+00:00","og_image":[{"width":1600,"height":1600,"url":"https:\/\/tecplan.com.es\/wp-content\/uploads\/2025\/06\/tesmart-hdmi-matrix-8x8-hdmi-matrix-4k30hz-4k60hz-support-rs232-lan-control-4k-hdmi-matrix-switch-8x.png.webp","type":"image\/webp"}],"twitter_card":"summary_large_image","twitter_misc":{"Est. reading time":"2 minutes"},"schema":{"@context":"https:\/\/schema.org","@graph":[{"@type":"WebPage","@id":"https:\/\/tecplan.com.es\/product\/switcher-matriz-hdmi-8x8-4k30hz-4k60hz\/","url":"https:\/\/tecplan.com.es\/product\/switcher-matriz-hdmi-8x8-4k30hz-4k60hz\/","name":"Switcher Matriz HDMI 8\u00d78 4K30Hz\/ 4K60Hz - Tecplan","isPartOf":{"@id":"https:\/\/tecplan.com.es\/#website"},"primaryImageOfPage":{"@id":"https:\/\/tecplan.com.es\/product\/switcher-matriz-hdmi-8x8-4k30hz-4k60hz\/#primaryimage"},"image":{"@id":"https:\/\/tecplan.com.es\/product\/switcher-matriz-hdmi-8x8-4k30hz-4k60hz\/#primaryimage"},"thumbnailUrl":"https:\/\/tecplan.com.es\/wp-content\/uploads\/2025\/06\/tesmart-hdmi-matrix-8x8-hdmi-matrix-4k30hz-4k60hz-support-rs232-lan-control-4k-hdmi-matrix-switch-8x.png.webp","datePublished":"2025-06-27T16:40:56+00:00","dateModified":"2026-01-02T22:31:38+00:00","breadcrumb":{"@id":"https:\/\/tecplan.com.es\/product\/switcher-matriz-hdmi-8x8-4k30hz-4k60hz\/#breadcrumb"},"inLanguage":"en-US","potentialAction":[{"@type":"ReadAction","target":["https:\/\/tecplan.com.es\/product\/switcher-matriz-hdmi-8x8-4k30hz-4k60hz\/"]}]},{"@type":"ImageObject","inLanguage":"en-US","@id":"https:\/\/tecplan.com.es\/product\/switcher-matriz-hdmi-8x8-4k30hz-4k60hz\/#primaryimage","url":"https:\/\/tecplan.com.es\/wp-content\/uploads\/2025\/06\/tesmart-hdmi-matrix-8x8-hdmi-matrix-4k30hz-4k60hz-support-rs232-lan-control-4k-hdmi-matrix-switch-8x.png.webp","contentUrl":"https:\/\/tecplan.com.es\/wp-content\/uploads\/2025\/06\/tesmart-hdmi-matrix-8x8-hdmi-matrix-4k30hz-4k60hz-support-rs232-lan-control-4k-hdmi-matrix-switch-8x.png.webp","width":1600,"height":1600},{"@type":"BreadcrumbList","@id":"https:\/\/tecplan.com.es\/product\/switcher-matriz-hdmi-8x8-4k30hz-4k60hz\/#breadcrumb","itemListElement":[{"@type":"ListItem","position":1,"name":"Home","item":"https:\/\/tecplan.com.es\/"},{"@type":"ListItem","position":2,"name":"Shop","item":"https:\/\/tecplan.com.es\/shop\/"},{"@type":"ListItem","position":3,"name":"Switcher Matriz HDMI 8\u00d78 4K30Hz\/ 4K60Hz"}]},{"@type":"WebSite","@id":"https:\/\/tecplan.com.es\/#website","url":"https:\/\/tecplan.com.es\/","name":"Tecplan","description":"","potentialAction":[{"@type":"SearchAction","target":{"@type":"EntryPoint","urlTemplate":"https:\/\/tecplan.com.es\/?s={search_term_string}"},"query-input":{"@type":"PropertyValueSpecification","valueRequired":true,"valueName":"search_term_string"}}],"inLanguage":"en-US"}]}},"_links":{"self":[{"href":"https:\/\/tecplan.com.es\/en\/wp-json\/wp\/v2\/product\/2096","targetHints":{"allow":["GET"]}}],"collection":[{"href":"https:\/\/tecplan.com.es\/en\/wp-json\/wp\/v2\/product"}],"about":[{"href":"https:\/\/tecplan.com.es\/en\/wp-json\/wp\/v2\/types\/product"}],"replies":[{"embeddable":true,"href":"https:\/\/tecplan.com.es\/en\/wp-json\/wp\/v2\/comments?post=2096"}],"version-history":[{"count":3,"href":"https:\/\/tecplan.com.es\/en\/wp-json\/wp\/v2\/product\/2096\/revisions"}],"predecessor-version":[{"id":2100,"href":"https:\/\/tecplan.com.es\/en\/wp-json\/wp\/v2\/product\/2096\/revisions\/2100"}],"wp:featuredmedia":[{"embeddable":true,"href":"https:\/\/tecplan.com.es\/en\/wp-json\/wp\/v2\/media\/2098"}],"wp:attachment":[{"href":"https:\/\/tecplan.com.es\/en\/wp-json\/wp\/v2\/media?parent=2096"}],"wp:term":[{"taxonomy":"product_brand","embeddable":true,"href":"https:\/\/tecplan.com.es\/en\/wp-json\/wp\/v2\/product_brand?post=2096"},{"taxonomy":"product_cat","embeddable":true,"href":"https:\/\/tecplan.com.es\/en\/wp-json\/wp\/v2\/product_cat?post=2096"},{"taxonomy":"product_tag","embeddable":true,"href":"https:\/\/tecplan.com.es\/en\/wp-json\/wp\/v2\/product_tag?post=2096"}],"curies":[{"name":"wp","href":"https:\/\/api.w.org\/{rel}","templated":true}]}}