{"id":2090,"date":"2025-06-27T16:29:09","date_gmt":"2025-06-27T16:29:09","guid":{"rendered":"https:\/\/tecplan.com.es\/?post_type=product&#038;p=2090"},"modified":"2026-04-10T16:07:11","modified_gmt":"2026-04-10T16:07:11","slug":"conmutador-matriz-4k-hdmi-8x8-4k30hz-4k60hz","status":"publish","type":"product","link":"https:\/\/tecplan.com.es\/en\/product\/conmutador-matriz-4k-hdmi-8x8-4k30hz-4k60hz\/","title":{"rendered":"Conmutador Matriz 4K HDMI 8\u00d78"},"content":{"rendered":"<h6>\u00a0La matriz tambi\u00e9n se puede controlar a trav\u00e9s de RS-232, interfaz IP.\u00a0Con la gesti\u00f3n inteligente de EDID, h\u00e1galo compatible con la mayor\u00eda de los dispositivos fuente y receptor HDMI.<\/h6>\n<p>La matriz tambi\u00e9n se puede controlar a trav\u00e9s de RS-232, interfaz IP.\u00a0Con la gesti\u00f3n inteligente de EDID, h\u00e1galo compatible con la mayor\u00eda de los dispositivos fuente y receptor HDMI.<\/p>\n<ul>\n<li>M\u00e1x.\u00a0Resoluci\u00f3n de hasta 3840*2160@30Hz.<\/li>\n<li>Each HDMI output can share the same input or select a separate input.<\/li>\n<li>Admite formato de audio PCM, Dolby AC3, DTS5.1, DTS7.1 y DSD<\/li>\n<li>Gesti\u00f3n inteligente de EDID, h\u00e1galo compatible con la mayor\u00eda de los dispositivos de visualizaci\u00f3n<\/li>\n<li>The matrix state can be memorized after power-off and automatically restored to the previous matrix state after the next power-up.<\/li>\n<li>Matriz de f\u00e1cil control mediante receptor IR, teclado frontal y PC (v\u00eda LAN o puerto RS232)<\/li>\n<li>F\u00e1cil de ver el estado de las entradas y salidas en tiempo real a trav\u00e9s de la pantalla LCD.<\/li>\n<li>Admite 8 conexiones preestablecidas por el usuario configurables.<\/li>\n<li>Admite fuentes y pantallas de enlace \u00fanico DVI-D con el uso de adaptadores HDMI a DVI<\/li>\n<li>Compatible con HDCP1.4.<\/li>\n<\/ul>","protected":false},"excerpt":{"rendered":"<p style=\"text-align: justify;\">Esta matriz HDMI de 8\u00d78 enruta 8 fuentes Ultra HD a ocho pantallas 4K Ultra HD con entradas HDMI.\u00a0Cada fuente se puede enrutar a cualquier pantalla, usando los botones del panel frontal o el control remoto por infrarrojos.<\/p>\n<p><img decoding=\"async\" class=\"wp-image-2052 aligncenter\" src=\"https:\/\/tecplan.com.es\/wp-content\/uploads\/2025\/06\/mimosa_logo-300x71.png\" alt=\"\" width=\"148\" height=\"35\" srcset=\"https:\/\/tecplan.com.es\/wp-content\/uploads\/2025\/06\/mimosa_logo-300x71.png 300w, https:\/\/tecplan.com.es\/wp-content\/uploads\/2025\/06\/mimosa_logo-1024x243.png 1024w, https:\/\/tecplan.com.es\/wp-content\/uploads\/2025\/06\/mimosa_logo-768x182.png 768w, https:\/\/tecplan.com.es\/wp-content\/uploads\/2025\/06\/mimosa_logo-1536x364.png 1536w, https:\/\/tecplan.com.es\/wp-content\/uploads\/2025\/06\/mimosa_logo-18x4.png 18w, https:\/\/tecplan.com.es\/wp-content\/uploads\/2025\/06\/mimosa_logo-600x142.png 600w, https:\/\/tecplan.com.es\/wp-content\/uploads\/2025\/06\/mimosa_logo.png 1775w\" sizes=\"(max-width: 148px) 100vw, 148px\" \/><\/p>","protected":false},"featured_media":2091,"comment_status":"open","ping_status":"closed","template":"","meta":{"site-sidebar-layout":"default","site-content-layout":"","ast-site-content-layout":"default","site-content-style":"default","site-sidebar-style":"default","ast-global-header-display":"","ast-banner-title-visibility":"","ast-main-header-display":"","ast-hfb-above-header-display":"","ast-hfb-below-header-display":"","ast-hfb-mobile-header-display":"","site-post-title":"","ast-breadcrumbs-content":"","ast-featured-img":"","footer-sml-layout":"","ast-disable-related-posts":"","theme-transparent-header-meta":"default","adv-header-id-meta":"","stick-header-meta":"","header-above-stick-meta":"","header-main-stick-meta":"","header-below-stick-meta":"","astra-migrate-meta-layouts":"set","ast-page-background-enabled":"default","ast-page-background-meta":{"desktop":{"background-color":"var(--ast-global-color-5)","background-image":"","background-repeat":"repeat","background-position":"center center","background-size":"auto","background-attachment":"scroll","background-type":"","background-media":"","overlay-type":"","overlay-color":"","overlay-opacity":"","overlay-gradient":""},"tablet":{"background-color":"","background-image":"","background-repeat":"repeat","background-position":"center center","background-size":"auto","background-attachment":"scroll","background-type":"","background-media":"","overlay-type":"","overlay-color":"","overlay-opacity":"","overlay-gradient":""},"mobile":{"background-color":"","background-image":"","background-repeat":"repeat","background-position":"center center","background-size":"auto","background-attachment":"scroll","background-type":"","background-media":"","overlay-type":"","overlay-color":"","overlay-opacity":"","overlay-gradient":""}},"ast-content-background-meta":{"desktop":{"background-color":"var(--ast-global-color-4)","background-image":"","background-repeat":"repeat","background-position":"center center","background-size":"auto","background-attachment":"scroll","background-type":"","background-media":"","overlay-type":"","overlay-color":"","overlay-opacity":"","overlay-gradient":""},"tablet":{"background-color":"var(--ast-global-color-4)","background-image":"","background-repeat":"repeat","background-position":"center center","background-size":"auto","background-attachment":"scroll","background-type":"","background-media":"","overlay-type":"","overlay-color":"","overlay-opacity":"","overlay-gradient":""},"mobile":{"background-color":"var(--ast-global-color-4)","background-image":"","background-repeat":"repeat","background-position":"center center","background-size":"auto","background-attachment":"scroll","background-type":"","background-media":"","overlay-type":"","overlay-color":"","overlay-opacity":"","overlay-gradient":""}}},"product_brand":[240],"product_cat":[117,96,116],"product_tag":[215],"class_list":{"0":"post-2090","1":"product","2":"type-product","3":"status-publish","4":"has-post-thumbnail","6":"product_brand-tesmart","7":"product_cat-hub-hdmi","8":"product_cat-networking","9":"product_cat-tesmart","10":"product_tag-tesmart","11":"desktop-align-left","12":"tablet-align-left","13":"mobile-align-left","15":"first","16":"instock","17":"shipping-taxable","18":"product-type-simple"},"yoast_head":"<!-- This site is optimized with the Yoast SEO plugin v25.3 - https:\/\/yoast.com\/wordpress\/plugins\/seo\/ -->\n<title>Conmutador Matriz 4K HDMI 8\u00d78 - Tecplan<\/title>\n<meta name=\"robots\" content=\"index, follow, max-snippet:-1, max-image-preview:large, max-video-preview:-1\" \/>\n<link rel=\"canonical\" href=\"https:\/\/tecplan.com.es\/en\/product\/conmutador-matriz-4k-hdmi-8x8-4k30hz-4k60hz\/\" \/>\n<meta property=\"og:locale\" content=\"en_US\" \/>\n<meta property=\"og:type\" content=\"article\" \/>\n<meta property=\"og:title\" content=\"Conmutador Matriz 4K HDMI 8\u00d78 - Tecplan\" \/>\n<meta property=\"og:description\" content=\"Esta matriz HDMI de 8\u00d78 enruta 8 fuentes Ultra HD a ocho pantallas 4K Ultra HD con entradas HDMI.\u00a0Cada fuente se puede enrutar a cualquier pantalla, usando los botones del panel frontal o el control remoto por infrarrojos.\" \/>\n<meta property=\"og:url\" content=\"https:\/\/tecplan.com.es\/en\/product\/conmutador-matriz-4k-hdmi-8x8-4k30hz-4k60hz\/\" \/>\n<meta property=\"og:site_name\" content=\"Tecplan\" \/>\n<meta property=\"article:modified_time\" content=\"2026-04-10T16:07:11+00:00\" \/>\n<meta property=\"og:image\" content=\"https:\/\/tecplan.com.es\/wp-content\/uploads\/2025\/06\/HDMI-de-16-enruta-16-fuentes-1.webp\" \/>\n\t<meta property=\"og:image:width\" content=\"750\" \/>\n\t<meta property=\"og:image:height\" content=\"750\" \/>\n\t<meta property=\"og:image:type\" content=\"image\/webp\" \/>\n<meta name=\"twitter:card\" content=\"summary_large_image\" \/>\n<meta name=\"twitter:label1\" content=\"Est. reading time\" \/>\n\t<meta name=\"twitter:data1\" content=\"2 minutes\" \/>\n<script type=\"application\/ld+json\" class=\"yoast-schema-graph\">{\"@context\":\"https:\/\/schema.org\",\"@graph\":[{\"@type\":\"WebPage\",\"@id\":\"https:\/\/tecplan.com.es\/product\/conmutador-matriz-4k-hdmi-8x8-4k30hz-4k60hz\/\",\"url\":\"https:\/\/tecplan.com.es\/product\/conmutador-matriz-4k-hdmi-8x8-4k30hz-4k60hz\/\",\"name\":\"Conmutador Matriz 4K HDMI 8\u00d78 - Tecplan\",\"isPartOf\":{\"@id\":\"https:\/\/tecplan.com.es\/#website\"},\"primaryImageOfPage\":{\"@id\":\"https:\/\/tecplan.com.es\/product\/conmutador-matriz-4k-hdmi-8x8-4k30hz-4k60hz\/#primaryimage\"},\"image\":{\"@id\":\"https:\/\/tecplan.com.es\/product\/conmutador-matriz-4k-hdmi-8x8-4k30hz-4k60hz\/#primaryimage\"},\"thumbnailUrl\":\"https:\/\/tecplan.com.es\/wp-content\/uploads\/2025\/06\/HDMI-de-16-enruta-16-fuentes-1.webp\",\"datePublished\":\"2025-06-27T16:29:09+00:00\",\"dateModified\":\"2026-04-10T16:07:11+00:00\",\"breadcrumb\":{\"@id\":\"https:\/\/tecplan.com.es\/product\/conmutador-matriz-4k-hdmi-8x8-4k30hz-4k60hz\/#breadcrumb\"},\"inLanguage\":\"en-US\",\"potentialAction\":[{\"@type\":\"ReadAction\",\"target\":[\"https:\/\/tecplan.com.es\/product\/conmutador-matriz-4k-hdmi-8x8-4k30hz-4k60hz\/\"]}]},{\"@type\":\"ImageObject\",\"inLanguage\":\"en-US\",\"@id\":\"https:\/\/tecplan.com.es\/product\/conmutador-matriz-4k-hdmi-8x8-4k30hz-4k60hz\/#primaryimage\",\"url\":\"https:\/\/tecplan.com.es\/wp-content\/uploads\/2025\/06\/HDMI-de-16-enruta-16-fuentes-1.webp\",\"contentUrl\":\"https:\/\/tecplan.com.es\/wp-content\/uploads\/2025\/06\/HDMI-de-16-enruta-16-fuentes-1.webp\",\"width\":750,\"height\":750},{\"@type\":\"BreadcrumbList\",\"@id\":\"https:\/\/tecplan.com.es\/product\/conmutador-matriz-4k-hdmi-8x8-4k30hz-4k60hz\/#breadcrumb\",\"itemListElement\":[{\"@type\":\"ListItem\",\"position\":1,\"name\":\"Home\",\"item\":\"https:\/\/tecplan.com.es\/\"},{\"@type\":\"ListItem\",\"position\":2,\"name\":\"Shop\",\"item\":\"https:\/\/tecplan.com.es\/shop\/\"},{\"@type\":\"ListItem\",\"position\":3,\"name\":\"Conmutador Matriz 4K HDMI 8\u00d78\"}]},{\"@type\":\"WebSite\",\"@id\":\"https:\/\/tecplan.com.es\/#website\",\"url\":\"https:\/\/tecplan.com.es\/\",\"name\":\"Tecplan\",\"description\":\"\",\"potentialAction\":[{\"@type\":\"SearchAction\",\"target\":{\"@type\":\"EntryPoint\",\"urlTemplate\":\"https:\/\/tecplan.com.es\/?s={search_term_string}\"},\"query-input\":{\"@type\":\"PropertyValueSpecification\",\"valueRequired\":true,\"valueName\":\"search_term_string\"}}],\"inLanguage\":\"en-US\"}]}<\/script>\n<!-- \/ Yoast SEO plugin. -->","yoast_head_json":{"title":"Conmutador Matriz 4K HDMI 8\u00d78 - Tecplan","robots":{"index":"index","follow":"follow","max-snippet":"max-snippet:-1","max-image-preview":"max-image-preview:large","max-video-preview":"max-video-preview:-1"},"canonical":"https:\/\/tecplan.com.es\/en\/product\/conmutador-matriz-4k-hdmi-8x8-4k30hz-4k60hz\/","og_locale":"en_US","og_type":"article","og_title":"Conmutador Matriz 4K HDMI 8\u00d78 - Tecplan","og_description":"Esta matriz HDMI de 8\u00d78 enruta 8 fuentes Ultra HD a ocho pantallas 4K Ultra HD con entradas HDMI.\u00a0Cada fuente se puede enrutar a cualquier pantalla, usando los botones del panel frontal o el control remoto por infrarrojos.","og_url":"https:\/\/tecplan.com.es\/en\/product\/conmutador-matriz-4k-hdmi-8x8-4k30hz-4k60hz\/","og_site_name":"Tecplan","article_modified_time":"2026-04-10T16:07:11+00:00","og_image":[{"width":750,"height":750,"url":"https:\/\/tecplan.com.es\/wp-content\/uploads\/2025\/06\/HDMI-de-16-enruta-16-fuentes-1.webp","type":"image\/webp"}],"twitter_card":"summary_large_image","twitter_misc":{"Est. reading time":"2 minutes"},"schema":{"@context":"https:\/\/schema.org","@graph":[{"@type":"WebPage","@id":"https:\/\/tecplan.com.es\/product\/conmutador-matriz-4k-hdmi-8x8-4k30hz-4k60hz\/","url":"https:\/\/tecplan.com.es\/product\/conmutador-matriz-4k-hdmi-8x8-4k30hz-4k60hz\/","name":"Conmutador Matriz 4K HDMI 8\u00d78 - Tecplan","isPartOf":{"@id":"https:\/\/tecplan.com.es\/#website"},"primaryImageOfPage":{"@id":"https:\/\/tecplan.com.es\/product\/conmutador-matriz-4k-hdmi-8x8-4k30hz-4k60hz\/#primaryimage"},"image":{"@id":"https:\/\/tecplan.com.es\/product\/conmutador-matriz-4k-hdmi-8x8-4k30hz-4k60hz\/#primaryimage"},"thumbnailUrl":"https:\/\/tecplan.com.es\/wp-content\/uploads\/2025\/06\/HDMI-de-16-enruta-16-fuentes-1.webp","datePublished":"2025-06-27T16:29:09+00:00","dateModified":"2026-04-10T16:07:11+00:00","breadcrumb":{"@id":"https:\/\/tecplan.com.es\/product\/conmutador-matriz-4k-hdmi-8x8-4k30hz-4k60hz\/#breadcrumb"},"inLanguage":"en-US","potentialAction":[{"@type":"ReadAction","target":["https:\/\/tecplan.com.es\/product\/conmutador-matriz-4k-hdmi-8x8-4k30hz-4k60hz\/"]}]},{"@type":"ImageObject","inLanguage":"en-US","@id":"https:\/\/tecplan.com.es\/product\/conmutador-matriz-4k-hdmi-8x8-4k30hz-4k60hz\/#primaryimage","url":"https:\/\/tecplan.com.es\/wp-content\/uploads\/2025\/06\/HDMI-de-16-enruta-16-fuentes-1.webp","contentUrl":"https:\/\/tecplan.com.es\/wp-content\/uploads\/2025\/06\/HDMI-de-16-enruta-16-fuentes-1.webp","width":750,"height":750},{"@type":"BreadcrumbList","@id":"https:\/\/tecplan.com.es\/product\/conmutador-matriz-4k-hdmi-8x8-4k30hz-4k60hz\/#breadcrumb","itemListElement":[{"@type":"ListItem","position":1,"name":"Home","item":"https:\/\/tecplan.com.es\/"},{"@type":"ListItem","position":2,"name":"Shop","item":"https:\/\/tecplan.com.es\/shop\/"},{"@type":"ListItem","position":3,"name":"Conmutador Matriz 4K HDMI 8\u00d78"}]},{"@type":"WebSite","@id":"https:\/\/tecplan.com.es\/#website","url":"https:\/\/tecplan.com.es\/","name":"Tecplan","description":"","potentialAction":[{"@type":"SearchAction","target":{"@type":"EntryPoint","urlTemplate":"https:\/\/tecplan.com.es\/?s={search_term_string}"},"query-input":{"@type":"PropertyValueSpecification","valueRequired":true,"valueName":"search_term_string"}}],"inLanguage":"en-US"}]}},"_links":{"self":[{"href":"https:\/\/tecplan.com.es\/en\/wp-json\/wp\/v2\/product\/2090","targetHints":{"allow":["GET"]}}],"collection":[{"href":"https:\/\/tecplan.com.es\/en\/wp-json\/wp\/v2\/product"}],"about":[{"href":"https:\/\/tecplan.com.es\/en\/wp-json\/wp\/v2\/types\/product"}],"replies":[{"embeddable":true,"href":"https:\/\/tecplan.com.es\/en\/wp-json\/wp\/v2\/comments?post=2090"}],"version-history":[{"count":4,"href":"https:\/\/tecplan.com.es\/en\/wp-json\/wp\/v2\/product\/2090\/revisions"}],"predecessor-version":[{"id":2094,"href":"https:\/\/tecplan.com.es\/en\/wp-json\/wp\/v2\/product\/2090\/revisions\/2094"}],"wp:featuredmedia":[{"embeddable":true,"href":"https:\/\/tecplan.com.es\/en\/wp-json\/wp\/v2\/media\/2091"}],"wp:attachment":[{"href":"https:\/\/tecplan.com.es\/en\/wp-json\/wp\/v2\/media?parent=2090"}],"wp:term":[{"taxonomy":"product_brand","embeddable":true,"href":"https:\/\/tecplan.com.es\/en\/wp-json\/wp\/v2\/product_brand?post=2090"},{"taxonomy":"product_cat","embeddable":true,"href":"https:\/\/tecplan.com.es\/en\/wp-json\/wp\/v2\/product_cat?post=2090"},{"taxonomy":"product_tag","embeddable":true,"href":"https:\/\/tecplan.com.es\/en\/wp-json\/wp\/v2\/product_tag?post=2090"}],"curies":[{"name":"wp","href":"https:\/\/api.w.org\/{rel}","templated":true}]}}