{"id":2084,"date":"2025-06-27T16:24:11","date_gmt":"2025-06-27T16:24:11","guid":{"rendered":"https:\/\/tecplan.com.es\/?post_type=product&#038;p=2084"},"modified":"2026-01-02T22:33:56","modified_gmt":"2026-01-02T22:33:56","slug":"conmutador-matriz-hdmi-de-16-puertos-4k","status":"publish","type":"product","link":"https:\/\/tecplan.com.es\/en\/product\/conmutador-matriz-hdmi-de-16-puertos-4k\/","title":{"rendered":"16-Port 4K HDMI Matrix Switch"},"content":{"rendered":"<h6 class=\"product_title entry-title\"><strong>16-port 4K@30Hz HDMI matrix supporting HDCP1.4, Dolby AC3, DTS 5.1\/7.1 with EDID<\/strong><\/h6>\n<p style=\"text-align: justify;\">This 16x16 HDMI matrix routes 16 Ultra HD sources to 16 Ultra HD displays with HDMI inputs. Each source can be routed to any display using the front panel buttons or the IR remote control.<\/p>\n<p>The matrix can also be controlled via RS232 or IP interface. With intelligent EDID management, it is compatible with most HDMI sources and heat sink devices.<\/p>","protected":false},"excerpt":{"rendered":"<h6><span style=\"text-decoration: underline;\">Caracter\u00edsticas<\/span><\/h6>\n<ul>\n<li>Maximum resolution up to 3840*2160@30Hz.<\/li>\n<li>Each HDMI output can share the same input or select a separate input.<\/li>\n<li>Supports PCM, Dolby AC3, DTS5.1, DTS7.1 and DSD audio format.<\/li>\n<li>Intelligent EDID management, making it compatible with most display devices.<\/li>\n<li>The matrix state can be memorized after power-off and automatically restored to the previous matrix state after the next power-up.<\/li>\n<li>Matrix easily controlled via IR receiver, front keypad and PC (via LAN or RS232 port).<\/li>\n<li>Easy visualization of routing status via the LCD screen.<\/li>\n<li>It supports user-preset connections.<\/li>\n<li>It supports DVI-D single-link displays and sources using HDMI to DVI adapters.<\/li>\n<\/ul>\n<p><img decoding=\"async\" class=\"wp-image-2052 aligncenter\" src=\"https:\/\/tecplan.com.es\/wp-content\/uploads\/2025\/06\/mimosa_logo-300x71.png\" alt=\"\" width=\"131\" height=\"31\" srcset=\"https:\/\/tecplan.com.es\/wp-content\/uploads\/2025\/06\/mimosa_logo-300x71.png 300w, https:\/\/tecplan.com.es\/wp-content\/uploads\/2025\/06\/mimosa_logo-1024x243.png 1024w, https:\/\/tecplan.com.es\/wp-content\/uploads\/2025\/06\/mimosa_logo-768x182.png 768w, https:\/\/tecplan.com.es\/wp-content\/uploads\/2025\/06\/mimosa_logo-1536x364.png 1536w, https:\/\/tecplan.com.es\/wp-content\/uploads\/2025\/06\/mimosa_logo-18x4.png 18w, https:\/\/tecplan.com.es\/wp-content\/uploads\/2025\/06\/mimosa_logo-600x142.png 600w, https:\/\/tecplan.com.es\/wp-content\/uploads\/2025\/06\/mimosa_logo.png 1775w\" sizes=\"(max-width: 131px) 100vw, 131px\" \/><\/p>","protected":false},"featured_media":2085,"comment_status":"open","ping_status":"closed","template":"","meta":{"site-sidebar-layout":"default","site-content-layout":"","ast-site-content-layout":"default","site-content-style":"default","site-sidebar-style":"default","ast-global-header-display":"","ast-banner-title-visibility":"","ast-main-header-display":"","ast-hfb-above-header-display":"","ast-hfb-below-header-display":"","ast-hfb-mobile-header-display":"","site-post-title":"","ast-breadcrumbs-content":"","ast-featured-img":"","footer-sml-layout":"","ast-disable-related-posts":"","theme-transparent-header-meta":"default","adv-header-id-meta":"","stick-header-meta":"","header-above-stick-meta":"","header-main-stick-meta":"","header-below-stick-meta":"","astra-migrate-meta-layouts":"set","ast-page-background-enabled":"default","ast-page-background-meta":{"desktop":{"background-color":"var(--ast-global-color-5)","background-image":"","background-repeat":"repeat","background-position":"center center","background-size":"auto","background-attachment":"scroll","background-type":"","background-media":"","overlay-type":"","overlay-color":"","overlay-opacity":"","overlay-gradient":""},"tablet":{"background-color":"","background-image":"","background-repeat":"repeat","background-position":"center center","background-size":"auto","background-attachment":"scroll","background-type":"","background-media":"","overlay-type":"","overlay-color":"","overlay-opacity":"","overlay-gradient":""},"mobile":{"background-color":"","background-image":"","background-repeat":"repeat","background-position":"center center","background-size":"auto","background-attachment":"scroll","background-type":"","background-media":"","overlay-type":"","overlay-color":"","overlay-opacity":"","overlay-gradient":""}},"ast-content-background-meta":{"desktop":{"background-color":"var(--ast-global-color-4)","background-image":"","background-repeat":"repeat","background-position":"center center","background-size":"auto","background-attachment":"scroll","background-type":"","background-media":"","overlay-type":"","overlay-color":"","overlay-opacity":"","overlay-gradient":""},"tablet":{"background-color":"var(--ast-global-color-4)","background-image":"","background-repeat":"repeat","background-position":"center center","background-size":"auto","background-attachment":"scroll","background-type":"","background-media":"","overlay-type":"","overlay-color":"","overlay-opacity":"","overlay-gradient":""},"mobile":{"background-color":"var(--ast-global-color-4)","background-image":"","background-repeat":"repeat","background-position":"center center","background-size":"auto","background-attachment":"scroll","background-type":"","background-media":"","overlay-type":"","overlay-color":"","overlay-opacity":"","overlay-gradient":""}}},"product_brand":[240],"product_cat":[117,96,116],"product_tag":[213],"class_list":{"0":"post-2084","1":"product","2":"type-product","3":"status-publish","4":"has-post-thumbnail","6":"product_brand-tesmart","7":"product_cat-hub-hdmi","8":"product_cat-networking","9":"product_cat-tesmart","10":"product_tag-mimosa","11":"desktop-align-left","12":"tablet-align-left","13":"mobile-align-left","15":"first","16":"instock","17":"shipping-taxable","18":"product-type-simple"},"yoast_head":"<!-- This site is optimized with the Yoast SEO plugin v25.3 - https:\/\/yoast.com\/wordpress\/plugins\/seo\/ -->\n<title>Conmutador Matriz HDMI de 16 puertos 4K - Tecplan<\/title>\n<meta name=\"robots\" content=\"index, follow, max-snippet:-1, max-image-preview:large, max-video-preview:-1\" \/>\n<link rel=\"canonical\" href=\"https:\/\/tecplan.com.es\/en\/product\/conmutador-matriz-hdmi-de-16-puertos-4k\/\" \/>\n<meta property=\"og:locale\" content=\"en_US\" \/>\n<meta property=\"og:type\" content=\"article\" \/>\n<meta property=\"og:title\" content=\"Conmutador Matriz HDMI de 16 puertos 4K - Tecplan\" \/>\n<meta property=\"og:description\" content=\"Caracter\u00edsticas   Resoluci\u00f3n m\u00e1xima de hasta 3840*2160@30Hz.  Cada salida HDMI puede compartir la misma entrada o seleccionar una entrada independiente.  Admite formato de audio PCM, Dolby AC3, DTS5.1, DTS7.1 y DSD.  Gesti\u00f3n inteligente de EDID, h\u00e1galo compatible con la mayor\u00eda de los dispositivos de visualizaci\u00f3n.  El estado de la matriz se puede memorizar despu\u00e9s del apagado y restaurar autom\u00e1ticamente el estado anterior de la matriz despu\u00e9s del siguiente encendido.  Matriz de f\u00e1cil control mediante receptor IR, teclado frontal y PC (v\u00eda LAN o puerto RS232).  F\u00e1cil visualizaci\u00f3n del estado de enrutamiento a trav\u00e9s de la pantalla LCD.  Admite conexiones preestablecidas por el usuario.  Admite pantallas y fuentes de enlace \u00fanico DVI-D con el uso de adaptadores HDMI a DVI.\" \/>\n<meta property=\"og:url\" content=\"https:\/\/tecplan.com.es\/en\/product\/conmutador-matriz-hdmi-de-16-puertos-4k\/\" \/>\n<meta property=\"og:site_name\" content=\"Tecplan\" \/>\n<meta property=\"article:modified_time\" content=\"2026-01-02T22:33:56+00:00\" \/>\n<meta property=\"og:image\" content=\"https:\/\/tecplan.com.es\/wp-content\/uploads\/2025\/06\/HDMI-de-16-enruta-16-fuentes.webp\" \/>\n\t<meta property=\"og:image:width\" content=\"750\" \/>\n\t<meta property=\"og:image:height\" content=\"750\" \/>\n\t<meta property=\"og:image:type\" content=\"image\/webp\" \/>\n<meta name=\"twitter:card\" content=\"summary_large_image\" \/>\n<meta name=\"twitter:label1\" content=\"Est. reading time\" \/>\n\t<meta name=\"twitter:data1\" content=\"1 minute\" \/>\n<script type=\"application\/ld+json\" class=\"yoast-schema-graph\">{\"@context\":\"https:\/\/schema.org\",\"@graph\":[{\"@type\":\"WebPage\",\"@id\":\"https:\/\/tecplan.com.es\/product\/conmutador-matriz-hdmi-de-16-puertos-4k\/\",\"url\":\"https:\/\/tecplan.com.es\/product\/conmutador-matriz-hdmi-de-16-puertos-4k\/\",\"name\":\"Conmutador Matriz HDMI de 16 puertos 4K - Tecplan\",\"isPartOf\":{\"@id\":\"https:\/\/tecplan.com.es\/#website\"},\"primaryImageOfPage\":{\"@id\":\"https:\/\/tecplan.com.es\/product\/conmutador-matriz-hdmi-de-16-puertos-4k\/#primaryimage\"},\"image\":{\"@id\":\"https:\/\/tecplan.com.es\/product\/conmutador-matriz-hdmi-de-16-puertos-4k\/#primaryimage\"},\"thumbnailUrl\":\"https:\/\/tecplan.com.es\/wp-content\/uploads\/2025\/06\/HDMI-de-16-enruta-16-fuentes.webp\",\"datePublished\":\"2025-06-27T16:24:11+00:00\",\"dateModified\":\"2026-01-02T22:33:56+00:00\",\"breadcrumb\":{\"@id\":\"https:\/\/tecplan.com.es\/product\/conmutador-matriz-hdmi-de-16-puertos-4k\/#breadcrumb\"},\"inLanguage\":\"en-US\",\"potentialAction\":[{\"@type\":\"ReadAction\",\"target\":[\"https:\/\/tecplan.com.es\/product\/conmutador-matriz-hdmi-de-16-puertos-4k\/\"]}]},{\"@type\":\"ImageObject\",\"inLanguage\":\"en-US\",\"@id\":\"https:\/\/tecplan.com.es\/product\/conmutador-matriz-hdmi-de-16-puertos-4k\/#primaryimage\",\"url\":\"https:\/\/tecplan.com.es\/wp-content\/uploads\/2025\/06\/HDMI-de-16-enruta-16-fuentes.webp\",\"contentUrl\":\"https:\/\/tecplan.com.es\/wp-content\/uploads\/2025\/06\/HDMI-de-16-enruta-16-fuentes.webp\",\"width\":750,\"height\":750},{\"@type\":\"BreadcrumbList\",\"@id\":\"https:\/\/tecplan.com.es\/product\/conmutador-matriz-hdmi-de-16-puertos-4k\/#breadcrumb\",\"itemListElement\":[{\"@type\":\"ListItem\",\"position\":1,\"name\":\"Home\",\"item\":\"https:\/\/tecplan.com.es\/\"},{\"@type\":\"ListItem\",\"position\":2,\"name\":\"Shop\",\"item\":\"https:\/\/tecplan.com.es\/shop\/\"},{\"@type\":\"ListItem\",\"position\":3,\"name\":\"Conmutador Matriz HDMI de 16 puertos 4K\"}]},{\"@type\":\"WebSite\",\"@id\":\"https:\/\/tecplan.com.es\/#website\",\"url\":\"https:\/\/tecplan.com.es\/\",\"name\":\"Tecplan\",\"description\":\"\",\"potentialAction\":[{\"@type\":\"SearchAction\",\"target\":{\"@type\":\"EntryPoint\",\"urlTemplate\":\"https:\/\/tecplan.com.es\/?s={search_term_string}\"},\"query-input\":{\"@type\":\"PropertyValueSpecification\",\"valueRequired\":true,\"valueName\":\"search_term_string\"}}],\"inLanguage\":\"en-US\"}]}<\/script>\n<!-- \/ Yoast SEO plugin. -->","yoast_head_json":{"title":"Conmutador Matriz HDMI de 16 puertos 4K - Tecplan","robots":{"index":"index","follow":"follow","max-snippet":"max-snippet:-1","max-image-preview":"max-image-preview:large","max-video-preview":"max-video-preview:-1"},"canonical":"https:\/\/tecplan.com.es\/en\/product\/conmutador-matriz-hdmi-de-16-puertos-4k\/","og_locale":"en_US","og_type":"article","og_title":"Conmutador Matriz HDMI de 16 puertos 4K - Tecplan","og_description":"Caracter\u00edsticas   Resoluci\u00f3n m\u00e1xima de hasta 3840*2160@30Hz.  Cada salida HDMI puede compartir la misma entrada o seleccionar una entrada independiente.  Admite formato de audio PCM, Dolby AC3, DTS5.1, DTS7.1 y DSD.  Gesti\u00f3n inteligente de EDID, h\u00e1galo compatible con la mayor\u00eda de los dispositivos de visualizaci\u00f3n.  El estado de la matriz se puede memorizar despu\u00e9s del apagado y restaurar autom\u00e1ticamente el estado anterior de la matriz despu\u00e9s del siguiente encendido.  Matriz de f\u00e1cil control mediante receptor IR, teclado frontal y PC (v\u00eda LAN o puerto RS232).  F\u00e1cil visualizaci\u00f3n del estado de enrutamiento a trav\u00e9s de la pantalla LCD.  Admite conexiones preestablecidas por el usuario.  Admite pantallas y fuentes de enlace \u00fanico DVI-D con el uso de adaptadores HDMI a DVI.","og_url":"https:\/\/tecplan.com.es\/en\/product\/conmutador-matriz-hdmi-de-16-puertos-4k\/","og_site_name":"Tecplan","article_modified_time":"2026-01-02T22:33:56+00:00","og_image":[{"width":750,"height":750,"url":"https:\/\/tecplan.com.es\/wp-content\/uploads\/2025\/06\/HDMI-de-16-enruta-16-fuentes.webp","type":"image\/webp"}],"twitter_card":"summary_large_image","twitter_misc":{"Est. reading time":"1 minute"},"schema":{"@context":"https:\/\/schema.org","@graph":[{"@type":"WebPage","@id":"https:\/\/tecplan.com.es\/product\/conmutador-matriz-hdmi-de-16-puertos-4k\/","url":"https:\/\/tecplan.com.es\/product\/conmutador-matriz-hdmi-de-16-puertos-4k\/","name":"Conmutador Matriz HDMI de 16 puertos 4K - Tecplan","isPartOf":{"@id":"https:\/\/tecplan.com.es\/#website"},"primaryImageOfPage":{"@id":"https:\/\/tecplan.com.es\/product\/conmutador-matriz-hdmi-de-16-puertos-4k\/#primaryimage"},"image":{"@id":"https:\/\/tecplan.com.es\/product\/conmutador-matriz-hdmi-de-16-puertos-4k\/#primaryimage"},"thumbnailUrl":"https:\/\/tecplan.com.es\/wp-content\/uploads\/2025\/06\/HDMI-de-16-enruta-16-fuentes.webp","datePublished":"2025-06-27T16:24:11+00:00","dateModified":"2026-01-02T22:33:56+00:00","breadcrumb":{"@id":"https:\/\/tecplan.com.es\/product\/conmutador-matriz-hdmi-de-16-puertos-4k\/#breadcrumb"},"inLanguage":"en-US","potentialAction":[{"@type":"ReadAction","target":["https:\/\/tecplan.com.es\/product\/conmutador-matriz-hdmi-de-16-puertos-4k\/"]}]},{"@type":"ImageObject","inLanguage":"en-US","@id":"https:\/\/tecplan.com.es\/product\/conmutador-matriz-hdmi-de-16-puertos-4k\/#primaryimage","url":"https:\/\/tecplan.com.es\/wp-content\/uploads\/2025\/06\/HDMI-de-16-enruta-16-fuentes.webp","contentUrl":"https:\/\/tecplan.com.es\/wp-content\/uploads\/2025\/06\/HDMI-de-16-enruta-16-fuentes.webp","width":750,"height":750},{"@type":"BreadcrumbList","@id":"https:\/\/tecplan.com.es\/product\/conmutador-matriz-hdmi-de-16-puertos-4k\/#breadcrumb","itemListElement":[{"@type":"ListItem","position":1,"name":"Home","item":"https:\/\/tecplan.com.es\/"},{"@type":"ListItem","position":2,"name":"Shop","item":"https:\/\/tecplan.com.es\/shop\/"},{"@type":"ListItem","position":3,"name":"Conmutador Matriz HDMI de 16 puertos 4K"}]},{"@type":"WebSite","@id":"https:\/\/tecplan.com.es\/#website","url":"https:\/\/tecplan.com.es\/","name":"Tecplan","description":"","potentialAction":[{"@type":"SearchAction","target":{"@type":"EntryPoint","urlTemplate":"https:\/\/tecplan.com.es\/?s={search_term_string}"},"query-input":{"@type":"PropertyValueSpecification","valueRequired":true,"valueName":"search_term_string"}}],"inLanguage":"en-US"}]}},"_links":{"self":[{"href":"https:\/\/tecplan.com.es\/en\/wp-json\/wp\/v2\/product\/2084","targetHints":{"allow":["GET"]}}],"collection":[{"href":"https:\/\/tecplan.com.es\/en\/wp-json\/wp\/v2\/product"}],"about":[{"href":"https:\/\/tecplan.com.es\/en\/wp-json\/wp\/v2\/types\/product"}],"replies":[{"embeddable":true,"href":"https:\/\/tecplan.com.es\/en\/wp-json\/wp\/v2\/comments?post=2084"}],"version-history":[{"count":2,"href":"https:\/\/tecplan.com.es\/en\/wp-json\/wp\/v2\/product\/2084\/revisions"}],"predecessor-version":[{"id":2088,"href":"https:\/\/tecplan.com.es\/en\/wp-json\/wp\/v2\/product\/2084\/revisions\/2088"}],"wp:featuredmedia":[{"embeddable":true,"href":"https:\/\/tecplan.com.es\/en\/wp-json\/wp\/v2\/media\/2085"}],"wp:attachment":[{"href":"https:\/\/tecplan.com.es\/en\/wp-json\/wp\/v2\/media?parent=2084"}],"wp:term":[{"taxonomy":"product_brand","embeddable":true,"href":"https:\/\/tecplan.com.es\/en\/wp-json\/wp\/v2\/product_brand?post=2084"},{"taxonomy":"product_cat","embeddable":true,"href":"https:\/\/tecplan.com.es\/en\/wp-json\/wp\/v2\/product_cat?post=2084"},{"taxonomy":"product_tag","embeddable":true,"href":"https:\/\/tecplan.com.es\/en\/wp-json\/wp\/v2\/product_tag?post=2084"}],"curies":[{"name":"wp","href":"https:\/\/api.w.org\/{rel}","templated":true}]}}