{"id":2072,"date":"2025-06-27T16:01:06","date_gmt":"2025-06-27T16:01:06","guid":{"rendered":"https:\/\/tecplan.com.es\/?post_type=product&#038;p=2072"},"modified":"2025-06-27T16:01:57","modified_gmt":"2025-06-27T16:01:57","slug":"conmutador-kvm-monitor-de-4-puertos-hdmi","status":"publish","type":"product","link":"https:\/\/tecplan.com.es\/en\/product\/conmutador-kvm-monitor-de-4-puertos-hdmi\/","title":{"rendered":"Conmutador KVM monitor de 4 puertos HDMI"},"content":{"rendered":"<h6 class=\"product_title entry-title\"><strong>Conmutador KVM de monitor triple de 4 puertos HDMI 4K60Hz con concentrador USB 3.0, auriculares, audio y micr\u00f3fono<\/strong><\/h6>\n<p>The KVM switch comes with\u00a0<strong>complete PC cables<\/strong>\u00a0.\u00a0Se incluyen 4* cables HDMI\/USB + 8* HDMI (para el segundo y tercer monitor) a las computadoras. Comparta hasta 4 computadoras de escritorio o port\u00e1tiles con un juego de teclados, ratones y monitores triples.<\/p>\n<h6><span style=\"text-decoration: underline;\"><strong>Technical specifications<\/strong><\/span><\/h6>\n<ul>\n<li style=\"text-align: justify;\">Administre eficientemente 4 PC con un conjunto de teclado, mouse y pantallas triples 4K60Hz.<br \/>\n3 USB 3.0 (incluido 1 USB C), 2 de los cuales se pueden cargar. Uso compartido de USB 3.0 para impresoras, unidades de arranque, auriculares USB y c\u00e1maras web para teleconferencias.<\/li>\n<li style=\"text-align: justify;\">Recientemente se agreg\u00f3 un micr\u00f3fono integrado y salida de audio L\/R.<\/li>\n<li style=\"text-align: justify;\">Se agreg\u00f3 recientemente un puerto LAN para una conectividad de red estable. Aseg\u00farese de que las 4 computadoras est\u00e9n conectadas a la red a trav\u00e9s de RJ45 con una velocidad de hasta 100 Mbps.<\/li>\n<li style=\"text-align: justify;\">2 modos de funcionamiento: Modo 1 para escritorio extendido y Modo 2 para escritorio dividido (cada computadora se muestra en 1 monitor simult\u00e1neamente).<br \/>\nK&amp;M transfer for compatibility with various keyboard types: wired, wireless, mechanical, and gaming.<\/li>\n<li style=\"text-align: justify;\">Easy plug &amp; play setup with no drivers required.<\/li>\n<li style=\"text-align: justify;\">Compatible con Unix\/Windows\/Debian\/Ubuntu\/Fedora\/MacOS X\/Raspbian\/Ubuntu para Raspberry Pi y otros sistemas basados \u200b\u200ben Linux, ideales para escenarios dom\u00e9sticos, de oficina o educativos.<\/li>\n<li style=\"text-align: justify;\">3 ways to change inputs: keyboard shortcut keys, front panel buttons, or remote control.<\/li>\n<li style=\"text-align: justify;\">Assignable hotkey triggers from Scroll Lock to Right CTRL.<\/li>\n<li style=\"text-align: justify;\">Admite configuraciones de funciones en el panel frontal que pueden cambiar puertos, activar\/desactivar el escaneo autom\u00e1tico, cambiar el activador de teclas de acceso r\u00e1pido, bloquear audio y USB 3.0, y otras funciones.<\/li>\n<li style=\"text-align: justify;\">Admite el bloqueo de dispositivos de audio L\/R y USB 3.0 a una PC fija.<\/li>\n<li style=\"text-align: justify;\">KVM de bloqueo con un solo toque para proteger la informaci\u00f3n privada, con pausa de salida de audio y reducci\u00f3n del brillo de la pantalla LCD.<\/li>\n<li style=\"text-align: justify;\">Automatic scanning with adjustable time interval from 1 to 250 seconds.<\/li>\n<\/ul>","protected":false},"excerpt":{"rendered":"<h6><span style=\"text-decoration: underline;\"><strong>Caracter\u00edsticas\u00a0<\/strong><\/span><\/h6>\n<p>&nbsp;<\/p>\n<ul>\n<li style=\"text-align: justify;\">HDMI 2.0 admite 3840\u00d72160(4K)@60hz, 3440\u00d71440@100Hz, 2560\u00d71440@144Hz, QHD@144hz, FHD@144hz.<\/li>\n<li style=\"text-align: justify;\">Compatible con HDCP 2.2<\/li>\n<li style=\"text-align: justify;\">HDR 10 y Dolby Vision.<\/li>\n<li style=\"text-align: justify;\">EDID emulation to avoid icon resolution and reorganization.<\/li>\n<li style=\"text-align: justify;\">Zero-latency keyboard and mouse switching without delays.<\/li>\n<li style=\"text-align: justify;\">Infrared remote control (battery not included). Requires 2 AAA batteries.<\/li>\n<\/ul>\n<p><img decoding=\"async\" class=\"wp-image-2064 aligncenter\" src=\"https:\/\/tecplan.com.es\/wp-content\/uploads\/2025\/06\/testart-300x90.png\" alt=\"\" width=\"147\" height=\"44\" srcset=\"https:\/\/tecplan.com.es\/wp-content\/uploads\/2025\/06\/testart-300x90.png 300w, https:\/\/tecplan.com.es\/wp-content\/uploads\/2025\/06\/testart-768x230.png 768w, https:\/\/tecplan.com.es\/wp-content\/uploads\/2025\/06\/testart-18x5.png 18w, https:\/\/tecplan.com.es\/wp-content\/uploads\/2025\/06\/testart-600x180.png 600w, https:\/\/tecplan.com.es\/wp-content\/uploads\/2025\/06\/testart.png 1021w\" sizes=\"(max-width: 147px) 100vw, 147px\" \/><\/p>","protected":false},"featured_media":2074,"comment_status":"open","ping_status":"closed","template":"","meta":{"site-sidebar-layout":"default","site-content-layout":"","ast-site-content-layout":"default","site-content-style":"default","site-sidebar-style":"default","ast-global-header-display":"","ast-banner-title-visibility":"","ast-main-header-display":"","ast-hfb-above-header-display":"","ast-hfb-below-header-display":"","ast-hfb-mobile-header-display":"","site-post-title":"","ast-breadcrumbs-content":"","ast-featured-img":"","footer-sml-layout":"","ast-disable-related-posts":"","theme-transparent-header-meta":"default","adv-header-id-meta":"","stick-header-meta":"","header-above-stick-meta":"","header-main-stick-meta":"","header-below-stick-meta":"","astra-migrate-meta-layouts":"set","ast-page-background-enabled":"default","ast-page-background-meta":{"desktop":{"background-color":"var(--ast-global-color-5)","background-image":"","background-repeat":"repeat","background-position":"center center","background-size":"auto","background-attachment":"scroll","background-type":"","background-media":"","overlay-type":"","overlay-color":"","overlay-opacity":"","overlay-gradient":""},"tablet":{"background-color":"","background-image":"","background-repeat":"repeat","background-position":"center center","background-size":"auto","background-attachment":"scroll","background-type":"","background-media":"","overlay-type":"","overlay-color":"","overlay-opacity":"","overlay-gradient":""},"mobile":{"background-color":"","background-image":"","background-repeat":"repeat","background-position":"center center","background-size":"auto","background-attachment":"scroll","background-type":"","background-media":"","overlay-type":"","overlay-color":"","overlay-opacity":"","overlay-gradient":""}},"ast-content-background-meta":{"desktop":{"background-color":"var(--ast-global-color-4)","background-image":"","background-repeat":"repeat","background-position":"center center","background-size":"auto","background-attachment":"scroll","background-type":"","background-media":"","overlay-type":"","overlay-color":"","overlay-opacity":"","overlay-gradient":""},"tablet":{"background-color":"var(--ast-global-color-4)","background-image":"","background-repeat":"repeat","background-position":"center center","background-size":"auto","background-attachment":"scroll","background-type":"","background-media":"","overlay-type":"","overlay-color":"","overlay-opacity":"","overlay-gradient":""},"mobile":{"background-color":"var(--ast-global-color-4)","background-image":"","background-repeat":"repeat","background-position":"center center","background-size":"auto","background-attachment":"scroll","background-type":"","background-media":"","overlay-type":"","overlay-color":"","overlay-opacity":"","overlay-gradient":""}}},"product_brand":[240],"product_cat":[117,96,116],"product_tag":[215],"class_list":{"0":"post-2072","1":"product","2":"type-product","3":"status-publish","4":"has-post-thumbnail","6":"product_brand-tesmart","7":"product_cat-hub-hdmi","8":"product_cat-networking","9":"product_cat-tesmart","10":"product_tag-tesmart","11":"desktop-align-left","12":"tablet-align-left","13":"mobile-align-left","15":"first","16":"instock","17":"shipping-taxable","18":"product-type-simple"},"yoast_head":"<!-- This site is optimized with the Yoast SEO plugin v25.3 - https:\/\/yoast.com\/wordpress\/plugins\/seo\/ -->\n<title>Conmutador KVM monitor de 4 puertos HDMI - Tecplan<\/title>\n<meta name=\"robots\" content=\"index, follow, max-snippet:-1, max-image-preview:large, max-video-preview:-1\" \/>\n<link rel=\"canonical\" href=\"https:\/\/tecplan.com.es\/en\/product\/conmutador-kvm-monitor-de-4-puertos-hdmi\/\" \/>\n<meta property=\"og:locale\" content=\"en_US\" \/>\n<meta property=\"og:type\" content=\"article\" \/>\n<meta property=\"og:title\" content=\"Conmutador KVM monitor de 4 puertos HDMI - Tecplan\" \/>\n<meta property=\"og:description\" content=\"Caracter\u00edsticas\u00a0 &nbsp;   HDMI 2.0 admite 3840\u00d72160(4K)@60hz, 3440\u00d71440@100Hz, 2560\u00d71440@144Hz, QHD@144hz, FHD@144hz.  Compatible con HDCP 2.2  HDR 10 y Dolby Vision.  Emulaci\u00f3n EDID para evitar la resoluci\u00f3n y la reorganizaci\u00f3n de los iconos.  Sin demoras, cambio de teclado y mouse con latencia cero.  Mando a distancia por infrarrojos (bater\u00eda no incluida).\u00a0Requiere 2 pilas AAA.\" \/>\n<meta property=\"og:url\" content=\"https:\/\/tecplan.com.es\/en\/product\/conmutador-kvm-monitor-de-4-puertos-hdmi\/\" \/>\n<meta property=\"og:site_name\" content=\"Tecplan\" \/>\n<meta property=\"article:modified_time\" content=\"2025-06-27T16:01:57+00:00\" \/>\n<meta property=\"og:image\" content=\"https:\/\/tecplan.com.es\/wp-content\/uploads\/2025\/06\/Conmutador-KVM-1.webp\" \/>\n\t<meta property=\"og:image:width\" content=\"1000\" \/>\n\t<meta property=\"og:image:height\" content=\"1000\" \/>\n\t<meta property=\"og:image:type\" content=\"image\/webp\" \/>\n<meta name=\"twitter:card\" content=\"summary_large_image\" \/>\n<meta name=\"twitter:label1\" content=\"Est. reading time\" \/>\n\t<meta name=\"twitter:data1\" content=\"2 minutes\" \/>\n<script type=\"application\/ld+json\" class=\"yoast-schema-graph\">{\"@context\":\"https:\/\/schema.org\",\"@graph\":[{\"@type\":\"WebPage\",\"@id\":\"https:\/\/tecplan.com.es\/product\/conmutador-kvm-monitor-de-4-puertos-hdmi\/\",\"url\":\"https:\/\/tecplan.com.es\/product\/conmutador-kvm-monitor-de-4-puertos-hdmi\/\",\"name\":\"Conmutador KVM monitor de 4 puertos HDMI - Tecplan\",\"isPartOf\":{\"@id\":\"https:\/\/tecplan.com.es\/#website\"},\"primaryImageOfPage\":{\"@id\":\"https:\/\/tecplan.com.es\/product\/conmutador-kvm-monitor-de-4-puertos-hdmi\/#primaryimage\"},\"image\":{\"@id\":\"https:\/\/tecplan.com.es\/product\/conmutador-kvm-monitor-de-4-puertos-hdmi\/#primaryimage\"},\"thumbnailUrl\":\"https:\/\/tecplan.com.es\/wp-content\/uploads\/2025\/06\/Conmutador-KVM-1.webp\",\"datePublished\":\"2025-06-27T16:01:06+00:00\",\"dateModified\":\"2025-06-27T16:01:57+00:00\",\"breadcrumb\":{\"@id\":\"https:\/\/tecplan.com.es\/product\/conmutador-kvm-monitor-de-4-puertos-hdmi\/#breadcrumb\"},\"inLanguage\":\"en-US\",\"potentialAction\":[{\"@type\":\"ReadAction\",\"target\":[\"https:\/\/tecplan.com.es\/product\/conmutador-kvm-monitor-de-4-puertos-hdmi\/\"]}]},{\"@type\":\"ImageObject\",\"inLanguage\":\"en-US\",\"@id\":\"https:\/\/tecplan.com.es\/product\/conmutador-kvm-monitor-de-4-puertos-hdmi\/#primaryimage\",\"url\":\"https:\/\/tecplan.com.es\/wp-content\/uploads\/2025\/06\/Conmutador-KVM-1.webp\",\"contentUrl\":\"https:\/\/tecplan.com.es\/wp-content\/uploads\/2025\/06\/Conmutador-KVM-1.webp\",\"width\":1000,\"height\":1000},{\"@type\":\"BreadcrumbList\",\"@id\":\"https:\/\/tecplan.com.es\/product\/conmutador-kvm-monitor-de-4-puertos-hdmi\/#breadcrumb\",\"itemListElement\":[{\"@type\":\"ListItem\",\"position\":1,\"name\":\"Home\",\"item\":\"https:\/\/tecplan.com.es\/\"},{\"@type\":\"ListItem\",\"position\":2,\"name\":\"Shop\",\"item\":\"https:\/\/tecplan.com.es\/shop\/\"},{\"@type\":\"ListItem\",\"position\":3,\"name\":\"Conmutador KVM monitor de 4 puertos HDMI\"}]},{\"@type\":\"WebSite\",\"@id\":\"https:\/\/tecplan.com.es\/#website\",\"url\":\"https:\/\/tecplan.com.es\/\",\"name\":\"Tecplan\",\"description\":\"\",\"potentialAction\":[{\"@type\":\"SearchAction\",\"target\":{\"@type\":\"EntryPoint\",\"urlTemplate\":\"https:\/\/tecplan.com.es\/?s={search_term_string}\"},\"query-input\":{\"@type\":\"PropertyValueSpecification\",\"valueRequired\":true,\"valueName\":\"search_term_string\"}}],\"inLanguage\":\"en-US\"}]}<\/script>\n<!-- \/ Yoast SEO plugin. -->","yoast_head_json":{"title":"Conmutador KVM monitor de 4 puertos HDMI - Tecplan","robots":{"index":"index","follow":"follow","max-snippet":"max-snippet:-1","max-image-preview":"max-image-preview:large","max-video-preview":"max-video-preview:-1"},"canonical":"https:\/\/tecplan.com.es\/en\/product\/conmutador-kvm-monitor-de-4-puertos-hdmi\/","og_locale":"en_US","og_type":"article","og_title":"Conmutador KVM monitor de 4 puertos HDMI - Tecplan","og_description":"Caracter\u00edsticas\u00a0 &nbsp;   HDMI 2.0 admite 3840\u00d72160(4K)@60hz, 3440\u00d71440@100Hz, 2560\u00d71440@144Hz, QHD@144hz, FHD@144hz.  Compatible con HDCP 2.2  HDR 10 y Dolby Vision.  Emulaci\u00f3n EDID para evitar la resoluci\u00f3n y la reorganizaci\u00f3n de los iconos.  Sin demoras, cambio de teclado y mouse con latencia cero.  Mando a distancia por infrarrojos (bater\u00eda no incluida).\u00a0Requiere 2 pilas AAA.","og_url":"https:\/\/tecplan.com.es\/en\/product\/conmutador-kvm-monitor-de-4-puertos-hdmi\/","og_site_name":"Tecplan","article_modified_time":"2025-06-27T16:01:57+00:00","og_image":[{"width":1000,"height":1000,"url":"https:\/\/tecplan.com.es\/wp-content\/uploads\/2025\/06\/Conmutador-KVM-1.webp","type":"image\/webp"}],"twitter_card":"summary_large_image","twitter_misc":{"Est. reading time":"2 minutes"},"schema":{"@context":"https:\/\/schema.org","@graph":[{"@type":"WebPage","@id":"https:\/\/tecplan.com.es\/product\/conmutador-kvm-monitor-de-4-puertos-hdmi\/","url":"https:\/\/tecplan.com.es\/product\/conmutador-kvm-monitor-de-4-puertos-hdmi\/","name":"Conmutador KVM monitor de 4 puertos HDMI - Tecplan","isPartOf":{"@id":"https:\/\/tecplan.com.es\/#website"},"primaryImageOfPage":{"@id":"https:\/\/tecplan.com.es\/product\/conmutador-kvm-monitor-de-4-puertos-hdmi\/#primaryimage"},"image":{"@id":"https:\/\/tecplan.com.es\/product\/conmutador-kvm-monitor-de-4-puertos-hdmi\/#primaryimage"},"thumbnailUrl":"https:\/\/tecplan.com.es\/wp-content\/uploads\/2025\/06\/Conmutador-KVM-1.webp","datePublished":"2025-06-27T16:01:06+00:00","dateModified":"2025-06-27T16:01:57+00:00","breadcrumb":{"@id":"https:\/\/tecplan.com.es\/product\/conmutador-kvm-monitor-de-4-puertos-hdmi\/#breadcrumb"},"inLanguage":"en-US","potentialAction":[{"@type":"ReadAction","target":["https:\/\/tecplan.com.es\/product\/conmutador-kvm-monitor-de-4-puertos-hdmi\/"]}]},{"@type":"ImageObject","inLanguage":"en-US","@id":"https:\/\/tecplan.com.es\/product\/conmutador-kvm-monitor-de-4-puertos-hdmi\/#primaryimage","url":"https:\/\/tecplan.com.es\/wp-content\/uploads\/2025\/06\/Conmutador-KVM-1.webp","contentUrl":"https:\/\/tecplan.com.es\/wp-content\/uploads\/2025\/06\/Conmutador-KVM-1.webp","width":1000,"height":1000},{"@type":"BreadcrumbList","@id":"https:\/\/tecplan.com.es\/product\/conmutador-kvm-monitor-de-4-puertos-hdmi\/#breadcrumb","itemListElement":[{"@type":"ListItem","position":1,"name":"Home","item":"https:\/\/tecplan.com.es\/"},{"@type":"ListItem","position":2,"name":"Shop","item":"https:\/\/tecplan.com.es\/shop\/"},{"@type":"ListItem","position":3,"name":"Conmutador KVM monitor de 4 puertos HDMI"}]},{"@type":"WebSite","@id":"https:\/\/tecplan.com.es\/#website","url":"https:\/\/tecplan.com.es\/","name":"Tecplan","description":"","potentialAction":[{"@type":"SearchAction","target":{"@type":"EntryPoint","urlTemplate":"https:\/\/tecplan.com.es\/?s={search_term_string}"},"query-input":{"@type":"PropertyValueSpecification","valueRequired":true,"valueName":"search_term_string"}}],"inLanguage":"en-US"}]}},"_links":{"self":[{"href":"https:\/\/tecplan.com.es\/en\/wp-json\/wp\/v2\/product\/2072","targetHints":{"allow":["GET"]}}],"collection":[{"href":"https:\/\/tecplan.com.es\/en\/wp-json\/wp\/v2\/product"}],"about":[{"href":"https:\/\/tecplan.com.es\/en\/wp-json\/wp\/v2\/types\/product"}],"replies":[{"embeddable":true,"href":"https:\/\/tecplan.com.es\/en\/wp-json\/wp\/v2\/comments?post=2072"}],"version-history":[{"count":3,"href":"https:\/\/tecplan.com.es\/en\/wp-json\/wp\/v2\/product\/2072\/revisions"}],"predecessor-version":[{"id":2080,"href":"https:\/\/tecplan.com.es\/en\/wp-json\/wp\/v2\/product\/2072\/revisions\/2080"}],"wp:featuredmedia":[{"embeddable":true,"href":"https:\/\/tecplan.com.es\/en\/wp-json\/wp\/v2\/media\/2074"}],"wp:attachment":[{"href":"https:\/\/tecplan.com.es\/en\/wp-json\/wp\/v2\/media?parent=2072"}],"wp:term":[{"taxonomy":"product_brand","embeddable":true,"href":"https:\/\/tecplan.com.es\/en\/wp-json\/wp\/v2\/product_brand?post=2072"},{"taxonomy":"product_cat","embeddable":true,"href":"https:\/\/tecplan.com.es\/en\/wp-json\/wp\/v2\/product_cat?post=2072"},{"taxonomy":"product_tag","embeddable":true,"href":"https:\/\/tecplan.com.es\/en\/wp-json\/wp\/v2\/product_tag?post=2072"}],"curies":[{"name":"wp","href":"https:\/\/api.w.org\/{rel}","templated":true}]}}