{"id":2058,"date":"2025-06-26T22:18:56","date_gmt":"2025-06-26T22:18:56","guid":{"rendered":"https:\/\/tecplan.com.es\/?post_type=product&#038;p=2058"},"modified":"2025-10-13T22:33:19","modified_gmt":"2025-10-13T22:33:19","slug":"dispositivo-ip-pbx-modelo-ucm6510","status":"publish","type":"product","link":"https:\/\/tecplan.com.es\/en\/product\/dispositivo-ip-pbx-modelo-ucm6510\/","title":{"rendered":"IP PBX device model UCM6510"},"content":{"rendered":"<h6><span style=\"text-decoration: underline;\">IP PBX device model UCM6510<\/span><\/h6>\n<p style=\"text-align: justify;\">Designed to deliver cutting-edge voice, video, data, and mobility capabilities to medium and large enterprises and small and medium-sized businesses, the UCM6510 IP PBX creates a customizable, scalable, and comprehensive network solution. Powered by advanced hardware and software features, this converged voice, video, data, fax, security surveillance, and mobility solution anchors any communications network.<\/p>\n<p style=\"text-align: justify;\">The UCM6510 is an innovative IP PBX for E1\/T1\/J1 networks that brings enterprise-grade Unified Communications and security protection to companies, small and medium-sized businesses (SMBs), retail businesses, and residences in an easy-to-manage way. Built on an advanced hardware platform and featuring revolutionary software capabilities, the UCM6510 series offers a turnkey solution with cutting-edge technology for converged voice, video, data, fax, security surveillance, and mobility applications, ready to use without additional licenses or recurring costs.<\/p>\n<div class=\"row-fluid-wrapper row-depth-1 row-number-5 dnd-row\">\n<div class=\"row-fluid\">\n<div class=\"span12 widget-span widget-type-custom_widget dnd-module\" data-widget-type=\"custom_widget\" data-x=\"0\" data-w=\"12\">\n<div id=\"hs_cos_wrapper_widget_1615131194182\" class=\"hs_cos_wrapper hs_cos_wrapper_widget hs_cos_wrapper_type_module widget-type-header\" data-hs-cos-general-type=\"widget\" data-hs-cos-type=\"module\">\n<p style=\"text-align: justify;\"><span style=\"font-size: 16px;\">It supports up to 2000 users and 200 SIP trunk accounts, up to 200 simultaneous calls, and up to 64 conference attendees. <\/span><span style=\"font-size: 16px;\">Quad-core Cortex A9 processor at 1 GHz. <\/span><span style=\"font-size: 16px;\">1GB DDR3 RAM, 32GB flash memory. <\/span><span style=\"font-size: 16px;\">1 integrated T1\/E1\/J1 interface, 2 PSTN trunk FXO ports, 2 analog phone\/fax FXS ports with lifeline capability. <\/span><span style=\"font-size: 16px;\">Gigabit network ports with integrated PoE, USB, SD card and integrated NAT router. <\/span><span style=\"font-size: 16px;\">Comprehensive security protection through SRTP, TLS and HTTPS with hardware encryption accelerator. <\/span><span style=\"font-size: 16px;\">Quickly configure and provision Grandstream terminals using the Auto-Discovery and Zero Config features within the product's web user interface.<\/span><\/p>\n<\/div>\n<\/div>\n<\/div>\n<\/div>\n<p><!--more--><\/p>\n<h5 style=\"text-align: justify;\"><span style=\"text-decoration: underline;\"><strong>DOWNLOADS<\/strong><\/span><\/h5>\n<ul style=\"text-align: justify;\">\n<li><a href=\"https:\/\/drive.google.com\/file\/d\/1ggeJilve89-IvVikbbwMqqSmRuslrhVf\/view?usp=sharing\">\u2192 Technical specifications in Spanish\u00a0\u00a0<\/a><\/li>\n<\/ul>","protected":false},"excerpt":{"rendered":"<div class=\"row-fluid-wrapper row-depth-1 row-number-5 dnd-row\">\n<div class=\"row-fluid\">\n<div class=\"span12 widget-span widget-type-custom_widget dnd-module\" data-widget-type=\"custom_widget\" data-x=\"0\" data-w=\"12\">\n<div id=\"hs_cos_wrapper_widget_1615131194182\" class=\"hs_cos_wrapper hs_cos_wrapper_widget hs_cos_wrapper_type_module widget-type-header\" data-hs-cos-general-type=\"widget\" data-hs-cos-type=\"module\">\n<h6>Caracter\u00edsticas<\/h6>\n<\/div>\n<\/div>\n<\/div>\n<\/div>\n<div class=\"row-fluid-wrapper row-depth-1 row-number-6 dnd-row\">\n<div class=\"row-fluid\">\n<div class=\"span8 widget-span widget-type-cell dnd-column\" data-widget-type=\"cell\" data-x=\"0\" data-w=\"8\">\n<div class=\"row-fluid-wrapper row-depth-1 row-number-7 dnd-row\">\n<div class=\"row-fluid\">\n<div class=\"span12 widget-span widget-type-custom_widget dnd-module\" data-widget-type=\"custom_widget\" data-x=\"0\" data-w=\"12\">\n<div id=\"hs_cos_wrapper_widget_1615131062373\" class=\"hs_cos_wrapper hs_cos_wrapper_widget hs_cos_wrapper_type_module widget-type-rich_text\" data-hs-cos-general-type=\"widget\" data-hs-cos-type=\"module\">\n<ul>\n<li>It supports up to 2000 users and 200 SIP trunk accounts.<\/li>\n<li>Quad-core Cortex A9 processor at 1 GHz.<\/li>\n<li>1GB DDR3 RAM memory.<\/li>\n<li>32 GB flash memory.<\/li>\n<li>1 integrated T1\/E1\/J1 interface, 2 PSTN trunk FXO ports.<\/li>\n<li>2 FXS analog phone\/fax ports with lifeline capability.<\/li>\n<li>Gigabit network ports with integrated PoE, USB, SD card and integrated NAT router.<\/li>\n<li>Comprehensive security protection through SRTP, TLS and HTTPS.<\/li>\n<li>Quickly configure and provision terminals.<\/li>\n<\/ul>\n<p><img decoding=\"async\" class=\"wp-image-2022 aligncenter\" src=\"https:\/\/tecplan.com.es\/wp-content\/uploads\/2025\/06\/Grandstream-logo-300x77.png\" alt=\"\" width=\"199\" height=\"51\" srcset=\"https:\/\/tecplan.com.es\/wp-content\/uploads\/2025\/06\/Grandstream-logo-300x77.png 300w, https:\/\/tecplan.com.es\/wp-content\/uploads\/2025\/06\/Grandstream-logo-1024x262.png 1024w, https:\/\/tecplan.com.es\/wp-content\/uploads\/2025\/06\/Grandstream-logo-768x197.png 768w, https:\/\/tecplan.com.es\/wp-content\/uploads\/2025\/06\/Grandstream-logo-18x5.png 18w, https:\/\/tecplan.com.es\/wp-content\/uploads\/2025\/06\/Grandstream-logo-600x154.png 600w, https:\/\/tecplan.com.es\/wp-content\/uploads\/2025\/06\/Grandstream-logo.png 1321w\" sizes=\"(max-width: 199px) 100vw, 199px\" \/><\/p>\n<\/div>\n<\/div>\n<\/div>\n<\/div>\n<\/div>\n<\/div>\n<\/div>","protected":false},"featured_media":2059,"comment_status":"open","ping_status":"closed","template":"","meta":{"site-sidebar-layout":"default","site-content-layout":"","ast-site-content-layout":"default","site-content-style":"default","site-sidebar-style":"default","ast-global-header-display":"","ast-banner-title-visibility":"","ast-main-header-display":"","ast-hfb-above-header-display":"","ast-hfb-below-header-display":"","ast-hfb-mobile-header-display":"","site-post-title":"","ast-breadcrumbs-content":"","ast-featured-img":"","footer-sml-layout":"","ast-disable-related-posts":"","theme-transparent-header-meta":"default","adv-header-id-meta":"","stick-header-meta":"","header-above-stick-meta":"","header-main-stick-meta":"","header-below-stick-meta":"","astra-migrate-meta-layouts":"set","ast-page-background-enabled":"default","ast-page-background-meta":{"desktop":{"background-color":"var(--ast-global-color-5)","background-image":"","background-repeat":"repeat","background-position":"center center","background-size":"auto","background-attachment":"scroll","background-type":"","background-media":"","overlay-type":"","overlay-color":"","overlay-opacity":"","overlay-gradient":""},"tablet":{"background-color":"","background-image":"","background-repeat":"repeat","background-position":"center center","background-size":"auto","background-attachment":"scroll","background-type":"","background-media":"","overlay-type":"","overlay-color":"","overlay-opacity":"","overlay-gradient":""},"mobile":{"background-color":"","background-image":"","background-repeat":"repeat","background-position":"center center","background-size":"auto","background-attachment":"scroll","background-type":"","background-media":"","overlay-type":"","overlay-color":"","overlay-opacity":"","overlay-gradient":""}},"ast-content-background-meta":{"desktop":{"background-color":"var(--ast-global-color-4)","background-image":"","background-repeat":"repeat","background-position":"center center","background-size":"auto","background-attachment":"scroll","background-type":"","background-media":"","overlay-type":"","overlay-color":"","overlay-opacity":"","overlay-gradient":""},"tablet":{"background-color":"var(--ast-global-color-4)","background-image":"","background-repeat":"repeat","background-position":"center center","background-size":"auto","background-attachment":"scroll","background-type":"","background-media":"","overlay-type":"","overlay-color":"","overlay-opacity":"","overlay-gradient":""},"mobile":{"background-color":"var(--ast-global-color-4)","background-image":"","background-repeat":"repeat","background-position":"center center","background-size":"auto","background-attachment":"scroll","background-type":"","background-media":"","overlay-type":"","overlay-color":"","overlay-opacity":"","overlay-gradient":""}}},"product_brand":[238],"product_cat":[152,153,154,142,155],"product_tag":[220],"class_list":{"0":"post-2058","1":"product","2":"type-product","3":"status-publish","4":"has-post-thumbnail","6":"product_brand-grandstream","7":"product_cat-grandstream","8":"product_cat-otros-grandstream","9":"product_cat-pbx","10":"product_cat-telefonia","11":"product_cat-telefonos-ip-grandstream","12":"product_tag-grandstream","13":"desktop-align-left","14":"tablet-align-left","15":"mobile-align-left","17":"first","18":"instock","19":"shipping-taxable","20":"product-type-simple"},"yoast_head":"<!-- This site is optimized with the Yoast SEO plugin v25.3 - https:\/\/yoast.com\/wordpress\/plugins\/seo\/ -->\n<title>Dispositivo IP PBX modelo UCM6510 - Tecplan<\/title>\n<meta name=\"robots\" content=\"index, follow, max-snippet:-1, max-image-preview:large, max-video-preview:-1\" \/>\n<link rel=\"canonical\" href=\"https:\/\/tecplan.com.es\/en\/product\/dispositivo-ip-pbx-modelo-ucm6510\/\" \/>\n<meta property=\"og:locale\" content=\"en_US\" \/>\n<meta property=\"og:type\" content=\"article\" \/>\n<meta property=\"og:title\" content=\"Dispositivo IP PBX modelo UCM6510 - Tecplan\" \/>\n<meta property=\"og:description\" content=\"Caracter\u00edsticas              Admite hasta 2000 usuarios y 200 cuentas de troncales SIP.  Procesador Cortex A9 de cuatro n\u00facleos a 1 GHz.  Memoria RAM DDR3 de 1 GB.  Memoria flash de 32 GB.  1 interfaz T1\/E1\/J1 integrada, 2 puertos FXO troncales PSTN.  2 puertos FXS de tel\u00e9fono\/fax anal\u00f3gicos con capacidad de l\u00ednea de vida.  Puertos de red Gigabit con PoE integrado, USB, tarjeta SD y enrutador NAT integrado.  Protecci\u00f3n de seguridad integral mediante SRTP, TLS y HTTPS.  Configure y aprovisione r\u00e1pidamente terminales.\" \/>\n<meta property=\"og:url\" content=\"https:\/\/tecplan.com.es\/en\/product\/dispositivo-ip-pbx-modelo-ucm6510\/\" \/>\n<meta property=\"og:site_name\" content=\"Tecplan\" \/>\n<meta property=\"article:modified_time\" content=\"2025-10-13T22:33:19+00:00\" \/>\n<meta property=\"og:image\" content=\"https:\/\/tecplan.com.es\/wp-content\/uploads\/2025\/06\/UCM6510-IP-PBX-02.jpg\" \/>\n\t<meta property=\"og:image:width\" content=\"2000\" \/>\n\t<meta property=\"og:image:height\" content=\"2000\" \/>\n\t<meta property=\"og:image:type\" content=\"image\/jpeg\" \/>\n<meta name=\"twitter:card\" content=\"summary_large_image\" \/>\n<meta name=\"twitter:label1\" content=\"Est. reading time\" \/>\n\t<meta name=\"twitter:data1\" content=\"2 minutes\" \/>\n<script type=\"application\/ld+json\" class=\"yoast-schema-graph\">{\"@context\":\"https:\/\/schema.org\",\"@graph\":[{\"@type\":\"WebPage\",\"@id\":\"https:\/\/tecplan.com.es\/product\/dispositivo-ip-pbx-modelo-ucm6510\/\",\"url\":\"https:\/\/tecplan.com.es\/product\/dispositivo-ip-pbx-modelo-ucm6510\/\",\"name\":\"Dispositivo IP PBX modelo UCM6510 - Tecplan\",\"isPartOf\":{\"@id\":\"https:\/\/tecplan.com.es\/#website\"},\"primaryImageOfPage\":{\"@id\":\"https:\/\/tecplan.com.es\/product\/dispositivo-ip-pbx-modelo-ucm6510\/#primaryimage\"},\"image\":{\"@id\":\"https:\/\/tecplan.com.es\/product\/dispositivo-ip-pbx-modelo-ucm6510\/#primaryimage\"},\"thumbnailUrl\":\"https:\/\/tecplan.com.es\/wp-content\/uploads\/2025\/06\/UCM6510-IP-PBX-02.jpg\",\"datePublished\":\"2025-06-26T22:18:56+00:00\",\"dateModified\":\"2025-10-13T22:33:19+00:00\",\"breadcrumb\":{\"@id\":\"https:\/\/tecplan.com.es\/product\/dispositivo-ip-pbx-modelo-ucm6510\/#breadcrumb\"},\"inLanguage\":\"en-US\",\"potentialAction\":[{\"@type\":\"ReadAction\",\"target\":[\"https:\/\/tecplan.com.es\/product\/dispositivo-ip-pbx-modelo-ucm6510\/\"]}]},{\"@type\":\"ImageObject\",\"inLanguage\":\"en-US\",\"@id\":\"https:\/\/tecplan.com.es\/product\/dispositivo-ip-pbx-modelo-ucm6510\/#primaryimage\",\"url\":\"https:\/\/tecplan.com.es\/wp-content\/uploads\/2025\/06\/UCM6510-IP-PBX-02.jpg\",\"contentUrl\":\"https:\/\/tecplan.com.es\/wp-content\/uploads\/2025\/06\/UCM6510-IP-PBX-02.jpg\",\"width\":2000,\"height\":2000},{\"@type\":\"BreadcrumbList\",\"@id\":\"https:\/\/tecplan.com.es\/product\/dispositivo-ip-pbx-modelo-ucm6510\/#breadcrumb\",\"itemListElement\":[{\"@type\":\"ListItem\",\"position\":1,\"name\":\"Home\",\"item\":\"https:\/\/tecplan.com.es\/\"},{\"@type\":\"ListItem\",\"position\":2,\"name\":\"Shop\",\"item\":\"https:\/\/tecplan.com.es\/shop\/\"},{\"@type\":\"ListItem\",\"position\":3,\"name\":\"Dispositivo IP PBX modelo UCM6510\"}]},{\"@type\":\"WebSite\",\"@id\":\"https:\/\/tecplan.com.es\/#website\",\"url\":\"https:\/\/tecplan.com.es\/\",\"name\":\"Tecplan\",\"description\":\"\",\"potentialAction\":[{\"@type\":\"SearchAction\",\"target\":{\"@type\":\"EntryPoint\",\"urlTemplate\":\"https:\/\/tecplan.com.es\/?s={search_term_string}\"},\"query-input\":{\"@type\":\"PropertyValueSpecification\",\"valueRequired\":true,\"valueName\":\"search_term_string\"}}],\"inLanguage\":\"en-US\"}]}<\/script>\n<!-- \/ Yoast SEO plugin. -->","yoast_head_json":{"title":"Dispositivo IP PBX modelo UCM6510 - Tecplan","robots":{"index":"index","follow":"follow","max-snippet":"max-snippet:-1","max-image-preview":"max-image-preview:large","max-video-preview":"max-video-preview:-1"},"canonical":"https:\/\/tecplan.com.es\/en\/product\/dispositivo-ip-pbx-modelo-ucm6510\/","og_locale":"en_US","og_type":"article","og_title":"Dispositivo IP PBX modelo UCM6510 - Tecplan","og_description":"Caracter\u00edsticas              Admite hasta 2000 usuarios y 200 cuentas de troncales SIP.  Procesador Cortex A9 de cuatro n\u00facleos a 1 GHz.  Memoria RAM DDR3 de 1 GB.  Memoria flash de 32 GB.  1 interfaz T1\/E1\/J1 integrada, 2 puertos FXO troncales PSTN.  2 puertos FXS de tel\u00e9fono\/fax anal\u00f3gicos con capacidad de l\u00ednea de vida.  Puertos de red Gigabit con PoE integrado, USB, tarjeta SD y enrutador NAT integrado.  Protecci\u00f3n de seguridad integral mediante SRTP, TLS y HTTPS.  Configure y aprovisione r\u00e1pidamente terminales.","og_url":"https:\/\/tecplan.com.es\/en\/product\/dispositivo-ip-pbx-modelo-ucm6510\/","og_site_name":"Tecplan","article_modified_time":"2025-10-13T22:33:19+00:00","og_image":[{"width":2000,"height":2000,"url":"https:\/\/tecplan.com.es\/wp-content\/uploads\/2025\/06\/UCM6510-IP-PBX-02.jpg","type":"image\/jpeg"}],"twitter_card":"summary_large_image","twitter_misc":{"Est. reading time":"2 minutes"},"schema":{"@context":"https:\/\/schema.org","@graph":[{"@type":"WebPage","@id":"https:\/\/tecplan.com.es\/product\/dispositivo-ip-pbx-modelo-ucm6510\/","url":"https:\/\/tecplan.com.es\/product\/dispositivo-ip-pbx-modelo-ucm6510\/","name":"Dispositivo IP PBX modelo UCM6510 - Tecplan","isPartOf":{"@id":"https:\/\/tecplan.com.es\/#website"},"primaryImageOfPage":{"@id":"https:\/\/tecplan.com.es\/product\/dispositivo-ip-pbx-modelo-ucm6510\/#primaryimage"},"image":{"@id":"https:\/\/tecplan.com.es\/product\/dispositivo-ip-pbx-modelo-ucm6510\/#primaryimage"},"thumbnailUrl":"https:\/\/tecplan.com.es\/wp-content\/uploads\/2025\/06\/UCM6510-IP-PBX-02.jpg","datePublished":"2025-06-26T22:18:56+00:00","dateModified":"2025-10-13T22:33:19+00:00","breadcrumb":{"@id":"https:\/\/tecplan.com.es\/product\/dispositivo-ip-pbx-modelo-ucm6510\/#breadcrumb"},"inLanguage":"en-US","potentialAction":[{"@type":"ReadAction","target":["https:\/\/tecplan.com.es\/product\/dispositivo-ip-pbx-modelo-ucm6510\/"]}]},{"@type":"ImageObject","inLanguage":"en-US","@id":"https:\/\/tecplan.com.es\/product\/dispositivo-ip-pbx-modelo-ucm6510\/#primaryimage","url":"https:\/\/tecplan.com.es\/wp-content\/uploads\/2025\/06\/UCM6510-IP-PBX-02.jpg","contentUrl":"https:\/\/tecplan.com.es\/wp-content\/uploads\/2025\/06\/UCM6510-IP-PBX-02.jpg","width":2000,"height":2000},{"@type":"BreadcrumbList","@id":"https:\/\/tecplan.com.es\/product\/dispositivo-ip-pbx-modelo-ucm6510\/#breadcrumb","itemListElement":[{"@type":"ListItem","position":1,"name":"Home","item":"https:\/\/tecplan.com.es\/"},{"@type":"ListItem","position":2,"name":"Shop","item":"https:\/\/tecplan.com.es\/shop\/"},{"@type":"ListItem","position":3,"name":"Dispositivo IP PBX modelo UCM6510"}]},{"@type":"WebSite","@id":"https:\/\/tecplan.com.es\/#website","url":"https:\/\/tecplan.com.es\/","name":"Tecplan","description":"","potentialAction":[{"@type":"SearchAction","target":{"@type":"EntryPoint","urlTemplate":"https:\/\/tecplan.com.es\/?s={search_term_string}"},"query-input":{"@type":"PropertyValueSpecification","valueRequired":true,"valueName":"search_term_string"}}],"inLanguage":"en-US"}]}},"_links":{"self":[{"href":"https:\/\/tecplan.com.es\/en\/wp-json\/wp\/v2\/product\/2058","targetHints":{"allow":["GET"]}}],"collection":[{"href":"https:\/\/tecplan.com.es\/en\/wp-json\/wp\/v2\/product"}],"about":[{"href":"https:\/\/tecplan.com.es\/en\/wp-json\/wp\/v2\/types\/product"}],"replies":[{"embeddable":true,"href":"https:\/\/tecplan.com.es\/en\/wp-json\/wp\/v2\/comments?post=2058"}],"version-history":[{"count":2,"href":"https:\/\/tecplan.com.es\/en\/wp-json\/wp\/v2\/product\/2058\/revisions"}],"predecessor-version":[{"id":2062,"href":"https:\/\/tecplan.com.es\/en\/wp-json\/wp\/v2\/product\/2058\/revisions\/2062"}],"wp:featuredmedia":[{"embeddable":true,"href":"https:\/\/tecplan.com.es\/en\/wp-json\/wp\/v2\/media\/2059"}],"wp:attachment":[{"href":"https:\/\/tecplan.com.es\/en\/wp-json\/wp\/v2\/media?parent=2058"}],"wp:term":[{"taxonomy":"product_brand","embeddable":true,"href":"https:\/\/tecplan.com.es\/en\/wp-json\/wp\/v2\/product_brand?post=2058"},{"taxonomy":"product_cat","embeddable":true,"href":"https:\/\/tecplan.com.es\/en\/wp-json\/wp\/v2\/product_cat?post=2058"},{"taxonomy":"product_tag","embeddable":true,"href":"https:\/\/tecplan.com.es\/en\/wp-json\/wp\/v2\/product_tag?post=2058"}],"curies":[{"name":"wp","href":"https:\/\/api.w.org\/{rel}","templated":true}]}}