{"id":2051,"date":"2025-06-26T22:08:08","date_gmt":"2025-06-26T22:08:08","guid":{"rendered":"https:\/\/tecplan.com.es\/?post_type=product&#038;p=2051"},"modified":"2025-06-26T22:08:39","modified_gmt":"2025-06-26T22:08:39","slug":"punto-de-acceso-a6-wi-fi-6e","status":"publish","type":"product","link":"https:\/\/tecplan.com.es\/en\/product\/punto-de-acceso-a6-wi-fi-6e\/","title":{"rendered":"A6 Access Point (Wi-Fi 6E)"},"content":{"rendered":"<h4 class=\"t-title\" style=\"text-align: justify;\">Speed \u200b\u200band capacity for dense markets and crowded towers<\/h4>\n<div class=\"l-image-text__body\" style=\"text-align: justify;\">\n<p>Compita con las ofertas de velocidad de fibra en torres tanto urbanas como rurales con la A6.\u00a0Las tecnolog\u00edas Wi-Fi 6E ofrecen una eficiencia espectral incomparable de 60 bps\/Hz y tecnolog\u00edas MIMO y OFDMA multiusuario 8\u00d78 de alta capacidad, lo que garantiza suficiente capacidad de AP para manejar grandes poblaciones (m\u00e1s de 200 suscriptores) en casi cualquier ubicaci\u00f3n de torre rural, o incluso en las zonas m\u00e1s entornos urbanos urbanos densos.<\/p>\n<\/div>\n<h4 class=\"t-title\" style=\"text-align: justify;\">Reliable in noisy environments<\/h4>\n<div class=\"l-image-text__body\">\n<p style=\"text-align: justify;\">Unlicensed bands often have saturated spectrum in cities, and even at tower placement sites in rural areas. The A6 offers an arsenal of new and advanced noise-fighting techniques to make it easier than ever to overcome noise conditions and deliver reliable services in the unlicensed spectrum.<\/p>\n<h4 class=\"t-title\" style=\"text-align: justify;\">Improved link budget in a small form factor<\/h4>\n<div class=\"l-image-text__body\">\n<p style=\"text-align: justify;\">Whether it's to overcome noise or penetrate a little more foliage near line of sight, who wouldn't want an improved link budget? The A6 features a host of new integrated antenna and baseband features to deliver a signal boost of over 10 dB without increasing the device's form factor size.<\/p>\n<h4 class=\"t-title\" style=\"text-align: justify;\">Easy to implement<\/h4>\n<div class=\"l-image-text__body\">\n<p style=\"text-align: justify;\">Small sites require complex and expensive switching and power equipment between backhauls and access points. As new devices introduce faster 10 Gbps equipment, these costs quickly make site expansion prohibitively expensive for ISPs. The A6 is equipped with an internal switch and multiple integrated 10 Gbps SFP+ ports for easy interconnectivity without the need for an external switch. Dedicated 48 V DC power inputs eliminate the need for additional Ethernet connections when deploying fiber.<\/p>\n<p style=\"text-align: justify;\">\n<\/div>\n<\/div>\n<\/div>\n<p><!--more--><\/p>\n<h5 style=\"text-align: justify;\"><span style=\"text-decoration: underline;\"><strong>DOWNLOADS<\/strong><\/span><\/h5>\n<ul style=\"text-align: justify;\">\n<li><a href=\"https:\/\/drive.google.com\/file\/d\/1NF6m4Jn_FUaX1d7NrlaUU6fU3SzoRxLp\/view?usp=sharing\">\u2192 Technical specifications in Spanish\u00a0\u00a0<\/a><\/li>\n<\/ul>","protected":false},"excerpt":{"rendered":"<p style=\"text-align: justify;\">The A6 sets a new standard in efficiency, performance, capacity, and interference handling for unlicensed PTMP deployments. New features such as OFDMA, 1024-QAM, 8-stream beamforming, and support for up to 160 MHz of bandwidth offer significant advancements in reliability and performance for the unlicensed band.<\/p>\n<p><img decoding=\"async\" class=\"wp-image-2052 aligncenter\" src=\"https:\/\/tecplan.com.es\/wp-content\/uploads\/2025\/06\/mimosa_logo-300x71.png\" alt=\"\" width=\"139\" height=\"33\" srcset=\"https:\/\/tecplan.com.es\/wp-content\/uploads\/2025\/06\/mimosa_logo-300x71.png 300w, https:\/\/tecplan.com.es\/wp-content\/uploads\/2025\/06\/mimosa_logo-1024x243.png 1024w, https:\/\/tecplan.com.es\/wp-content\/uploads\/2025\/06\/mimosa_logo-768x182.png 768w, https:\/\/tecplan.com.es\/wp-content\/uploads\/2025\/06\/mimosa_logo-1536x364.png 1536w, https:\/\/tecplan.com.es\/wp-content\/uploads\/2025\/06\/mimosa_logo-18x4.png 18w, https:\/\/tecplan.com.es\/wp-content\/uploads\/2025\/06\/mimosa_logo-600x142.png 600w, https:\/\/tecplan.com.es\/wp-content\/uploads\/2025\/06\/mimosa_logo.png 1775w\" sizes=\"(max-width: 139px) 100vw, 139px\" \/><\/p>","protected":false},"featured_media":2054,"comment_status":"open","ping_status":"closed","template":"","meta":{"site-sidebar-layout":"default","site-content-layout":"","ast-site-content-layout":"default","site-content-style":"default","site-sidebar-style":"default","ast-global-header-display":"","ast-banner-title-visibility":"","ast-main-header-display":"","ast-hfb-above-header-display":"","ast-hfb-below-header-display":"","ast-hfb-mobile-header-display":"","site-post-title":"","ast-breadcrumbs-content":"","ast-featured-img":"","footer-sml-layout":"","ast-disable-related-posts":"","theme-transparent-header-meta":"default","adv-header-id-meta":"","stick-header-meta":"","header-above-stick-meta":"","header-main-stick-meta":"","header-below-stick-meta":"","astra-migrate-meta-layouts":"set","ast-page-background-enabled":"default","ast-page-background-meta":{"desktop":{"background-color":"var(--ast-global-color-5)","background-image":"","background-repeat":"repeat","background-position":"center center","background-size":"auto","background-attachment":"scroll","background-type":"","background-media":"","overlay-type":"","overlay-color":"","overlay-opacity":"","overlay-gradient":""},"tablet":{"background-color":"","background-image":"","background-repeat":"repeat","background-position":"center center","background-size":"auto","background-attachment":"scroll","background-type":"","background-media":"","overlay-type":"","overlay-color":"","overlay-opacity":"","overlay-gradient":""},"mobile":{"background-color":"","background-image":"","background-repeat":"repeat","background-position":"center center","background-size":"auto","background-attachment":"scroll","background-type":"","background-media":"","overlay-type":"","overlay-color":"","overlay-opacity":"","overlay-gradient":""}},"ast-content-background-meta":{"desktop":{"background-color":"var(--ast-global-color-4)","background-image":"","background-repeat":"repeat","background-position":"center center","background-size":"auto","background-attachment":"scroll","background-type":"","background-media":"","overlay-type":"","overlay-color":"","overlay-opacity":"","overlay-gradient":""},"tablet":{"background-color":"var(--ast-global-color-4)","background-image":"","background-repeat":"repeat","background-position":"center center","background-size":"auto","background-attachment":"scroll","background-type":"","background-media":"","overlay-type":"","overlay-color":"","overlay-opacity":"","overlay-gradient":""},"mobile":{"background-color":"var(--ast-global-color-4)","background-image":"","background-repeat":"repeat","background-position":"center center","background-size":"auto","background-attachment":"scroll","background-type":"","background-media":"","overlay-type":"","overlay-color":"","overlay-opacity":"","overlay-gradient":""}}},"product_brand":[239],"product_cat":[124,122,96],"product_tag":[213],"class_list":{"0":"post-2051","1":"product","2":"type-product","3":"status-publish","4":"has-post-thumbnail","6":"product_brand-mimosa","7":"product_cat-enlace-punto-a-punto","8":"product_cat-mimosa","9":"product_cat-networking","10":"product_tag-mimosa","11":"desktop-align-left","12":"tablet-align-left","13":"mobile-align-left","15":"first","16":"instock","17":"shipping-taxable","18":"product-type-simple"},"yoast_head":"<!-- This site is optimized with the Yoast SEO plugin v25.3 - https:\/\/yoast.com\/wordpress\/plugins\/seo\/ -->\n<title>Punto de acceso A6 (Wi-Fi 6E ) - Tecplan<\/title>\n<meta name=\"robots\" content=\"index, follow, max-snippet:-1, max-image-preview:large, max-video-preview:-1\" \/>\n<link rel=\"canonical\" href=\"https:\/\/tecplan.com.es\/en\/product\/punto-de-acceso-a6-wi-fi-6e\/\" \/>\n<meta property=\"og:locale\" content=\"en_US\" \/>\n<meta property=\"og:type\" content=\"article\" \/>\n<meta property=\"og:title\" content=\"Punto de acceso A6 (Wi-Fi 6E ) - Tecplan\" \/>\n<meta property=\"og:description\" content=\"El A6 establece un nuevo est\u00e1ndar en eficiencia, rendimiento, capacidad y manejo de interferencias para implementaciones PTMP sin licencia.\u00a0Nuevas funciones como OFDMA, 1024-QAM, formaci\u00f3n de haces de 8 flujos y compatibilidad con hasta 160 MHz de ancho de banda ofrecen enormes avances en confiabilidad y rendimiento para la banda sin licencia.\" \/>\n<meta property=\"og:url\" content=\"https:\/\/tecplan.com.es\/en\/product\/punto-de-acceso-a6-wi-fi-6e\/\" \/>\n<meta property=\"og:site_name\" content=\"Tecplan\" \/>\n<meta property=\"article:modified_time\" content=\"2025-06-26T22:08:39+00:00\" \/>\n<meta property=\"og:image\" content=\"https:\/\/tecplan.com.es\/wp-content\/uploads\/2025\/06\/Acceso-supercargado-basado-en-Wi-Fi-6E-01.jpg\" \/>\n\t<meta property=\"og:image:width\" content=\"2000\" \/>\n\t<meta property=\"og:image:height\" content=\"2000\" \/>\n\t<meta property=\"og:image:type\" content=\"image\/jpeg\" \/>\n<meta name=\"twitter:card\" content=\"summary_large_image\" \/>\n<meta name=\"twitter:label1\" content=\"Est. reading time\" \/>\n\t<meta name=\"twitter:data1\" content=\"2 minutes\" \/>\n<script type=\"application\/ld+json\" class=\"yoast-schema-graph\">{\"@context\":\"https:\/\/schema.org\",\"@graph\":[{\"@type\":\"WebPage\",\"@id\":\"https:\/\/tecplan.com.es\/product\/punto-de-acceso-a6-wi-fi-6e\/\",\"url\":\"https:\/\/tecplan.com.es\/product\/punto-de-acceso-a6-wi-fi-6e\/\",\"name\":\"Punto de acceso A6 (Wi-Fi 6E ) - Tecplan\",\"isPartOf\":{\"@id\":\"https:\/\/tecplan.com.es\/#website\"},\"primaryImageOfPage\":{\"@id\":\"https:\/\/tecplan.com.es\/product\/punto-de-acceso-a6-wi-fi-6e\/#primaryimage\"},\"image\":{\"@id\":\"https:\/\/tecplan.com.es\/product\/punto-de-acceso-a6-wi-fi-6e\/#primaryimage\"},\"thumbnailUrl\":\"https:\/\/tecplan.com.es\/wp-content\/uploads\/2025\/06\/Acceso-supercargado-basado-en-Wi-Fi-6E-01.jpg\",\"datePublished\":\"2025-06-26T22:08:08+00:00\",\"dateModified\":\"2025-06-26T22:08:39+00:00\",\"breadcrumb\":{\"@id\":\"https:\/\/tecplan.com.es\/product\/punto-de-acceso-a6-wi-fi-6e\/#breadcrumb\"},\"inLanguage\":\"en-US\",\"potentialAction\":[{\"@type\":\"ReadAction\",\"target\":[\"https:\/\/tecplan.com.es\/product\/punto-de-acceso-a6-wi-fi-6e\/\"]}]},{\"@type\":\"ImageObject\",\"inLanguage\":\"en-US\",\"@id\":\"https:\/\/tecplan.com.es\/product\/punto-de-acceso-a6-wi-fi-6e\/#primaryimage\",\"url\":\"https:\/\/tecplan.com.es\/wp-content\/uploads\/2025\/06\/Acceso-supercargado-basado-en-Wi-Fi-6E-01.jpg\",\"contentUrl\":\"https:\/\/tecplan.com.es\/wp-content\/uploads\/2025\/06\/Acceso-supercargado-basado-en-Wi-Fi-6E-01.jpg\",\"width\":2000,\"height\":2000},{\"@type\":\"BreadcrumbList\",\"@id\":\"https:\/\/tecplan.com.es\/product\/punto-de-acceso-a6-wi-fi-6e\/#breadcrumb\",\"itemListElement\":[{\"@type\":\"ListItem\",\"position\":1,\"name\":\"Home\",\"item\":\"https:\/\/tecplan.com.es\/\"},{\"@type\":\"ListItem\",\"position\":2,\"name\":\"Shop\",\"item\":\"https:\/\/tecplan.com.es\/shop\/\"},{\"@type\":\"ListItem\",\"position\":3,\"name\":\"Punto de acceso A6 (Wi-Fi 6E )\"}]},{\"@type\":\"WebSite\",\"@id\":\"https:\/\/tecplan.com.es\/#website\",\"url\":\"https:\/\/tecplan.com.es\/\",\"name\":\"Tecplan\",\"description\":\"\",\"potentialAction\":[{\"@type\":\"SearchAction\",\"target\":{\"@type\":\"EntryPoint\",\"urlTemplate\":\"https:\/\/tecplan.com.es\/?s={search_term_string}\"},\"query-input\":{\"@type\":\"PropertyValueSpecification\",\"valueRequired\":true,\"valueName\":\"search_term_string\"}}],\"inLanguage\":\"en-US\"}]}<\/script>\n<!-- \/ Yoast SEO plugin. -->","yoast_head_json":{"title":"Punto de acceso A6 (Wi-Fi 6E ) - Tecplan","robots":{"index":"index","follow":"follow","max-snippet":"max-snippet:-1","max-image-preview":"max-image-preview:large","max-video-preview":"max-video-preview:-1"},"canonical":"https:\/\/tecplan.com.es\/en\/product\/punto-de-acceso-a6-wi-fi-6e\/","og_locale":"en_US","og_type":"article","og_title":"Punto de acceso A6 (Wi-Fi 6E ) - Tecplan","og_description":"El A6 establece un nuevo est\u00e1ndar en eficiencia, rendimiento, capacidad y manejo de interferencias para implementaciones PTMP sin licencia.\u00a0Nuevas funciones como OFDMA, 1024-QAM, formaci\u00f3n de haces de 8 flujos y compatibilidad con hasta 160 MHz de ancho de banda ofrecen enormes avances en confiabilidad y rendimiento para la banda sin licencia.","og_url":"https:\/\/tecplan.com.es\/en\/product\/punto-de-acceso-a6-wi-fi-6e\/","og_site_name":"Tecplan","article_modified_time":"2025-06-26T22:08:39+00:00","og_image":[{"width":2000,"height":2000,"url":"https:\/\/tecplan.com.es\/wp-content\/uploads\/2025\/06\/Acceso-supercargado-basado-en-Wi-Fi-6E-01.jpg","type":"image\/jpeg"}],"twitter_card":"summary_large_image","twitter_misc":{"Est. reading time":"2 minutes"},"schema":{"@context":"https:\/\/schema.org","@graph":[{"@type":"WebPage","@id":"https:\/\/tecplan.com.es\/product\/punto-de-acceso-a6-wi-fi-6e\/","url":"https:\/\/tecplan.com.es\/product\/punto-de-acceso-a6-wi-fi-6e\/","name":"Punto de acceso A6 (Wi-Fi 6E ) - Tecplan","isPartOf":{"@id":"https:\/\/tecplan.com.es\/#website"},"primaryImageOfPage":{"@id":"https:\/\/tecplan.com.es\/product\/punto-de-acceso-a6-wi-fi-6e\/#primaryimage"},"image":{"@id":"https:\/\/tecplan.com.es\/product\/punto-de-acceso-a6-wi-fi-6e\/#primaryimage"},"thumbnailUrl":"https:\/\/tecplan.com.es\/wp-content\/uploads\/2025\/06\/Acceso-supercargado-basado-en-Wi-Fi-6E-01.jpg","datePublished":"2025-06-26T22:08:08+00:00","dateModified":"2025-06-26T22:08:39+00:00","breadcrumb":{"@id":"https:\/\/tecplan.com.es\/product\/punto-de-acceso-a6-wi-fi-6e\/#breadcrumb"},"inLanguage":"en-US","potentialAction":[{"@type":"ReadAction","target":["https:\/\/tecplan.com.es\/product\/punto-de-acceso-a6-wi-fi-6e\/"]}]},{"@type":"ImageObject","inLanguage":"en-US","@id":"https:\/\/tecplan.com.es\/product\/punto-de-acceso-a6-wi-fi-6e\/#primaryimage","url":"https:\/\/tecplan.com.es\/wp-content\/uploads\/2025\/06\/Acceso-supercargado-basado-en-Wi-Fi-6E-01.jpg","contentUrl":"https:\/\/tecplan.com.es\/wp-content\/uploads\/2025\/06\/Acceso-supercargado-basado-en-Wi-Fi-6E-01.jpg","width":2000,"height":2000},{"@type":"BreadcrumbList","@id":"https:\/\/tecplan.com.es\/product\/punto-de-acceso-a6-wi-fi-6e\/#breadcrumb","itemListElement":[{"@type":"ListItem","position":1,"name":"Home","item":"https:\/\/tecplan.com.es\/"},{"@type":"ListItem","position":2,"name":"Shop","item":"https:\/\/tecplan.com.es\/shop\/"},{"@type":"ListItem","position":3,"name":"Punto de acceso A6 (Wi-Fi 6E )"}]},{"@type":"WebSite","@id":"https:\/\/tecplan.com.es\/#website","url":"https:\/\/tecplan.com.es\/","name":"Tecplan","description":"","potentialAction":[{"@type":"SearchAction","target":{"@type":"EntryPoint","urlTemplate":"https:\/\/tecplan.com.es\/?s={search_term_string}"},"query-input":{"@type":"PropertyValueSpecification","valueRequired":true,"valueName":"search_term_string"}}],"inLanguage":"en-US"}]}},"_links":{"self":[{"href":"https:\/\/tecplan.com.es\/en\/wp-json\/wp\/v2\/product\/2051","targetHints":{"allow":["GET"]}}],"collection":[{"href":"https:\/\/tecplan.com.es\/en\/wp-json\/wp\/v2\/product"}],"about":[{"href":"https:\/\/tecplan.com.es\/en\/wp-json\/wp\/v2\/types\/product"}],"replies":[{"embeddable":true,"href":"https:\/\/tecplan.com.es\/en\/wp-json\/wp\/v2\/comments?post=2051"}],"version-history":[{"count":3,"href":"https:\/\/tecplan.com.es\/en\/wp-json\/wp\/v2\/product\/2051\/revisions"}],"predecessor-version":[{"id":2056,"href":"https:\/\/tecplan.com.es\/en\/wp-json\/wp\/v2\/product\/2051\/revisions\/2056"}],"wp:featuredmedia":[{"embeddable":true,"href":"https:\/\/tecplan.com.es\/en\/wp-json\/wp\/v2\/media\/2054"}],"wp:attachment":[{"href":"https:\/\/tecplan.com.es\/en\/wp-json\/wp\/v2\/media?parent=2051"}],"wp:term":[{"taxonomy":"product_brand","embeddable":true,"href":"https:\/\/tecplan.com.es\/en\/wp-json\/wp\/v2\/product_brand?post=2051"},{"taxonomy":"product_cat","embeddable":true,"href":"https:\/\/tecplan.com.es\/en\/wp-json\/wp\/v2\/product_cat?post=2051"},{"taxonomy":"product_tag","embeddable":true,"href":"https:\/\/tecplan.com.es\/en\/wp-json\/wp\/v2\/product_tag?post=2051"}],"curies":[{"name":"wp","href":"https:\/\/api.w.org\/{rel}","templated":true}]}}