{"id":2021,"date":"2025-06-25T22:41:20","date_gmt":"2025-06-25T22:41:20","guid":{"rendered":"https:\/\/tecplan.com.es\/?post_type=product&#038;p=2021"},"modified":"2025-10-13T22:35:25","modified_gmt":"2025-10-13T22:35:25","slug":"telefonos-ip-ghp610-ghp611","status":"publish","type":"product","link":"https:\/\/tecplan.com.es\/en\/product\/telefonos-ip-ghp610-ghp611\/","title":{"rendered":"GHP610\/GHP611 IP Phones"},"content":{"rendered":"<p style=\"text-align: justify;\">The GHP610\/GHP610W and GHP611\/GHP611W are compact IP phones that provide an HD speakerphone in the handset, 2 SIP accounts\/lines, 10 speed dial keys and 3 programmable keys, ideal for deployments in hotels and many other similar environments.<\/p>\n<p style=\"text-align: justify;\"><em>Compact Hotel Telephones Offer for Hotel Deployments and Other Similar Environments. <\/em>The GHP610(W) and GHP611(W) include an HD speakerphone, 2 SIP accounts\/lines, 10 speed dial keys and 3 programmable keys and include 2 models with integrated dual-band Wi-Fi support (GHP610W and GHP611W).<\/p>\n<p>Two SIP accounts, two lines. Online device management and provisioning via GDMS. Three-way audio conferencing for easy conference calls. Integrated dual-band 2.4 GHz and 5 GHz 802.11 a\/b\/g\/n\/ac (GHP610W and GHP611W only). Includes a 100 Mbps network port with PoE (GHP610 and GHP611 only). Speed \u200b\u200bdial label and interchangeable faceplate for easy customization. Hearing Aid Compatibility (HAC). Enterprise-grade protection including Secure Boot.<\/p>\n<p>&nbsp;<\/p>","protected":false},"excerpt":{"rendered":"<div class=\"row-fluid-wrapper row-depth-1 row-number-5 dnd-row\">\n<div class=\"row-fluid\">\n<div class=\"span12 widget-span widget-type-custom_widget dnd-module\" data-widget-type=\"custom_widget\" data-x=\"0\" data-w=\"12\">\n<div id=\"hs_cos_wrapper_widget_1615131194182\" class=\"hs_cos_wrapper hs_cos_wrapper_widget hs_cos_wrapper_type_module widget-type-header\" data-hs-cos-general-type=\"widget\" data-hs-cos-type=\"module\">\n<h3><span style=\"text-decoration: underline;\">Caracter\u00edsticas<\/span><\/h3>\n<\/div>\n<\/div>\n<\/div>\n<\/div>\n<div class=\"row-fluid-wrapper row-depth-1 row-number-6 cell_16151310628832-row-1-vertical-alignment dnd-row\">\n<div class=\"row-fluid\">\n<div class=\"span8 widget-span widget-type-cell cell_1615131176725-vertical-alignment dnd-column\" data-widget-type=\"cell\" data-x=\"0\" data-w=\"8\">\n<div class=\"row-fluid-wrapper row-depth-1 row-number-7 dnd-row\">\n<div class=\"row-fluid\">\n<div class=\"span12 widget-span widget-type-custom_widget dnd-module\" data-widget-type=\"custom_widget\" data-x=\"0\" data-w=\"12\">\n<div id=\"hs_cos_wrapper_widget_1615131062373\" class=\"hs_cos_wrapper hs_cos_wrapper_widget hs_cos_wrapper_type_module widget-type-rich_text\" data-hs-cos-general-type=\"widget\" data-hs-cos-type=\"module\">\n<ul>\n<li>2 SIP accounts, 2 lines<\/li>\n<li>Device management and provisioning<\/li>\n<li>3-way audio conferencing for calls<\/li>\n<li>Integrated dual-band 2.4 GHz and 5 GHz<\/li>\n<li>It includes a 100 Mbps network port<\/li>\n<li>Speed \u200b\u200bdial label<\/li>\n<li>Hearing Aid Compatibility (HAC)<\/li>\n<li>Includes secure boot<\/li>\n<\/ul>\n<p><img decoding=\"async\" class=\"wp-image-2022 aligncenter\" src=\"https:\/\/tecplan.com.es\/wp-content\/uploads\/2025\/06\/Grandstream-logo-300x77.png\" alt=\"\" width=\"175\" height=\"45\" srcset=\"https:\/\/tecplan.com.es\/wp-content\/uploads\/2025\/06\/Grandstream-logo-300x77.png 300w, https:\/\/tecplan.com.es\/wp-content\/uploads\/2025\/06\/Grandstream-logo-1024x262.png 1024w, https:\/\/tecplan.com.es\/wp-content\/uploads\/2025\/06\/Grandstream-logo-768x197.png 768w, https:\/\/tecplan.com.es\/wp-content\/uploads\/2025\/06\/Grandstream-logo-18x5.png 18w, https:\/\/tecplan.com.es\/wp-content\/uploads\/2025\/06\/Grandstream-logo-600x154.png 600w, https:\/\/tecplan.com.es\/wp-content\/uploads\/2025\/06\/Grandstream-logo.png 1321w\" sizes=\"(max-width: 175px) 100vw, 175px\" \/><\/p>\n<ul>\n<li><\/li>\n<\/ul>\n<\/div>\n<\/div>\n<\/div>\n<\/div>\n<\/div>\n<\/div>\n<\/div>","protected":false},"featured_media":2024,"comment_status":"open","ping_status":"closed","template":"","meta":{"site-sidebar-layout":"default","site-content-layout":"","ast-site-content-layout":"default","site-content-style":"default","site-sidebar-style":"default","ast-global-header-display":"","ast-banner-title-visibility":"","ast-main-header-display":"","ast-hfb-above-header-display":"","ast-hfb-below-header-display":"","ast-hfb-mobile-header-display":"","site-post-title":"","ast-breadcrumbs-content":"","ast-featured-img":"","footer-sml-layout":"","ast-disable-related-posts":"","theme-transparent-header-meta":"default","adv-header-id-meta":"","stick-header-meta":"","header-above-stick-meta":"","header-main-stick-meta":"","header-below-stick-meta":"","astra-migrate-meta-layouts":"set","ast-page-background-enabled":"default","ast-page-background-meta":{"desktop":{"background-color":"var(--ast-global-color-5)","background-image":"","background-repeat":"repeat","background-position":"center center","background-size":"auto","background-attachment":"scroll","background-type":"","background-media":"","overlay-type":"","overlay-color":"","overlay-opacity":"","overlay-gradient":""},"tablet":{"background-color":"","background-image":"","background-repeat":"repeat","background-position":"center center","background-size":"auto","background-attachment":"scroll","background-type":"","background-media":"","overlay-type":"","overlay-color":"","overlay-opacity":"","overlay-gradient":""},"mobile":{"background-color":"","background-image":"","background-repeat":"repeat","background-position":"center center","background-size":"auto","background-attachment":"scroll","background-type":"","background-media":"","overlay-type":"","overlay-color":"","overlay-opacity":"","overlay-gradient":""}},"ast-content-background-meta":{"desktop":{"background-color":"var(--ast-global-color-4)","background-image":"","background-repeat":"repeat","background-position":"center center","background-size":"auto","background-attachment":"scroll","background-type":"","background-media":"","overlay-type":"","overlay-color":"","overlay-opacity":"","overlay-gradient":""},"tablet":{"background-color":"var(--ast-global-color-4)","background-image":"","background-repeat":"repeat","background-position":"center center","background-size":"auto","background-attachment":"scroll","background-type":"","background-media":"","overlay-type":"","overlay-color":"","overlay-opacity":"","overlay-gradient":""},"mobile":{"background-color":"var(--ast-global-color-4)","background-image":"","background-repeat":"repeat","background-position":"center center","background-size":"auto","background-attachment":"scroll","background-type":"","background-media":"","overlay-type":"","overlay-color":"","overlay-opacity":"","overlay-gradient":""}}},"product_brand":[238],"product_cat":[152,153,142,155],"product_tag":[220],"class_list":{"0":"post-2021","1":"product","2":"type-product","3":"status-publish","4":"has-post-thumbnail","6":"product_brand-grandstream","7":"product_cat-grandstream","8":"product_cat-otros-grandstream","9":"product_cat-telefonia","10":"product_cat-telefonos-ip-grandstream","11":"product_tag-grandstream","12":"desktop-align-left","13":"tablet-align-left","14":"mobile-align-left","16":"first","17":"instock","18":"shipping-taxable","19":"product-type-simple"},"yoast_head":"<!-- This site is optimized with the Yoast SEO plugin v25.3 - https:\/\/yoast.com\/wordpress\/plugins\/seo\/ -->\n<title>Tel\u00e9fonos IP GHP610\/GHP611 - Tecplan<\/title>\n<meta name=\"robots\" content=\"index, follow, max-snippet:-1, max-image-preview:large, max-video-preview:-1\" \/>\n<link rel=\"canonical\" href=\"https:\/\/tecplan.com.es\/en\/product\/telefonos-ip-ghp610-ghp611\/\" \/>\n<meta property=\"og:locale\" content=\"en_US\" \/>\n<meta property=\"og:type\" content=\"article\" \/>\n<meta property=\"og:title\" content=\"Tel\u00e9fonos IP GHP610\/GHP611 - Tecplan\" \/>\n<meta property=\"og:description\" content=\"Caracter\u00edsticas              2 cuentas SIP, 2 l\u00edneas  Gesti\u00f3n y aprovisionamiento de dispositivos  Conferencia de audio de 3 v\u00edas para llamadas  Banda dual integrada 2,4 GHz y 5 GHz  Incluye un puerto de red de 100 Mbps  Etiqueta de marcaci\u00f3n r\u00e1pida  Compatibilidad con aud\u00edfonos (HAC)  Incluye arranque seguro\" \/>\n<meta property=\"og:url\" content=\"https:\/\/tecplan.com.es\/en\/product\/telefonos-ip-ghp610-ghp611\/\" \/>\n<meta property=\"og:site_name\" content=\"Tecplan\" \/>\n<meta property=\"article:modified_time\" content=\"2025-10-13T22:35:25+00:00\" \/>\n<meta property=\"og:image\" content=\"https:\/\/tecplan.com.es\/wp-content\/uploads\/2025\/06\/GHP610-11-01-1.jpg\" \/>\n\t<meta property=\"og:image:width\" content=\"2000\" \/>\n\t<meta property=\"og:image:height\" content=\"2000\" \/>\n\t<meta property=\"og:image:type\" content=\"image\/jpeg\" \/>\n<meta name=\"twitter:card\" content=\"summary_large_image\" \/>\n<meta name=\"twitter:label1\" content=\"Est. reading time\" \/>\n\t<meta name=\"twitter:data1\" content=\"1 minute\" \/>\n<script type=\"application\/ld+json\" class=\"yoast-schema-graph\">{\"@context\":\"https:\/\/schema.org\",\"@graph\":[{\"@type\":\"WebPage\",\"@id\":\"https:\/\/tecplan.com.es\/product\/telefonos-ip-ghp610-ghp611\/\",\"url\":\"https:\/\/tecplan.com.es\/product\/telefonos-ip-ghp610-ghp611\/\",\"name\":\"Tel\u00e9fonos IP GHP610\/GHP611 - Tecplan\",\"isPartOf\":{\"@id\":\"https:\/\/tecplan.com.es\/#website\"},\"primaryImageOfPage\":{\"@id\":\"https:\/\/tecplan.com.es\/product\/telefonos-ip-ghp610-ghp611\/#primaryimage\"},\"image\":{\"@id\":\"https:\/\/tecplan.com.es\/product\/telefonos-ip-ghp610-ghp611\/#primaryimage\"},\"thumbnailUrl\":\"https:\/\/tecplan.com.es\/wp-content\/uploads\/2025\/06\/GHP610-11-01-1.jpg\",\"datePublished\":\"2025-06-25T22:41:20+00:00\",\"dateModified\":\"2025-10-13T22:35:25+00:00\",\"breadcrumb\":{\"@id\":\"https:\/\/tecplan.com.es\/product\/telefonos-ip-ghp610-ghp611\/#breadcrumb\"},\"inLanguage\":\"en-US\",\"potentialAction\":[{\"@type\":\"ReadAction\",\"target\":[\"https:\/\/tecplan.com.es\/product\/telefonos-ip-ghp610-ghp611\/\"]}]},{\"@type\":\"ImageObject\",\"inLanguage\":\"en-US\",\"@id\":\"https:\/\/tecplan.com.es\/product\/telefonos-ip-ghp610-ghp611\/#primaryimage\",\"url\":\"https:\/\/tecplan.com.es\/wp-content\/uploads\/2025\/06\/GHP610-11-01-1.jpg\",\"contentUrl\":\"https:\/\/tecplan.com.es\/wp-content\/uploads\/2025\/06\/GHP610-11-01-1.jpg\",\"width\":2000,\"height\":2000},{\"@type\":\"BreadcrumbList\",\"@id\":\"https:\/\/tecplan.com.es\/product\/telefonos-ip-ghp610-ghp611\/#breadcrumb\",\"itemListElement\":[{\"@type\":\"ListItem\",\"position\":1,\"name\":\"Home\",\"item\":\"https:\/\/tecplan.com.es\/\"},{\"@type\":\"ListItem\",\"position\":2,\"name\":\"Shop\",\"item\":\"https:\/\/tecplan.com.es\/shop\/\"},{\"@type\":\"ListItem\",\"position\":3,\"name\":\"Tel\u00e9fonos IP GHP610\/GHP611\"}]},{\"@type\":\"WebSite\",\"@id\":\"https:\/\/tecplan.com.es\/#website\",\"url\":\"https:\/\/tecplan.com.es\/\",\"name\":\"Tecplan\",\"description\":\"\",\"potentialAction\":[{\"@type\":\"SearchAction\",\"target\":{\"@type\":\"EntryPoint\",\"urlTemplate\":\"https:\/\/tecplan.com.es\/?s={search_term_string}\"},\"query-input\":{\"@type\":\"PropertyValueSpecification\",\"valueRequired\":true,\"valueName\":\"search_term_string\"}}],\"inLanguage\":\"en-US\"}]}<\/script>\n<!-- \/ Yoast SEO plugin. -->","yoast_head_json":{"title":"Tel\u00e9fonos IP GHP610\/GHP611 - Tecplan","robots":{"index":"index","follow":"follow","max-snippet":"max-snippet:-1","max-image-preview":"max-image-preview:large","max-video-preview":"max-video-preview:-1"},"canonical":"https:\/\/tecplan.com.es\/en\/product\/telefonos-ip-ghp610-ghp611\/","og_locale":"en_US","og_type":"article","og_title":"Tel\u00e9fonos IP GHP610\/GHP611 - Tecplan","og_description":"Caracter\u00edsticas              2 cuentas SIP, 2 l\u00edneas  Gesti\u00f3n y aprovisionamiento de dispositivos  Conferencia de audio de 3 v\u00edas para llamadas  Banda dual integrada 2,4 GHz y 5 GHz  Incluye un puerto de red de 100 Mbps  Etiqueta de marcaci\u00f3n r\u00e1pida  Compatibilidad con aud\u00edfonos (HAC)  Incluye arranque seguro","og_url":"https:\/\/tecplan.com.es\/en\/product\/telefonos-ip-ghp610-ghp611\/","og_site_name":"Tecplan","article_modified_time":"2025-10-13T22:35:25+00:00","og_image":[{"width":2000,"height":2000,"url":"https:\/\/tecplan.com.es\/wp-content\/uploads\/2025\/06\/GHP610-11-01-1.jpg","type":"image\/jpeg"}],"twitter_card":"summary_large_image","twitter_misc":{"Est. reading time":"1 minute"},"schema":{"@context":"https:\/\/schema.org","@graph":[{"@type":"WebPage","@id":"https:\/\/tecplan.com.es\/product\/telefonos-ip-ghp610-ghp611\/","url":"https:\/\/tecplan.com.es\/product\/telefonos-ip-ghp610-ghp611\/","name":"Tel\u00e9fonos IP GHP610\/GHP611 - Tecplan","isPartOf":{"@id":"https:\/\/tecplan.com.es\/#website"},"primaryImageOfPage":{"@id":"https:\/\/tecplan.com.es\/product\/telefonos-ip-ghp610-ghp611\/#primaryimage"},"image":{"@id":"https:\/\/tecplan.com.es\/product\/telefonos-ip-ghp610-ghp611\/#primaryimage"},"thumbnailUrl":"https:\/\/tecplan.com.es\/wp-content\/uploads\/2025\/06\/GHP610-11-01-1.jpg","datePublished":"2025-06-25T22:41:20+00:00","dateModified":"2025-10-13T22:35:25+00:00","breadcrumb":{"@id":"https:\/\/tecplan.com.es\/product\/telefonos-ip-ghp610-ghp611\/#breadcrumb"},"inLanguage":"en-US","potentialAction":[{"@type":"ReadAction","target":["https:\/\/tecplan.com.es\/product\/telefonos-ip-ghp610-ghp611\/"]}]},{"@type":"ImageObject","inLanguage":"en-US","@id":"https:\/\/tecplan.com.es\/product\/telefonos-ip-ghp610-ghp611\/#primaryimage","url":"https:\/\/tecplan.com.es\/wp-content\/uploads\/2025\/06\/GHP610-11-01-1.jpg","contentUrl":"https:\/\/tecplan.com.es\/wp-content\/uploads\/2025\/06\/GHP610-11-01-1.jpg","width":2000,"height":2000},{"@type":"BreadcrumbList","@id":"https:\/\/tecplan.com.es\/product\/telefonos-ip-ghp610-ghp611\/#breadcrumb","itemListElement":[{"@type":"ListItem","position":1,"name":"Home","item":"https:\/\/tecplan.com.es\/"},{"@type":"ListItem","position":2,"name":"Shop","item":"https:\/\/tecplan.com.es\/shop\/"},{"@type":"ListItem","position":3,"name":"Tel\u00e9fonos IP GHP610\/GHP611"}]},{"@type":"WebSite","@id":"https:\/\/tecplan.com.es\/#website","url":"https:\/\/tecplan.com.es\/","name":"Tecplan","description":"","potentialAction":[{"@type":"SearchAction","target":{"@type":"EntryPoint","urlTemplate":"https:\/\/tecplan.com.es\/?s={search_term_string}"},"query-input":{"@type":"PropertyValueSpecification","valueRequired":true,"valueName":"search_term_string"}}],"inLanguage":"en-US"}]}},"_links":{"self":[{"href":"https:\/\/tecplan.com.es\/en\/wp-json\/wp\/v2\/product\/2021","targetHints":{"allow":["GET"]}}],"collection":[{"href":"https:\/\/tecplan.com.es\/en\/wp-json\/wp\/v2\/product"}],"about":[{"href":"https:\/\/tecplan.com.es\/en\/wp-json\/wp\/v2\/types\/product"}],"replies":[{"embeddable":true,"href":"https:\/\/tecplan.com.es\/en\/wp-json\/wp\/v2\/comments?post=2021"}],"version-history":[{"count":3,"href":"https:\/\/tecplan.com.es\/en\/wp-json\/wp\/v2\/product\/2021\/revisions"}],"predecessor-version":[{"id":2026,"href":"https:\/\/tecplan.com.es\/en\/wp-json\/wp\/v2\/product\/2021\/revisions\/2026"}],"wp:featuredmedia":[{"embeddable":true,"href":"https:\/\/tecplan.com.es\/en\/wp-json\/wp\/v2\/media\/2024"}],"wp:attachment":[{"href":"https:\/\/tecplan.com.es\/en\/wp-json\/wp\/v2\/media?parent=2021"}],"wp:term":[{"taxonomy":"product_brand","embeddable":true,"href":"https:\/\/tecplan.com.es\/en\/wp-json\/wp\/v2\/product_brand?post=2021"},{"taxonomy":"product_cat","embeddable":true,"href":"https:\/\/tecplan.com.es\/en\/wp-json\/wp\/v2\/product_cat?post=2021"},{"taxonomy":"product_tag","embeddable":true,"href":"https:\/\/tecplan.com.es\/en\/wp-json\/wp\/v2\/product_tag?post=2021"}],"curies":[{"name":"wp","href":"https:\/\/api.w.org\/{rel}","templated":true}]}}