{"id":2012,"date":"2025-06-25T22:22:25","date_gmt":"2025-06-25T22:22:25","guid":{"rendered":"https:\/\/tecplan.com.es\/?post_type=product&#038;p=2012"},"modified":"2026-01-02T22:50:43","modified_gmt":"2026-01-02T22:50:43","slug":"handy-baofeng-bf-888s","status":"publish","type":"product","link":"https:\/\/tecplan.com.es\/en\/product\/handy-baofeng-bf-888s\/","title":{"rendered":"Baofeng BF-888s Handy"},"content":{"rendered":"<p class=\"svelte-1sntxl4\" style=\"text-align: justify;\"><span class=\"svelte-1sntxl4\">The Baofeng BF-888S Handy is a\u00a0<\/span><span class=\"qa-highlight svelte-1sntxl4\"><span class=\"svelte-1sntxl4\">Portable radio that operates in the UHF band (400-470 MHz) and offers an output power of 5W<\/span><\/span><span class=\"svelte-1sntxl4\">Ideal for various activities such as hunting, fishing, mountaineering, environmental monitoring, communication between houses or vehicles, security, warehouses, construction, espionage, outdoors, paintball, airsoft, boating and sports. <\/span><span class=\"svelte-1sntxl4\">It has 16 programmable channels and a communication range of 6 to 10 km, although the actual range may vary depending on environmental conditions.<\/span><\/p>\n<p class=\"svelte-1sntxl4\" style=\"text-align: justify;\"><span class=\"svelte-1sntxl4\">The device includes a\u00a0<\/span><span class=\"qa-highlight svelte-1sntxl4\"><span class=\"svelte-1sntxl4\">1500 mAh Li-ion battery with a battery life of approximately 8 hours<\/span><\/span><span class=\"svelte-1sntxl4\">.<\/span>\u00a0<span class=\"svelte-1sntxl4\">In addition, it has a battery saving function, a built-in LED flashlight, and a low battery alert. <\/span><span class=\"svelte-1sntxl4\">The Baofeng BF-888S Handy also features a rigid 13cm antenna and weighs 198g with battery and antenna.<\/span><\/p>\n<p><!--more--><\/p>\n<h5 style=\"text-align: justify;\"><span style=\"text-decoration: underline;\"><strong>DOWNLOADS<\/strong><\/span><\/h5>\n<ul style=\"text-align: justify;\">\n<li><a href=\"https:\/\/drive.google.com\/file\/d\/1vpyq_xgHY1-PB-DI6KPIEwiEGQocjSa5\/view?usp=sharing\">\u2192 Technical specifications in Spanish\u00a0\u00a0<\/a><\/li>\n<\/ul>","protected":false},"excerpt":{"rendered":"<h5><span style=\"text-decoration: underline;\">Characteristics:<\/span><\/h5>\n<ul>\n<li>Color: Black<\/li>\n<li>Material: Polycarbonate and aluminum<\/li>\n<li>39 CTCSS codes and 83 DCS codes<\/li>\n<li>Range: UHF 400 ~ 470MHz<\/li>\n<li>16 frequency memory channels<\/li>\n<li>Channel spacing: 5\/6.25\/10\/12.5\/20\/25KHz<\/li>\n<li>Vox function<\/li>\n<li>Output power: 2W\/1W<\/li>\n<li>A programmable function key<\/li>\n<li>PC-USB Programming<\/li>\n<li>(requires cable \u2013 sold separately)<\/li>\n<li>3.7V 1500mAh Battery<\/li>\n<li>Type of operation: Single or half-duplex<\/li>\n<li>Dimensions: 110\u00d757\u00d728 mm (excluding antenna)<\/li>\n<li>Weight: 164g<\/li>\n<\/ul>\n<p><img decoding=\"async\" class=\"wp-image-2013 aligncenter\" src=\"https:\/\/tecplan.com.es\/wp-content\/uploads\/2025\/06\/descarga-300x75.png\" alt=\"\" width=\"152\" height=\"38\" srcset=\"https:\/\/tecplan.com.es\/wp-content\/uploads\/2025\/06\/descarga-300x75.png 300w, https:\/\/tecplan.com.es\/wp-content\/uploads\/2025\/06\/descarga-18x4.png 18w, https:\/\/tecplan.com.es\/wp-content\/uploads\/2025\/06\/descarga.png 450w\" sizes=\"(max-width: 152px) 100vw, 152px\" \/><\/p>","protected":false},"featured_media":2016,"comment_status":"open","ping_status":"closed","template":"","meta":{"site-sidebar-layout":"default","site-content-layout":"","ast-site-content-layout":"default","site-content-style":"default","site-sidebar-style":"default","ast-global-header-display":"","ast-banner-title-visibility":"","ast-main-header-display":"","ast-hfb-above-header-display":"","ast-hfb-below-header-display":"","ast-hfb-mobile-header-display":"","site-post-title":"","ast-breadcrumbs-content":"","ast-featured-img":"","footer-sml-layout":"","ast-disable-related-posts":"","theme-transparent-header-meta":"default","adv-header-id-meta":"","stick-header-meta":"","header-above-stick-meta":"","header-main-stick-meta":"","header-below-stick-meta":"","astra-migrate-meta-layouts":"set","ast-page-background-enabled":"default","ast-page-background-meta":{"desktop":{"background-color":"var(--ast-global-color-5)","background-image":"","background-repeat":"repeat","background-position":"center center","background-size":"auto","background-attachment":"scroll","background-type":"","background-media":"","overlay-type":"","overlay-color":"","overlay-opacity":"","overlay-gradient":""},"tablet":{"background-color":"","background-image":"","background-repeat":"repeat","background-position":"center center","background-size":"auto","background-attachment":"scroll","background-type":"","background-media":"","overlay-type":"","overlay-color":"","overlay-opacity":"","overlay-gradient":""},"mobile":{"background-color":"","background-image":"","background-repeat":"repeat","background-position":"center center","background-size":"auto","background-attachment":"scroll","background-type":"","background-media":"","overlay-type":"","overlay-color":"","overlay-opacity":"","overlay-gradient":""}},"ast-content-background-meta":{"desktop":{"background-color":"var(--ast-global-color-4)","background-image":"","background-repeat":"repeat","background-position":"center center","background-size":"auto","background-attachment":"scroll","background-type":"","background-media":"","overlay-type":"","overlay-color":"","overlay-opacity":"","overlay-gradient":""},"tablet":{"background-color":"var(--ast-global-color-4)","background-image":"","background-repeat":"repeat","background-position":"center center","background-size":"auto","background-attachment":"scroll","background-type":"","background-media":"","overlay-type":"","overlay-color":"","overlay-opacity":"","overlay-gradient":""},"mobile":{"background-color":"var(--ast-global-color-4)","background-image":"","background-repeat":"repeat","background-position":"center center","background-size":"auto","background-attachment":"scroll","background-type":"","background-media":"","overlay-type":"","overlay-color":"","overlay-opacity":"","overlay-gradient":""}}},"product_brand":[237],"product_cat":[78,59,79],"product_tag":[203],"class_list":{"0":"post-2012","1":"product","2":"type-product","3":"status-publish","4":"has-post-thumbnail","6":"product_brand-baofeng","7":"product_cat-baofeng","8":"product_cat-radio-comunicacion","9":"product_cat-radios-portatiles-baofeng","10":"product_tag-baofeng","11":"desktop-align-left","12":"tablet-align-left","13":"mobile-align-left","15":"first","16":"instock","17":"shipping-taxable","18":"product-type-simple"},"yoast_head":"<!-- This site is optimized with the Yoast SEO plugin v25.3 - https:\/\/yoast.com\/wordpress\/plugins\/seo\/ -->\n<title>Handy baofeng bf-888s - Tecplan<\/title>\n<meta name=\"robots\" content=\"index, follow, max-snippet:-1, max-image-preview:large, max-video-preview:-1\" \/>\n<link rel=\"canonical\" href=\"https:\/\/tecplan.com.es\/en\/product\/handy-baofeng-bf-888s\/\" \/>\n<meta property=\"og:locale\" content=\"en_US\" \/>\n<meta property=\"og:type\" content=\"article\" \/>\n<meta property=\"og:title\" content=\"Handy baofeng bf-888s - Tecplan\" \/>\n<meta property=\"og:description\" content=\"Caracter\u00edsticas:   Color: Negro  Material: Policarbonato y aluminio  39 c\u00f3digos CTCSS y 83 DCS  Rango: UHF 400 ~ 470MHz  16 canales de memoria de frecuencias  Separaci\u00f3n entre canales: 5\/6.25\/10\/12.5\/20\/25KHz  Funci\u00f3n Vox  Potencia de salida: 2W\/1W  Una tecla de funci\u00f3n programable  Programaci\u00f3n por PC - USB  (requiere cable - se vende por separado)  Bater\u00eda 3,7V 1500mAh  Tipo de operaci\u00f3n: Simple o semi-duplex  Dimensi\u00f3n:110\u00d757\u00d728 mm (excluye Antena)  Peso:164gr\" \/>\n<meta property=\"og:url\" content=\"https:\/\/tecplan.com.es\/en\/product\/handy-baofeng-bf-888s\/\" \/>\n<meta property=\"og:site_name\" content=\"Tecplan\" \/>\n<meta property=\"article:modified_time\" content=\"2026-01-02T22:50:43+00:00\" \/>\n<meta property=\"og:image\" content=\"https:\/\/tecplan.com.es\/wp-content\/uploads\/2025\/06\/BF-888S-3.jpeg\" \/>\n\t<meta property=\"og:image:width\" content=\"600\" \/>\n\t<meta property=\"og:image:height\" content=\"600\" \/>\n\t<meta property=\"og:image:type\" content=\"image\/jpeg\" \/>\n<meta name=\"twitter:card\" content=\"summary_large_image\" \/>\n<meta name=\"twitter:label1\" content=\"Est. reading time\" \/>\n\t<meta name=\"twitter:data1\" content=\"1 minute\" \/>\n<script type=\"application\/ld+json\" class=\"yoast-schema-graph\">{\"@context\":\"https:\/\/schema.org\",\"@graph\":[{\"@type\":\"WebPage\",\"@id\":\"https:\/\/tecplan.com.es\/product\/handy-baofeng-bf-888s\/\",\"url\":\"https:\/\/tecplan.com.es\/product\/handy-baofeng-bf-888s\/\",\"name\":\"Handy baofeng bf-888s - Tecplan\",\"isPartOf\":{\"@id\":\"https:\/\/tecplan.com.es\/#website\"},\"primaryImageOfPage\":{\"@id\":\"https:\/\/tecplan.com.es\/product\/handy-baofeng-bf-888s\/#primaryimage\"},\"image\":{\"@id\":\"https:\/\/tecplan.com.es\/product\/handy-baofeng-bf-888s\/#primaryimage\"},\"thumbnailUrl\":\"https:\/\/tecplan.com.es\/wp-content\/uploads\/2025\/06\/BF-888S-3.jpeg\",\"datePublished\":\"2025-06-25T22:22:25+00:00\",\"dateModified\":\"2026-01-02T22:50:43+00:00\",\"breadcrumb\":{\"@id\":\"https:\/\/tecplan.com.es\/product\/handy-baofeng-bf-888s\/#breadcrumb\"},\"inLanguage\":\"en-US\",\"potentialAction\":[{\"@type\":\"ReadAction\",\"target\":[\"https:\/\/tecplan.com.es\/product\/handy-baofeng-bf-888s\/\"]}]},{\"@type\":\"ImageObject\",\"inLanguage\":\"en-US\",\"@id\":\"https:\/\/tecplan.com.es\/product\/handy-baofeng-bf-888s\/#primaryimage\",\"url\":\"https:\/\/tecplan.com.es\/wp-content\/uploads\/2025\/06\/BF-888S-3.jpeg\",\"contentUrl\":\"https:\/\/tecplan.com.es\/wp-content\/uploads\/2025\/06\/BF-888S-3.jpeg\",\"width\":600,\"height\":600},{\"@type\":\"BreadcrumbList\",\"@id\":\"https:\/\/tecplan.com.es\/product\/handy-baofeng-bf-888s\/#breadcrumb\",\"itemListElement\":[{\"@type\":\"ListItem\",\"position\":1,\"name\":\"Home\",\"item\":\"https:\/\/tecplan.com.es\/\"},{\"@type\":\"ListItem\",\"position\":2,\"name\":\"Shop\",\"item\":\"https:\/\/tecplan.com.es\/shop\/\"},{\"@type\":\"ListItem\",\"position\":3,\"name\":\"Handy baofeng bf-888s\"}]},{\"@type\":\"WebSite\",\"@id\":\"https:\/\/tecplan.com.es\/#website\",\"url\":\"https:\/\/tecplan.com.es\/\",\"name\":\"Tecplan\",\"description\":\"\",\"potentialAction\":[{\"@type\":\"SearchAction\",\"target\":{\"@type\":\"EntryPoint\",\"urlTemplate\":\"https:\/\/tecplan.com.es\/?s={search_term_string}\"},\"query-input\":{\"@type\":\"PropertyValueSpecification\",\"valueRequired\":true,\"valueName\":\"search_term_string\"}}],\"inLanguage\":\"en-US\"}]}<\/script>\n<!-- \/ Yoast SEO plugin. -->","yoast_head_json":{"title":"Handy baofeng bf-888s - Tecplan","robots":{"index":"index","follow":"follow","max-snippet":"max-snippet:-1","max-image-preview":"max-image-preview:large","max-video-preview":"max-video-preview:-1"},"canonical":"https:\/\/tecplan.com.es\/en\/product\/handy-baofeng-bf-888s\/","og_locale":"en_US","og_type":"article","og_title":"Handy baofeng bf-888s - Tecplan","og_description":"Caracter\u00edsticas:   Color: Negro  Material: Policarbonato y aluminio  39 c\u00f3digos CTCSS y 83 DCS  Rango: UHF 400 ~ 470MHz  16 canales de memoria de frecuencias  Separaci\u00f3n entre canales: 5\/6.25\/10\/12.5\/20\/25KHz  Funci\u00f3n Vox  Potencia de salida: 2W\/1W  Una tecla de funci\u00f3n programable  Programaci\u00f3n por PC - USB  (requiere cable - se vende por separado)  Bater\u00eda 3,7V 1500mAh  Tipo de operaci\u00f3n: Simple o semi-duplex  Dimensi\u00f3n:110\u00d757\u00d728 mm (excluye Antena)  Peso:164gr","og_url":"https:\/\/tecplan.com.es\/en\/product\/handy-baofeng-bf-888s\/","og_site_name":"Tecplan","article_modified_time":"2026-01-02T22:50:43+00:00","og_image":[{"width":600,"height":600,"url":"https:\/\/tecplan.com.es\/wp-content\/uploads\/2025\/06\/BF-888S-3.jpeg","type":"image\/jpeg"}],"twitter_card":"summary_large_image","twitter_misc":{"Est. reading time":"1 minute"},"schema":{"@context":"https:\/\/schema.org","@graph":[{"@type":"WebPage","@id":"https:\/\/tecplan.com.es\/product\/handy-baofeng-bf-888s\/","url":"https:\/\/tecplan.com.es\/product\/handy-baofeng-bf-888s\/","name":"Handy baofeng bf-888s - Tecplan","isPartOf":{"@id":"https:\/\/tecplan.com.es\/#website"},"primaryImageOfPage":{"@id":"https:\/\/tecplan.com.es\/product\/handy-baofeng-bf-888s\/#primaryimage"},"image":{"@id":"https:\/\/tecplan.com.es\/product\/handy-baofeng-bf-888s\/#primaryimage"},"thumbnailUrl":"https:\/\/tecplan.com.es\/wp-content\/uploads\/2025\/06\/BF-888S-3.jpeg","datePublished":"2025-06-25T22:22:25+00:00","dateModified":"2026-01-02T22:50:43+00:00","breadcrumb":{"@id":"https:\/\/tecplan.com.es\/product\/handy-baofeng-bf-888s\/#breadcrumb"},"inLanguage":"en-US","potentialAction":[{"@type":"ReadAction","target":["https:\/\/tecplan.com.es\/product\/handy-baofeng-bf-888s\/"]}]},{"@type":"ImageObject","inLanguage":"en-US","@id":"https:\/\/tecplan.com.es\/product\/handy-baofeng-bf-888s\/#primaryimage","url":"https:\/\/tecplan.com.es\/wp-content\/uploads\/2025\/06\/BF-888S-3.jpeg","contentUrl":"https:\/\/tecplan.com.es\/wp-content\/uploads\/2025\/06\/BF-888S-3.jpeg","width":600,"height":600},{"@type":"BreadcrumbList","@id":"https:\/\/tecplan.com.es\/product\/handy-baofeng-bf-888s\/#breadcrumb","itemListElement":[{"@type":"ListItem","position":1,"name":"Home","item":"https:\/\/tecplan.com.es\/"},{"@type":"ListItem","position":2,"name":"Shop","item":"https:\/\/tecplan.com.es\/shop\/"},{"@type":"ListItem","position":3,"name":"Handy baofeng bf-888s"}]},{"@type":"WebSite","@id":"https:\/\/tecplan.com.es\/#website","url":"https:\/\/tecplan.com.es\/","name":"Tecplan","description":"","potentialAction":[{"@type":"SearchAction","target":{"@type":"EntryPoint","urlTemplate":"https:\/\/tecplan.com.es\/?s={search_term_string}"},"query-input":{"@type":"PropertyValueSpecification","valueRequired":true,"valueName":"search_term_string"}}],"inLanguage":"en-US"}]}},"_links":{"self":[{"href":"https:\/\/tecplan.com.es\/en\/wp-json\/wp\/v2\/product\/2012","targetHints":{"allow":["GET"]}}],"collection":[{"href":"https:\/\/tecplan.com.es\/en\/wp-json\/wp\/v2\/product"}],"about":[{"href":"https:\/\/tecplan.com.es\/en\/wp-json\/wp\/v2\/types\/product"}],"replies":[{"embeddable":true,"href":"https:\/\/tecplan.com.es\/en\/wp-json\/wp\/v2\/comments?post=2012"}],"version-history":[{"count":3,"href":"https:\/\/tecplan.com.es\/en\/wp-json\/wp\/v2\/product\/2012\/revisions"}],"predecessor-version":[{"id":4899,"href":"https:\/\/tecplan.com.es\/en\/wp-json\/wp\/v2\/product\/2012\/revisions\/4899"}],"wp:featuredmedia":[{"embeddable":true,"href":"https:\/\/tecplan.com.es\/en\/wp-json\/wp\/v2\/media\/2016"}],"wp:attachment":[{"href":"https:\/\/tecplan.com.es\/en\/wp-json\/wp\/v2\/media?parent=2012"}],"wp:term":[{"taxonomy":"product_brand","embeddable":true,"href":"https:\/\/tecplan.com.es\/en\/wp-json\/wp\/v2\/product_brand?post=2012"},{"taxonomy":"product_cat","embeddable":true,"href":"https:\/\/tecplan.com.es\/en\/wp-json\/wp\/v2\/product_cat?post=2012"},{"taxonomy":"product_tag","embeddable":true,"href":"https:\/\/tecplan.com.es\/en\/wp-json\/wp\/v2\/product_tag?post=2012"}],"curies":[{"name":"wp","href":"https:\/\/api.w.org\/{rel}","templated":true}]}}