{"id":1990,"date":"2025-06-25T19:51:38","date_gmt":"2025-06-25T19:51:38","guid":{"rendered":"https:\/\/tecplan.com.es\/?post_type=product&#038;p=1990"},"modified":"2026-01-02T22:54:10","modified_gmt":"2026-01-02T22:54:10","slug":"conector-n-macho-crimpado-para-lmr400","status":"publish","type":"product","link":"https:\/\/tecplan.com.es\/en\/product\/conector-n-macho-crimpado-para-lmr400\/","title":{"rendered":"N Male Crimp Connector for LMR400"},"content":{"rendered":"<p><strong>N Male Crimp Connector for LMR400<\/strong><\/p>\n<p style=\"text-align: justify;\">High-performance connector, specifically designed to provide the highest quality connector-cable connection, simplifying and facilitating assembly with a crimping tool.<\/p>\n<p style=\"text-align: justify;\">The connector complies with IEC60169-4: 1975. Male interface screw thread standard: M29x1.5.<\/p>\n<p><!--more--><\/p>\n<h5 style=\"text-align: justify;\"><span style=\"text-decoration: underline;\"><strong>DOWNLOADS<\/strong><\/span><\/h5>\n<ul style=\"text-align: justify;\">\n<li><a href=\"https:\/\/drive.google.com\/file\/d\/1m0UtX6yBZrPW2zo_NJX6N6LPihd7Ybsc\/view?usp=sharing\">\u2192 Technical specifications in Spanish\u00a0\u00a0<\/a><\/li>\n<\/ul>","protected":false},"excerpt":{"rendered":"<p><span style=\"text-decoration: underline;\"><strong>Characteristics:<\/strong><\/span><\/p>\n<ul>\n<li style=\"text-align: justify;\">Quick and easy installation.<\/li>\n<li style=\"text-align: justify;\">Weatherproof and durable connector for long-lasting performance.<\/li>\n<li style=\"text-align: justify;\">Low intermodulation and VSWR<\/li>\n<li style=\"text-align: justify;\">Corrosion resistant. Its contacts are silver-plated with higher resistance and low intermodulation.<\/li>\n<li style=\"text-align: justify;\">Cuerpos niquelados y el\u00e9ctricos dorados lo que le da una alta protecci\u00f3n contra el agua y polvo.<\/li>\n<\/ul>\n<p><img decoding=\"async\" class=\"wp-image-1038 aligncenter\" src=\"https:\/\/tecplan.com.es\/wp-content\/uploads\/2025\/05\/summit-300x138.webp\" alt=\"\" width=\"161\" height=\"74\" srcset=\"https:\/\/tecplan.com.es\/wp-content\/uploads\/2025\/05\/summit-300x138.webp 300w, https:\/\/tecplan.com.es\/wp-content\/uploads\/2025\/05\/summit-600x275.webp 600w, https:\/\/tecplan.com.es\/wp-content\/uploads\/2025\/05\/summit-768x353.webp 768w, https:\/\/tecplan.com.es\/wp-content\/uploads\/2025\/05\/summit-18x8.webp 18w, https:\/\/tecplan.com.es\/wp-content\/uploads\/2025\/05\/summit.webp 1013w\" sizes=\"(max-width: 161px) 100vw, 161px\" \/><\/p>","protected":false},"featured_media":1992,"comment_status":"open","ping_status":"closed","template":"","meta":{"site-sidebar-layout":"default","site-content-layout":"","ast-site-content-layout":"default","site-content-style":"default","site-sidebar-style":"default","ast-global-header-display":"","ast-banner-title-visibility":"","ast-main-header-display":"","ast-hfb-above-header-display":"","ast-hfb-below-header-display":"","ast-hfb-mobile-header-display":"","site-post-title":"","ast-breadcrumbs-content":"","ast-featured-img":"","footer-sml-layout":"","ast-disable-related-posts":"","theme-transparent-header-meta":"default","adv-header-id-meta":"","stick-header-meta":"","header-above-stick-meta":"","header-main-stick-meta":"","header-below-stick-meta":"","astra-migrate-meta-layouts":"set","ast-page-background-enabled":"default","ast-page-background-meta":{"desktop":{"background-color":"var(--ast-global-color-5)","background-image":"","background-repeat":"repeat","background-position":"center center","background-size":"auto","background-attachment":"scroll","background-type":"","background-media":"","overlay-type":"","overlay-color":"","overlay-opacity":"","overlay-gradient":""},"tablet":{"background-color":"","background-image":"","background-repeat":"repeat","background-position":"center center","background-size":"auto","background-attachment":"scroll","background-type":"","background-media":"","overlay-type":"","overlay-color":"","overlay-opacity":"","overlay-gradient":""},"mobile":{"background-color":"","background-image":"","background-repeat":"repeat","background-position":"center center","background-size":"auto","background-attachment":"scroll","background-type":"","background-media":"","overlay-type":"","overlay-color":"","overlay-opacity":"","overlay-gradient":""}},"ast-content-background-meta":{"desktop":{"background-color":"var(--ast-global-color-4)","background-image":"","background-repeat":"repeat","background-position":"center center","background-size":"auto","background-attachment":"scroll","background-type":"","background-media":"","overlay-type":"","overlay-color":"","overlay-opacity":"","overlay-gradient":""},"tablet":{"background-color":"var(--ast-global-color-4)","background-image":"","background-repeat":"repeat","background-position":"center center","background-size":"auto","background-attachment":"scroll","background-type":"","background-media":"","overlay-type":"","overlay-color":"","overlay-opacity":"","overlay-gradient":""},"mobile":{"background-color":"var(--ast-global-color-4)","background-image":"","background-repeat":"repeat","background-position":"center center","background-size":"auto","background-attachment":"scroll","background-type":"","background-media":"","overlay-type":"","overlay-color":"","overlay-opacity":"","overlay-gradient":""}}},"product_brand":[234],"product_cat":[62,93,59,60,90],"product_tag":[207],"class_list":{"0":"post-1990","1":"product","2":"type-product","3":"status-publish","4":"has-post-thumbnail","6":"product_brand-summit","7":"product_cat-conectores","8":"product_cat-conectores-summit","9":"product_cat-radio-comunicacion","10":"product_cat-summit","11":"product_cat-summit-cobertura-celular","12":"product_tag-summit","13":"desktop-align-left","14":"tablet-align-left","15":"mobile-align-left","17":"first","18":"instock","19":"shipping-taxable","20":"product-type-simple"},"yoast_head":"<!-- This site is optimized with the Yoast SEO plugin v25.3 - https:\/\/yoast.com\/wordpress\/plugins\/seo\/ -->\n<title>Conector N Macho Crimpado para LMR400 - Tecplan<\/title>\n<meta name=\"robots\" content=\"index, follow, max-snippet:-1, max-image-preview:large, max-video-preview:-1\" \/>\n<link rel=\"canonical\" href=\"https:\/\/tecplan.com.es\/en\/product\/conector-n-macho-crimpado-para-lmr400\/\" \/>\n<meta property=\"og:locale\" content=\"en_US\" \/>\n<meta property=\"og:type\" content=\"article\" \/>\n<meta property=\"og:title\" content=\"Conector N Macho Crimpado para LMR400 - Tecplan\" \/>\n<meta property=\"og:description\" content=\"Caracter\u00edsticas:   Instalaci\u00f3n r\u00e1pida y sencilla.  Conector resistente a la intemperie y consistente de larga duraci\u00f3n.  Baja intermodulaci\u00f3n y VSWR  Resistente a la corrosi\u00f3n. Sus contactos son plateados con mayor resistencia y baja intermodulaci\u00f3n.  Cuerpos niquelados y el\u00e9ctricos dorados lo que le da una alta protecci\u00f3n contra el agua y polvo.\" \/>\n<meta property=\"og:url\" content=\"https:\/\/tecplan.com.es\/en\/product\/conector-n-macho-crimpado-para-lmr400\/\" \/>\n<meta property=\"og:site_name\" content=\"Tecplan\" \/>\n<meta property=\"article:modified_time\" content=\"2026-01-02T22:54:10+00:00\" \/>\n<meta property=\"og:image\" content=\"https:\/\/tecplan.com.es\/wp-content\/uploads\/2025\/06\/Conector-N-Macho-LMR400-2.jpg\" \/>\n\t<meta property=\"og:image:width\" content=\"600\" \/>\n\t<meta property=\"og:image:height\" content=\"600\" \/>\n\t<meta property=\"og:image:type\" content=\"image\/jpeg\" \/>\n<meta name=\"twitter:card\" content=\"summary_large_image\" \/>\n<meta name=\"twitter:label1\" content=\"Est. reading time\" \/>\n\t<meta name=\"twitter:data1\" content=\"1 minute\" \/>\n<script type=\"application\/ld+json\" class=\"yoast-schema-graph\">{\"@context\":\"https:\/\/schema.org\",\"@graph\":[{\"@type\":\"WebPage\",\"@id\":\"https:\/\/tecplan.com.es\/product\/conector-n-macho-crimpado-para-lmr400\/\",\"url\":\"https:\/\/tecplan.com.es\/product\/conector-n-macho-crimpado-para-lmr400\/\",\"name\":\"Conector N Macho Crimpado para LMR400 - Tecplan\",\"isPartOf\":{\"@id\":\"https:\/\/tecplan.com.es\/#website\"},\"primaryImageOfPage\":{\"@id\":\"https:\/\/tecplan.com.es\/product\/conector-n-macho-crimpado-para-lmr400\/#primaryimage\"},\"image\":{\"@id\":\"https:\/\/tecplan.com.es\/product\/conector-n-macho-crimpado-para-lmr400\/#primaryimage\"},\"thumbnailUrl\":\"https:\/\/tecplan.com.es\/wp-content\/uploads\/2025\/06\/Conector-N-Macho-LMR400-2.jpg\",\"datePublished\":\"2025-06-25T19:51:38+00:00\",\"dateModified\":\"2026-01-02T22:54:10+00:00\",\"breadcrumb\":{\"@id\":\"https:\/\/tecplan.com.es\/product\/conector-n-macho-crimpado-para-lmr400\/#breadcrumb\"},\"inLanguage\":\"en-US\",\"potentialAction\":[{\"@type\":\"ReadAction\",\"target\":[\"https:\/\/tecplan.com.es\/product\/conector-n-macho-crimpado-para-lmr400\/\"]}]},{\"@type\":\"ImageObject\",\"inLanguage\":\"en-US\",\"@id\":\"https:\/\/tecplan.com.es\/product\/conector-n-macho-crimpado-para-lmr400\/#primaryimage\",\"url\":\"https:\/\/tecplan.com.es\/wp-content\/uploads\/2025\/06\/Conector-N-Macho-LMR400-2.jpg\",\"contentUrl\":\"https:\/\/tecplan.com.es\/wp-content\/uploads\/2025\/06\/Conector-N-Macho-LMR400-2.jpg\",\"width\":600,\"height\":600},{\"@type\":\"BreadcrumbList\",\"@id\":\"https:\/\/tecplan.com.es\/product\/conector-n-macho-crimpado-para-lmr400\/#breadcrumb\",\"itemListElement\":[{\"@type\":\"ListItem\",\"position\":1,\"name\":\"Home\",\"item\":\"https:\/\/tecplan.com.es\/\"},{\"@type\":\"ListItem\",\"position\":2,\"name\":\"Shop\",\"item\":\"https:\/\/tecplan.com.es\/shop\/\"},{\"@type\":\"ListItem\",\"position\":3,\"name\":\"Conector N Macho Crimpado para LMR400\"}]},{\"@type\":\"WebSite\",\"@id\":\"https:\/\/tecplan.com.es\/#website\",\"url\":\"https:\/\/tecplan.com.es\/\",\"name\":\"Tecplan\",\"description\":\"\",\"potentialAction\":[{\"@type\":\"SearchAction\",\"target\":{\"@type\":\"EntryPoint\",\"urlTemplate\":\"https:\/\/tecplan.com.es\/?s={search_term_string}\"},\"query-input\":{\"@type\":\"PropertyValueSpecification\",\"valueRequired\":true,\"valueName\":\"search_term_string\"}}],\"inLanguage\":\"en-US\"}]}<\/script>\n<!-- \/ Yoast SEO plugin. -->","yoast_head_json":{"title":"Conector N Macho Crimpado para LMR400 - Tecplan","robots":{"index":"index","follow":"follow","max-snippet":"max-snippet:-1","max-image-preview":"max-image-preview:large","max-video-preview":"max-video-preview:-1"},"canonical":"https:\/\/tecplan.com.es\/en\/product\/conector-n-macho-crimpado-para-lmr400\/","og_locale":"en_US","og_type":"article","og_title":"Conector N Macho Crimpado para LMR400 - Tecplan","og_description":"Caracter\u00edsticas:   Instalaci\u00f3n r\u00e1pida y sencilla.  Conector resistente a la intemperie y consistente de larga duraci\u00f3n.  Baja intermodulaci\u00f3n y VSWR  Resistente a la corrosi\u00f3n. Sus contactos son plateados con mayor resistencia y baja intermodulaci\u00f3n.  Cuerpos niquelados y el\u00e9ctricos dorados lo que le da una alta protecci\u00f3n contra el agua y polvo.","og_url":"https:\/\/tecplan.com.es\/en\/product\/conector-n-macho-crimpado-para-lmr400\/","og_site_name":"Tecplan","article_modified_time":"2026-01-02T22:54:10+00:00","og_image":[{"width":600,"height":600,"url":"https:\/\/tecplan.com.es\/wp-content\/uploads\/2025\/06\/Conector-N-Macho-LMR400-2.jpg","type":"image\/jpeg"}],"twitter_card":"summary_large_image","twitter_misc":{"Est. reading time":"1 minute"},"schema":{"@context":"https:\/\/schema.org","@graph":[{"@type":"WebPage","@id":"https:\/\/tecplan.com.es\/product\/conector-n-macho-crimpado-para-lmr400\/","url":"https:\/\/tecplan.com.es\/product\/conector-n-macho-crimpado-para-lmr400\/","name":"Conector N Macho Crimpado para LMR400 - Tecplan","isPartOf":{"@id":"https:\/\/tecplan.com.es\/#website"},"primaryImageOfPage":{"@id":"https:\/\/tecplan.com.es\/product\/conector-n-macho-crimpado-para-lmr400\/#primaryimage"},"image":{"@id":"https:\/\/tecplan.com.es\/product\/conector-n-macho-crimpado-para-lmr400\/#primaryimage"},"thumbnailUrl":"https:\/\/tecplan.com.es\/wp-content\/uploads\/2025\/06\/Conector-N-Macho-LMR400-2.jpg","datePublished":"2025-06-25T19:51:38+00:00","dateModified":"2026-01-02T22:54:10+00:00","breadcrumb":{"@id":"https:\/\/tecplan.com.es\/product\/conector-n-macho-crimpado-para-lmr400\/#breadcrumb"},"inLanguage":"en-US","potentialAction":[{"@type":"ReadAction","target":["https:\/\/tecplan.com.es\/product\/conector-n-macho-crimpado-para-lmr400\/"]}]},{"@type":"ImageObject","inLanguage":"en-US","@id":"https:\/\/tecplan.com.es\/product\/conector-n-macho-crimpado-para-lmr400\/#primaryimage","url":"https:\/\/tecplan.com.es\/wp-content\/uploads\/2025\/06\/Conector-N-Macho-LMR400-2.jpg","contentUrl":"https:\/\/tecplan.com.es\/wp-content\/uploads\/2025\/06\/Conector-N-Macho-LMR400-2.jpg","width":600,"height":600},{"@type":"BreadcrumbList","@id":"https:\/\/tecplan.com.es\/product\/conector-n-macho-crimpado-para-lmr400\/#breadcrumb","itemListElement":[{"@type":"ListItem","position":1,"name":"Home","item":"https:\/\/tecplan.com.es\/"},{"@type":"ListItem","position":2,"name":"Shop","item":"https:\/\/tecplan.com.es\/shop\/"},{"@type":"ListItem","position":3,"name":"Conector N Macho Crimpado para LMR400"}]},{"@type":"WebSite","@id":"https:\/\/tecplan.com.es\/#website","url":"https:\/\/tecplan.com.es\/","name":"Tecplan","description":"","potentialAction":[{"@type":"SearchAction","target":{"@type":"EntryPoint","urlTemplate":"https:\/\/tecplan.com.es\/?s={search_term_string}"},"query-input":{"@type":"PropertyValueSpecification","valueRequired":true,"valueName":"search_term_string"}}],"inLanguage":"en-US"}]}},"_links":{"self":[{"href":"https:\/\/tecplan.com.es\/en\/wp-json\/wp\/v2\/product\/1990","targetHints":{"allow":["GET"]}}],"collection":[{"href":"https:\/\/tecplan.com.es\/en\/wp-json\/wp\/v2\/product"}],"about":[{"href":"https:\/\/tecplan.com.es\/en\/wp-json\/wp\/v2\/types\/product"}],"replies":[{"embeddable":true,"href":"https:\/\/tecplan.com.es\/en\/wp-json\/wp\/v2\/comments?post=1990"}],"version-history":[{"count":3,"href":"https:\/\/tecplan.com.es\/en\/wp-json\/wp\/v2\/product\/1990\/revisions"}],"predecessor-version":[{"id":1995,"href":"https:\/\/tecplan.com.es\/en\/wp-json\/wp\/v2\/product\/1990\/revisions\/1995"}],"wp:featuredmedia":[{"embeddable":true,"href":"https:\/\/tecplan.com.es\/en\/wp-json\/wp\/v2\/media\/1992"}],"wp:attachment":[{"href":"https:\/\/tecplan.com.es\/en\/wp-json\/wp\/v2\/media?parent=1990"}],"wp:term":[{"taxonomy":"product_brand","embeddable":true,"href":"https:\/\/tecplan.com.es\/en\/wp-json\/wp\/v2\/product_brand?post=1990"},{"taxonomy":"product_cat","embeddable":true,"href":"https:\/\/tecplan.com.es\/en\/wp-json\/wp\/v2\/product_cat?post=1990"},{"taxonomy":"product_tag","embeddable":true,"href":"https:\/\/tecplan.com.es\/en\/wp-json\/wp\/v2\/product_tag?post=1990"}],"curies":[{"name":"wp","href":"https:\/\/api.w.org\/{rel}","templated":true}]}}