{"id":1983,"date":"2025-06-25T16:11:14","date_gmt":"2025-06-25T16:11:14","guid":{"rendered":"https:\/\/tecplan.com.es\/?post_type=product&#038;p=1983"},"modified":"2026-01-09T15:20:16","modified_gmt":"2026-01-09T15:20:16","slug":"conector-macho-pl259-para-rg-8","status":"publish","type":"product","link":"https:\/\/tecplan.com.es\/en\/product\/conector-macho-pl259-para-rg-8\/","title":{"rendered":"PL259 male connector for RG-8"},"content":{"rendered":"<h6><strong>PL259 male connector for RG-8<\/strong><\/h6>\n<p style=\"text-align: justify;\"><span class=\"svelte-1sntxl4\">The PL259 male connector\u00a0<\/span><span class=\"qa-highlight svelte-1sntxl4\"><span class=\"svelte-1sntxl4\">It is a type of UHF connector commonly used in RF applications and is designed for coaxial cables such as RG-8.<\/span><\/span><span class=\"svelte-1sntxl4\">\u00a0This connector is especially useful for connecting antennas and radio equipment, providing a secure and reliable connection.<\/span><\/p>\n<p style=\"text-align: justify;\">UHF type male connector (PL-259) for RG-8 cable, gold center pin, with high quality and high performance Teflon insulation, specifically designed to provide good operation.<\/p>\n<p style=\"text-align: justify;\">The connector complies with IEC60169-4: 1975. Standard male interface screw thread M29x1.5.<\/p>\n<p><!--more--><\/p>\n<h5 style=\"text-align: justify;\"><span style=\"text-decoration: underline;\"><strong>DOWNLOADS<\/strong><\/span><\/h5>\n<ul style=\"text-align: justify;\">\n<li><a href=\"https:\/\/drive.google.com\/file\/d\/1jl6VTvfyP8EXLQxRPtq29diVuPavVO92\/view\">\u2192 Technical specifications in Spanish\u00a0\u00a0<\/a><\/li>\n<\/ul>","protected":false},"excerpt":{"rendered":"<h6 style=\"text-align: justify;\"><span style=\"text-decoration: underline;\"><strong>Characteristics:<\/strong><\/span><\/h6>\n<ul>\n<li style=\"text-align: justify;\">PL259 male connector for RG-8<\/li>\n<li style=\"text-align: justify;\">Plug connector.<\/li>\n<li style=\"text-align: justify;\">UHF connector type (PL-259).<\/li>\n<li style=\"text-align: justify;\">Male connector class.<\/li>\n<li style=\"text-align: justify;\">Straight spatial orientation<\/li>\n<li style=\"text-align: justify;\">Twist-on electrical assembly for welding.<\/li>\n<li style=\"text-align: justify;\">Mechanical mounting for RG58 cable conduit.<\/li>\n<\/ul>\n<p><img decoding=\"async\" class=\"wp-image-1038 aligncenter\" src=\"https:\/\/tecplan.com.es\/wp-content\/uploads\/2025\/05\/summit-300x138.webp\" alt=\"\" width=\"174\" height=\"80\" srcset=\"https:\/\/tecplan.com.es\/wp-content\/uploads\/2025\/05\/summit-300x138.webp 300w, https:\/\/tecplan.com.es\/wp-content\/uploads\/2025\/05\/summit-600x275.webp 600w, https:\/\/tecplan.com.es\/wp-content\/uploads\/2025\/05\/summit-768x353.webp 768w, https:\/\/tecplan.com.es\/wp-content\/uploads\/2025\/05\/summit-18x8.webp 18w, https:\/\/tecplan.com.es\/wp-content\/uploads\/2025\/05\/summit.webp 1013w\" sizes=\"(max-width: 174px) 100vw, 174px\" \/><\/p>","protected":false},"featured_media":1986,"comment_status":"open","ping_status":"closed","template":"","meta":{"site-sidebar-layout":"default","site-content-layout":"","ast-site-content-layout":"default","site-content-style":"default","site-sidebar-style":"default","ast-global-header-display":"","ast-banner-title-visibility":"","ast-main-header-display":"","ast-hfb-above-header-display":"","ast-hfb-below-header-display":"","ast-hfb-mobile-header-display":"","site-post-title":"","ast-breadcrumbs-content":"","ast-featured-img":"","footer-sml-layout":"","ast-disable-related-posts":"","theme-transparent-header-meta":"default","adv-header-id-meta":"","stick-header-meta":"","header-above-stick-meta":"","header-main-stick-meta":"","header-below-stick-meta":"","astra-migrate-meta-layouts":"set","ast-page-background-enabled":"default","ast-page-background-meta":{"desktop":{"background-color":"var(--ast-global-color-5)","background-image":"","background-repeat":"repeat","background-position":"center center","background-size":"auto","background-attachment":"scroll","background-type":"","background-media":"","overlay-type":"","overlay-color":"","overlay-opacity":"","overlay-gradient":""},"tablet":{"background-color":"","background-image":"","background-repeat":"repeat","background-position":"center center","background-size":"auto","background-attachment":"scroll","background-type":"","background-media":"","overlay-type":"","overlay-color":"","overlay-opacity":"","overlay-gradient":""},"mobile":{"background-color":"","background-image":"","background-repeat":"repeat","background-position":"center center","background-size":"auto","background-attachment":"scroll","background-type":"","background-media":"","overlay-type":"","overlay-color":"","overlay-opacity":"","overlay-gradient":""}},"ast-content-background-meta":{"desktop":{"background-color":"var(--ast-global-color-4)","background-image":"","background-repeat":"repeat","background-position":"center center","background-size":"auto","background-attachment":"scroll","background-type":"","background-media":"","overlay-type":"","overlay-color":"","overlay-opacity":"","overlay-gradient":""},"tablet":{"background-color":"var(--ast-global-color-4)","background-image":"","background-repeat":"repeat","background-position":"center center","background-size":"auto","background-attachment":"scroll","background-type":"","background-media":"","overlay-type":"","overlay-color":"","overlay-opacity":"","overlay-gradient":""},"mobile":{"background-color":"var(--ast-global-color-4)","background-image":"","background-repeat":"repeat","background-position":"center center","background-size":"auto","background-attachment":"scroll","background-type":"","background-media":"","overlay-type":"","overlay-color":"","overlay-opacity":"","overlay-gradient":""}}},"product_brand":[234],"product_cat":[89,82,88,93,86,90],"product_tag":[207],"class_list":{"0":"post-1983","1":"product","2":"type-product","3":"status-publish","4":"has-post-thumbnail","6":"product_brand-summit","7":"product_cat-cable-radiante","8":"product_cat-cobertura-celular","9":"product_cat-conectores-rfs","10":"product_cat-conectores-summit","11":"product_cat-rfs","12":"product_cat-summit-cobertura-celular","13":"product_tag-summit","14":"desktop-align-left","15":"tablet-align-left","16":"mobile-align-left","18":"first","19":"instock","20":"shipping-taxable","21":"product-type-simple"},"yoast_head":"<!-- This site is optimized with the Yoast SEO plugin v25.3 - https:\/\/yoast.com\/wordpress\/plugins\/seo\/ -->\n<title>Conector macho PL259 para RG-8 - Tecplan<\/title>\n<meta name=\"robots\" content=\"index, follow, max-snippet:-1, max-image-preview:large, max-video-preview:-1\" \/>\n<link rel=\"canonical\" href=\"https:\/\/tecplan.com.es\/en\/product\/conector-macho-pl259-para-rg-8\/\" \/>\n<meta property=\"og:locale\" content=\"en_US\" \/>\n<meta property=\"og:type\" content=\"article\" \/>\n<meta property=\"og:title\" content=\"Conector macho PL259 para RG-8 - Tecplan\" \/>\n<meta property=\"og:description\" content=\"Caracter\u00edsticas:   Para Cables RG-8.  Conector enchufe.  Tipo de conector UHF (PL-259).  Clase de conector macho.  Orientaci\u00f3n espacial recto  Montaje el\u00e9ctrico enroscable (twist-on) para soldar.  Montaje mec\u00e1nico para conducto cable RG58.\" \/>\n<meta property=\"og:url\" content=\"https:\/\/tecplan.com.es\/en\/product\/conector-macho-pl259-para-rg-8\/\" \/>\n<meta property=\"og:site_name\" content=\"Tecplan\" \/>\n<meta property=\"article:modified_time\" content=\"2026-01-09T15:20:16+00:00\" \/>\n<meta property=\"og:image\" content=\"https:\/\/tecplan.com.es\/wp-content\/uploads\/2025\/06\/Diseno-sin-titulo-4.png\" \/>\n\t<meta property=\"og:image:width\" content=\"1080\" \/>\n\t<meta property=\"og:image:height\" content=\"1080\" \/>\n\t<meta property=\"og:image:type\" content=\"image\/png\" \/>\n<meta name=\"twitter:card\" content=\"summary_large_image\" \/>\n<meta name=\"twitter:label1\" content=\"Est. reading time\" \/>\n\t<meta name=\"twitter:data1\" content=\"1 minute\" \/>\n<script type=\"application\/ld+json\" class=\"yoast-schema-graph\">{\"@context\":\"https:\/\/schema.org\",\"@graph\":[{\"@type\":\"WebPage\",\"@id\":\"https:\/\/tecplan.com.es\/product\/conector-macho-pl259-para-rg-8\/\",\"url\":\"https:\/\/tecplan.com.es\/product\/conector-macho-pl259-para-rg-8\/\",\"name\":\"Conector macho PL259 para RG-8 - Tecplan\",\"isPartOf\":{\"@id\":\"https:\/\/tecplan.com.es\/#website\"},\"primaryImageOfPage\":{\"@id\":\"https:\/\/tecplan.com.es\/product\/conector-macho-pl259-para-rg-8\/#primaryimage\"},\"image\":{\"@id\":\"https:\/\/tecplan.com.es\/product\/conector-macho-pl259-para-rg-8\/#primaryimage\"},\"thumbnailUrl\":\"https:\/\/tecplan.com.es\/wp-content\/uploads\/2025\/06\/Diseno-sin-titulo-4.png\",\"datePublished\":\"2025-06-25T16:11:14+00:00\",\"dateModified\":\"2026-01-09T15:20:16+00:00\",\"breadcrumb\":{\"@id\":\"https:\/\/tecplan.com.es\/product\/conector-macho-pl259-para-rg-8\/#breadcrumb\"},\"inLanguage\":\"en-US\",\"potentialAction\":[{\"@type\":\"ReadAction\",\"target\":[\"https:\/\/tecplan.com.es\/product\/conector-macho-pl259-para-rg-8\/\"]}]},{\"@type\":\"ImageObject\",\"inLanguage\":\"en-US\",\"@id\":\"https:\/\/tecplan.com.es\/product\/conector-macho-pl259-para-rg-8\/#primaryimage\",\"url\":\"https:\/\/tecplan.com.es\/wp-content\/uploads\/2025\/06\/Diseno-sin-titulo-4.png\",\"contentUrl\":\"https:\/\/tecplan.com.es\/wp-content\/uploads\/2025\/06\/Diseno-sin-titulo-4.png\",\"width\":1080,\"height\":1080},{\"@type\":\"BreadcrumbList\",\"@id\":\"https:\/\/tecplan.com.es\/product\/conector-macho-pl259-para-rg-8\/#breadcrumb\",\"itemListElement\":[{\"@type\":\"ListItem\",\"position\":1,\"name\":\"Home\",\"item\":\"https:\/\/tecplan.com.es\/\"},{\"@type\":\"ListItem\",\"position\":2,\"name\":\"Shop\",\"item\":\"https:\/\/tecplan.com.es\/shop\/\"},{\"@type\":\"ListItem\",\"position\":3,\"name\":\"Conector macho PL259 para RG-8\"}]},{\"@type\":\"WebSite\",\"@id\":\"https:\/\/tecplan.com.es\/#website\",\"url\":\"https:\/\/tecplan.com.es\/\",\"name\":\"Tecplan\",\"description\":\"\",\"potentialAction\":[{\"@type\":\"SearchAction\",\"target\":{\"@type\":\"EntryPoint\",\"urlTemplate\":\"https:\/\/tecplan.com.es\/?s={search_term_string}\"},\"query-input\":{\"@type\":\"PropertyValueSpecification\",\"valueRequired\":true,\"valueName\":\"search_term_string\"}}],\"inLanguage\":\"en-US\"}]}<\/script>\n<!-- \/ Yoast SEO plugin. -->","yoast_head_json":{"title":"Conector macho PL259 para RG-8 - Tecplan","robots":{"index":"index","follow":"follow","max-snippet":"max-snippet:-1","max-image-preview":"max-image-preview:large","max-video-preview":"max-video-preview:-1"},"canonical":"https:\/\/tecplan.com.es\/en\/product\/conector-macho-pl259-para-rg-8\/","og_locale":"en_US","og_type":"article","og_title":"Conector macho PL259 para RG-8 - Tecplan","og_description":"Caracter\u00edsticas:   Para Cables RG-8.  Conector enchufe.  Tipo de conector UHF (PL-259).  Clase de conector macho.  Orientaci\u00f3n espacial recto  Montaje el\u00e9ctrico enroscable (twist-on) para soldar.  Montaje mec\u00e1nico para conducto cable RG58.","og_url":"https:\/\/tecplan.com.es\/en\/product\/conector-macho-pl259-para-rg-8\/","og_site_name":"Tecplan","article_modified_time":"2026-01-09T15:20:16+00:00","og_image":[{"width":1080,"height":1080,"url":"https:\/\/tecplan.com.es\/wp-content\/uploads\/2025\/06\/Diseno-sin-titulo-4.png","type":"image\/png"}],"twitter_card":"summary_large_image","twitter_misc":{"Est. reading time":"1 minute"},"schema":{"@context":"https:\/\/schema.org","@graph":[{"@type":"WebPage","@id":"https:\/\/tecplan.com.es\/product\/conector-macho-pl259-para-rg-8\/","url":"https:\/\/tecplan.com.es\/product\/conector-macho-pl259-para-rg-8\/","name":"Conector macho PL259 para RG-8 - Tecplan","isPartOf":{"@id":"https:\/\/tecplan.com.es\/#website"},"primaryImageOfPage":{"@id":"https:\/\/tecplan.com.es\/product\/conector-macho-pl259-para-rg-8\/#primaryimage"},"image":{"@id":"https:\/\/tecplan.com.es\/product\/conector-macho-pl259-para-rg-8\/#primaryimage"},"thumbnailUrl":"https:\/\/tecplan.com.es\/wp-content\/uploads\/2025\/06\/Diseno-sin-titulo-4.png","datePublished":"2025-06-25T16:11:14+00:00","dateModified":"2026-01-09T15:20:16+00:00","breadcrumb":{"@id":"https:\/\/tecplan.com.es\/product\/conector-macho-pl259-para-rg-8\/#breadcrumb"},"inLanguage":"en-US","potentialAction":[{"@type":"ReadAction","target":["https:\/\/tecplan.com.es\/product\/conector-macho-pl259-para-rg-8\/"]}]},{"@type":"ImageObject","inLanguage":"en-US","@id":"https:\/\/tecplan.com.es\/product\/conector-macho-pl259-para-rg-8\/#primaryimage","url":"https:\/\/tecplan.com.es\/wp-content\/uploads\/2025\/06\/Diseno-sin-titulo-4.png","contentUrl":"https:\/\/tecplan.com.es\/wp-content\/uploads\/2025\/06\/Diseno-sin-titulo-4.png","width":1080,"height":1080},{"@type":"BreadcrumbList","@id":"https:\/\/tecplan.com.es\/product\/conector-macho-pl259-para-rg-8\/#breadcrumb","itemListElement":[{"@type":"ListItem","position":1,"name":"Home","item":"https:\/\/tecplan.com.es\/"},{"@type":"ListItem","position":2,"name":"Shop","item":"https:\/\/tecplan.com.es\/shop\/"},{"@type":"ListItem","position":3,"name":"Conector macho PL259 para RG-8"}]},{"@type":"WebSite","@id":"https:\/\/tecplan.com.es\/#website","url":"https:\/\/tecplan.com.es\/","name":"Tecplan","description":"","potentialAction":[{"@type":"SearchAction","target":{"@type":"EntryPoint","urlTemplate":"https:\/\/tecplan.com.es\/?s={search_term_string}"},"query-input":{"@type":"PropertyValueSpecification","valueRequired":true,"valueName":"search_term_string"}}],"inLanguage":"en-US"}]}},"_links":{"self":[{"href":"https:\/\/tecplan.com.es\/en\/wp-json\/wp\/v2\/product\/1983","targetHints":{"allow":["GET"]}}],"collection":[{"href":"https:\/\/tecplan.com.es\/en\/wp-json\/wp\/v2\/product"}],"about":[{"href":"https:\/\/tecplan.com.es\/en\/wp-json\/wp\/v2\/types\/product"}],"replies":[{"embeddable":true,"href":"https:\/\/tecplan.com.es\/en\/wp-json\/wp\/v2\/comments?post=1983"}],"version-history":[{"count":3,"href":"https:\/\/tecplan.com.es\/en\/wp-json\/wp\/v2\/product\/1983\/revisions"}],"predecessor-version":[{"id":1988,"href":"https:\/\/tecplan.com.es\/en\/wp-json\/wp\/v2\/product\/1983\/revisions\/1988"}],"wp:featuredmedia":[{"embeddable":true,"href":"https:\/\/tecplan.com.es\/en\/wp-json\/wp\/v2\/media\/1986"}],"wp:attachment":[{"href":"https:\/\/tecplan.com.es\/en\/wp-json\/wp\/v2\/media?parent=1983"}],"wp:term":[{"taxonomy":"product_brand","embeddable":true,"href":"https:\/\/tecplan.com.es\/en\/wp-json\/wp\/v2\/product_brand?post=1983"},{"taxonomy":"product_cat","embeddable":true,"href":"https:\/\/tecplan.com.es\/en\/wp-json\/wp\/v2\/product_cat?post=1983"},{"taxonomy":"product_tag","embeddable":true,"href":"https:\/\/tecplan.com.es\/en\/wp-json\/wp\/v2\/product_tag?post=1983"}],"curies":[{"name":"wp","href":"https:\/\/api.w.org\/{rel}","templated":true}]}}