{"id":1966,"date":"2025-06-24T21:52:24","date_gmt":"2025-06-24T21:52:24","guid":{"rendered":"https:\/\/tecplan.com.es\/?post_type=product&#038;p=1966"},"modified":"2026-01-09T15:21:16","modified_gmt":"2026-01-09T15:21:16","slug":"fuente-de-poder-modelo-rs-12abb","status":"publish","type":"product","link":"https:\/\/tecplan.com.es\/en\/product\/fuente-de-poder-modelo-rs-12abb\/","title":{"rendered":"Power supply Model RS-12ABB"},"content":{"rendered":"<h3 class=\"product_title entry-title\">Fuente de poder Astron Modelo RS-12ABB<\/h3>\n<p style=\"text-align: justify;\"><span class=\"svelte-1sntxl4\">La Fuente de Poder Astron Modelo RS-12ABB\u00a0<\/span><span class=\"qa-highlight svelte-1sntxl4\"><span class=\"svelte-1sntxl4\">es un dispositivo que ofrece una salida de 13.8 VCD con una corriente m\u00e1xima de 12 A y una corriente continua de 9 A<\/span><\/span><span class=\"svelte-1sntxl4\">. <\/span><span class=\"svelte-1sntxl4\">Este modelo est\u00e1 dise\u00f1ado para ser lineal y regulado, lo que significa que proporciona una salida estable y confiable. <\/span>\u00a0<span class=\"svelte-1sntxl4\">Adem\u00e1s, incluye un circuito cargador de bater\u00edas, lo que lo hace adecuado para aplicaciones donde se requiere carga de bater\u00edas.<\/span><\/p>\n<p>Fuente de poder Astron | Salidas: 13.8Vcc, 12A |Lineal Regulada con Circuito Cargador de Bater\u00edas<\/p>\n<p><!--more--><\/p>\n<h5 style=\"text-align: justify;\"><span style=\"text-decoration: underline;\"><strong>DOWNLOADS<\/strong><\/span><\/h5>\n<ul style=\"text-align: justify;\">\n<li><a href=\"https:\/\/drive.google.com\/file\/d\/1zSSWlqSLR7LStUIf0gOKNdnyAc5B8Ik8\/view\">\u2192 Technical specifications in Spanish\u00a0\u00a0\u00a0\u00a0<\/a><\/li>\n<li><a href=\"https:\/\/drive.google.com\/file\/d\/1fvvVFaQ1VupBAyZVX0MGd07-kQQYbzZy\/view\">\u2192 Technical specifications in English<\/a><\/li>\n<\/ul>","protected":false},"excerpt":{"rendered":"<p>Fuente de Poder de la marca Astron ideal para trabajos pesados. Equipo para instalaci\u00f3n en rack y circuito cargador de bater\u00edas<\/p>\n<p><span style=\"text-decoration: underline;\"><strong>Characteristics:<\/strong><\/span><\/p>\n<ul>\n<li>Solid-state electronic regulation.<\/li>\n<li>Current limiter (protects the power supply from overcurrent).<\/li>\n<li>Heavy-duty heat sink.<\/li>\n<li>It maintains regulation at low voltage inputs.<\/li>\n<li>Ideal para instalar en Rack.<\/li>\n<\/ul>\n<p><img decoding=\"async\" class=\"wp-image-1918 aligncenter\" src=\"https:\/\/tecplan.com.es\/wp-content\/uploads\/2025\/06\/astron-300x147.png\" alt=\"\" width=\"139\" height=\"68\" srcset=\"https:\/\/tecplan.com.es\/wp-content\/uploads\/2025\/06\/astron-300x147.png 300w, https:\/\/tecplan.com.es\/wp-content\/uploads\/2025\/06\/astron-18x9.png 18w, https:\/\/tecplan.com.es\/wp-content\/uploads\/2025\/06\/astron.png 306w\" sizes=\"(max-width: 139px) 100vw, 139px\" \/><\/p>","protected":false},"featured_media":1970,"comment_status":"open","ping_status":"closed","template":"","meta":{"site-sidebar-layout":"default","site-content-layout":"","ast-site-content-layout":"default","site-content-style":"default","site-sidebar-style":"default","ast-global-header-display":"","ast-banner-title-visibility":"","ast-main-header-display":"","ast-hfb-above-header-display":"","ast-hfb-below-header-display":"","ast-hfb-mobile-header-display":"","site-post-title":"","ast-breadcrumbs-content":"","ast-featured-img":"","footer-sml-layout":"","ast-disable-related-posts":"","theme-transparent-header-meta":"default","adv-header-id-meta":"","stick-header-meta":"","header-above-stick-meta":"","header-main-stick-meta":"","header-below-stick-meta":"","astra-migrate-meta-layouts":"set","ast-page-background-enabled":"default","ast-page-background-meta":{"desktop":{"background-color":"var(--ast-global-color-5)","background-image":"","background-repeat":"repeat","background-position":"center center","background-size":"auto","background-attachment":"scroll","background-type":"","background-media":"","overlay-type":"","overlay-color":"","overlay-opacity":"","overlay-gradient":""},"tablet":{"background-color":"","background-image":"","background-repeat":"repeat","background-position":"center center","background-size":"auto","background-attachment":"scroll","background-type":"","background-media":"","overlay-type":"","overlay-color":"","overlay-opacity":"","overlay-gradient":""},"mobile":{"background-color":"","background-image":"","background-repeat":"repeat","background-position":"center center","background-size":"auto","background-attachment":"scroll","background-type":"","background-media":"","overlay-type":"","overlay-color":"","overlay-opacity":"","overlay-gradient":""}},"ast-content-background-meta":{"desktop":{"background-color":"var(--ast-global-color-4)","background-image":"","background-repeat":"repeat","background-position":"center center","background-size":"auto","background-attachment":"scroll","background-type":"","background-media":"","overlay-type":"","overlay-color":"","overlay-opacity":"","overlay-gradient":""},"tablet":{"background-color":"var(--ast-global-color-4)","background-image":"","background-repeat":"repeat","background-position":"center center","background-size":"auto","background-attachment":"scroll","background-type":"","background-media":"","overlay-type":"","overlay-color":"","overlay-opacity":"","overlay-gradient":""},"mobile":{"background-color":"var(--ast-global-color-4)","background-image":"","background-repeat":"repeat","background-position":"center center","background-size":"auto","background-attachment":"scroll","background-type":"","background-media":"","overlay-type":"","overlay-color":"","overlay-opacity":"","overlay-gradient":""}}},"product_brand":[233],"product_cat":[80,81,59],"product_tag":[202],"class_list":{"0":"post-1966","1":"product","2":"type-product","3":"status-publish","4":"has-post-thumbnail","6":"product_brand-astrom","7":"product_cat-astrom","8":"product_cat-fuentes-de-alimentacion","9":"product_cat-radio-comunicacion","10":"product_tag-astrom","11":"desktop-align-left","12":"tablet-align-left","13":"mobile-align-left","15":"first","16":"instock","17":"shipping-taxable","18":"product-type-simple"},"yoast_head":"<!-- This site is optimized with the Yoast SEO plugin v25.3 - https:\/\/yoast.com\/wordpress\/plugins\/seo\/ -->\n<title>Fuente de poder Modelo RS-12ABB - Tecplan<\/title>\n<meta name=\"robots\" content=\"index, follow, max-snippet:-1, max-image-preview:large, max-video-preview:-1\" \/>\n<link rel=\"canonical\" href=\"https:\/\/tecplan.com.es\/en\/product\/fuente-de-poder-modelo-rs-12abb\/\" \/>\n<meta property=\"og:locale\" content=\"en_US\" \/>\n<meta property=\"og:type\" content=\"article\" \/>\n<meta property=\"og:title\" content=\"Fuente de poder Modelo RS-12ABB - Tecplan\" \/>\n<meta property=\"og:description\" content=\"Fuente de Poder de la marca Astron ideal para trabajos pesados. Equipo para instalaci\u00f3n en rack y circuito cargador de bater\u00edas  Caracter\u00edsticas:   Regulaci\u00f3n electr\u00f3nica de estado s\u00f3lido.  Delimitador de corriente (protege la fuente por exceso de corriente).  Disipador de calor para trabajo pesado.  Mantiene regulaci\u00f3n a bajas entradas de voltaje.  Ideal para instalar en Rack.\" \/>\n<meta property=\"og:url\" content=\"https:\/\/tecplan.com.es\/en\/product\/fuente-de-poder-modelo-rs-12abb\/\" \/>\n<meta property=\"og:site_name\" content=\"Tecplan\" \/>\n<meta property=\"article:modified_time\" content=\"2026-01-09T15:21:16+00:00\" \/>\n<meta property=\"og:image\" content=\"https:\/\/tecplan.com.es\/wp-content\/uploads\/2025\/06\/Modelo-RS-12ABB_0000_RS12ABB-FRENTE-p.jpg\" \/>\n\t<meta property=\"og:image:width\" content=\"342\" \/>\n\t<meta property=\"og:image:height\" content=\"339\" \/>\n\t<meta property=\"og:image:type\" content=\"image\/jpeg\" \/>\n<meta name=\"twitter:card\" content=\"summary_large_image\" \/>\n<meta name=\"twitter:label1\" content=\"Est. reading time\" \/>\n\t<meta name=\"twitter:data1\" content=\"1 minute\" \/>\n<script type=\"application\/ld+json\" class=\"yoast-schema-graph\">{\"@context\":\"https:\/\/schema.org\",\"@graph\":[{\"@type\":\"WebPage\",\"@id\":\"https:\/\/tecplan.com.es\/product\/fuente-de-poder-modelo-rs-12abb\/\",\"url\":\"https:\/\/tecplan.com.es\/product\/fuente-de-poder-modelo-rs-12abb\/\",\"name\":\"Fuente de poder Modelo RS-12ABB - Tecplan\",\"isPartOf\":{\"@id\":\"https:\/\/tecplan.com.es\/#website\"},\"primaryImageOfPage\":{\"@id\":\"https:\/\/tecplan.com.es\/product\/fuente-de-poder-modelo-rs-12abb\/#primaryimage\"},\"image\":{\"@id\":\"https:\/\/tecplan.com.es\/product\/fuente-de-poder-modelo-rs-12abb\/#primaryimage\"},\"thumbnailUrl\":\"https:\/\/tecplan.com.es\/wp-content\/uploads\/2025\/06\/Modelo-RS-12ABB_0000_RS12ABB-FRENTE-p.jpg\",\"datePublished\":\"2025-06-24T21:52:24+00:00\",\"dateModified\":\"2026-01-09T15:21:16+00:00\",\"breadcrumb\":{\"@id\":\"https:\/\/tecplan.com.es\/product\/fuente-de-poder-modelo-rs-12abb\/#breadcrumb\"},\"inLanguage\":\"en-US\",\"potentialAction\":[{\"@type\":\"ReadAction\",\"target\":[\"https:\/\/tecplan.com.es\/product\/fuente-de-poder-modelo-rs-12abb\/\"]}]},{\"@type\":\"ImageObject\",\"inLanguage\":\"en-US\",\"@id\":\"https:\/\/tecplan.com.es\/product\/fuente-de-poder-modelo-rs-12abb\/#primaryimage\",\"url\":\"https:\/\/tecplan.com.es\/wp-content\/uploads\/2025\/06\/Modelo-RS-12ABB_0000_RS12ABB-FRENTE-p.jpg\",\"contentUrl\":\"https:\/\/tecplan.com.es\/wp-content\/uploads\/2025\/06\/Modelo-RS-12ABB_0000_RS12ABB-FRENTE-p.jpg\",\"width\":342,\"height\":339},{\"@type\":\"BreadcrumbList\",\"@id\":\"https:\/\/tecplan.com.es\/product\/fuente-de-poder-modelo-rs-12abb\/#breadcrumb\",\"itemListElement\":[{\"@type\":\"ListItem\",\"position\":1,\"name\":\"Home\",\"item\":\"https:\/\/tecplan.com.es\/\"},{\"@type\":\"ListItem\",\"position\":2,\"name\":\"Shop\",\"item\":\"https:\/\/tecplan.com.es\/shop\/\"},{\"@type\":\"ListItem\",\"position\":3,\"name\":\"Fuente de poder Modelo RS-12ABB\"}]},{\"@type\":\"WebSite\",\"@id\":\"https:\/\/tecplan.com.es\/#website\",\"url\":\"https:\/\/tecplan.com.es\/\",\"name\":\"Tecplan\",\"description\":\"\",\"potentialAction\":[{\"@type\":\"SearchAction\",\"target\":{\"@type\":\"EntryPoint\",\"urlTemplate\":\"https:\/\/tecplan.com.es\/?s={search_term_string}\"},\"query-input\":{\"@type\":\"PropertyValueSpecification\",\"valueRequired\":true,\"valueName\":\"search_term_string\"}}],\"inLanguage\":\"en-US\"}]}<\/script>\n<!-- \/ Yoast SEO plugin. -->","yoast_head_json":{"title":"Fuente de poder Modelo RS-12ABB - Tecplan","robots":{"index":"index","follow":"follow","max-snippet":"max-snippet:-1","max-image-preview":"max-image-preview:large","max-video-preview":"max-video-preview:-1"},"canonical":"https:\/\/tecplan.com.es\/en\/product\/fuente-de-poder-modelo-rs-12abb\/","og_locale":"en_US","og_type":"article","og_title":"Fuente de poder Modelo RS-12ABB - Tecplan","og_description":"Fuente de Poder de la marca Astron ideal para trabajos pesados. Equipo para instalaci\u00f3n en rack y circuito cargador de bater\u00edas  Caracter\u00edsticas:   Regulaci\u00f3n electr\u00f3nica de estado s\u00f3lido.  Delimitador de corriente (protege la fuente por exceso de corriente).  Disipador de calor para trabajo pesado.  Mantiene regulaci\u00f3n a bajas entradas de voltaje.  Ideal para instalar en Rack.","og_url":"https:\/\/tecplan.com.es\/en\/product\/fuente-de-poder-modelo-rs-12abb\/","og_site_name":"Tecplan","article_modified_time":"2026-01-09T15:21:16+00:00","og_image":[{"width":342,"height":339,"url":"https:\/\/tecplan.com.es\/wp-content\/uploads\/2025\/06\/Modelo-RS-12ABB_0000_RS12ABB-FRENTE-p.jpg","type":"image\/jpeg"}],"twitter_card":"summary_large_image","twitter_misc":{"Est. reading time":"1 minute"},"schema":{"@context":"https:\/\/schema.org","@graph":[{"@type":"WebPage","@id":"https:\/\/tecplan.com.es\/product\/fuente-de-poder-modelo-rs-12abb\/","url":"https:\/\/tecplan.com.es\/product\/fuente-de-poder-modelo-rs-12abb\/","name":"Fuente de poder Modelo RS-12ABB - Tecplan","isPartOf":{"@id":"https:\/\/tecplan.com.es\/#website"},"primaryImageOfPage":{"@id":"https:\/\/tecplan.com.es\/product\/fuente-de-poder-modelo-rs-12abb\/#primaryimage"},"image":{"@id":"https:\/\/tecplan.com.es\/product\/fuente-de-poder-modelo-rs-12abb\/#primaryimage"},"thumbnailUrl":"https:\/\/tecplan.com.es\/wp-content\/uploads\/2025\/06\/Modelo-RS-12ABB_0000_RS12ABB-FRENTE-p.jpg","datePublished":"2025-06-24T21:52:24+00:00","dateModified":"2026-01-09T15:21:16+00:00","breadcrumb":{"@id":"https:\/\/tecplan.com.es\/product\/fuente-de-poder-modelo-rs-12abb\/#breadcrumb"},"inLanguage":"en-US","potentialAction":[{"@type":"ReadAction","target":["https:\/\/tecplan.com.es\/product\/fuente-de-poder-modelo-rs-12abb\/"]}]},{"@type":"ImageObject","inLanguage":"en-US","@id":"https:\/\/tecplan.com.es\/product\/fuente-de-poder-modelo-rs-12abb\/#primaryimage","url":"https:\/\/tecplan.com.es\/wp-content\/uploads\/2025\/06\/Modelo-RS-12ABB_0000_RS12ABB-FRENTE-p.jpg","contentUrl":"https:\/\/tecplan.com.es\/wp-content\/uploads\/2025\/06\/Modelo-RS-12ABB_0000_RS12ABB-FRENTE-p.jpg","width":342,"height":339},{"@type":"BreadcrumbList","@id":"https:\/\/tecplan.com.es\/product\/fuente-de-poder-modelo-rs-12abb\/#breadcrumb","itemListElement":[{"@type":"ListItem","position":1,"name":"Home","item":"https:\/\/tecplan.com.es\/"},{"@type":"ListItem","position":2,"name":"Shop","item":"https:\/\/tecplan.com.es\/shop\/"},{"@type":"ListItem","position":3,"name":"Fuente de poder Modelo RS-12ABB"}]},{"@type":"WebSite","@id":"https:\/\/tecplan.com.es\/#website","url":"https:\/\/tecplan.com.es\/","name":"Tecplan","description":"","potentialAction":[{"@type":"SearchAction","target":{"@type":"EntryPoint","urlTemplate":"https:\/\/tecplan.com.es\/?s={search_term_string}"},"query-input":{"@type":"PropertyValueSpecification","valueRequired":true,"valueName":"search_term_string"}}],"inLanguage":"en-US"}]}},"_links":{"self":[{"href":"https:\/\/tecplan.com.es\/en\/wp-json\/wp\/v2\/product\/1966","targetHints":{"allow":["GET"]}}],"collection":[{"href":"https:\/\/tecplan.com.es\/en\/wp-json\/wp\/v2\/product"}],"about":[{"href":"https:\/\/tecplan.com.es\/en\/wp-json\/wp\/v2\/types\/product"}],"replies":[{"embeddable":true,"href":"https:\/\/tecplan.com.es\/en\/wp-json\/wp\/v2\/comments?post=1966"}],"version-history":[{"count":3,"href":"https:\/\/tecplan.com.es\/en\/wp-json\/wp\/v2\/product\/1966\/revisions"}],"predecessor-version":[{"id":1972,"href":"https:\/\/tecplan.com.es\/en\/wp-json\/wp\/v2\/product\/1966\/revisions\/1972"}],"wp:featuredmedia":[{"embeddable":true,"href":"https:\/\/tecplan.com.es\/en\/wp-json\/wp\/v2\/media\/1970"}],"wp:attachment":[{"href":"https:\/\/tecplan.com.es\/en\/wp-json\/wp\/v2\/media?parent=1966"}],"wp:term":[{"taxonomy":"product_brand","embeddable":true,"href":"https:\/\/tecplan.com.es\/en\/wp-json\/wp\/v2\/product_brand?post=1966"},{"taxonomy":"product_cat","embeddable":true,"href":"https:\/\/tecplan.com.es\/en\/wp-json\/wp\/v2\/product_cat?post=1966"},{"taxonomy":"product_tag","embeddable":true,"href":"https:\/\/tecplan.com.es\/en\/wp-json\/wp\/v2\/product_tag?post=1966"}],"curies":[{"name":"wp","href":"https:\/\/api.w.org\/{rel}","templated":true}]}}