{"id":1957,"date":"2025-06-24T21:40:34","date_gmt":"2025-06-24T21:40:34","guid":{"rendered":"https:\/\/tecplan.com.es\/?post_type=product&#038;p=1957"},"modified":"2026-01-09T15:22:01","modified_gmt":"2026-01-09T15:22:01","slug":"fuente-de-poder-modelo-ss-12","status":"publish","type":"product","link":"https:\/\/tecplan.com.es\/en\/product\/fuente-de-poder-modelo-ss-12\/","title":{"rendered":"Power Supply Model SS-12"},"content":{"rendered":"<h3 class=\"product_title entry-title\">ASTRON Model SS-12 Switching Power Supply<\/h3>\n<p style=\"text-align: justify;\"><span class=\"svelte-1sntxl4\">The ASTRON Model SS-12 Switching Power Supply\u00a0<\/span><span class=\"qa-highlight svelte-1sntxl4\"><span class=\"svelte-1sntxl4\">It is a device that offers a 13.8 VDC output with a maximum current of 12 A and a continuous current of 10 A<\/span><\/span><span class=\"svelte-1sntxl4\">. <\/span><span class=\"svelte-1sntxl4\">This model features protection functions such as input fuse, overcurrent, overvoltage and overheating.<\/span><\/p>\n<p style=\"text-align: justify;\">High-efficiency switching technology. Built-in protections: current limiting, fuse protection, overvoltage protection, and over-temperature shutdown. Low-profile and lightweight design. Heavy-duty industrial design with high-quality metal construction. CE Safety certified. Energy Star, CEC, and RoHS Environmental certified.<\/p>\n<p>Switching Power Supply | Outputs: 13.8VDC 12A<\/p>\n<p><!--more--><\/p>\n<h5 style=\"text-align: justify;\"><span style=\"text-decoration: underline;\"><strong>DOWNLOADS<\/strong><\/span><\/h5>\n<ul style=\"text-align: justify;\">\n<li><a href=\"https:\/\/drive.google.com\/file\/d\/1CbrzjGceU-Y1Bt_T1BE4W5QHFjWQJ_QX\/view\">\u2192 Technical specifications in Spanish\u00a0\u00a0<\/a><\/li>\n<li><a href=\"https:\/\/drive.google.com\/file\/d\/1b5NYLeE6JwmgFJVhS2dITO6pgRw8Im_0\/view\">\u2192 Technical specifications in English<\/a><\/li>\n<\/ul>","protected":false},"excerpt":{"rendered":"<p><strong>Caracter\u00edsticas<\/strong><\/p>\n<ul>\n<li>High-efficiency technology.<\/li>\n<li>Built-in protections.<\/li>\n<li>Low profile and lightweight design.<\/li>\n<li>Heavy-duty industrial design.<\/li>\n<li>Certified with CE Safety Standards.<\/li>\n<li>Certified with CEC RoHS Environmental Standards.<\/li>\n<\/ul>\n<p><img decoding=\"async\" class=\"wp-image-1918 aligncenter\" src=\"https:\/\/tecplan.com.es\/wp-content\/uploads\/2025\/06\/astron-300x147.png\" alt=\"\" width=\"151\" height=\"74\" srcset=\"https:\/\/tecplan.com.es\/wp-content\/uploads\/2025\/06\/astron-300x147.png 300w, https:\/\/tecplan.com.es\/wp-content\/uploads\/2025\/06\/astron-18x9.png 18w, https:\/\/tecplan.com.es\/wp-content\/uploads\/2025\/06\/astron.png 306w\" sizes=\"(max-width: 151px) 100vw, 151px\" \/><\/p>","protected":false},"featured_media":1958,"comment_status":"open","ping_status":"closed","template":"","meta":{"site-sidebar-layout":"default","site-content-layout":"","ast-site-content-layout":"default","site-content-style":"default","site-sidebar-style":"default","ast-global-header-display":"","ast-banner-title-visibility":"","ast-main-header-display":"","ast-hfb-above-header-display":"","ast-hfb-below-header-display":"","ast-hfb-mobile-header-display":"","site-post-title":"","ast-breadcrumbs-content":"","ast-featured-img":"","footer-sml-layout":"","ast-disable-related-posts":"","theme-transparent-header-meta":"default","adv-header-id-meta":"","stick-header-meta":"","header-above-stick-meta":"","header-main-stick-meta":"","header-below-stick-meta":"","astra-migrate-meta-layouts":"set","ast-page-background-enabled":"default","ast-page-background-meta":{"desktop":{"background-color":"var(--ast-global-color-5)","background-image":"","background-repeat":"repeat","background-position":"center center","background-size":"auto","background-attachment":"scroll","background-type":"","background-media":"","overlay-type":"","overlay-color":"","overlay-opacity":"","overlay-gradient":""},"tablet":{"background-color":"","background-image":"","background-repeat":"repeat","background-position":"center center","background-size":"auto","background-attachment":"scroll","background-type":"","background-media":"","overlay-type":"","overlay-color":"","overlay-opacity":"","overlay-gradient":""},"mobile":{"background-color":"","background-image":"","background-repeat":"repeat","background-position":"center center","background-size":"auto","background-attachment":"scroll","background-type":"","background-media":"","overlay-type":"","overlay-color":"","overlay-opacity":"","overlay-gradient":""}},"ast-content-background-meta":{"desktop":{"background-color":"var(--ast-global-color-4)","background-image":"","background-repeat":"repeat","background-position":"center center","background-size":"auto","background-attachment":"scroll","background-type":"","background-media":"","overlay-type":"","overlay-color":"","overlay-opacity":"","overlay-gradient":""},"tablet":{"background-color":"var(--ast-global-color-4)","background-image":"","background-repeat":"repeat","background-position":"center center","background-size":"auto","background-attachment":"scroll","background-type":"","background-media":"","overlay-type":"","overlay-color":"","overlay-opacity":"","overlay-gradient":""},"mobile":{"background-color":"var(--ast-global-color-4)","background-image":"","background-repeat":"repeat","background-position":"center center","background-size":"auto","background-attachment":"scroll","background-type":"","background-media":"","overlay-type":"","overlay-color":"","overlay-opacity":"","overlay-gradient":""}}},"product_brand":[233],"product_cat":[80,81,59],"product_tag":[202],"class_list":{"0":"post-1957","1":"product","2":"type-product","3":"status-publish","4":"has-post-thumbnail","6":"product_brand-astrom","7":"product_cat-astrom","8":"product_cat-fuentes-de-alimentacion","9":"product_cat-radio-comunicacion","10":"product_tag-astrom","11":"desktop-align-left","12":"tablet-align-left","13":"mobile-align-left","15":"first","16":"instock","17":"shipping-taxable","18":"product-type-simple"},"yoast_head":"<!-- This site is optimized with the Yoast SEO plugin v25.3 - https:\/\/yoast.com\/wordpress\/plugins\/seo\/ -->\n<title>Fuente de Poder Modelo SS-12 - Tecplan<\/title>\n<meta name=\"robots\" content=\"index, follow, max-snippet:-1, max-image-preview:large, max-video-preview:-1\" \/>\n<link rel=\"canonical\" href=\"https:\/\/tecplan.com.es\/en\/product\/fuente-de-poder-modelo-ss-12\/\" \/>\n<meta property=\"og:locale\" content=\"en_US\" \/>\n<meta property=\"og:type\" content=\"article\" \/>\n<meta property=\"og:title\" content=\"Fuente de Poder Modelo SS-12 - Tecplan\" \/>\n<meta property=\"og:description\" content=\"Caracter\u00edsticas   Tecnolog\u00eda de alta eficiencia.  Protecciones incorporadas.  Dise\u00f1o de bajo perfil y peso ligero.  Dise\u00f1o industrial de alta resistencia.  Certificado con las Normas de Seguridad CE.  Certificado con Normas Ambientales CEC RoHS.\" \/>\n<meta property=\"og:url\" content=\"https:\/\/tecplan.com.es\/en\/product\/fuente-de-poder-modelo-ss-12\/\" \/>\n<meta property=\"og:site_name\" content=\"Tecplan\" \/>\n<meta property=\"article:modified_time\" content=\"2026-01-09T15:22:01+00:00\" \/>\n<meta property=\"og:image\" content=\"https:\/\/tecplan.com.es\/wp-content\/uploads\/2025\/06\/Fuente-SS-12_0003_SS12-AD-4-p.jpg\" \/>\n\t<meta property=\"og:image:width\" content=\"342\" \/>\n\t<meta property=\"og:image:height\" content=\"339\" \/>\n\t<meta property=\"og:image:type\" content=\"image\/jpeg\" \/>\n<meta name=\"twitter:card\" content=\"summary_large_image\" \/>\n<meta name=\"twitter:label1\" content=\"Est. reading time\" \/>\n\t<meta name=\"twitter:data1\" content=\"1 minute\" \/>\n<script type=\"application\/ld+json\" class=\"yoast-schema-graph\">{\"@context\":\"https:\/\/schema.org\",\"@graph\":[{\"@type\":\"WebPage\",\"@id\":\"https:\/\/tecplan.com.es\/product\/fuente-de-poder-modelo-ss-12\/\",\"url\":\"https:\/\/tecplan.com.es\/product\/fuente-de-poder-modelo-ss-12\/\",\"name\":\"Fuente de Poder Modelo SS-12 - Tecplan\",\"isPartOf\":{\"@id\":\"https:\/\/tecplan.com.es\/#website\"},\"primaryImageOfPage\":{\"@id\":\"https:\/\/tecplan.com.es\/product\/fuente-de-poder-modelo-ss-12\/#primaryimage\"},\"image\":{\"@id\":\"https:\/\/tecplan.com.es\/product\/fuente-de-poder-modelo-ss-12\/#primaryimage\"},\"thumbnailUrl\":\"https:\/\/tecplan.com.es\/wp-content\/uploads\/2025\/06\/Fuente-SS-12_0003_SS12-AD-4-p.jpg\",\"datePublished\":\"2025-06-24T21:40:34+00:00\",\"dateModified\":\"2026-01-09T15:22:01+00:00\",\"breadcrumb\":{\"@id\":\"https:\/\/tecplan.com.es\/product\/fuente-de-poder-modelo-ss-12\/#breadcrumb\"},\"inLanguage\":\"en-US\",\"potentialAction\":[{\"@type\":\"ReadAction\",\"target\":[\"https:\/\/tecplan.com.es\/product\/fuente-de-poder-modelo-ss-12\/\"]}]},{\"@type\":\"ImageObject\",\"inLanguage\":\"en-US\",\"@id\":\"https:\/\/tecplan.com.es\/product\/fuente-de-poder-modelo-ss-12\/#primaryimage\",\"url\":\"https:\/\/tecplan.com.es\/wp-content\/uploads\/2025\/06\/Fuente-SS-12_0003_SS12-AD-4-p.jpg\",\"contentUrl\":\"https:\/\/tecplan.com.es\/wp-content\/uploads\/2025\/06\/Fuente-SS-12_0003_SS12-AD-4-p.jpg\",\"width\":342,\"height\":339},{\"@type\":\"BreadcrumbList\",\"@id\":\"https:\/\/tecplan.com.es\/product\/fuente-de-poder-modelo-ss-12\/#breadcrumb\",\"itemListElement\":[{\"@type\":\"ListItem\",\"position\":1,\"name\":\"Home\",\"item\":\"https:\/\/tecplan.com.es\/\"},{\"@type\":\"ListItem\",\"position\":2,\"name\":\"Shop\",\"item\":\"https:\/\/tecplan.com.es\/shop\/\"},{\"@type\":\"ListItem\",\"position\":3,\"name\":\"Fuente de Poder Modelo SS-12\"}]},{\"@type\":\"WebSite\",\"@id\":\"https:\/\/tecplan.com.es\/#website\",\"url\":\"https:\/\/tecplan.com.es\/\",\"name\":\"Tecplan\",\"description\":\"\",\"potentialAction\":[{\"@type\":\"SearchAction\",\"target\":{\"@type\":\"EntryPoint\",\"urlTemplate\":\"https:\/\/tecplan.com.es\/?s={search_term_string}\"},\"query-input\":{\"@type\":\"PropertyValueSpecification\",\"valueRequired\":true,\"valueName\":\"search_term_string\"}}],\"inLanguage\":\"en-US\"}]}<\/script>\n<!-- \/ Yoast SEO plugin. -->","yoast_head_json":{"title":"Fuente de Poder Modelo SS-12 - Tecplan","robots":{"index":"index","follow":"follow","max-snippet":"max-snippet:-1","max-image-preview":"max-image-preview:large","max-video-preview":"max-video-preview:-1"},"canonical":"https:\/\/tecplan.com.es\/en\/product\/fuente-de-poder-modelo-ss-12\/","og_locale":"en_US","og_type":"article","og_title":"Fuente de Poder Modelo SS-12 - Tecplan","og_description":"Caracter\u00edsticas   Tecnolog\u00eda de alta eficiencia.  Protecciones incorporadas.  Dise\u00f1o de bajo perfil y peso ligero.  Dise\u00f1o industrial de alta resistencia.  Certificado con las Normas de Seguridad CE.  Certificado con Normas Ambientales CEC RoHS.","og_url":"https:\/\/tecplan.com.es\/en\/product\/fuente-de-poder-modelo-ss-12\/","og_site_name":"Tecplan","article_modified_time":"2026-01-09T15:22:01+00:00","og_image":[{"width":342,"height":339,"url":"https:\/\/tecplan.com.es\/wp-content\/uploads\/2025\/06\/Fuente-SS-12_0003_SS12-AD-4-p.jpg","type":"image\/jpeg"}],"twitter_card":"summary_large_image","twitter_misc":{"Est. reading time":"1 minute"},"schema":{"@context":"https:\/\/schema.org","@graph":[{"@type":"WebPage","@id":"https:\/\/tecplan.com.es\/product\/fuente-de-poder-modelo-ss-12\/","url":"https:\/\/tecplan.com.es\/product\/fuente-de-poder-modelo-ss-12\/","name":"Fuente de Poder Modelo SS-12 - Tecplan","isPartOf":{"@id":"https:\/\/tecplan.com.es\/#website"},"primaryImageOfPage":{"@id":"https:\/\/tecplan.com.es\/product\/fuente-de-poder-modelo-ss-12\/#primaryimage"},"image":{"@id":"https:\/\/tecplan.com.es\/product\/fuente-de-poder-modelo-ss-12\/#primaryimage"},"thumbnailUrl":"https:\/\/tecplan.com.es\/wp-content\/uploads\/2025\/06\/Fuente-SS-12_0003_SS12-AD-4-p.jpg","datePublished":"2025-06-24T21:40:34+00:00","dateModified":"2026-01-09T15:22:01+00:00","breadcrumb":{"@id":"https:\/\/tecplan.com.es\/product\/fuente-de-poder-modelo-ss-12\/#breadcrumb"},"inLanguage":"en-US","potentialAction":[{"@type":"ReadAction","target":["https:\/\/tecplan.com.es\/product\/fuente-de-poder-modelo-ss-12\/"]}]},{"@type":"ImageObject","inLanguage":"en-US","@id":"https:\/\/tecplan.com.es\/product\/fuente-de-poder-modelo-ss-12\/#primaryimage","url":"https:\/\/tecplan.com.es\/wp-content\/uploads\/2025\/06\/Fuente-SS-12_0003_SS12-AD-4-p.jpg","contentUrl":"https:\/\/tecplan.com.es\/wp-content\/uploads\/2025\/06\/Fuente-SS-12_0003_SS12-AD-4-p.jpg","width":342,"height":339},{"@type":"BreadcrumbList","@id":"https:\/\/tecplan.com.es\/product\/fuente-de-poder-modelo-ss-12\/#breadcrumb","itemListElement":[{"@type":"ListItem","position":1,"name":"Home","item":"https:\/\/tecplan.com.es\/"},{"@type":"ListItem","position":2,"name":"Shop","item":"https:\/\/tecplan.com.es\/shop\/"},{"@type":"ListItem","position":3,"name":"Fuente de Poder Modelo SS-12"}]},{"@type":"WebSite","@id":"https:\/\/tecplan.com.es\/#website","url":"https:\/\/tecplan.com.es\/","name":"Tecplan","description":"","potentialAction":[{"@type":"SearchAction","target":{"@type":"EntryPoint","urlTemplate":"https:\/\/tecplan.com.es\/?s={search_term_string}"},"query-input":{"@type":"PropertyValueSpecification","valueRequired":true,"valueName":"search_term_string"}}],"inLanguage":"en-US"}]}},"_links":{"self":[{"href":"https:\/\/tecplan.com.es\/en\/wp-json\/wp\/v2\/product\/1957","targetHints":{"allow":["GET"]}}],"collection":[{"href":"https:\/\/tecplan.com.es\/en\/wp-json\/wp\/v2\/product"}],"about":[{"href":"https:\/\/tecplan.com.es\/en\/wp-json\/wp\/v2\/types\/product"}],"replies":[{"embeddable":true,"href":"https:\/\/tecplan.com.es\/en\/wp-json\/wp\/v2\/comments?post=1957"}],"version-history":[{"count":3,"href":"https:\/\/tecplan.com.es\/en\/wp-json\/wp\/v2\/product\/1957\/revisions"}],"predecessor-version":[{"id":1965,"href":"https:\/\/tecplan.com.es\/en\/wp-json\/wp\/v2\/product\/1957\/revisions\/1965"}],"wp:featuredmedia":[{"embeddable":true,"href":"https:\/\/tecplan.com.es\/en\/wp-json\/wp\/v2\/media\/1958"}],"wp:attachment":[{"href":"https:\/\/tecplan.com.es\/en\/wp-json\/wp\/v2\/media?parent=1957"}],"wp:term":[{"taxonomy":"product_brand","embeddable":true,"href":"https:\/\/tecplan.com.es\/en\/wp-json\/wp\/v2\/product_brand?post=1957"},{"taxonomy":"product_cat","embeddable":true,"href":"https:\/\/tecplan.com.es\/en\/wp-json\/wp\/v2\/product_cat?post=1957"},{"taxonomy":"product_tag","embeddable":true,"href":"https:\/\/tecplan.com.es\/en\/wp-json\/wp\/v2\/product_tag?post=1957"}],"curies":[{"name":"wp","href":"https:\/\/api.w.org\/{rel}","templated":true}]}}