{"id":1866,"date":"2025-06-20T21:28:47","date_gmt":"2025-06-20T21:28:47","guid":{"rendered":"https:\/\/tecplan.com.es\/?post_type=product&#038;p=1866"},"modified":"2026-01-09T15:48:37","modified_gmt":"2026-01-09T15:48:37","slug":"duplexer-movil-modelo-mr456b-1-2-2","status":"publish","type":"product","link":"https:\/\/tecplan.com.es\/en\/product\/duplexer-movil-modelo-mr456b-1-2-2\/","title":{"rendered":"Mobile Duplexer model MR456B-1-2"},"content":{"rendered":"<p style=\"text-align: justify;\"><strong>The Sinclair MR456 series of mobile duplexers<\/strong><\/p>\n<p style=\"text-align: justify;\">These compact units are manufactured from durable, lightweight extruded aluminum, providing maximum structural integrity. The resonators are temperature-compensated and designed to minimize variations in changing operating environments. These duplexers deliver superior performance for conventional and trunking applications and can also be used as low-power base station duplexers.<\/p>\n<p><!--more--><\/p>\n<h5 style=\"text-align: justify;\"><span style=\"text-decoration: underline;\"><strong>DOWNLOADS<\/strong><\/span><\/h5>\n<ul style=\"text-align: justify;\">\n<li><a href=\"https:\/\/drive.google.com\/file\/d\/1UKUvxj034m8cyb1O7nEsl6AAIQ1SCXyJ\/view\">\u2192 Technical specifications in Spanish\u00a0\u00a0\u00a0\u00a0\u00a0<\/a><\/li>\n<li><a href=\"https:\/\/drive.google.com\/file\/d\/1UKUvxj034m8cyb1O7nEsl6AAIQ1SCXyJ\/view\">\u2192 Technical specifications in English<\/a><\/li>\n<\/ul>","protected":false},"excerpt":{"rendered":"<div class=\"elementor-widget-container\" style=\"text-align: justify;\"><strong>Mobile Duplexer, 806-960 MHz, 6 Cavities, 24 MHz Separation, 50 Watt, Female BNC.<\/strong><\/div>\n<div class=\"elementor-widget-container\">\n<ul>\n<li style=\"text-align: justify;\">Six helical resonators with temperature compensation and high stability.<\/li>\n<li style=\"text-align: justify;\">Housing made of lightweight and resistant extruded aluminum.<\/li>\n<li style=\"text-align: justify;\">Power handling capacity of 50 watts with 60 dB transmit-to-receive isolation.<\/li>\n<\/ul>\n<p><img decoding=\"async\" class=\"wp-image-1768 aligncenter\" src=\"https:\/\/tecplan.com.es\/wp-content\/uploads\/2025\/06\/sinclair-300x70.png\" alt=\"\" width=\"154\" height=\"36\" srcset=\"https:\/\/tecplan.com.es\/wp-content\/uploads\/2025\/06\/sinclair-300x70.png 300w, https:\/\/tecplan.com.es\/wp-content\/uploads\/2025\/06\/sinclair-1024x240.png 1024w, https:\/\/tecplan.com.es\/wp-content\/uploads\/2025\/06\/sinclair-768x180.png 768w, https:\/\/tecplan.com.es\/wp-content\/uploads\/2025\/06\/sinclair-1536x360.png 1536w, https:\/\/tecplan.com.es\/wp-content\/uploads\/2025\/06\/sinclair-2048x479.png 2048w, https:\/\/tecplan.com.es\/wp-content\/uploads\/2025\/06\/sinclair-18x4.png 18w, https:\/\/tecplan.com.es\/wp-content\/uploads\/2025\/06\/sinclair-600x140.png 600w\" sizes=\"(max-width: 154px) 100vw, 154px\" \/><\/p>\n<\/div>","protected":false},"featured_media":1855,"comment_status":"open","ping_status":"closed","template":"","meta":{"site-sidebar-layout":"default","site-content-layout":"","ast-site-content-layout":"default","site-content-style":"default","site-sidebar-style":"default","ast-global-header-display":"","ast-banner-title-visibility":"","ast-main-header-display":"","ast-hfb-above-header-display":"","ast-hfb-below-header-display":"","ast-hfb-mobile-header-display":"","site-post-title":"","ast-breadcrumbs-content":"","ast-featured-img":"","footer-sml-layout":"","ast-disable-related-posts":"","theme-transparent-header-meta":"default","adv-header-id-meta":"","stick-header-meta":"","header-above-stick-meta":"","header-main-stick-meta":"","header-below-stick-meta":"","astra-migrate-meta-layouts":"set","ast-page-background-enabled":"default","ast-page-background-meta":{"desktop":{"background-color":"var(--ast-global-color-5)","background-image":"","background-repeat":"repeat","background-position":"center center","background-size":"auto","background-attachment":"scroll","background-type":"","background-media":"","overlay-type":"","overlay-color":"","overlay-opacity":"","overlay-gradient":""},"tablet":{"background-color":"","background-image":"","background-repeat":"repeat","background-position":"center center","background-size":"auto","background-attachment":"scroll","background-type":"","background-media":"","overlay-type":"","overlay-color":"","overlay-opacity":"","overlay-gradient":""},"mobile":{"background-color":"","background-image":"","background-repeat":"repeat","background-position":"center center","background-size":"auto","background-attachment":"scroll","background-type":"","background-media":"","overlay-type":"","overlay-color":"","overlay-opacity":"","overlay-gradient":""}},"ast-content-background-meta":{"desktop":{"background-color":"var(--ast-global-color-4)","background-image":"","background-repeat":"repeat","background-position":"center center","background-size":"auto","background-attachment":"scroll","background-type":"","background-media":"","overlay-type":"","overlay-color":"","overlay-opacity":"","overlay-gradient":""},"tablet":{"background-color":"var(--ast-global-color-4)","background-image":"","background-repeat":"repeat","background-position":"center center","background-size":"auto","background-attachment":"scroll","background-type":"","background-media":"","overlay-type":"","overlay-color":"","overlay-opacity":"","overlay-gradient":""},"mobile":{"background-color":"var(--ast-global-color-4)","background-image":"","background-repeat":"repeat","background-position":"center center","background-size":"auto","background-attachment":"scroll","background-type":"","background-media":"","overlay-type":"","overlay-color":"","overlay-opacity":"","overlay-gradient":""}}},"product_brand":[232],"product_cat":[67,59,64],"product_tag":[206],"class_list":{"0":"post-1866","1":"product","2":"type-product","3":"status-publish","4":"has-post-thumbnail","6":"product_brand-sinclair","7":"product_cat-duplexer","8":"product_cat-radio-comunicacion","9":"product_cat-sinclair","10":"product_tag-sinclair","11":"desktop-align-left","12":"tablet-align-left","13":"mobile-align-left","15":"first","16":"instock","17":"shipping-taxable","18":"product-type-simple"},"yoast_head":"<!-- This site is optimized with the Yoast SEO plugin v25.3 - https:\/\/yoast.com\/wordpress\/plugins\/seo\/ -->\n<title>Duplexer M\u00f3vil modelo MR456B-1-2 - Tecplan<\/title>\n<meta name=\"robots\" content=\"index, follow, max-snippet:-1, max-image-preview:large, max-video-preview:-1\" \/>\n<link rel=\"canonical\" href=\"https:\/\/tecplan.com.es\/en\/product\/duplexer-movil-modelo-mr456b-1-2-2\/\" \/>\n<meta property=\"og:locale\" content=\"en_US\" \/>\n<meta property=\"og:type\" content=\"article\" \/>\n<meta property=\"og:title\" content=\"Duplexer M\u00f3vil modelo MR456B-1-2 - Tecplan\" \/>\n<meta property=\"og:description\" content=\"Duplexer M\u00f3vil, 806-960 MHz, 6 Cavidades, 24 MHz Separaci\u00f3n, 50 Watt, BNC Hembra.    Seis resonadores helicoidales con compensaci\u00f3n de temperatura y alta estabilidad.  Carcasa fabricada en extrusi\u00f3n de aluminio ligero y resistente.  Capacidad de manejo de potencia de 50 vatios con aislamiento de transmisi\u00f3n a recepci\u00f3n de 60 dB.\" \/>\n<meta property=\"og:url\" content=\"https:\/\/tecplan.com.es\/en\/product\/duplexer-movil-modelo-mr456b-1-2-2\/\" \/>\n<meta property=\"og:site_name\" content=\"Tecplan\" \/>\n<meta property=\"article:modified_time\" content=\"2026-01-09T15:48:37+00:00\" \/>\n<meta property=\"og:image\" content=\"https:\/\/tecplan.com.es\/wp-content\/uploads\/2025\/06\/duplexwe.jpg\" \/>\n\t<meta property=\"og:image:width\" content=\"400\" \/>\n\t<meta property=\"og:image:height\" content=\"400\" \/>\n\t<meta property=\"og:image:type\" content=\"image\/jpeg\" \/>\n<meta name=\"twitter:card\" content=\"summary_large_image\" \/>\n<meta name=\"twitter:label1\" content=\"Est. reading time\" \/>\n\t<meta name=\"twitter:data1\" content=\"1 minute\" \/>\n<script type=\"application\/ld+json\" class=\"yoast-schema-graph\">{\"@context\":\"https:\/\/schema.org\",\"@graph\":[{\"@type\":\"WebPage\",\"@id\":\"https:\/\/tecplan.com.es\/product\/duplexer-movil-modelo-mr456b-1-2-2\/\",\"url\":\"https:\/\/tecplan.com.es\/product\/duplexer-movil-modelo-mr456b-1-2-2\/\",\"name\":\"Duplexer M\u00f3vil modelo MR456B-1-2 - Tecplan\",\"isPartOf\":{\"@id\":\"https:\/\/tecplan.com.es\/#website\"},\"primaryImageOfPage\":{\"@id\":\"https:\/\/tecplan.com.es\/product\/duplexer-movil-modelo-mr456b-1-2-2\/#primaryimage\"},\"image\":{\"@id\":\"https:\/\/tecplan.com.es\/product\/duplexer-movil-modelo-mr456b-1-2-2\/#primaryimage\"},\"thumbnailUrl\":\"https:\/\/tecplan.com.es\/wp-content\/uploads\/2025\/06\/duplexwe.jpg\",\"datePublished\":\"2025-06-20T21:28:47+00:00\",\"dateModified\":\"2026-01-09T15:48:37+00:00\",\"breadcrumb\":{\"@id\":\"https:\/\/tecplan.com.es\/product\/duplexer-movil-modelo-mr456b-1-2-2\/#breadcrumb\"},\"inLanguage\":\"en-US\",\"potentialAction\":[{\"@type\":\"ReadAction\",\"target\":[\"https:\/\/tecplan.com.es\/product\/duplexer-movil-modelo-mr456b-1-2-2\/\"]}]},{\"@type\":\"ImageObject\",\"inLanguage\":\"en-US\",\"@id\":\"https:\/\/tecplan.com.es\/product\/duplexer-movil-modelo-mr456b-1-2-2\/#primaryimage\",\"url\":\"https:\/\/tecplan.com.es\/wp-content\/uploads\/2025\/06\/duplexwe.jpg\",\"contentUrl\":\"https:\/\/tecplan.com.es\/wp-content\/uploads\/2025\/06\/duplexwe.jpg\",\"width\":400,\"height\":400},{\"@type\":\"BreadcrumbList\",\"@id\":\"https:\/\/tecplan.com.es\/product\/duplexer-movil-modelo-mr456b-1-2-2\/#breadcrumb\",\"itemListElement\":[{\"@type\":\"ListItem\",\"position\":1,\"name\":\"Home\",\"item\":\"https:\/\/tecplan.com.es\/\"},{\"@type\":\"ListItem\",\"position\":2,\"name\":\"Shop\",\"item\":\"https:\/\/tecplan.com.es\/shop\/\"},{\"@type\":\"ListItem\",\"position\":3,\"name\":\"Duplexer M\u00f3vil modelo MR456B-1-2\"}]},{\"@type\":\"WebSite\",\"@id\":\"https:\/\/tecplan.com.es\/#website\",\"url\":\"https:\/\/tecplan.com.es\/\",\"name\":\"Tecplan\",\"description\":\"\",\"potentialAction\":[{\"@type\":\"SearchAction\",\"target\":{\"@type\":\"EntryPoint\",\"urlTemplate\":\"https:\/\/tecplan.com.es\/?s={search_term_string}\"},\"query-input\":{\"@type\":\"PropertyValueSpecification\",\"valueRequired\":true,\"valueName\":\"search_term_string\"}}],\"inLanguage\":\"en-US\"}]}<\/script>\n<!-- \/ Yoast SEO plugin. -->","yoast_head_json":{"title":"Duplexer M\u00f3vil modelo MR456B-1-2 - Tecplan","robots":{"index":"index","follow":"follow","max-snippet":"max-snippet:-1","max-image-preview":"max-image-preview:large","max-video-preview":"max-video-preview:-1"},"canonical":"https:\/\/tecplan.com.es\/en\/product\/duplexer-movil-modelo-mr456b-1-2-2\/","og_locale":"en_US","og_type":"article","og_title":"Duplexer M\u00f3vil modelo MR456B-1-2 - Tecplan","og_description":"Duplexer M\u00f3vil, 806-960 MHz, 6 Cavidades, 24 MHz Separaci\u00f3n, 50 Watt, BNC Hembra.    Seis resonadores helicoidales con compensaci\u00f3n de temperatura y alta estabilidad.  Carcasa fabricada en extrusi\u00f3n de aluminio ligero y resistente.  Capacidad de manejo de potencia de 50 vatios con aislamiento de transmisi\u00f3n a recepci\u00f3n de 60 dB.","og_url":"https:\/\/tecplan.com.es\/en\/product\/duplexer-movil-modelo-mr456b-1-2-2\/","og_site_name":"Tecplan","article_modified_time":"2026-01-09T15:48:37+00:00","og_image":[{"width":400,"height":400,"url":"https:\/\/tecplan.com.es\/wp-content\/uploads\/2025\/06\/duplexwe.jpg","type":"image\/jpeg"}],"twitter_card":"summary_large_image","twitter_misc":{"Est. reading time":"1 minute"},"schema":{"@context":"https:\/\/schema.org","@graph":[{"@type":"WebPage","@id":"https:\/\/tecplan.com.es\/product\/duplexer-movil-modelo-mr456b-1-2-2\/","url":"https:\/\/tecplan.com.es\/product\/duplexer-movil-modelo-mr456b-1-2-2\/","name":"Duplexer M\u00f3vil modelo MR456B-1-2 - Tecplan","isPartOf":{"@id":"https:\/\/tecplan.com.es\/#website"},"primaryImageOfPage":{"@id":"https:\/\/tecplan.com.es\/product\/duplexer-movil-modelo-mr456b-1-2-2\/#primaryimage"},"image":{"@id":"https:\/\/tecplan.com.es\/product\/duplexer-movil-modelo-mr456b-1-2-2\/#primaryimage"},"thumbnailUrl":"https:\/\/tecplan.com.es\/wp-content\/uploads\/2025\/06\/duplexwe.jpg","datePublished":"2025-06-20T21:28:47+00:00","dateModified":"2026-01-09T15:48:37+00:00","breadcrumb":{"@id":"https:\/\/tecplan.com.es\/product\/duplexer-movil-modelo-mr456b-1-2-2\/#breadcrumb"},"inLanguage":"en-US","potentialAction":[{"@type":"ReadAction","target":["https:\/\/tecplan.com.es\/product\/duplexer-movil-modelo-mr456b-1-2-2\/"]}]},{"@type":"ImageObject","inLanguage":"en-US","@id":"https:\/\/tecplan.com.es\/product\/duplexer-movil-modelo-mr456b-1-2-2\/#primaryimage","url":"https:\/\/tecplan.com.es\/wp-content\/uploads\/2025\/06\/duplexwe.jpg","contentUrl":"https:\/\/tecplan.com.es\/wp-content\/uploads\/2025\/06\/duplexwe.jpg","width":400,"height":400},{"@type":"BreadcrumbList","@id":"https:\/\/tecplan.com.es\/product\/duplexer-movil-modelo-mr456b-1-2-2\/#breadcrumb","itemListElement":[{"@type":"ListItem","position":1,"name":"Home","item":"https:\/\/tecplan.com.es\/"},{"@type":"ListItem","position":2,"name":"Shop","item":"https:\/\/tecplan.com.es\/shop\/"},{"@type":"ListItem","position":3,"name":"Duplexer M\u00f3vil modelo MR456B-1-2"}]},{"@type":"WebSite","@id":"https:\/\/tecplan.com.es\/#website","url":"https:\/\/tecplan.com.es\/","name":"Tecplan","description":"","potentialAction":[{"@type":"SearchAction","target":{"@type":"EntryPoint","urlTemplate":"https:\/\/tecplan.com.es\/?s={search_term_string}"},"query-input":{"@type":"PropertyValueSpecification","valueRequired":true,"valueName":"search_term_string"}}],"inLanguage":"en-US"}]}},"_links":{"self":[{"href":"https:\/\/tecplan.com.es\/en\/wp-json\/wp\/v2\/product\/1866","targetHints":{"allow":["GET"]}}],"collection":[{"href":"https:\/\/tecplan.com.es\/en\/wp-json\/wp\/v2\/product"}],"about":[{"href":"https:\/\/tecplan.com.es\/en\/wp-json\/wp\/v2\/types\/product"}],"replies":[{"embeddable":true,"href":"https:\/\/tecplan.com.es\/en\/wp-json\/wp\/v2\/comments?post=1866"}],"version-history":[{"count":2,"href":"https:\/\/tecplan.com.es\/en\/wp-json\/wp\/v2\/product\/1866\/revisions"}],"predecessor-version":[{"id":1868,"href":"https:\/\/tecplan.com.es\/en\/wp-json\/wp\/v2\/product\/1866\/revisions\/1868"}],"wp:featuredmedia":[{"embeddable":true,"href":"https:\/\/tecplan.com.es\/en\/wp-json\/wp\/v2\/media\/1855"}],"wp:attachment":[{"href":"https:\/\/tecplan.com.es\/en\/wp-json\/wp\/v2\/media?parent=1866"}],"wp:term":[{"taxonomy":"product_brand","embeddable":true,"href":"https:\/\/tecplan.com.es\/en\/wp-json\/wp\/v2\/product_brand?post=1866"},{"taxonomy":"product_cat","embeddable":true,"href":"https:\/\/tecplan.com.es\/en\/wp-json\/wp\/v2\/product_cat?post=1866"},{"taxonomy":"product_tag","embeddable":true,"href":"https:\/\/tecplan.com.es\/en\/wp-json\/wp\/v2\/product_tag?post=1866"}],"curies":[{"name":"wp","href":"https:\/\/api.w.org\/{rel}","templated":true}]}}