{"id":1843,"date":"2025-06-20T17:05:57","date_gmt":"2025-06-20T17:05:57","guid":{"rendered":"https:\/\/tecplan.com.es\/?post_type=product&#038;p=1843"},"modified":"2026-01-09T16:06:59","modified_gmt":"2026-01-09T16:06:59","slug":"combinador-modelo-tn3216-r4","status":"publish","type":"product","link":"https:\/\/tecplan.com.es\/en\/product\/combinador-modelo-tn3216-r4\/","title":{"rendered":"Combiner model TN3216-R4"},"content":{"rendered":"<p style=\"text-align: justify;\"><strong>SINCLAIR Combiner, 6 Channels, 430-470 MHz, 19\u2033 Rack Mount, 100 kHz, 125 Watt, N Female Connectors.<\/strong><\/p>\n<p style=\"text-align: justify;\">Sinclair's 'TN321x-R-y' series transmitter combiners are available in 2- to 5-channel configurations for use in 406- to 512 MHz systems. Each channel of these combiners includes a single- or dual-stage, low-loss broadband isolator and a high-Q, quarter-wave bandpass cavity filter suitable for close channel separations, typically 100 kHz.<\/p>\n<p><!--more--><\/p>\n<h5><\/h5>\n<h5 style=\"text-align: justify;\"><span style=\"text-decoration: underline;\"><strong>DOWNLOADS<\/strong><\/span><\/h5>\n<ul style=\"text-align: justify;\">\n<li><a href=\"https:\/\/drive.google.com\/file\/d\/1C0POQn8RbGUlzYWHWa99eZJCJpJaDmOC\/view\">\u2192 Technical specifications in Spanish<\/a><\/li>\n<li><a href=\"https:\/\/drive.google.com\/file\/d\/1BzKwMG_vJJTrYm9oAHohVdaaXHDWSlDi\/view\">\u2192 Technical specifications in English<\/a><\/li>\n<\/ul>\n<p style=\"text-align: justify;\">","protected":false},"excerpt":{"rendered":"<p style=\"text-align: justify;\"><strong>SINCLAIR Combiner, 6 Channels, 430-470 MHz, 125 Watt, N Female Connectors.<\/strong><\/p>\n<p>Electrical Specifications<\/p>\n<ul>\n<li style=\"text-align: left;\">Frequency Range: 430-470 MHz.<\/li>\n<li style=\"text-align: left;\">Number of Channels: 6<\/li>\n<li style=\"text-align: left;\">Input VSWR (max): 1.25:1<\/li>\n<li style=\"text-align: left;\">Outgoing VSWR: 2:1<\/li>\n<li style=\"text-align: left;\">Connectors: N-Female.<\/li>\n<li style=\"text-align: left;\">Power (per Channel): 125 Watt.<\/li>\n<li style=\"text-align: left;\">Frequency Separation (min): 0.1 MHz.<\/li>\n<li style=\"text-align: left;\">Tx to Tx isolation: 60 dB.<\/li>\n<li style=\"text-align: left;\">Antenna to Tx Isolation: 50 dB.<\/li>\n<\/ul>\n<p style=\"text-align: left;\"><img decoding=\"async\" class=\"wp-image-1768 aligncenter\" src=\"https:\/\/tecplan.com.es\/wp-content\/uploads\/2025\/06\/sinclair-300x70.png\" alt=\"\" width=\"197\" height=\"46\" srcset=\"https:\/\/tecplan.com.es\/wp-content\/uploads\/2025\/06\/sinclair-300x70.png 300w, https:\/\/tecplan.com.es\/wp-content\/uploads\/2025\/06\/sinclair-1024x240.png 1024w, https:\/\/tecplan.com.es\/wp-content\/uploads\/2025\/06\/sinclair-768x180.png 768w, https:\/\/tecplan.com.es\/wp-content\/uploads\/2025\/06\/sinclair-1536x360.png 1536w, https:\/\/tecplan.com.es\/wp-content\/uploads\/2025\/06\/sinclair-2048x479.png 2048w, https:\/\/tecplan.com.es\/wp-content\/uploads\/2025\/06\/sinclair-18x4.png 18w, https:\/\/tecplan.com.es\/wp-content\/uploads\/2025\/06\/sinclair-600x140.png 600w\" sizes=\"(max-width: 197px) 100vw, 197px\" \/><\/p>","protected":false},"featured_media":1838,"comment_status":"open","ping_status":"closed","template":"","meta":{"site-sidebar-layout":"default","site-content-layout":"","ast-site-content-layout":"default","site-content-style":"default","site-sidebar-style":"default","ast-global-header-display":"","ast-banner-title-visibility":"","ast-main-header-display":"","ast-hfb-above-header-display":"","ast-hfb-below-header-display":"","ast-hfb-mobile-header-display":"","site-post-title":"","ast-breadcrumbs-content":"","ast-featured-img":"","footer-sml-layout":"","ast-disable-related-posts":"","theme-transparent-header-meta":"default","adv-header-id-meta":"","stick-header-meta":"","header-above-stick-meta":"","header-main-stick-meta":"","header-below-stick-meta":"","astra-migrate-meta-layouts":"set","ast-page-background-enabled":"default","ast-page-background-meta":{"desktop":{"background-color":"var(--ast-global-color-5)","background-image":"","background-repeat":"repeat","background-position":"center center","background-size":"auto","background-attachment":"scroll","background-type":"","background-media":"","overlay-type":"","overlay-color":"","overlay-opacity":"","overlay-gradient":""},"tablet":{"background-color":"","background-image":"","background-repeat":"repeat","background-position":"center center","background-size":"auto","background-attachment":"scroll","background-type":"","background-media":"","overlay-type":"","overlay-color":"","overlay-opacity":"","overlay-gradient":""},"mobile":{"background-color":"","background-image":"","background-repeat":"repeat","background-position":"center center","background-size":"auto","background-attachment":"scroll","background-type":"","background-media":"","overlay-type":"","overlay-color":"","overlay-opacity":"","overlay-gradient":""}},"ast-content-background-meta":{"desktop":{"background-color":"var(--ast-global-color-4)","background-image":"","background-repeat":"repeat","background-position":"center center","background-size":"auto","background-attachment":"scroll","background-type":"","background-media":"","overlay-type":"","overlay-color":"","overlay-opacity":"","overlay-gradient":""},"tablet":{"background-color":"var(--ast-global-color-4)","background-image":"","background-repeat":"repeat","background-position":"center center","background-size":"auto","background-attachment":"scroll","background-type":"","background-media":"","overlay-type":"","overlay-color":"","overlay-opacity":"","overlay-gradient":""},"mobile":{"background-color":"var(--ast-global-color-4)","background-image":"","background-repeat":"repeat","background-position":"center center","background-size":"auto","background-attachment":"scroll","background-type":"","background-media":"","overlay-type":"","overlay-color":"","overlay-opacity":"","overlay-gradient":""}}},"product_brand":[232],"product_cat":[66,59,64],"product_tag":[206],"class_list":{"0":"post-1843","1":"product","2":"type-product","3":"status-publish","4":"has-post-thumbnail","6":"product_brand-sinclair","7":"product_cat-combinadores","8":"product_cat-radio-comunicacion","9":"product_cat-sinclair","10":"product_tag-sinclair","11":"desktop-align-left","12":"tablet-align-left","13":"mobile-align-left","15":"first","16":"instock","17":"shipping-taxable","18":"product-type-simple"},"yoast_head":"<!-- This site is optimized with the Yoast SEO plugin v25.3 - https:\/\/yoast.com\/wordpress\/plugins\/seo\/ -->\n<title>Combinador modelo TN3216-R4 - Tecplan<\/title>\n<meta name=\"robots\" content=\"index, follow, max-snippet:-1, max-image-preview:large, max-video-preview:-1\" \/>\n<link rel=\"canonical\" href=\"https:\/\/tecplan.com.es\/en\/product\/combinador-modelo-tn3216-r4\/\" \/>\n<meta property=\"og:locale\" content=\"en_US\" \/>\n<meta property=\"og:type\" content=\"article\" \/>\n<meta property=\"og:title\" content=\"Combinador modelo TN3216-R4 - Tecplan\" \/>\n<meta property=\"og:description\" content=\"Combinador SINCLAIR, 6 Canales, 430-470 MHz, 125 Watt, N Hembras. Especificaciones El\u00e9ctricas   Rango de Frecuencia: 430-470 MHz.  N\u00famero de Canales: 6  VSWR de Entrada (m\u00e1x.): 1.25: 1  VSWR de Salida: 2: 1  Conectores: N-Hembras.  Potencia (por Canal): 125 Watt.  Separaci\u00f3n de Frecuencia (min): 0.1 MHz.  Aislamiento Tx a Tx: 60 dB.  Aislamiento de Antena a Tx: 50 dB.\" \/>\n<meta property=\"og:url\" content=\"https:\/\/tecplan.com.es\/en\/product\/combinador-modelo-tn3216-r4\/\" \/>\n<meta property=\"og:site_name\" content=\"Tecplan\" \/>\n<meta property=\"article:modified_time\" content=\"2026-01-09T16:06:59+00:00\" \/>\n<meta property=\"og:image\" content=\"https:\/\/tecplan.com.es\/wp-content\/uploads\/2025\/06\/RM301216G11B-p.jpg\" \/>\n\t<meta property=\"og:image:width\" content=\"400\" \/>\n\t<meta property=\"og:image:height\" content=\"400\" \/>\n\t<meta property=\"og:image:type\" content=\"image\/jpeg\" \/>\n<meta name=\"twitter:card\" content=\"summary_large_image\" \/>\n<meta name=\"twitter:label1\" content=\"Est. reading time\" \/>\n\t<meta name=\"twitter:data1\" content=\"1 minute\" \/>\n<script type=\"application\/ld+json\" class=\"yoast-schema-graph\">{\"@context\":\"https:\/\/schema.org\",\"@graph\":[{\"@type\":\"WebPage\",\"@id\":\"https:\/\/tecplan.com.es\/product\/combinador-modelo-tn3216-r4\/\",\"url\":\"https:\/\/tecplan.com.es\/product\/combinador-modelo-tn3216-r4\/\",\"name\":\"Combinador modelo TN3216-R4 - Tecplan\",\"isPartOf\":{\"@id\":\"https:\/\/tecplan.com.es\/#website\"},\"primaryImageOfPage\":{\"@id\":\"https:\/\/tecplan.com.es\/product\/combinador-modelo-tn3216-r4\/#primaryimage\"},\"image\":{\"@id\":\"https:\/\/tecplan.com.es\/product\/combinador-modelo-tn3216-r4\/#primaryimage\"},\"thumbnailUrl\":\"https:\/\/tecplan.com.es\/wp-content\/uploads\/2025\/06\/RM301216G11B-p.jpg\",\"datePublished\":\"2025-06-20T17:05:57+00:00\",\"dateModified\":\"2026-01-09T16:06:59+00:00\",\"breadcrumb\":{\"@id\":\"https:\/\/tecplan.com.es\/product\/combinador-modelo-tn3216-r4\/#breadcrumb\"},\"inLanguage\":\"en-US\",\"potentialAction\":[{\"@type\":\"ReadAction\",\"target\":[\"https:\/\/tecplan.com.es\/product\/combinador-modelo-tn3216-r4\/\"]}]},{\"@type\":\"ImageObject\",\"inLanguage\":\"en-US\",\"@id\":\"https:\/\/tecplan.com.es\/product\/combinador-modelo-tn3216-r4\/#primaryimage\",\"url\":\"https:\/\/tecplan.com.es\/wp-content\/uploads\/2025\/06\/RM301216G11B-p.jpg\",\"contentUrl\":\"https:\/\/tecplan.com.es\/wp-content\/uploads\/2025\/06\/RM301216G11B-p.jpg\",\"width\":400,\"height\":400},{\"@type\":\"BreadcrumbList\",\"@id\":\"https:\/\/tecplan.com.es\/product\/combinador-modelo-tn3216-r4\/#breadcrumb\",\"itemListElement\":[{\"@type\":\"ListItem\",\"position\":1,\"name\":\"Home\",\"item\":\"https:\/\/tecplan.com.es\/\"},{\"@type\":\"ListItem\",\"position\":2,\"name\":\"Shop\",\"item\":\"https:\/\/tecplan.com.es\/shop\/\"},{\"@type\":\"ListItem\",\"position\":3,\"name\":\"Combinador modelo TN3216-R4\"}]},{\"@type\":\"WebSite\",\"@id\":\"https:\/\/tecplan.com.es\/#website\",\"url\":\"https:\/\/tecplan.com.es\/\",\"name\":\"Tecplan\",\"description\":\"\",\"potentialAction\":[{\"@type\":\"SearchAction\",\"target\":{\"@type\":\"EntryPoint\",\"urlTemplate\":\"https:\/\/tecplan.com.es\/?s={search_term_string}\"},\"query-input\":{\"@type\":\"PropertyValueSpecification\",\"valueRequired\":true,\"valueName\":\"search_term_string\"}}],\"inLanguage\":\"en-US\"}]}<\/script>\n<!-- \/ Yoast SEO plugin. -->","yoast_head_json":{"title":"Combinador modelo TN3216-R4 - Tecplan","robots":{"index":"index","follow":"follow","max-snippet":"max-snippet:-1","max-image-preview":"max-image-preview:large","max-video-preview":"max-video-preview:-1"},"canonical":"https:\/\/tecplan.com.es\/en\/product\/combinador-modelo-tn3216-r4\/","og_locale":"en_US","og_type":"article","og_title":"Combinador modelo TN3216-R4 - Tecplan","og_description":"Combinador SINCLAIR, 6 Canales, 430-470 MHz, 125 Watt, N Hembras. Especificaciones El\u00e9ctricas   Rango de Frecuencia: 430-470 MHz.  N\u00famero de Canales: 6  VSWR de Entrada (m\u00e1x.): 1.25: 1  VSWR de Salida: 2: 1  Conectores: N-Hembras.  Potencia (por Canal): 125 Watt.  Separaci\u00f3n de Frecuencia (min): 0.1 MHz.  Aislamiento Tx a Tx: 60 dB.  Aislamiento de Antena a Tx: 50 dB.","og_url":"https:\/\/tecplan.com.es\/en\/product\/combinador-modelo-tn3216-r4\/","og_site_name":"Tecplan","article_modified_time":"2026-01-09T16:06:59+00:00","og_image":[{"width":400,"height":400,"url":"https:\/\/tecplan.com.es\/wp-content\/uploads\/2025\/06\/RM301216G11B-p.jpg","type":"image\/jpeg"}],"twitter_card":"summary_large_image","twitter_misc":{"Est. reading time":"1 minute"},"schema":{"@context":"https:\/\/schema.org","@graph":[{"@type":"WebPage","@id":"https:\/\/tecplan.com.es\/product\/combinador-modelo-tn3216-r4\/","url":"https:\/\/tecplan.com.es\/product\/combinador-modelo-tn3216-r4\/","name":"Combinador modelo TN3216-R4 - Tecplan","isPartOf":{"@id":"https:\/\/tecplan.com.es\/#website"},"primaryImageOfPage":{"@id":"https:\/\/tecplan.com.es\/product\/combinador-modelo-tn3216-r4\/#primaryimage"},"image":{"@id":"https:\/\/tecplan.com.es\/product\/combinador-modelo-tn3216-r4\/#primaryimage"},"thumbnailUrl":"https:\/\/tecplan.com.es\/wp-content\/uploads\/2025\/06\/RM301216G11B-p.jpg","datePublished":"2025-06-20T17:05:57+00:00","dateModified":"2026-01-09T16:06:59+00:00","breadcrumb":{"@id":"https:\/\/tecplan.com.es\/product\/combinador-modelo-tn3216-r4\/#breadcrumb"},"inLanguage":"en-US","potentialAction":[{"@type":"ReadAction","target":["https:\/\/tecplan.com.es\/product\/combinador-modelo-tn3216-r4\/"]}]},{"@type":"ImageObject","inLanguage":"en-US","@id":"https:\/\/tecplan.com.es\/product\/combinador-modelo-tn3216-r4\/#primaryimage","url":"https:\/\/tecplan.com.es\/wp-content\/uploads\/2025\/06\/RM301216G11B-p.jpg","contentUrl":"https:\/\/tecplan.com.es\/wp-content\/uploads\/2025\/06\/RM301216G11B-p.jpg","width":400,"height":400},{"@type":"BreadcrumbList","@id":"https:\/\/tecplan.com.es\/product\/combinador-modelo-tn3216-r4\/#breadcrumb","itemListElement":[{"@type":"ListItem","position":1,"name":"Home","item":"https:\/\/tecplan.com.es\/"},{"@type":"ListItem","position":2,"name":"Shop","item":"https:\/\/tecplan.com.es\/shop\/"},{"@type":"ListItem","position":3,"name":"Combinador modelo TN3216-R4"}]},{"@type":"WebSite","@id":"https:\/\/tecplan.com.es\/#website","url":"https:\/\/tecplan.com.es\/","name":"Tecplan","description":"","potentialAction":[{"@type":"SearchAction","target":{"@type":"EntryPoint","urlTemplate":"https:\/\/tecplan.com.es\/?s={search_term_string}"},"query-input":{"@type":"PropertyValueSpecification","valueRequired":true,"valueName":"search_term_string"}}],"inLanguage":"en-US"}]}},"_links":{"self":[{"href":"https:\/\/tecplan.com.es\/en\/wp-json\/wp\/v2\/product\/1843","targetHints":{"allow":["GET"]}}],"collection":[{"href":"https:\/\/tecplan.com.es\/en\/wp-json\/wp\/v2\/product"}],"about":[{"href":"https:\/\/tecplan.com.es\/en\/wp-json\/wp\/v2\/types\/product"}],"replies":[{"embeddable":true,"href":"https:\/\/tecplan.com.es\/en\/wp-json\/wp\/v2\/comments?post=1843"}],"version-history":[{"count":5,"href":"https:\/\/tecplan.com.es\/en\/wp-json\/wp\/v2\/product\/1843\/revisions"}],"predecessor-version":[{"id":1845,"href":"https:\/\/tecplan.com.es\/en\/wp-json\/wp\/v2\/product\/1843\/revisions\/1845"}],"wp:featuredmedia":[{"embeddable":true,"href":"https:\/\/tecplan.com.es\/en\/wp-json\/wp\/v2\/media\/1838"}],"wp:attachment":[{"href":"https:\/\/tecplan.com.es\/en\/wp-json\/wp\/v2\/media?parent=1843"}],"wp:term":[{"taxonomy":"product_brand","embeddable":true,"href":"https:\/\/tecplan.com.es\/en\/wp-json\/wp\/v2\/product_brand?post=1843"},{"taxonomy":"product_cat","embeddable":true,"href":"https:\/\/tecplan.com.es\/en\/wp-json\/wp\/v2\/product_cat?post=1843"},{"taxonomy":"product_tag","embeddable":true,"href":"https:\/\/tecplan.com.es\/en\/wp-json\/wp\/v2\/product_tag?post=1843"}],"curies":[{"name":"wp","href":"https:\/\/api.w.org\/{rel}","templated":true}]}}