{"id":1777,"date":"2025-06-19T22:19:44","date_gmt":"2025-06-19T22:19:44","guid":{"rendered":"https:\/\/tecplan.com.es\/?post_type=product&#038;p=1777"},"modified":"2026-01-09T16:11:37","modified_gmt":"2026-01-09T16:11:37","slug":"filtro-sinclair","status":"publish","type":"product","link":"https:\/\/tecplan.com.es\/en\/product\/filtro-sinclair\/","title":{"rendered":"SINCLAIR filter"},"content":{"rendered":"<div class=\"elementor-element elementor-element-6720dbc6 elementor-widget elementor-widget-text-editor\" data-id=\"6720dbc6\" data-element_type=\"widget\" data-widget_type=\"text-editor.default\">\n<div><\/div>\n<div class=\"elementor-widget-container\"><strong>Bandpass Cavity Filter for 148-174 MHz, Maximum Average Power of 400 Watt, N Females.<\/strong><\/div>\n<div><\/div>\n<\/div>\n<div class=\"elementor-element elementor-element-b524ab8 elementor-widget elementor-widget-text-editor\" data-id=\"b524ab8\" data-element_type=\"widget\" data-widget_type=\"text-editor.default\">\n<div class=\"elementor-widget-container\">\n<p>Sinclair FP20107-3 series filters are among the best antenna systems. These filters pass a band of frequencies while attenuating frequencies on either side of the desired frequency band. The amount of attenuation (selectivity) can be extended by increasing the insertion loss or by using multiple cavities in series. Sinclair has carefully tailored the FP20107-3 series filter for a variety of applications in the VHF range.<\/p>\n<\/div>\n<\/div>\n<p><!--more--><\/p>\n<div class=\"elementor-element elementor-element-b524ab8 elementor-widget elementor-widget-text-editor\" data-id=\"b524ab8\" data-element_type=\"widget\" data-widget_type=\"text-editor.default\">\n<div class=\"elementor-widget-container\">\n<p><strong style=\"font-size: 19.2px; text-align: justify;\">DOWNLOADS<\/strong><\/p>\n<\/div>\n<ul style=\"text-align: justify;\">\n<li><a href=\"https:\/\/drive.google.com\/file\/d\/1FnWwQTtBmSVdxLi7InbOtxT_eSxBD_F9\/view\">\u2192 Technical specifications in Spanish\u00a0\u00a0\u00a0\u00a0\u00a0<\/a><\/li>\n<li><a href=\"https:\/\/drive.google.com\/file\/d\/177rsGI-8B8WcvRgzNWaoh-1ZaE7XiMFQ\/view\">\u2192 Technical specifications in English<\/a><\/li>\n<\/ul>\n<p style=\"text-align: justify;\">\n<\/div>","protected":false},"excerpt":{"rendered":"<p><strong>148-174 MHz Bandpass Cavity, Maximum Average Power of 400 Watts.<\/strong><\/p>\n<p><span style=\"text-decoration: underline;\">Characteristics:<\/span><\/p>\n<ul>\n<li>1\/4 wave bandpass filters.<\/li>\n<li>Reduces interference, intermodulation and desensitization.<\/li>\n<li>Eliminates spurious radiation.<\/li>\n<li>Internal copper\/bronze conductors with silver plating to limit corrosion and improve performance.<\/li>\n<li>Connectors: N Female.<\/li>\n<\/ul>\n<p><img decoding=\"async\" class=\"wp-image-1768 aligncenter\" src=\"https:\/\/tecplan.com.es\/wp-content\/uploads\/2025\/06\/sinclair-300x70.png\" alt=\"\" width=\"146\" height=\"34\" srcset=\"https:\/\/tecplan.com.es\/wp-content\/uploads\/2025\/06\/sinclair-300x70.png 300w, https:\/\/tecplan.com.es\/wp-content\/uploads\/2025\/06\/sinclair-1024x240.png 1024w, https:\/\/tecplan.com.es\/wp-content\/uploads\/2025\/06\/sinclair-768x180.png 768w, https:\/\/tecplan.com.es\/wp-content\/uploads\/2025\/06\/sinclair-1536x360.png 1536w, https:\/\/tecplan.com.es\/wp-content\/uploads\/2025\/06\/sinclair-2048x479.png 2048w, https:\/\/tecplan.com.es\/wp-content\/uploads\/2025\/06\/sinclair-18x4.png 18w, https:\/\/tecplan.com.es\/wp-content\/uploads\/2025\/06\/sinclair-600x140.png 600w\" sizes=\"(max-width: 146px) 100vw, 146px\" \/><\/p>","protected":false},"featured_media":1778,"comment_status":"open","ping_status":"closed","template":"","meta":{"site-sidebar-layout":"default","site-content-layout":"","ast-site-content-layout":"default","site-content-style":"default","site-sidebar-style":"default","ast-global-header-display":"","ast-banner-title-visibility":"","ast-main-header-display":"","ast-hfb-above-header-display":"","ast-hfb-below-header-display":"","ast-hfb-mobile-header-display":"","site-post-title":"","ast-breadcrumbs-content":"","ast-featured-img":"","footer-sml-layout":"","ast-disable-related-posts":"","theme-transparent-header-meta":"default","adv-header-id-meta":"","stick-header-meta":"","header-above-stick-meta":"","header-main-stick-meta":"","header-below-stick-meta":"","astra-migrate-meta-layouts":"set","ast-page-background-enabled":"default","ast-page-background-meta":{"desktop":{"background-color":"var(--ast-global-color-5)","background-image":"","background-repeat":"repeat","background-position":"center center","background-size":"auto","background-attachment":"scroll","background-type":"","background-media":"","overlay-type":"","overlay-color":"","overlay-opacity":"","overlay-gradient":""},"tablet":{"background-color":"","background-image":"","background-repeat":"repeat","background-position":"center center","background-size":"auto","background-attachment":"scroll","background-type":"","background-media":"","overlay-type":"","overlay-color":"","overlay-opacity":"","overlay-gradient":""},"mobile":{"background-color":"","background-image":"","background-repeat":"repeat","background-position":"center center","background-size":"auto","background-attachment":"scroll","background-type":"","background-media":"","overlay-type":"","overlay-color":"","overlay-opacity":"","overlay-gradient":""}},"ast-content-background-meta":{"desktop":{"background-color":"var(--ast-global-color-4)","background-image":"","background-repeat":"repeat","background-position":"center center","background-size":"auto","background-attachment":"scroll","background-type":"","background-media":"","overlay-type":"","overlay-color":"","overlay-opacity":"","overlay-gradient":""},"tablet":{"background-color":"var(--ast-global-color-4)","background-image":"","background-repeat":"repeat","background-position":"center center","background-size":"auto","background-attachment":"scroll","background-type":"","background-media":"","overlay-type":"","overlay-color":"","overlay-opacity":"","overlay-gradient":""},"mobile":{"background-color":"var(--ast-global-color-4)","background-image":"","background-repeat":"repeat","background-position":"center center","background-size":"auto","background-attachment":"scroll","background-type":"","background-media":"","overlay-type":"","overlay-color":"","overlay-opacity":"","overlay-gradient":""}}},"product_brand":[232],"product_cat":[65,59,64],"product_tag":[206],"class_list":{"0":"post-1777","1":"product","2":"type-product","3":"status-publish","4":"has-post-thumbnail","6":"product_brand-sinclair","7":"product_cat-antenas-sinclair","8":"product_cat-radio-comunicacion","9":"product_cat-sinclair","10":"product_tag-sinclair","11":"desktop-align-left","12":"tablet-align-left","13":"mobile-align-left","15":"first","16":"instock","17":"shipping-taxable","18":"product-type-simple"},"yoast_head":"<!-- This site is optimized with the Yoast SEO plugin v25.3 - https:\/\/yoast.com\/wordpress\/plugins\/seo\/ -->\n<title>Filtro SINCLAIR - Tecplan<\/title>\n<meta name=\"robots\" content=\"index, follow, max-snippet:-1, max-image-preview:large, max-video-preview:-1\" \/>\n<link rel=\"canonical\" href=\"https:\/\/tecplan.com.es\/en\/product\/filtro-sinclair\/\" \/>\n<meta property=\"og:locale\" content=\"en_US\" \/>\n<meta property=\"og:type\" content=\"article\" \/>\n<meta property=\"og:title\" content=\"Filtro SINCLAIR - Tecplan\" \/>\n<meta property=\"og:description\" content=\"Cavidad Pasa-Banda de 148-174 MHz, Potencia Promedio M\u00e1xima de 400 Watts.  Caracter\u00edsticas:   Filtros pasa Banda de 1\/4 de onda.  Reduce interferencias, intermodulaci\u00f3n y desensibilizaci\u00f3n.  Elimina la radiaci\u00f3n de espurias.  Conductores internos de cobre\/bronce con ba\u00f1o de plata para limitar la corrosi\u00f3n y mejorar el desempe\u00f1o.  Conectores: N Hembra.\" \/>\n<meta property=\"og:url\" content=\"https:\/\/tecplan.com.es\/en\/product\/filtro-sinclair\/\" \/>\n<meta property=\"og:site_name\" content=\"Tecplan\" \/>\n<meta property=\"article:modified_time\" content=\"2026-01-09T16:11:37+00:00\" \/>\n<meta property=\"og:image\" content=\"https:\/\/tecplan.com.es\/wp-content\/uploads\/2025\/06\/filtro.jpg\" \/>\n\t<meta property=\"og:image:width\" content=\"400\" \/>\n\t<meta property=\"og:image:height\" content=\"400\" \/>\n\t<meta property=\"og:image:type\" content=\"image\/jpeg\" \/>\n<meta name=\"twitter:card\" content=\"summary_large_image\" \/>\n<meta name=\"twitter:label1\" content=\"Est. reading time\" \/>\n\t<meta name=\"twitter:data1\" content=\"1 minute\" \/>\n<script type=\"application\/ld+json\" class=\"yoast-schema-graph\">{\"@context\":\"https:\/\/schema.org\",\"@graph\":[{\"@type\":\"WebPage\",\"@id\":\"https:\/\/tecplan.com.es\/product\/filtro-sinclair\/\",\"url\":\"https:\/\/tecplan.com.es\/product\/filtro-sinclair\/\",\"name\":\"Filtro SINCLAIR - Tecplan\",\"isPartOf\":{\"@id\":\"https:\/\/tecplan.com.es\/#website\"},\"primaryImageOfPage\":{\"@id\":\"https:\/\/tecplan.com.es\/product\/filtro-sinclair\/#primaryimage\"},\"image\":{\"@id\":\"https:\/\/tecplan.com.es\/product\/filtro-sinclair\/#primaryimage\"},\"thumbnailUrl\":\"https:\/\/tecplan.com.es\/wp-content\/uploads\/2025\/06\/filtro.jpg\",\"datePublished\":\"2025-06-19T22:19:44+00:00\",\"dateModified\":\"2026-01-09T16:11:37+00:00\",\"breadcrumb\":{\"@id\":\"https:\/\/tecplan.com.es\/product\/filtro-sinclair\/#breadcrumb\"},\"inLanguage\":\"en-US\",\"potentialAction\":[{\"@type\":\"ReadAction\",\"target\":[\"https:\/\/tecplan.com.es\/product\/filtro-sinclair\/\"]}]},{\"@type\":\"ImageObject\",\"inLanguage\":\"en-US\",\"@id\":\"https:\/\/tecplan.com.es\/product\/filtro-sinclair\/#primaryimage\",\"url\":\"https:\/\/tecplan.com.es\/wp-content\/uploads\/2025\/06\/filtro.jpg\",\"contentUrl\":\"https:\/\/tecplan.com.es\/wp-content\/uploads\/2025\/06\/filtro.jpg\",\"width\":400,\"height\":400},{\"@type\":\"BreadcrumbList\",\"@id\":\"https:\/\/tecplan.com.es\/product\/filtro-sinclair\/#breadcrumb\",\"itemListElement\":[{\"@type\":\"ListItem\",\"position\":1,\"name\":\"Home\",\"item\":\"https:\/\/tecplan.com.es\/\"},{\"@type\":\"ListItem\",\"position\":2,\"name\":\"Shop\",\"item\":\"https:\/\/tecplan.com.es\/shop\/\"},{\"@type\":\"ListItem\",\"position\":3,\"name\":\"Filtro SINCLAIR\"}]},{\"@type\":\"WebSite\",\"@id\":\"https:\/\/tecplan.com.es\/#website\",\"url\":\"https:\/\/tecplan.com.es\/\",\"name\":\"Tecplan\",\"description\":\"\",\"potentialAction\":[{\"@type\":\"SearchAction\",\"target\":{\"@type\":\"EntryPoint\",\"urlTemplate\":\"https:\/\/tecplan.com.es\/?s={search_term_string}\"},\"query-input\":{\"@type\":\"PropertyValueSpecification\",\"valueRequired\":true,\"valueName\":\"search_term_string\"}}],\"inLanguage\":\"en-US\"}]}<\/script>\n<!-- \/ Yoast SEO plugin. -->","yoast_head_json":{"title":"Filtro SINCLAIR - Tecplan","robots":{"index":"index","follow":"follow","max-snippet":"max-snippet:-1","max-image-preview":"max-image-preview:large","max-video-preview":"max-video-preview:-1"},"canonical":"https:\/\/tecplan.com.es\/en\/product\/filtro-sinclair\/","og_locale":"en_US","og_type":"article","og_title":"Filtro SINCLAIR - Tecplan","og_description":"Cavidad Pasa-Banda de 148-174 MHz, Potencia Promedio M\u00e1xima de 400 Watts.  Caracter\u00edsticas:   Filtros pasa Banda de 1\/4 de onda.  Reduce interferencias, intermodulaci\u00f3n y desensibilizaci\u00f3n.  Elimina la radiaci\u00f3n de espurias.  Conductores internos de cobre\/bronce con ba\u00f1o de plata para limitar la corrosi\u00f3n y mejorar el desempe\u00f1o.  Conectores: N Hembra.","og_url":"https:\/\/tecplan.com.es\/en\/product\/filtro-sinclair\/","og_site_name":"Tecplan","article_modified_time":"2026-01-09T16:11:37+00:00","og_image":[{"width":400,"height":400,"url":"https:\/\/tecplan.com.es\/wp-content\/uploads\/2025\/06\/filtro.jpg","type":"image\/jpeg"}],"twitter_card":"summary_large_image","twitter_misc":{"Est. reading time":"1 minute"},"schema":{"@context":"https:\/\/schema.org","@graph":[{"@type":"WebPage","@id":"https:\/\/tecplan.com.es\/product\/filtro-sinclair\/","url":"https:\/\/tecplan.com.es\/product\/filtro-sinclair\/","name":"Filtro SINCLAIR - Tecplan","isPartOf":{"@id":"https:\/\/tecplan.com.es\/#website"},"primaryImageOfPage":{"@id":"https:\/\/tecplan.com.es\/product\/filtro-sinclair\/#primaryimage"},"image":{"@id":"https:\/\/tecplan.com.es\/product\/filtro-sinclair\/#primaryimage"},"thumbnailUrl":"https:\/\/tecplan.com.es\/wp-content\/uploads\/2025\/06\/filtro.jpg","datePublished":"2025-06-19T22:19:44+00:00","dateModified":"2026-01-09T16:11:37+00:00","breadcrumb":{"@id":"https:\/\/tecplan.com.es\/product\/filtro-sinclair\/#breadcrumb"},"inLanguage":"en-US","potentialAction":[{"@type":"ReadAction","target":["https:\/\/tecplan.com.es\/product\/filtro-sinclair\/"]}]},{"@type":"ImageObject","inLanguage":"en-US","@id":"https:\/\/tecplan.com.es\/product\/filtro-sinclair\/#primaryimage","url":"https:\/\/tecplan.com.es\/wp-content\/uploads\/2025\/06\/filtro.jpg","contentUrl":"https:\/\/tecplan.com.es\/wp-content\/uploads\/2025\/06\/filtro.jpg","width":400,"height":400},{"@type":"BreadcrumbList","@id":"https:\/\/tecplan.com.es\/product\/filtro-sinclair\/#breadcrumb","itemListElement":[{"@type":"ListItem","position":1,"name":"Home","item":"https:\/\/tecplan.com.es\/"},{"@type":"ListItem","position":2,"name":"Shop","item":"https:\/\/tecplan.com.es\/shop\/"},{"@type":"ListItem","position":3,"name":"Filtro SINCLAIR"}]},{"@type":"WebSite","@id":"https:\/\/tecplan.com.es\/#website","url":"https:\/\/tecplan.com.es\/","name":"Tecplan","description":"","potentialAction":[{"@type":"SearchAction","target":{"@type":"EntryPoint","urlTemplate":"https:\/\/tecplan.com.es\/?s={search_term_string}"},"query-input":{"@type":"PropertyValueSpecification","valueRequired":true,"valueName":"search_term_string"}}],"inLanguage":"en-US"}]}},"_links":{"self":[{"href":"https:\/\/tecplan.com.es\/en\/wp-json\/wp\/v2\/product\/1777","targetHints":{"allow":["GET"]}}],"collection":[{"href":"https:\/\/tecplan.com.es\/en\/wp-json\/wp\/v2\/product"}],"about":[{"href":"https:\/\/tecplan.com.es\/en\/wp-json\/wp\/v2\/types\/product"}],"replies":[{"embeddable":true,"href":"https:\/\/tecplan.com.es\/en\/wp-json\/wp\/v2\/comments?post=1777"}],"version-history":[{"count":5,"href":"https:\/\/tecplan.com.es\/en\/wp-json\/wp\/v2\/product\/1777\/revisions"}],"predecessor-version":[{"id":1781,"href":"https:\/\/tecplan.com.es\/en\/wp-json\/wp\/v2\/product\/1777\/revisions\/1781"}],"wp:featuredmedia":[{"embeddable":true,"href":"https:\/\/tecplan.com.es\/en\/wp-json\/wp\/v2\/media\/1778"}],"wp:attachment":[{"href":"https:\/\/tecplan.com.es\/en\/wp-json\/wp\/v2\/media?parent=1777"}],"wp:term":[{"taxonomy":"product_brand","embeddable":true,"href":"https:\/\/tecplan.com.es\/en\/wp-json\/wp\/v2\/product_brand?post=1777"},{"taxonomy":"product_cat","embeddable":true,"href":"https:\/\/tecplan.com.es\/en\/wp-json\/wp\/v2\/product_cat?post=1777"},{"taxonomy":"product_tag","embeddable":true,"href":"https:\/\/tecplan.com.es\/en\/wp-json\/wp\/v2\/product_tag?post=1777"}],"curies":[{"name":"wp","href":"https:\/\/api.w.org\/{rel}","templated":true}]}}