{"id":1547,"date":"2025-05-23T20:46:07","date_gmt":"2025-05-23T20:46:07","guid":{"rendered":"https:\/\/tecplan.com.es\/?post_type=product&#038;p=1547"},"modified":"2026-01-09T15:46:15","modified_gmt":"2026-01-09T15:46:15","slug":"telefono-ip-grp2624","status":"publish","type":"product","link":"https:\/\/tecplan.com.es\/en\/product\/telefono-ip-grp2624\/","title":{"rendered":"GRP2624 IP Phone"},"content":{"rendered":"<p><span style=\"text-decoration: underline;\"><strong>Characteristics:<\/strong><\/span><\/p>\n<ul>\n<li>8 lines, 4 SIP accounts.<\/li>\n<li>Compatible with GDMS, which provides a centralized interface for configuring, provisioning, managing, and monitoring Grandstream devices.<\/li>\n<li>Built-in Bluetooth for connecting headphones, syncing contacts, calendars, and more.<\/li>\n<li>Full-duplex speaker with HD audio to maximize audio quality and clarity.<\/li>\n<li>Equipped with noise protection technology to minimize background noise.<\/li>\n<li>Auto-sensing, dual-switching 10\/100\/1000 Mbps Gigabit Ethernet ports with integrated PoE.<\/li>\n<li>It supports 5-way audio conferencing for easy conference calls.<\/li>\n<li>Enterprise-level protection including secure boot, dual firmware images, and encryption.<\/li>\n<li>Interchangeable faceplate to allow easy storage of logo customization data.<\/li>\n<\/ul>\n<h5><span style=\"text-decoration: underline;\"><strong>DOWNLOADS<\/strong><\/span><\/h5>\n<ul>\n<li><a href=\"https:\/\/drive.google.com\/file\/d\/1NZPy2eSgLdfqDYtuAdWx9cauTcPLfC7A\/view?usp=sharing\">\u2192 Technical specifications in Spanish<\/a><\/li>\n<\/ul>\n<p>&nbsp;<\/p>","protected":false},"excerpt":{"rendered":"<p style=\"text-align: justify;\">As part of the GRP series of carrier-grade IP phones, the GRP2624 is an 8-line professional model designed with zero-touch provisioning for mass deployment and easy management. It features a sleek design and a next-generation feature set, including 5-way voice conferencing to maximize productivity, built-in Wi-Fi, Bluetooth compatibility, Full HD audio in both the speakerphone and handset for maximum clarity, EHS compatibility for Plantronics headsets, and USB compatibility with Grandstream's GUV series headsets.<\/p>\n<p><img decoding=\"async\" class=\"wp-image-1665 aligncenter\" src=\"https:\/\/tecplan.com.es\/wp-content\/uploads\/2025\/05\/Grandstream-logo-300x77.png\" alt=\"\" width=\"176\" height=\"45\" srcset=\"https:\/\/tecplan.com.es\/wp-content\/uploads\/2025\/05\/Grandstream-logo-300x77.png 300w, https:\/\/tecplan.com.es\/wp-content\/uploads\/2025\/05\/Grandstream-logo-1024x262.png 1024w, https:\/\/tecplan.com.es\/wp-content\/uploads\/2025\/05\/Grandstream-logo-768x197.png 768w, https:\/\/tecplan.com.es\/wp-content\/uploads\/2025\/05\/Grandstream-logo-18x5.png 18w, https:\/\/tecplan.com.es\/wp-content\/uploads\/2025\/05\/Grandstream-logo-600x154.png 600w, https:\/\/tecplan.com.es\/wp-content\/uploads\/2025\/05\/Grandstream-logo.png 1321w\" sizes=\"(max-width: 176px) 100vw, 176px\" \/><\/p>","protected":false},"featured_media":1550,"comment_status":"open","ping_status":"closed","template":"","meta":{"site-sidebar-layout":"default","site-content-layout":"","ast-site-content-layout":"default","site-content-style":"default","site-sidebar-style":"default","ast-global-header-display":"","ast-banner-title-visibility":"","ast-main-header-display":"","ast-hfb-above-header-display":"","ast-hfb-below-header-display":"","ast-hfb-mobile-header-display":"","site-post-title":"","ast-breadcrumbs-content":"","ast-featured-img":"","footer-sml-layout":"","ast-disable-related-posts":"","theme-transparent-header-meta":"default","adv-header-id-meta":"","stick-header-meta":"","header-above-stick-meta":"","header-main-stick-meta":"","header-below-stick-meta":"","astra-migrate-meta-layouts":"set","ast-page-background-enabled":"default","ast-page-background-meta":{"desktop":{"background-color":"var(--ast-global-color-5)","background-image":"","background-repeat":"repeat","background-position":"center center","background-size":"auto","background-attachment":"scroll","background-type":"","background-media":"","overlay-type":"","overlay-color":"","overlay-opacity":"","overlay-gradient":""},"tablet":{"background-color":"","background-image":"","background-repeat":"repeat","background-position":"center center","background-size":"auto","background-attachment":"scroll","background-type":"","background-media":"","overlay-type":"","overlay-color":"","overlay-opacity":"","overlay-gradient":""},"mobile":{"background-color":"","background-image":"","background-repeat":"repeat","background-position":"center center","background-size":"auto","background-attachment":"scroll","background-type":"","background-media":"","overlay-type":"","overlay-color":"","overlay-opacity":"","overlay-gradient":""}},"ast-content-background-meta":{"desktop":{"background-color":"var(--ast-global-color-4)","background-image":"","background-repeat":"repeat","background-position":"center center","background-size":"auto","background-attachment":"scroll","background-type":"","background-media":"","overlay-type":"","overlay-color":"","overlay-opacity":"","overlay-gradient":""},"tablet":{"background-color":"var(--ast-global-color-4)","background-image":"","background-repeat":"repeat","background-position":"center center","background-size":"auto","background-attachment":"scroll","background-type":"","background-media":"","overlay-type":"","overlay-color":"","overlay-opacity":"","overlay-gradient":""},"mobile":{"background-color":"var(--ast-global-color-4)","background-image":"","background-repeat":"repeat","background-position":"center center","background-size":"auto","background-attachment":"scroll","background-type":"","background-media":"","overlay-type":"","overlay-color":"","overlay-opacity":"","overlay-gradient":""}}},"product_brand":[238],"product_cat":[152,153,154,142,155],"product_tag":[220],"class_list":{"0":"post-1547","1":"product","2":"type-product","3":"status-publish","4":"has-post-thumbnail","6":"product_brand-grandstream","7":"product_cat-grandstream","8":"product_cat-otros-grandstream","9":"product_cat-pbx","10":"product_cat-telefonia","11":"product_cat-telefonos-ip-grandstream","12":"product_tag-grandstream","13":"desktop-align-left","14":"tablet-align-left","15":"mobile-align-left","17":"first","18":"instock","19":"shipping-taxable","20":"product-type-simple"},"yoast_head":"<!-- This site is optimized with the Yoast SEO plugin v25.3 - https:\/\/yoast.com\/wordpress\/plugins\/seo\/ -->\n<title>Tel\u00e9fono IP GRP2624 - Tecplan<\/title>\n<meta name=\"robots\" content=\"index, follow, max-snippet:-1, max-image-preview:large, max-video-preview:-1\" \/>\n<link rel=\"canonical\" href=\"https:\/\/tecplan.com.es\/en\/product\/telefono-ip-grp2624\/\" \/>\n<meta property=\"og:locale\" content=\"en_US\" \/>\n<meta property=\"og:type\" content=\"article\" \/>\n<meta property=\"og:title\" content=\"Tel\u00e9fono IP GRP2624 - Tecplan\" \/>\n<meta property=\"og:description\" content=\"Como parte de la serie GRP de tel\u00e9fonos IP de nivel de operador, el GRP2624 es un modelo profesional de 8 l\u00edneas dise\u00f1ado con aprovisionamiento sin intervenci\u00f3n para una implementaci\u00f3n masiva y una gesti\u00f3n sencilla. Cuenta con un dise\u00f1o elegante y un conjunto de caracter\u00edsticas de pr\u00f3xima generaci\u00f3n que incluyen: conferencias de voz de 5 v\u00edas para maximizar la productividad, Wi-Fi integrado, compatibilidad con Bluetooth, audio Full HD tanto en el altavoz como en el tel\u00e9fono para brindar la m\u00e1xima claridad, compatibilidad con EHS para Auriculares Plantronics y USB compatibles con los auriculares de la serie GUV de Grandstream.\" \/>\n<meta property=\"og:url\" content=\"https:\/\/tecplan.com.es\/en\/product\/telefono-ip-grp2624\/\" \/>\n<meta property=\"og:site_name\" content=\"Tecplan\" \/>\n<meta property=\"article:modified_time\" content=\"2026-01-09T15:46:15+00:00\" \/>\n<meta property=\"og:image\" content=\"https:\/\/tecplan.com.es\/wp-content\/uploads\/2025\/05\/GRP2624_frontv2_web.webp\" \/>\n\t<meta property=\"og:image:width\" content=\"500\" \/>\n\t<meta property=\"og:image:height\" content=\"500\" \/>\n\t<meta property=\"og:image:type\" content=\"image\/webp\" \/>\n<meta name=\"twitter:card\" content=\"summary_large_image\" \/>\n<meta name=\"twitter:label1\" content=\"Est. reading time\" \/>\n\t<meta name=\"twitter:data1\" content=\"1 minute\" \/>\n<script type=\"application\/ld+json\" class=\"yoast-schema-graph\">{\"@context\":\"https:\/\/schema.org\",\"@graph\":[{\"@type\":\"WebPage\",\"@id\":\"https:\/\/tecplan.com.es\/product\/telefono-ip-grp2624\/\",\"url\":\"https:\/\/tecplan.com.es\/product\/telefono-ip-grp2624\/\",\"name\":\"Tel\u00e9fono IP GRP2624 - Tecplan\",\"isPartOf\":{\"@id\":\"https:\/\/tecplan.com.es\/#website\"},\"primaryImageOfPage\":{\"@id\":\"https:\/\/tecplan.com.es\/product\/telefono-ip-grp2624\/#primaryimage\"},\"image\":{\"@id\":\"https:\/\/tecplan.com.es\/product\/telefono-ip-grp2624\/#primaryimage\"},\"thumbnailUrl\":\"https:\/\/tecplan.com.es\/wp-content\/uploads\/2025\/05\/GRP2624_frontv2_web.webp\",\"datePublished\":\"2025-05-23T20:46:07+00:00\",\"dateModified\":\"2026-01-09T15:46:15+00:00\",\"breadcrumb\":{\"@id\":\"https:\/\/tecplan.com.es\/product\/telefono-ip-grp2624\/#breadcrumb\"},\"inLanguage\":\"en-US\",\"potentialAction\":[{\"@type\":\"ReadAction\",\"target\":[\"https:\/\/tecplan.com.es\/product\/telefono-ip-grp2624\/\"]}]},{\"@type\":\"ImageObject\",\"inLanguage\":\"en-US\",\"@id\":\"https:\/\/tecplan.com.es\/product\/telefono-ip-grp2624\/#primaryimage\",\"url\":\"https:\/\/tecplan.com.es\/wp-content\/uploads\/2025\/05\/GRP2624_frontv2_web.webp\",\"contentUrl\":\"https:\/\/tecplan.com.es\/wp-content\/uploads\/2025\/05\/GRP2624_frontv2_web.webp\",\"width\":500,\"height\":500},{\"@type\":\"BreadcrumbList\",\"@id\":\"https:\/\/tecplan.com.es\/product\/telefono-ip-grp2624\/#breadcrumb\",\"itemListElement\":[{\"@type\":\"ListItem\",\"position\":1,\"name\":\"Home\",\"item\":\"https:\/\/tecplan.com.es\/\"},{\"@type\":\"ListItem\",\"position\":2,\"name\":\"Shop\",\"item\":\"https:\/\/tecplan.com.es\/shop\/\"},{\"@type\":\"ListItem\",\"position\":3,\"name\":\"Tel\u00e9fono IP GRP2624\"}]},{\"@type\":\"WebSite\",\"@id\":\"https:\/\/tecplan.com.es\/#website\",\"url\":\"https:\/\/tecplan.com.es\/\",\"name\":\"Tecplan\",\"description\":\"\",\"potentialAction\":[{\"@type\":\"SearchAction\",\"target\":{\"@type\":\"EntryPoint\",\"urlTemplate\":\"https:\/\/tecplan.com.es\/?s={search_term_string}\"},\"query-input\":{\"@type\":\"PropertyValueSpecification\",\"valueRequired\":true,\"valueName\":\"search_term_string\"}}],\"inLanguage\":\"en-US\"}]}<\/script>\n<!-- \/ Yoast SEO plugin. -->","yoast_head_json":{"title":"Tel\u00e9fono IP GRP2624 - Tecplan","robots":{"index":"index","follow":"follow","max-snippet":"max-snippet:-1","max-image-preview":"max-image-preview:large","max-video-preview":"max-video-preview:-1"},"canonical":"https:\/\/tecplan.com.es\/en\/product\/telefono-ip-grp2624\/","og_locale":"en_US","og_type":"article","og_title":"Tel\u00e9fono IP GRP2624 - Tecplan","og_description":"Como parte de la serie GRP de tel\u00e9fonos IP de nivel de operador, el GRP2624 es un modelo profesional de 8 l\u00edneas dise\u00f1ado con aprovisionamiento sin intervenci\u00f3n para una implementaci\u00f3n masiva y una gesti\u00f3n sencilla. Cuenta con un dise\u00f1o elegante y un conjunto de caracter\u00edsticas de pr\u00f3xima generaci\u00f3n que incluyen: conferencias de voz de 5 v\u00edas para maximizar la productividad, Wi-Fi integrado, compatibilidad con Bluetooth, audio Full HD tanto en el altavoz como en el tel\u00e9fono para brindar la m\u00e1xima claridad, compatibilidad con EHS para Auriculares Plantronics y USB compatibles con los auriculares de la serie GUV de Grandstream.","og_url":"https:\/\/tecplan.com.es\/en\/product\/telefono-ip-grp2624\/","og_site_name":"Tecplan","article_modified_time":"2026-01-09T15:46:15+00:00","og_image":[{"width":500,"height":500,"url":"https:\/\/tecplan.com.es\/wp-content\/uploads\/2025\/05\/GRP2624_frontv2_web.webp","type":"image\/webp"}],"twitter_card":"summary_large_image","twitter_misc":{"Est. reading time":"1 minute"},"schema":{"@context":"https:\/\/schema.org","@graph":[{"@type":"WebPage","@id":"https:\/\/tecplan.com.es\/product\/telefono-ip-grp2624\/","url":"https:\/\/tecplan.com.es\/product\/telefono-ip-grp2624\/","name":"Tel\u00e9fono IP GRP2624 - Tecplan","isPartOf":{"@id":"https:\/\/tecplan.com.es\/#website"},"primaryImageOfPage":{"@id":"https:\/\/tecplan.com.es\/product\/telefono-ip-grp2624\/#primaryimage"},"image":{"@id":"https:\/\/tecplan.com.es\/product\/telefono-ip-grp2624\/#primaryimage"},"thumbnailUrl":"https:\/\/tecplan.com.es\/wp-content\/uploads\/2025\/05\/GRP2624_frontv2_web.webp","datePublished":"2025-05-23T20:46:07+00:00","dateModified":"2026-01-09T15:46:15+00:00","breadcrumb":{"@id":"https:\/\/tecplan.com.es\/product\/telefono-ip-grp2624\/#breadcrumb"},"inLanguage":"en-US","potentialAction":[{"@type":"ReadAction","target":["https:\/\/tecplan.com.es\/product\/telefono-ip-grp2624\/"]}]},{"@type":"ImageObject","inLanguage":"en-US","@id":"https:\/\/tecplan.com.es\/product\/telefono-ip-grp2624\/#primaryimage","url":"https:\/\/tecplan.com.es\/wp-content\/uploads\/2025\/05\/GRP2624_frontv2_web.webp","contentUrl":"https:\/\/tecplan.com.es\/wp-content\/uploads\/2025\/05\/GRP2624_frontv2_web.webp","width":500,"height":500},{"@type":"BreadcrumbList","@id":"https:\/\/tecplan.com.es\/product\/telefono-ip-grp2624\/#breadcrumb","itemListElement":[{"@type":"ListItem","position":1,"name":"Home","item":"https:\/\/tecplan.com.es\/"},{"@type":"ListItem","position":2,"name":"Shop","item":"https:\/\/tecplan.com.es\/shop\/"},{"@type":"ListItem","position":3,"name":"Tel\u00e9fono IP GRP2624"}]},{"@type":"WebSite","@id":"https:\/\/tecplan.com.es\/#website","url":"https:\/\/tecplan.com.es\/","name":"Tecplan","description":"","potentialAction":[{"@type":"SearchAction","target":{"@type":"EntryPoint","urlTemplate":"https:\/\/tecplan.com.es\/?s={search_term_string}"},"query-input":{"@type":"PropertyValueSpecification","valueRequired":true,"valueName":"search_term_string"}}],"inLanguage":"en-US"}]}},"_links":{"self":[{"href":"https:\/\/tecplan.com.es\/en\/wp-json\/wp\/v2\/product\/1547","targetHints":{"allow":["GET"]}}],"collection":[{"href":"https:\/\/tecplan.com.es\/en\/wp-json\/wp\/v2\/product"}],"about":[{"href":"https:\/\/tecplan.com.es\/en\/wp-json\/wp\/v2\/types\/product"}],"replies":[{"embeddable":true,"href":"https:\/\/tecplan.com.es\/en\/wp-json\/wp\/v2\/comments?post=1547"}],"version-history":[{"count":15,"href":"https:\/\/tecplan.com.es\/en\/wp-json\/wp\/v2\/product\/1547\/revisions"}],"predecessor-version":[{"id":4901,"href":"https:\/\/tecplan.com.es\/en\/wp-json\/wp\/v2\/product\/1547\/revisions\/4901"}],"wp:featuredmedia":[{"embeddable":true,"href":"https:\/\/tecplan.com.es\/en\/wp-json\/wp\/v2\/media\/1550"}],"wp:attachment":[{"href":"https:\/\/tecplan.com.es\/en\/wp-json\/wp\/v2\/media?parent=1547"}],"wp:term":[{"taxonomy":"product_brand","embeddable":true,"href":"https:\/\/tecplan.com.es\/en\/wp-json\/wp\/v2\/product_brand?post=1547"},{"taxonomy":"product_cat","embeddable":true,"href":"https:\/\/tecplan.com.es\/en\/wp-json\/wp\/v2\/product_cat?post=1547"},{"taxonomy":"product_tag","embeddable":true,"href":"https:\/\/tecplan.com.es\/en\/wp-json\/wp\/v2\/product_tag?post=1547"}],"curies":[{"name":"wp","href":"https:\/\/api.w.org\/{rel}","templated":true}]}}